{"id":110068,"date":"2026-04-01T10:45:25","date_gmt":"2026-04-01T08:45:25","guid":{"rendered":"https:\/\/zatureczkimarcell.ddns.net\/wordpress\/?post_type=product&#038;p=110068"},"modified":"2026-04-01T10:45:50","modified_gmt":"2026-04-01T08:45:50","slug":"hjc-i100-hatrahajthato-allu-napszemuveges-bukosisak-ajandek-pinlock-videoval","status":"publish","type":"product","link":"https:\/\/zatureczkimarcell.ddns.net\/wordpress\/termek\/hjc-i100-hatrahajthato-allu-napszemuveges-bukosisak-ajandek-pinlock-videoval\/","title":{"rendered":"HJC i100 h\u00e1trahajthat\u00f3 \u00e1ll\u00fa napszem\u00fcveges buk\u00f3sisak-Aj\u00e1nd\u00e9k pinlock!-Vide\u00f3val"},"content":{"rendered":"<p><span style=\"font-size:16px;\"><strong>H&aacute;rom, teljes &eacute;rt&eacute;k\u0171 sisakod lehet most egyszerre egy sisak v&aacute;s&aacute;rl&aacute;s&aacute;val. <\/strong><\/span><\/p>\n<p><span style=\"font-size:16px;\"><strong>&Uacute;j fejleszt&eacute;s\u0171 HJC i100 buk&oacute;sisak.&nbsp;<\/strong><\/span><\/p>\n<p><span style=\"font-size:16px;\"><strong>Az i100 egyszerre z&aacute;rt, nyithat&oacute; &eacute;s nyitott buk&oacute;sisak. &nbsp;<\/strong><\/span><\/p>\n<p><span style=\"font-size:16px;\"><strong>Az &aacute;llr&eacute;sz nagyon k&ouml;nnyen z&aacute;r&oacute;dik, a be&eacute;p&iacute;tett napszem&uuml;veg pedig t&ouml;k&eacute;letesen fedi le a l&aacute;t&oacute;mez\u0151t.<\/strong><\/span><\/p>\n<p><span style=\"font-size:16px;\"><strong>A mai korban m&aacute;r szinte elengedhetetlen , &iacute;gy ebben a sisakban is el\u0151k&eacute;sz&iacute;t&eacute;s tal&aacute;lhat&oacute; a sisakbesz&eacute;l\u0151 rendszernek. <\/strong><\/span><\/p>\n<\/p>\n<p><span style=\"color: rgb(255, 0, 0);\"><span style=\"font-size: 16px;\"><strong>Kifejezetten ehhez a sisakhoz fejlesztett, k&eacute;tf&eacute;le bluetooth sisakbesz&eacute;l\u0151 rendszer is v&aacute;s&aacute;rolhat&oacute; &uuml;zlet&uuml;nkben. Ide kattintva vide&oacute;s bemutat&oacute;val tekinthet\u0151k meg:&nbsp;<\/strong><\/span><\/span><\/p>\n<p><span style=\"color: rgb(255, 0, 0);\"><span style=\"font-size: 16px;\"><strong><a href=\"https:\/\/darazsgarazs.hu\/index.php\/termek\/bluetooth-sisakbeszelo-rendszer.1318.html\">https:\/\/darazsgarazs.hu\/index.php\/termek\/bluetooth-sisakbeszelo-rendszer.1318.html<\/a>&nbsp;<\/strong><\/span><\/span><\/p>\n<p><span style=\"color: rgb(255, 0, 0);\"><span style=\"font-size: 16px;\"><strong><a href=\"https:\/\/darazsgarazs.hu\/index.php\/termek\/smart-hjc-20b-mat-black-bluetooth-sisak-szett.1443.html\">https:\/\/darazsgarazs.hu\/index.php\/termek\/smart-hjc-20b-mat-black-bluetooth-sisak-szett.1443.html<\/a><\/strong><\/span><\/span><\/p>\n<\/p>\n<p><span style=\"color:#FF0000;\"><span style=\"font-size:16px;\"><strong>MOST AJ&Aacute;ND&Eacute;K PINLOCK P&Aacute;RAMENTES&Iacute;T\u0150 BET&Eacute;TTEL&nbsp;<\/strong><\/span><\/span><\/p>\n<p><span style=\"font-size:16px;\"><strong>T&ouml;bbf&eacute;le m&eacute;retben &eacute;s sz&iacute;nben megv&aacute;s&aacute;rolhat&oacute; &uuml;zlet&uuml;nkben. <\/strong><\/span><\/p>\n<p><strong>Haszn&aacute;lati &eacute;s kezel&eacute;si &uacute;tmutat&oacute; a term&eacute;khez el&eacute;rhet\u0151 ide kattintva:&nbsp;<a href=\"https:\/\/darazsgarazs.hu\/index.php\/termek\/bukosisak-hasznalati-kezelesi-utmutato.1408.html\">https:\/\/darazsgarazs.hu\/index.php\/termek\/bukosisak-hasznalati-kezelesi-utmutato.1408.html<\/a><\/strong><\/p>\n<p><span style=\"font-size:16px;\"><strong>A HJC i.100 le&iacute;r&aacute;sa: <\/strong><\/span><\/p>\n<p><span style=\"font-size:16px;\">&nbsp;&#8211; SMART HJC BLUETOOTH&nbsp; S<span style=\"color:#FF0000;\">ISAKBESZ&Eacute;L\u0150 EL\u0150K&Eacute;SZ&Iacute;T&Eacute;SSEL<\/span> (10B, 20B term&eacute;kekhez)<\/span><\/p>\n<p><span style=\"font-size:16px;\">&#8211; <span style=\"color:#FF0000;\">TELJESEN H&Aacute;TRA HAJTHAT&Oacute; FELNY&Iacute;L&Oacute; R&Eacute;SZ<\/span>, TELJESEN Z&Aacute;RT &Eacute;S NYITOTT SISAKOK T&Ouml;K&Eacute;LETES &Eacute;S BIZTONS&Aacute;GOS &Ouml;TV&Ouml;ZETE<\/span><\/p>\n<p><span style=\"font-size:16px;\">&#8211; &Ouml;RV&Eacute;NYMENTES FEL&Uuml;LET, LEZ&Aacute;RVA <span style=\"color:#FF0000;\">KIFEJEZETTEN CSENDES SISAK<\/span>. Advanced Channeling System: szab&aacute;lyozott &eacute;s sz&eacute;lcsatorn&aacute;ban megalkotott szell\u0151z\u0151rendszer, k&uuml;l&ouml;nlegesen megtervezett &ouml;rv&eacute;nymentes sisak fel&uuml;let.K&ouml;sz&ouml;nhet\u0151en a felny&iacute;l&oacute; r&eacute;sz szinte teljes integr&aacute;ci&oacute;j&aacute;nak: A sz&eacute;lek teljesen beles&uuml;llyednek a sisakh&eacute;jba, &iacute;gy azok nem keltenek l&eacute;g&ouml;rv&eacute;nyt\/zajt. &nbsp;<\/span><\/p>\n<p><span style=\"font-size:16px;\">&#8211; FEJ \/ ARCP&Aacute;RN&Aacute;K: Super Cool Deluxe antibakteri&aacute;lis kivehet\u0151, moshat&oacute; arc &eacute;s fejp&aacute;rn&aacute;k. Glass groove <span style=\"color:#FF0000;\">szem&uuml;vegbar&aacute;t bels\u0151r&eacute;sz.<\/span><\/span><\/p>\n<p><span style=\"font-size:16px;\">&#8211; PLEXI: rendk&iacute;v&uuml;l sz&eacute;les &eacute;s magas kil&aacute;t&aacute;st biztos&iacute;t&oacute; HJ-36 clear plexi. T&ouml;r&eacute;s- &eacute;s t&uuml;kr&ouml;z\u0151d&eacute;smentes, Pinlock lencs&eacute;hez el\u0151k&eacute;sz&iacute;tett, 99% UV-v&eacute;delmet ad&oacute; plexi. &nbsp;<span style=\"color:#FF0000;\"><strong>Figyelem!&nbsp; Aj&aacute;nd&eacute;k DKS439 Pinlock lencse aj&aacute;nd&eacute;kba a dobozban.<\/strong><\/span><\/span><\/p>\n<p><span style=\"font-size:16px;\">&nbsp;&#8211; Rapidfire plexi mechanika, gyors, biztons&aacute;gos plexicsere, k&uuml;l&ouml;n kapcsolhat&oacute; plexi z&aacute;r<\/span><\/p>\n<p><span style=\"font-size:16px;\">&#8211; Be&eacute;p&iacute;tett 3 pozic&iacute;&oacute;s napszem&uuml;veg HJ-V11 dark smoke.<\/span><\/p>\n<p><span style=\"font-size:16px;\">&#8211; A HJC felny&iacute;l&oacute;s sisakok 40 &eacute;v tapasztalat&aacute;b&oacute;l &eacute;p&iacute;tkezve,ez egy k&uuml;l&ouml;nleges min\u0151s&eacute;g\u0171 buk&oacute;sisak a felny&iacute;l&oacute;s kateg&oacute;ri&aacute;ban.<\/span><\/p>\n<p><span style=\"font-size:16px;\">&#8211; R&Ouml;GZ&Iacute;T&Eacute;S: gyorskiold&oacute;s micrometrikus csat.<\/span><\/p>\n<p><span style=\"font-size:16px;\">-H&Eacute;JSZERKEZET: Advanced Polycarbonate Composite tripla h&eacute;jr&eacute;teg<\/span><\/p>\n<p><span style=\"font-size:16px;\">-EGY UJJAL, AK&Aacute;R KESZTY\u0170BEN IS FELNYITHAT&Oacute; &Aacute;LLR&Eacute;SZ<\/span><\/p>\n<p><span style=\"font-size:16px;\">&#8211; Superior min\u0151s&eacute;g &eacute;s gy&aacute;rt&aacute;stechnol&oacute;gia<\/span><\/p>\n<p><span style=\"font-size:16px;\">&#8211; M&eacute;rett&aacute;bl&aacute;zat : Egyed&uuml;l&aacute;ll&oacute;an kateg&oacute;ri&aacute;j&aacute;ban 3 f&eacute;le h&eacute;jm&eacute;ret<\/span><\/p>\n<p><span style=\"font-size:16px;\">-A cser&eacute;lhet\u0151 arc\/ &eacute;s fejp&aacute;rna miatt a m&eacute;retek m&oacute;dos&iacute;that&oacute;ak:adott h&eacute;j m&eacute;reten bel&uuml;l arc- &eacute;s fejp&aacute;rna cser&eacute;vel v&aacute;lthatunk m&eacute;retet felfel&eacute; &eacute;s lefel&eacute; is,teh&aacute;t XS-r\u0151l S-re &eacute;s vissza, illetve M-r\u0151l L-re &eacute;s vissza, vagy XL-r\u0151l XXL-re &eacute;s vissza<\/span><\/p>\n<p><span style=\"font-size:16px;\">&#8211; Kis h&eacute;j: XS &#8211; 53\/54 cm &#8211; S &#8211; 55\/56 cm &#8211; &nbsp;\/\/ k&ouml;zepes h&eacute;j M &#8211; 57\/58 cm &#8211; , L &#8211; 59\/60 cm &#8211; \/\/ nagy h&eacute;j: XL &#8211; 61\/62 cm &#8211; XXL &#8211; 63\/64 cm &nbsp;<\/span><\/p>\n<div style=\"position:relative;padding-bottom:56.25%;padding-top:30px;height:0;overflow:hidden;\"><iframe loading=\"lazy\" allowfullscreen=\"\" frameborder=\"0\" height=\"360\" src=\"\/\/www.youtube.com\/embed\/oqbAw4nQkfM?rel=0\" style=\"position: absolute;top: 0;left: 0;width: 100%;height: 100%;\" width=\"640\"><\/iframe><\/div>\n<p>\n&nbsp;<\/p><\/p>\n","protected":false},"excerpt":{"rendered":"<p>H&aacute;rom, teljes &eacute;rt&eacute;k\u0171 sisakod lehet most egyszerre egy sisak v&aacute;s&aacute;rl&aacute;s&aacute;val. &Uacute;j fejleszt&eacute;s\u0171 HJC i100 buk&oacute;sisak.&nbsp; Az i100 egyszerre z&aacute;rt, nyithat&oacute; [&hellip;]<\/p>\n","protected":false},"featured_media":106433,"template":"","meta":{"site-sidebar-layout":"default","site-content-layout":"","ast-site-content-layout":"default","site-content-style":"default","site-sidebar-style":"default","ast-global-header-display":"","ast-banner-title-visibility":"","ast-main-header-display":"","ast-hfb-above-header-display":"","ast-hfb-below-header-display":"","ast-hfb-mobile-header-display":"","site-post-title":"","ast-breadcrumbs-content":"","ast-featured-img":"","footer-sml-layout":"","ast-disable-related-posts":"","theme-transparent-header-meta":"","adv-header-id-meta":"","stick-header-meta":"","header-above-stick-meta":"","header-main-stick-meta":"","header-below-stick-meta":"","astra-migrate-meta-layouts":"default","ast-page-background-enabled":"default","ast-page-background-meta":{"desktop":{"background-color":"var(--ast-global-color-5)","background-image":"","background-repeat":"repeat","background-position":"center center","background-size":"auto","background-attachment":"scroll","background-type":"","background-media":"","overlay-type":"","overlay-color":"","overlay-opacity":"","overlay-gradient":""},"tablet":{"background-color":"","background-image":"","background-repeat":"repeat","background-position":"center center","background-size":"auto","background-attachment":"scroll","background-type":"","background-media":"","overlay-type":"","overlay-color":"","overlay-opacity":"","overlay-gradient":""},"mobile":{"background-color":"","background-image":"","background-repeat":"repeat","background-position":"center center","background-size":"auto","background-attachment":"scroll","background-type":"","background-media":"","overlay-type":"","overlay-color":"","overlay-opacity":"","overlay-gradient":""}},"ast-content-background-meta":{"desktop":{"background-color":"var(--ast-global-color-4)","background-image":"","background-repeat":"repeat","background-position":"center center","background-size":"auto","background-attachment":"scroll","background-type":"","background-media":"","overlay-type":"","overlay-color":"","overlay-opacity":"","overlay-gradient":""},"tablet":{"background-color":"var(--ast-global-color-4)","background-image":"","background-repeat":"repeat","background-position":"center center","background-size":"auto","background-attachment":"scroll","background-type":"","background-media":"","overlay-type":"","overlay-color":"","overlay-opacity":"","overlay-gradient":""},"mobile":{"background-color":"var(--ast-global-color-4)","background-image":"","background-repeat":"repeat","background-position":"center center","background-size":"auto","background-attachment":"scroll","background-type":"","background-media":"","overlay-type":"","overlay-color":"","overlay-opacity":"","overlay-gradient":""}}},"product_brand":[],"product_cat":[121,123,122,146],"product_tag":[],"class_list":{"0":"post-110068","1":"product","2":"type-product","3":"status-publish","4":"has-post-thumbnail","6":"product_cat-bukosisakok","7":"product_cat-nyithato-bukosisakok","8":"product_cat-nyitott","9":"product_cat-orias-meretu-motoros-ruhazat","10":"desktop-align-left","11":"tablet-align-left","12":"mobile-align-left","14":"first","15":"instock","16":"shipping-taxable","17":"purchasable","18":"product-type-simple"},"jetpack_sharing_enabled":true,"_links":{"self":[{"href":"https:\/\/zatureczkimarcell.ddns.net\/wordpress\/wp-json\/wp\/v2\/product\/110068","targetHints":{"allow":["GET"]}}],"collection":[{"href":"https:\/\/zatureczkimarcell.ddns.net\/wordpress\/wp-json\/wp\/v2\/product"}],"about":[{"href":"https:\/\/zatureczkimarcell.ddns.net\/wordpress\/wp-json\/wp\/v2\/types\/product"}],"wp:featuredmedia":[{"embeddable":true,"href":"https:\/\/zatureczkimarcell.ddns.net\/wordpress\/wp-json\/wp\/v2\/media\/106433"}],"wp:attachment":[{"href":"https:\/\/zatureczkimarcell.ddns.net\/wordpress\/wp-json\/wp\/v2\/media?parent=110068"}],"wp:term":[{"taxonomy":"product_brand","embeddable":true,"href":"https:\/\/zatureczkimarcell.ddns.net\/wordpress\/wp-json\/wp\/v2\/product_brand?post=110068"},{"taxonomy":"product_cat","embeddable":true,"href":"https:\/\/zatureczkimarcell.ddns.net\/wordpress\/wp-json\/wp\/v2\/product_cat?post=110068"},{"taxonomy":"product_tag","embeddable":true,"href":"https:\/\/zatureczkimarcell.ddns.net\/wordpress\/wp-json\/wp\/v2\/product_tag?post=110068"}],"curies":[{"name":"wp","href":"https:\/\/api.w.org\/{rel}","templated":true}]}}