{"id":110064,"date":"2026-04-01T10:45:22","date_gmt":"2026-04-01T08:45:22","guid":{"rendered":"https:\/\/zatureczkimarcell.ddns.net\/wordpress\/?post_type=product&#038;p=110064"},"modified":"2026-04-01T10:45:46","modified_gmt":"2026-04-01T08:45:46","slug":"modeka-csosal-altalunk-is-tesztelt-9","status":"publish","type":"product","link":"https:\/\/zatureczkimarcell.ddns.net\/wordpress\/termek\/modeka-csosal-altalunk-is-tesztelt-9\/","title":{"rendered":"Modeka cs\u0151s\u00e1l-\u00c1ltalunk is tesztelt !"},"content":{"rendered":"<p style=\"box-sizing: border-box; margin: 0px 0px 10px; font-family: Roboto, sans-serif; font-size: 16px;\"><span style=\"box-sizing: border-box;\"><span style=\"box-sizing: border-box; color: rgb(0, 0, 0);\"><strong style=\"box-sizing: border-box;\">Modeka multifonkcion&aacute;lis ,varr&aacute;s n&eacute;lk&uuml;li&nbsp;cs\u0151s&aacute;l.<\/strong><\/span><\/span><\/p>\n<p style=\"box-sizing: border-box; margin: 0px 0px 10px; font-family: Roboto, sans-serif; font-size: 16px;\"><span style=\"box-sizing: border-box;\"><span style=\"box-sizing: border-box; color: rgb(0, 0, 0);\"><strong style=\"box-sizing: border-box;\">K&eacute;nyelmes akt&iacute;v, l&eacute;legz\u0151 mikrosz&aacute;las anyagb&oacute;l.<\/strong><\/span><\/span><\/p>\n<p style=\"box-sizing: border-box; margin: 0px 0px 10px; font-family: Roboto, sans-serif; font-size: 16px;\"><span style=\"box-sizing: border-box;\"><span style=\"box-sizing: border-box; color: rgb(0, 0, 0);\"><strong style=\"box-sizing: border-box;\">Ellasztikus , k&ouml;nnyen felvehet\u0151 term&eacute;k amely minden m&eacute;retre t&ouml;k&eacute;letes &eacute;s k&eacute;nyelmes viselet.&nbsp;&nbsp;<\/strong><\/span><\/span><\/p>\n<p style=\"box-sizing: border-box; margin: 0px 0px 10px; font-family: Roboto, sans-serif; font-size: 16px;\"><span style=\"box-sizing: border-box;\"><span style=\"box-sizing: border-box; color: rgb(0, 0, 0);\"><strong style=\"box-sizing: border-box;\">Koll&eacute;g&aacute;nk tesztje ide kattintva olvashat&oacute;:&nbsp;<a href=\"https:\/\/darazsgarazs.hu\/index.php\/termek\/modeka-csosal-teszt.1143.html\">https:\/\/darazsgarazs.hu\/index.php\/termek\/modeka-csosal-teszt.1143.html<\/a><\/strong><\/span><\/span><\/p>\n<p style=\"box-sizing: border-box; margin: 0px 0px 10px; font-family: Roboto, sans-serif; font-size: 16px;\"><strong>#7501<\/strong><\/p>\n<p style=\"box-sizing: border-box; margin: 0px 0px 10px; font-family: Roboto, sans-serif; font-size: 16px;\"><strong style=\"font-family: Roboto, sans-serif; font-size: 16px; box-sizing: border-box; max-width: 100%;\">Haszn&aacute;lati &eacute;s kezel&eacute;si &uacute;tmutat&oacute; a term&eacute;khez&nbsp;el&eacute;rhet\u0151 ide kattintva:&nbsp;<a href=\"https:\/\/darazsgarazs.hu\/index.php\/termek\/hasznalati-utmutato.1155.html\">https:\/\/darazsgarazs.hu\/index.php\/termek\/hasznalati-utmutato.1155.html<\/a><\/strong><\/p>\n","protected":false},"excerpt":{"rendered":"<p>Modeka multifonkcion&aacute;lis ,varr&aacute;s n&eacute;lk&uuml;li&nbsp;cs\u0151s&aacute;l. K&eacute;nyelmes akt&iacute;v, l&eacute;legz\u0151 mikrosz&aacute;las anyagb&oacute;l. Ellasztikus , k&ouml;nnyen felvehet\u0151 term&eacute;k amely minden m&eacute;retre t&ouml;k&eacute;letes &eacute;s k&eacute;nyelmes [&hellip;]<\/p>\n","protected":false},"featured_media":104456,"template":"","meta":{"site-sidebar-layout":"default","site-content-layout":"","ast-site-content-layout":"default","site-content-style":"default","site-sidebar-style":"default","ast-global-header-display":"","ast-banner-title-visibility":"","ast-main-header-display":"","ast-hfb-above-header-display":"","ast-hfb-below-header-display":"","ast-hfb-mobile-header-display":"","site-post-title":"","ast-breadcrumbs-content":"","ast-featured-img":"","footer-sml-layout":"","ast-disable-related-posts":"","theme-transparent-header-meta":"","adv-header-id-meta":"","stick-header-meta":"","header-above-stick-meta":"","header-main-stick-meta":"","header-below-stick-meta":"","astra-migrate-meta-layouts":"default","ast-page-background-enabled":"default","ast-page-background-meta":{"desktop":{"background-color":"var(--ast-global-color-5)","background-image":"","background-repeat":"repeat","background-position":"center center","background-size":"auto","background-attachment":"scroll","background-type":"","background-media":"","overlay-type":"","overlay-color":"","overlay-opacity":"","overlay-gradient":""},"tablet":{"background-color":"","background-image":"","background-repeat":"repeat","background-position":"center center","background-size":"auto","background-attachment":"scroll","background-type":"","background-media":"","overlay-type":"","overlay-color":"","overlay-opacity":"","overlay-gradient":""},"mobile":{"background-color":"","background-image":"","background-repeat":"repeat","background-position":"center center","background-size":"auto","background-attachment":"scroll","background-type":"","background-media":"","overlay-type":"","overlay-color":"","overlay-opacity":"","overlay-gradient":""}},"ast-content-background-meta":{"desktop":{"background-color":"var(--ast-global-color-4)","background-image":"","background-repeat":"repeat","background-position":"center center","background-size":"auto","background-attachment":"scroll","background-type":"","background-media":"","overlay-type":"","overlay-color":"","overlay-opacity":"","overlay-gradient":""},"tablet":{"background-color":"var(--ast-global-color-4)","background-image":"","background-repeat":"repeat","background-position":"center center","background-size":"auto","background-attachment":"scroll","background-type":"","background-media":"","overlay-type":"","overlay-color":"","overlay-opacity":"","overlay-gradient":""},"mobile":{"background-color":"var(--ast-global-color-4)","background-image":"","background-repeat":"repeat","background-position":"center center","background-size":"auto","background-attachment":"scroll","background-type":"","background-media":"","overlay-type":"","overlay-color":"","overlay-opacity":"","overlay-gradient":""}}},"product_brand":[],"product_cat":[141,121,140,139],"product_tag":[],"class_list":{"0":"post-110064","1":"product","2":"type-product","3":"status-publish","4":"has-post-thumbnail","6":"product_cat-bukosisak-kiegeszitok-alkatreszek","7":"product_cat-bukosisakok","8":"product_cat-kiegeszitok","9":"product_cat-motoros-ruhazat","10":"desktop-align-left","11":"tablet-align-left","12":"mobile-align-left","14":"first","15":"instock","16":"shipping-taxable","17":"purchasable","18":"product-type-simple"},"jetpack_sharing_enabled":true,"_links":{"self":[{"href":"https:\/\/zatureczkimarcell.ddns.net\/wordpress\/wp-json\/wp\/v2\/product\/110064","targetHints":{"allow":["GET"]}}],"collection":[{"href":"https:\/\/zatureczkimarcell.ddns.net\/wordpress\/wp-json\/wp\/v2\/product"}],"about":[{"href":"https:\/\/zatureczkimarcell.ddns.net\/wordpress\/wp-json\/wp\/v2\/types\/product"}],"wp:featuredmedia":[{"embeddable":true,"href":"https:\/\/zatureczkimarcell.ddns.net\/wordpress\/wp-json\/wp\/v2\/media\/104456"}],"wp:attachment":[{"href":"https:\/\/zatureczkimarcell.ddns.net\/wordpress\/wp-json\/wp\/v2\/media?parent=110064"}],"wp:term":[{"taxonomy":"product_brand","embeddable":true,"href":"https:\/\/zatureczkimarcell.ddns.net\/wordpress\/wp-json\/wp\/v2\/product_brand?post=110064"},{"taxonomy":"product_cat","embeddable":true,"href":"https:\/\/zatureczkimarcell.ddns.net\/wordpress\/wp-json\/wp\/v2\/product_cat?post=110064"},{"taxonomy":"product_tag","embeddable":true,"href":"https:\/\/zatureczkimarcell.ddns.net\/wordpress\/wp-json\/wp\/v2\/product_tag?post=110064"}],"curies":[{"name":"wp","href":"https:\/\/api.w.org\/{rel}","templated":true}]}}