{"id":110059,"date":"2026-04-01T10:45:17","date_gmt":"2026-04-01T08:45:17","guid":{"rendered":"https:\/\/zatureczkimarcell.ddns.net\/wordpress\/?post_type=product&#038;p=110059"},"modified":"2026-04-01T10:45:43","modified_gmt":"2026-04-01T08:45:43","slug":"mososzer-eso-es-szelallo-membranokhoz","status":"publish","type":"product","link":"https:\/\/zatureczkimarcell.ddns.net\/wordpress\/termek\/mososzer-eso-es-szelallo-membranokhoz\/","title":{"rendered":"Mos\u00f3szer es\u0151 \u00e9s sz\u00e9l\u00e1ll\u00f3 membr\u00e1nokhoz"},"content":{"rendered":"<div><span style=\"font-size:16px;\"><strong>Tiszt&iacute;t&oacute;szer v&iacute;z&aacute;ll&oacute; membr&aacute;nnal ell&aacute;tott motoros ruh&aacute;zathoz, illetve kivehet\u0151 es\u0151 &eacute;s sz&eacute;lz&aacute;r&oacute; membr&aacute;nok tiszt&iacute;t&aacute;s&aacute;hoz. <\/strong><\/span><\/div>\n<div><span style=\"font-size:16px;\"><strong>Meghosszabb&iacute;tja a ruh&aacute;k &eacute;s felszerel&eacute;sek &eacute;lettartam&aacute;t. <\/strong><\/span><\/div>\n<div><span style=\"font-size:16px;\"><strong>Haszn&aacute;lat&aacute;val a bels\u0151 membr&aacute;nok es\u0151 &eacute;s sz&eacute;l&aacute;ll&oacute; k&eacute;pess&eacute;ge meg\u0151r&iacute;zhet\u0151.<\/strong><\/span><\/div>\n<div><span style=\"font-size:16px;\"><strong>A&nbsp;legt&ouml;bb gy&aacute;rt&oacute; k&eacute;zi tiszt&iacute;t&aacute;st javasol&nbsp;term&eacute;keihez, a membr&aacute;nok tiszt&iacute;t&aacute;sa sor&aacute;n mi is felh&iacute;vjuk a figyelmet a k&iacute;m&eacute;letes k&eacute;zi tiszt&iacute;t&aacute;sra. <\/strong><\/span><\/div>\n<div><span style=\"font-size:16px;\"><strong>NE TISZT&Iacute;TSUK A MEMBR&Aacute;NOKAT MOS&Oacute;G&Eacute;PBEN!&nbsp;<\/strong><\/span><\/div>\n<div><span style=\"font-size:16px;\"><strong>Haszn&aacute;lata biztons&aacute;gos. Nincs hajt&oacute;g&aacute;z, nem m&eacute;rgez\u0151, k&ouml;rnyezetbar&aacute;t, nem haszn&aacute;l fluorokarbonokat.&nbsp; <\/strong><\/span><\/div>\n<div><span style=\"font-size:16px;\"><strong>V&iacute;zb&aacute;zis&uacute;, &eacute;s nem tartalmaznak olyan &ouml;sszetev\u0151ket, amelyek tart&oacute;san megmaradnak a k&ouml;rnyezetben. <\/strong><\/span><\/div>\n<div><span style=\"font-size:16px;\"><strong>&Aacute;llatokon nem tesztelt!&nbsp;<\/strong><\/span><\/div>\n<div><strong style=\"box-sizing: border-box; max-width: 100%; color: rgb(0, 0, 0); font-family: Roboto, sans-serif; font-size: 16px;\">Az &aacute;ltalunk forgalmazott&nbsp;mos&oacute;szer, nem csak motoros ruh&aacute;zathoz, hanem minden m&aacute;s sport ruh&aacute;hoz (pl.: S&iacute;felszerel&eacute;s, snowboard ,vad&aacute;szat , lovagl&aacute;s &eacute;s&nbsp;t&uacute;raruh&aacute;zat) is alkalmazhat&oacute;!<\/strong><\/div>\n<div><\/div>\n<div><strong style=\"box-sizing: border-box; max-width: 100%; color: rgb(0, 0, 0); font-family: Roboto, sans-serif; font-size: 16px;\">Biztons&aacute;g: Haszn&aacute;lata sor&aacute;n szembe , sz&aacute;jba ne ker&uuml;lj&ouml;n. Kisgyermek el\u0151l elz&aacute;rva tartand&oacute;!&nbsp;<\/strong><\/div>\n<div><\/div>\n<div><b style=\"color: rgb(0, 0, 0); font-family: Roboto, sans-serif; font-size: 16px;\">Haszn&aacute;lati-kezel&eacute;si &uacute;tmutat&aacute;s ide kattintva &eacute;rhet\u0151 el:&nbsp;<a href=\"https:\/\/darazsgarazs.hu\/index.php\/termek\/hasznalati-utmutato.1155.html\">https:\/\/darazsgarazs.hu\/index.php\/termek\/hasznalati-utmutato.1155.html<\/a><\/b><\/div>\n","protected":false},"excerpt":{"rendered":"<p>Tiszt&iacute;t&oacute;szer v&iacute;z&aacute;ll&oacute; membr&aacute;nnal ell&aacute;tott motoros ruh&aacute;zathoz, illetve kivehet\u0151 es\u0151 &eacute;s sz&eacute;lz&aacute;r&oacute; membr&aacute;nok tiszt&iacute;t&aacute;s&aacute;hoz. Meghosszabb&iacute;tja a ruh&aacute;k &eacute;s felszerel&eacute;sek &eacute;lettartam&aacute;t. Haszn&aacute;lat&aacute;val [&hellip;]<\/p>\n","protected":false},"featured_media":106635,"template":"","meta":{"site-sidebar-layout":"default","site-content-layout":"","ast-site-content-layout":"default","site-content-style":"default","site-sidebar-style":"default","ast-global-header-display":"","ast-banner-title-visibility":"","ast-main-header-display":"","ast-hfb-above-header-display":"","ast-hfb-below-header-display":"","ast-hfb-mobile-header-display":"","site-post-title":"","ast-breadcrumbs-content":"","ast-featured-img":"","footer-sml-layout":"","ast-disable-related-posts":"","theme-transparent-header-meta":"","adv-header-id-meta":"","stick-header-meta":"","header-above-stick-meta":"","header-main-stick-meta":"","header-below-stick-meta":"","astra-migrate-meta-layouts":"default","ast-page-background-enabled":"default","ast-page-background-meta":{"desktop":{"background-color":"var(--ast-global-color-5)","background-image":"","background-repeat":"repeat","background-position":"center center","background-size":"auto","background-attachment":"scroll","background-type":"","background-media":"","overlay-type":"","overlay-color":"","overlay-opacity":"","overlay-gradient":""},"tablet":{"background-color":"","background-image":"","background-repeat":"repeat","background-position":"center center","background-size":"auto","background-attachment":"scroll","background-type":"","background-media":"","overlay-type":"","overlay-color":"","overlay-opacity":"","overlay-gradient":""},"mobile":{"background-color":"","background-image":"","background-repeat":"repeat","background-position":"center center","background-size":"auto","background-attachment":"scroll","background-type":"","background-media":"","overlay-type":"","overlay-color":"","overlay-opacity":"","overlay-gradient":""}},"ast-content-background-meta":{"desktop":{"background-color":"var(--ast-global-color-4)","background-image":"","background-repeat":"repeat","background-position":"center center","background-size":"auto","background-attachment":"scroll","background-type":"","background-media":"","overlay-type":"","overlay-color":"","overlay-opacity":"","overlay-gradient":""},"tablet":{"background-color":"var(--ast-global-color-4)","background-image":"","background-repeat":"repeat","background-position":"center center","background-size":"auto","background-attachment":"scroll","background-type":"","background-media":"","overlay-type":"","overlay-color":"","overlay-opacity":"","overlay-gradient":""},"mobile":{"background-color":"var(--ast-global-color-4)","background-image":"","background-repeat":"repeat","background-position":"center center","background-size":"auto","background-attachment":"scroll","background-type":"","background-media":"","overlay-type":"","overlay-color":"","overlay-opacity":"","overlay-gradient":""}}},"product_brand":[],"product_cat":[127,148,147,139,138,146,144,133,145],"product_tag":[],"class_list":{"0":"post-110059","1":"product","2":"type-product","3":"status-publish","4":"has-post-thumbnail","6":"product_cat-apolas","7":"product_cat-cipok-csizmak","8":"product_cat-kabatok","9":"product_cat-motoros-ruhazat","10":"product_cat-nadragok","11":"product_cat-orias-meretu-motoros-ruhazat","12":"product_cat-tukrok-es-tartozekaik","13":"product_cat-turafelszereles","14":"product_cat-varosi-stilusu-motoros-ruhazat","15":"desktop-align-left","16":"tablet-align-left","17":"mobile-align-left","19":"first","20":"instock","21":"shipping-taxable","22":"purchasable","23":"product-type-simple"},"jetpack_sharing_enabled":true,"_links":{"self":[{"href":"https:\/\/zatureczkimarcell.ddns.net\/wordpress\/wp-json\/wp\/v2\/product\/110059","targetHints":{"allow":["GET"]}}],"collection":[{"href":"https:\/\/zatureczkimarcell.ddns.net\/wordpress\/wp-json\/wp\/v2\/product"}],"about":[{"href":"https:\/\/zatureczkimarcell.ddns.net\/wordpress\/wp-json\/wp\/v2\/types\/product"}],"wp:featuredmedia":[{"embeddable":true,"href":"https:\/\/zatureczkimarcell.ddns.net\/wordpress\/wp-json\/wp\/v2\/media\/106635"}],"wp:attachment":[{"href":"https:\/\/zatureczkimarcell.ddns.net\/wordpress\/wp-json\/wp\/v2\/media?parent=110059"}],"wp:term":[{"taxonomy":"product_brand","embeddable":true,"href":"https:\/\/zatureczkimarcell.ddns.net\/wordpress\/wp-json\/wp\/v2\/product_brand?post=110059"},{"taxonomy":"product_cat","embeddable":true,"href":"https:\/\/zatureczkimarcell.ddns.net\/wordpress\/wp-json\/wp\/v2\/product_cat?post=110059"},{"taxonomy":"product_tag","embeddable":true,"href":"https:\/\/zatureczkimarcell.ddns.net\/wordpress\/wp-json\/wp\/v2\/product_tag?post=110059"}],"curies":[{"name":"wp","href":"https:\/\/api.w.org\/{rel}","templated":true}]}}