{"id":110058,"date":"2026-04-01T10:45:16","date_gmt":"2026-04-01T08:45:16","guid":{"rendered":"https:\/\/zatureczkimarcell.ddns.net\/wordpress\/?post_type=product&#038;p=110058"},"modified":"2026-04-01T10:45:42","modified_gmt":"2026-04-01T08:45:42","slug":"mososzer-motoros-ruhazathoz","status":"publish","type":"product","link":"https:\/\/zatureczkimarcell.ddns.net\/wordpress\/termek\/mososzer-motoros-ruhazathoz\/","title":{"rendered":"Mos\u00f3szer motoros ruh\u00e1zathoz"},"content":{"rendered":"<div><span style=\"font-size:16px;\"><strong>Motoros ruh&aacute;zat tiszt&iacute;t&aacute;s&aacute;ra haszn&aacute;lhat&oacute; technikai tiszt&iacute;t&oacute; mos&oacute;szer. <\/strong><\/span><\/div>\n<div><span style=\"font-size:16px;\"><strong>Alkalmas k&eacute;zi &eacute;s g&eacute;pi mos&aacute;sra egyar&aacute;nt. <\/strong><\/span><\/div>\n<div><span style=\"font-size:16px;\"><strong>Hat&eacute;konyan tiszt&iacute;t, l&eacute;legz\u0151k&eacute;pess&eacute;get, v&iacute;zleperget\u0151s&eacute;get meg\u0151rzi.<\/strong><\/span><\/div>\n<div><span style=\"font-size:16px;\"><strong>Meghosszabb&iacute;tja a motoros ruh&aacute;k &eacute;s felszerel&eacute;sek &eacute;lettartam&aacute;t.&nbsp;<\/strong><\/span><\/div>\n<div><span style=\"font-size:16px;\"><strong>Haszn&aacute;lata egyszer\u0171. A mos&oacute;szerrel tiszt&iacute;thatja motoros ruhanem\u0171it mos&oacute;g&eacute;pben is, b&aacute;r a legt&ouml;bb gy&aacute;rt&oacute; k&eacute;zi tiszt&iacute;t&aacute;st javasol&nbsp;term&eacute;keihez.<\/strong><\/span><\/div>\n<div><\/div>\n<div><span style=\"font-size:16px;\"><strong>Haszn&aacute;lata biztons&aacute;gos. Nincs hajt&oacute;g&aacute;z, nem m&eacute;rgez\u0151, k&ouml;rnyezetbar&aacute;t, nem haszn&aacute;l fluorokarbonokat.&nbsp; V&iacute;zb&aacute;zis&uacute;, &eacute;s nem tartalmaznak olyan &ouml;sszetev\u0151ket, amelyek tart&oacute;san megmaradnak a k&ouml;rnyezetben. &Aacute;llatokon nem tesztelt!<\/strong><\/span><\/div>\n<div><\/div>\n<div><strong style=\"box-sizing: border-box; max-width: 100%; color: rgb(0, 0, 0); font-family: Roboto, sans-serif; font-size: 16px;\">Az &aacute;ltalunk forgalmazott&nbsp;mos&oacute;szer, nem csak motoros ruh&aacute;zathoz, hanem minden m&aacute;s sport ruh&aacute;hoz (pl.: S&iacute;felszerel&eacute;s, snowboard ,vad&aacute;szat , lovagl&aacute;s &eacute;s&nbsp;t&uacute;raruh&aacute;zat) is alkalmazhat&oacute;!<\/strong><\/div>\n<div><\/div>\n<div><font color=\"#000000\" face=\"Roboto, sans-serif\"><span style=\"font-size: 16px;\"><b>Haszn&aacute;lati-kezel&eacute;si &uacute;tmutat&aacute;s ide kattintva &eacute;rhet\u0151 el:&nbsp;<a href=\"https:\/\/darazsgarazs.hu\/index.php\/termek\/hasznalati-utmutato.1155.html\">https:\/\/darazsgarazs.hu\/index.php\/termek\/hasznalati-utmutato.1155.html<\/a><\/b><\/span><\/font><\/div>\n","protected":false},"excerpt":{"rendered":"<p>Motoros ruh&aacute;zat tiszt&iacute;t&aacute;s&aacute;ra haszn&aacute;lhat&oacute; technikai tiszt&iacute;t&oacute; mos&oacute;szer. Alkalmas k&eacute;zi &eacute;s g&eacute;pi mos&aacute;sra egyar&aacute;nt. Hat&eacute;konyan tiszt&iacute;t, l&eacute;legz\u0151k&eacute;pess&eacute;get, v&iacute;zleperget\u0151s&eacute;get meg\u0151rzi. Meghosszabb&iacute;tja a [&hellip;]<\/p>\n","protected":false},"featured_media":102998,"template":"","meta":{"site-sidebar-layout":"default","site-content-layout":"","ast-site-content-layout":"default","site-content-style":"default","site-sidebar-style":"default","ast-global-header-display":"","ast-banner-title-visibility":"","ast-main-header-display":"","ast-hfb-above-header-display":"","ast-hfb-below-header-display":"","ast-hfb-mobile-header-display":"","site-post-title":"","ast-breadcrumbs-content":"","ast-featured-img":"","footer-sml-layout":"","ast-disable-related-posts":"","theme-transparent-header-meta":"","adv-header-id-meta":"","stick-header-meta":"","header-above-stick-meta":"","header-main-stick-meta":"","header-below-stick-meta":"","astra-migrate-meta-layouts":"default","ast-page-background-enabled":"default","ast-page-background-meta":{"desktop":{"background-color":"var(--ast-global-color-5)","background-image":"","background-repeat":"repeat","background-position":"center center","background-size":"auto","background-attachment":"scroll","background-type":"","background-media":"","overlay-type":"","overlay-color":"","overlay-opacity":"","overlay-gradient":""},"tablet":{"background-color":"","background-image":"","background-repeat":"repeat","background-position":"center center","background-size":"auto","background-attachment":"scroll","background-type":"","background-media":"","overlay-type":"","overlay-color":"","overlay-opacity":"","overlay-gradient":""},"mobile":{"background-color":"","background-image":"","background-repeat":"repeat","background-position":"center center","background-size":"auto","background-attachment":"scroll","background-type":"","background-media":"","overlay-type":"","overlay-color":"","overlay-opacity":"","overlay-gradient":""}},"ast-content-background-meta":{"desktop":{"background-color":"var(--ast-global-color-4)","background-image":"","background-repeat":"repeat","background-position":"center center","background-size":"auto","background-attachment":"scroll","background-type":"","background-media":"","overlay-type":"","overlay-color":"","overlay-opacity":"","overlay-gradient":""},"tablet":{"background-color":"var(--ast-global-color-4)","background-image":"","background-repeat":"repeat","background-position":"center center","background-size":"auto","background-attachment":"scroll","background-type":"","background-media":"","overlay-type":"","overlay-color":"","overlay-opacity":"","overlay-gradient":""},"mobile":{"background-color":"var(--ast-global-color-4)","background-image":"","background-repeat":"repeat","background-position":"center center","background-size":"auto","background-attachment":"scroll","background-type":"","background-media":"","overlay-type":"","overlay-color":"","overlay-opacity":"","overlay-gradient":""}}},"product_brand":[],"product_cat":[127,147,139,138,146,145],"product_tag":[],"class_list":{"0":"post-110058","1":"product","2":"type-product","3":"status-publish","4":"has-post-thumbnail","6":"product_cat-apolas","7":"product_cat-kabatok","8":"product_cat-motoros-ruhazat","9":"product_cat-nadragok","10":"product_cat-orias-meretu-motoros-ruhazat","11":"product_cat-varosi-stilusu-motoros-ruhazat","12":"desktop-align-left","13":"tablet-align-left","14":"mobile-align-left","16":"first","17":"instock","18":"shipping-taxable","19":"purchasable","20":"product-type-simple"},"jetpack_sharing_enabled":true,"_links":{"self":[{"href":"https:\/\/zatureczkimarcell.ddns.net\/wordpress\/wp-json\/wp\/v2\/product\/110058","targetHints":{"allow":["GET"]}}],"collection":[{"href":"https:\/\/zatureczkimarcell.ddns.net\/wordpress\/wp-json\/wp\/v2\/product"}],"about":[{"href":"https:\/\/zatureczkimarcell.ddns.net\/wordpress\/wp-json\/wp\/v2\/types\/product"}],"wp:featuredmedia":[{"embeddable":true,"href":"https:\/\/zatureczkimarcell.ddns.net\/wordpress\/wp-json\/wp\/v2\/media\/102998"}],"wp:attachment":[{"href":"https:\/\/zatureczkimarcell.ddns.net\/wordpress\/wp-json\/wp\/v2\/media?parent=110058"}],"wp:term":[{"taxonomy":"product_brand","embeddable":true,"href":"https:\/\/zatureczkimarcell.ddns.net\/wordpress\/wp-json\/wp\/v2\/product_brand?post=110058"},{"taxonomy":"product_cat","embeddable":true,"href":"https:\/\/zatureczkimarcell.ddns.net\/wordpress\/wp-json\/wp\/v2\/product_cat?post=110058"},{"taxonomy":"product_tag","embeddable":true,"href":"https:\/\/zatureczkimarcell.ddns.net\/wordpress\/wp-json\/wp\/v2\/product_tag?post=110058"}],"curies":[{"name":"wp","href":"https:\/\/api.w.org\/{rel}","templated":true}]}}