{"id":110055,"date":"2026-04-01T10:45:12","date_gmt":"2026-04-01T08:45:12","guid":{"rendered":"https:\/\/zatureczkimarcell.ddns.net\/wordpress\/?post_type=product&#038;p=110055"},"modified":"2026-04-01T10:45:39","modified_gmt":"2026-04-01T08:45:39","slug":"modeka-shielder-protektoring-teszt","status":"publish","type":"product","link":"https:\/\/zatureczkimarcell.ddns.net\/wordpress\/termek\/modeka-shielder-protektoring-teszt\/","title":{"rendered":"Modeka Shielder protektoring teszt"},"content":{"rendered":"<\/p>\n<div>\n<div><span style=\"font-size:16px;\"><strong>&Uacute;j, kimagasl&oacute;an j&oacute; &aacute;r-&eacute;rt&eacute;k ar&aacute;ny&uacute; term&eacute;k&uuml;nket tesztelt&uuml;k egy ny&aacute;r esti motoroz&aacute;s alkalm&aacute;val. Modeka Shielder protektoring&uuml;nkben motorozott koll&eacute;g&aacute;nk.&nbsp;<\/strong><\/span><\/div>\n<div><\/div>\n<div><\/div>\n<div><span style=\"font-size:16px;\"><strong>A Modeka Shielder a legmagasabb szint\u0171 LEVEL2-es v&eacute;delmet ny&uacute;jtja a benne l&eacute;v\u0151 &uuml;t&eacute;selnyel\u0151 v&aacute;ll-k&ouml;ny&ouml;k &eacute;s gerincprotektoroknak k&ouml;sz&ouml;nhet\u0151en.&nbsp; R&aacute;ad&aacute;sk&eacute;nt kieg&eacute;sz&iacute;thet\u0151 a gy&aacute;ri protektorzsebekbe helyezhet\u0151 mellkas v&eacute;delemmel is. Ez k&uuml;l&ouml;nlegess&eacute; teszi a piacon, hiszen nagyon kev&eacute;s k&eacute;nyelmes protektoringbe helyezhet\u0151 el &uuml;t&eacute;selnyel\u0151 mellkas protektor. &Aacute;ltal&aacute;ban kem&eacute;ny protektort haszn&aacute;lnak m&aacute;s gy&aacute;rt&oacute;k mellv&eacute;delemk&eacute;nt.<\/strong><\/span><\/div>\n<div><\/div>\n<div><\/div>\n<div><span style=\"font-size:16px;\"><strong>Akik nem szeretn&eacute;nek t&ouml;k&eacute;letes v&eacute;delem n&eacute;lk&uuml;l motorozni, de nem is akarnak megizzadni, azok nagyra fogj&aacute;k &eacute;rt&eacute;kelni ezt a term&eacute;k&uuml;nket.<\/strong><\/span><\/div>\n<div><strong style=\"font-size: 16px;\"><span style=\"color: rgb(255, 0, 0);\">Tekintsd meg vide&oacute;nkat a term&eacute;k t&ouml;k&eacute;letesen szell\u0151z\u0151, h&aacute;l&oacute;s fel&uuml;let&eacute;r\u0151l ide kattintva:&nbsp;<a href=\"https:\/\/www.youtube.com\/shorts\/F-7AXJtLImE\">https:\/\/www.youtube.com\/shorts\/F-7AXJtLImE<\/a><\/span><\/strong><\/div>\n<div><\/div>\n<div><\/div>\n<div><span style=\"font-size:16px;\"><strong>Mi lehetne ide&aacute;lisabb egy ilyen tesztre, ahol a szell\u0151z&eacute;st is szeretn&eacute;nk kipr&oacute;b&aacute;lni, mint a ny&aacute;r este a v&aacute;rosban motorozva? Az aszfalt ontja mag&aacute;b&oacute;l a forr&oacute;s&aacute;got, a temp&oacute; viszont nem lehet t&uacute;l nagy, elv&eacute;gre m&eacute;gis a v&aacute;roson bel&uuml;l vagyunk. &Iacute;gy is k&eacute;nyelmesnek, &eacute;s t&ouml;k&eacute;letesen szell\u0151z\u0151nek kell lennie.<\/strong><\/span><\/div>\n<div><\/div>\n<div><\/div>\n<div><span style=\"font-size:16px;\"><strong>A protektoros v&eacute;delmet ebben a tesztben most nem pr&oacute;b&aacute;lgattuk J Az volt a c&eacute;l hogy &eacute;rezz&uuml;k, mennyire k&eacute;nyelmes , mennyire j&oacute;l szell\u0151z\u0151 ez a term&eacute;k&uuml;nk.<\/strong><\/span><\/div>\n<div><\/div>\n<div><\/div>\n<div><span style=\"font-size:16px;\"><strong>Nagy el\u0151nye hogy gyorsan, egyszer\u0171en felvehet\u0151, nem kell a protektorok &aacute;ll&iacute;tgat&aacute;s&aacute;val, foglalkoznod. Kb. 3 m&aacute;sodperc felvenni.<\/strong><\/span><\/div>\n<div><\/div>\n<div><\/div>\n<div><span style=\"font-size:16px;\"><strong>Felveszed, felh&uacute;zod a cipz&aacute;rt &eacute;s m&aacute;r suhansz is. Mindezt &uacute;gy hogy a LEVEL 2-es&nbsp; legmagasabb v&eacute;delmi szintet produk&aacute;l&oacute; protektorok v&eacute;denek.<\/strong><\/span><\/div>\n<div><\/div>\n<div><\/div>\n<div><span style=\"font-size:16px;\"><strong>Lass&uacute; temp&oacute; a v&aacute;rosban? T&ouml;k&eacute;letes . M&aacute;r 20km\/h sebess&eacute;gn&eacute;l nem&nbsp; &eacute;rzed hogy b&aacute;rmit felvett&eacute;l volna a pol&oacute;d, vagy az inged f&ouml;l&eacute;. Amikor pedig gyors&iacute;tasz&hellip;Nos, volt olyan temp&oacute; ahogy az est&eacute;ben haladtunk el\u0151re, ahol m&aacute;r szinte h\u0171v&ouml;s is volt ez a protektoring . &Ouml;sszefoglalva, megold&oacute;dott v&eacute;gre azoknak a probl&eacute;m&aacute;ja akik az&eacute;rt nem vettek fel semmit eddig a k&aacute;nikul&aacute;ban motorozva, mert nem akartak leizzadni. Ebben biztosan nem lesz meleged, hiszen &aacute;tl&aacute;tni a protektoring h&aacute;l&oacute;s fel&uuml;let&eacute;n. Nem gy\u0151zz&uuml;k hangs&uacute;lyozni, hogy a legjobb szell\u0151z&eacute;s mellett, a legmagasabb szint\u0171 protektorok vigy&aacute;znak r&aacute;d motoroz&aacute;s k&ouml;zben. Mindez egy olyan kedvez\u0151 &aacute;rban, hogy m&eacute;g azt is kijelenthetj&uuml;k hogy a legjobb v&eacute;tel jelenleg a piacon. H&aacute;l&oacute;s, mellkas protektorral is kieg&eacute;sz&iacute;thet\u0151, LEVEL2-es &uuml;t&eacute;selnyel\u0151 protektorokat tartalmaz&oacute; protektoring ennyi&eacute;rt szerint&uuml;nk nem vehet\u0151 m&aacute;shol.<\/strong><\/span><\/div>\n<div><\/div>\n<div><\/div>\n<div><\/div>\n<div><span style=\"font-size:16px;\"><strong>A Modeka Shielder s\u0171r\u0171 h&aacute;l&oacute;s fel&uuml;lete miatt egy esetleges cs&uacute;sz&aacute;sn&aacute;l is j&oacute;l teljes&iacute;t, azokkal a hagyom&aacute;nyos protektoringekkel szemben amik csak az els\u0151 becsap&oacute;d&aacute;sn&aacute;l v&eacute;denek, a cs&uacute;sz&aacute;s sor&aacute;n viszont azok leszakadnak a motorosr&oacute;l . &Iacute;gy a hagyom&aacute;nyos protektoringek nem v&eacute;dik megfelel\u0151en a b\u0151rfel&uuml;letet. Az utols&oacute; fot&oacute;n j&oacute;l l&aacute;tszik ahogyan a f&eacute;nysz&oacute;r&oacute; &aacute;tvil&aacute;g&iacute;t az eg&eacute;sz kab&aacute;ton. H\u0171v&ouml;sebb napokon kiv&aacute;l&oacute;an haszn&aacute;lhat&oacute; kab&aacute;t, vagy krossz mez alatt is!&nbsp;<\/strong><\/span><\/div>\n<div><\/div>\n<div><\/div>\n<div><\/div>\n<div><\/div>\n<div><span style=\"font-size:16px;\"><strong>Mi tesztelj&uuml;k-haszn&aacute;ljuk a term&eacute;keinket, nem csak eladunk. Az az &eacute;rdek&uuml;nk, hogy ha elfogadod az aj&aacute;nl&aacute;sunkat, el&eacute;gedett legy&eacute;l a term&eacute;kkel amit n&aacute;lunk megv&aacute;s&aacute;rolsz. Ez&eacute;rt haszn&aacute;ljuk is azokat a term&eacute;keket amikb\u0151l tudsz n&aacute;lunk v&aacute;s&aacute;rolni, hogy val&oacute;ban mindent tudjunk r&oacute;luk, val&oacute;s motoros tapasztalatokat tudjunk &aacute;tadni neked. Azt akarjuk hogy el&eacute;gedetten haszn&aacute;ld amit megvett&eacute;l &eacute;s m&aacute;skor is minket v&aacute;lassz.<\/strong><\/span><\/div>\n<div><\/div>\n<div><\/div>\n<div><\/div>\n<div><span style=\"font-size:16px;\"><strong>A term&eacute;ket honlapunkon ide kattintva tal&aacute;lod meg:<\/strong><\/span><\/div>\n<p><strong><span style=\"font-size:16px;\"><a href=\"https:\/\/darazsgarazs.hu\/index.php\/termek\/modeka-shielder-protektoring.1265.html\">https:\/\/darazsgarazs.hu\/index.php\/termek\/modeka-shielder-protektoring.1265.html<\/a><\/span><\/strong><\/div>\n","protected":false},"excerpt":{"rendered":"<p>&Uacute;j, kimagasl&oacute;an j&oacute; &aacute;r-&eacute;rt&eacute;k ar&aacute;ny&uacute; term&eacute;k&uuml;nket tesztelt&uuml;k egy ny&aacute;r esti motoroz&aacute;s alkalm&aacute;val. Modeka Shielder protektoring&uuml;nkben motorozott koll&eacute;g&aacute;nk.&nbsp; A Modeka Shielder [&hellip;]<\/p>\n","protected":false},"featured_media":103533,"template":"","meta":{"site-sidebar-layout":"default","site-content-layout":"","ast-site-content-layout":"default","site-content-style":"default","site-sidebar-style":"default","ast-global-header-display":"","ast-banner-title-visibility":"","ast-main-header-display":"","ast-hfb-above-header-display":"","ast-hfb-below-header-display":"","ast-hfb-mobile-header-display":"","site-post-title":"","ast-breadcrumbs-content":"","ast-featured-img":"","footer-sml-layout":"","ast-disable-related-posts":"","theme-transparent-header-meta":"","adv-header-id-meta":"","stick-header-meta":"","header-above-stick-meta":"","header-main-stick-meta":"","header-below-stick-meta":"","astra-migrate-meta-layouts":"default","ast-page-background-enabled":"default","ast-page-background-meta":{"desktop":{"background-color":"var(--ast-global-color-5)","background-image":"","background-repeat":"repeat","background-position":"center center","background-size":"auto","background-attachment":"scroll","background-type":"","background-media":"","overlay-type":"","overlay-color":"","overlay-opacity":"","overlay-gradient":""},"tablet":{"background-color":"","background-image":"","background-repeat":"repeat","background-position":"center center","background-size":"auto","background-attachment":"scroll","background-type":"","background-media":"","overlay-type":"","overlay-color":"","overlay-opacity":"","overlay-gradient":""},"mobile":{"background-color":"","background-image":"","background-repeat":"repeat","background-position":"center center","background-size":"auto","background-attachment":"scroll","background-type":"","background-media":"","overlay-type":"","overlay-color":"","overlay-opacity":"","overlay-gradient":""}},"ast-content-background-meta":{"desktop":{"background-color":"var(--ast-global-color-4)","background-image":"","background-repeat":"repeat","background-position":"center center","background-size":"auto","background-attachment":"scroll","background-type":"","background-media":"","overlay-type":"","overlay-color":"","overlay-opacity":"","overlay-gradient":""},"tablet":{"background-color":"var(--ast-global-color-4)","background-image":"","background-repeat":"repeat","background-position":"center center","background-size":"auto","background-attachment":"scroll","background-type":"","background-media":"","overlay-type":"","overlay-color":"","overlay-opacity":"","overlay-gradient":""},"mobile":{"background-color":"var(--ast-global-color-4)","background-image":"","background-repeat":"repeat","background-position":"center center","background-size":"auto","background-attachment":"scroll","background-type":"","background-media":"","overlay-type":"","overlay-color":"","overlay-opacity":"","overlay-gradient":""}}},"product_brand":[],"product_cat":[153],"product_tag":[],"class_list":{"0":"post-110055","1":"product","2":"type-product","3":"status-publish","4":"has-post-thumbnail","6":"product_cat-sajat-tesztelesu-termekek","7":"desktop-align-left","8":"tablet-align-left","9":"mobile-align-left","11":"first","12":"instock","13":"shipping-taxable","14":"product-type-simple"},"jetpack_sharing_enabled":true,"_links":{"self":[{"href":"https:\/\/zatureczkimarcell.ddns.net\/wordpress\/wp-json\/wp\/v2\/product\/110055","targetHints":{"allow":["GET"]}}],"collection":[{"href":"https:\/\/zatureczkimarcell.ddns.net\/wordpress\/wp-json\/wp\/v2\/product"}],"about":[{"href":"https:\/\/zatureczkimarcell.ddns.net\/wordpress\/wp-json\/wp\/v2\/types\/product"}],"wp:featuredmedia":[{"embeddable":true,"href":"https:\/\/zatureczkimarcell.ddns.net\/wordpress\/wp-json\/wp\/v2\/media\/103533"}],"wp:attachment":[{"href":"https:\/\/zatureczkimarcell.ddns.net\/wordpress\/wp-json\/wp\/v2\/media?parent=110055"}],"wp:term":[{"taxonomy":"product_brand","embeddable":true,"href":"https:\/\/zatureczkimarcell.ddns.net\/wordpress\/wp-json\/wp\/v2\/product_brand?post=110055"},{"taxonomy":"product_cat","embeddable":true,"href":"https:\/\/zatureczkimarcell.ddns.net\/wordpress\/wp-json\/wp\/v2\/product_cat?post=110055"},{"taxonomy":"product_tag","embeddable":true,"href":"https:\/\/zatureczkimarcell.ddns.net\/wordpress\/wp-json\/wp\/v2\/product_tag?post=110055"}],"curies":[{"name":"wp","href":"https:\/\/api.w.org\/{rel}","templated":true}]}}