{"id":110049,"date":"2026-04-01T10:44:45","date_gmt":"2026-04-01T08:44:45","guid":{"rendered":"https:\/\/zatureczkimarcell.ddns.net\/wordpress\/?post_type=product&#038;p=110049"},"modified":"2026-04-01T10:45:07","modified_gmt":"2026-04-01T08:45:07","slug":"modeka-panamericana-nyakresz-rogzito","status":"publish","type":"product","link":"https:\/\/zatureczkimarcell.ddns.net\/wordpress\/termek\/modeka-panamericana-nyakresz-rogzito\/","title":{"rendered":"Modeka Panamericana nyakr\u00e9sz r\u00f6gz\u00edt\u0151"},"content":{"rendered":"<p><span style=\"font-size:16px;\"><strong>A hatszoros&nbsp;nemzetk&ouml;zi tesztgy\u0151ztes Modeka Panamericana kab&aacute;t nyaki r&eacute;sze ny&aacute;ron, a maxim&aacute;lis komfort &eacute;rdek&eacute;ben r&ouml;gz&iacute;thet\u0151 nyitott &aacute;ll&aacute;sban is.&nbsp;<\/strong><\/span><\/p>\n<p><span style=\"font-size:16px;\"><strong>Ez fokozza a pr&eacute;mium &eacute;rzetet a term&eacute;ket viselve, hiszen a nyakr&eacute;sz nem lebeg, nem sz&uuml;ks&eacute;ges mindenk&eacute;pp bekapcsolni, hanem a t&ouml;k&eacute;letes szell\u0151z&eacute;st el\u0151seg&iacute;tve, nyitott &aacute;ll&aacute;sban is r&ouml;gz&iacute;thet\u0151 .<\/strong><\/span><\/p>\n<p><span style=\"font-size: 16px;\"><b>Amennyiben a nyaki r&ouml;gz&iacute;t\u0151&nbsp;valami&eacute;rt megs&eacute;r&uuml;lne (Durva behat&aacute;s, vagy szekszer\u0171tlen kezel&eacute;s) , lehet\u0151s&eacute;g van annak cser&eacute;j&eacute;re .&nbsp;<\/b><\/span><\/p><\/p>\n","protected":false},"excerpt":{"rendered":"<p>A hatszoros&nbsp;nemzetk&ouml;zi tesztgy\u0151ztes Modeka Panamericana kab&aacute;t nyaki r&eacute;sze ny&aacute;ron, a maxim&aacute;lis komfort &eacute;rdek&eacute;ben r&ouml;gz&iacute;thet\u0151 nyitott &aacute;ll&aacute;sban is.&nbsp; Ez fokozza a [&hellip;]<\/p>\n","protected":false},"featured_media":105782,"template":"","meta":{"site-sidebar-layout":"default","site-content-layout":"","ast-site-content-layout":"default","site-content-style":"default","site-sidebar-style":"default","ast-global-header-display":"","ast-banner-title-visibility":"","ast-main-header-display":"","ast-hfb-above-header-display":"","ast-hfb-below-header-display":"","ast-hfb-mobile-header-display":"","site-post-title":"","ast-breadcrumbs-content":"","ast-featured-img":"","footer-sml-layout":"","ast-disable-related-posts":"","theme-transparent-header-meta":"","adv-header-id-meta":"","stick-header-meta":"","header-above-stick-meta":"","header-main-stick-meta":"","header-below-stick-meta":"","astra-migrate-meta-layouts":"default","ast-page-background-enabled":"default","ast-page-background-meta":{"desktop":{"background-color":"var(--ast-global-color-5)","background-image":"","background-repeat":"repeat","background-position":"center center","background-size":"auto","background-attachment":"scroll","background-type":"","background-media":"","overlay-type":"","overlay-color":"","overlay-opacity":"","overlay-gradient":""},"tablet":{"background-color":"","background-image":"","background-repeat":"repeat","background-position":"center center","background-size":"auto","background-attachment":"scroll","background-type":"","background-media":"","overlay-type":"","overlay-color":"","overlay-opacity":"","overlay-gradient":""},"mobile":{"background-color":"","background-image":"","background-repeat":"repeat","background-position":"center center","background-size":"auto","background-attachment":"scroll","background-type":"","background-media":"","overlay-type":"","overlay-color":"","overlay-opacity":"","overlay-gradient":""}},"ast-content-background-meta":{"desktop":{"background-color":"var(--ast-global-color-4)","background-image":"","background-repeat":"repeat","background-position":"center center","background-size":"auto","background-attachment":"scroll","background-type":"","background-media":"","overlay-type":"","overlay-color":"","overlay-opacity":"","overlay-gradient":""},"tablet":{"background-color":"var(--ast-global-color-4)","background-image":"","background-repeat":"repeat","background-position":"center center","background-size":"auto","background-attachment":"scroll","background-type":"","background-media":"","overlay-type":"","overlay-color":"","overlay-opacity":"","overlay-gradient":""},"mobile":{"background-color":"var(--ast-global-color-4)","background-image":"","background-repeat":"repeat","background-position":"center center","background-size":"auto","background-attachment":"scroll","background-type":"","background-media":"","overlay-type":"","overlay-color":"","overlay-opacity":"","overlay-gradient":""}}},"product_brand":[],"product_cat":[139],"product_tag":[],"class_list":{"0":"post-110049","1":"product","2":"type-product","3":"status-publish","4":"has-post-thumbnail","6":"product_cat-motoros-ruhazat","7":"desktop-align-left","8":"tablet-align-left","9":"mobile-align-left","11":"first","12":"instock","13":"shipping-taxable","14":"purchasable","15":"product-type-simple"},"jetpack_sharing_enabled":true,"_links":{"self":[{"href":"https:\/\/zatureczkimarcell.ddns.net\/wordpress\/wp-json\/wp\/v2\/product\/110049","targetHints":{"allow":["GET"]}}],"collection":[{"href":"https:\/\/zatureczkimarcell.ddns.net\/wordpress\/wp-json\/wp\/v2\/product"}],"about":[{"href":"https:\/\/zatureczkimarcell.ddns.net\/wordpress\/wp-json\/wp\/v2\/types\/product"}],"wp:featuredmedia":[{"embeddable":true,"href":"https:\/\/zatureczkimarcell.ddns.net\/wordpress\/wp-json\/wp\/v2\/media\/105782"}],"wp:attachment":[{"href":"https:\/\/zatureczkimarcell.ddns.net\/wordpress\/wp-json\/wp\/v2\/media?parent=110049"}],"wp:term":[{"taxonomy":"product_brand","embeddable":true,"href":"https:\/\/zatureczkimarcell.ddns.net\/wordpress\/wp-json\/wp\/v2\/product_brand?post=110049"},{"taxonomy":"product_cat","embeddable":true,"href":"https:\/\/zatureczkimarcell.ddns.net\/wordpress\/wp-json\/wp\/v2\/product_cat?post=110049"},{"taxonomy":"product_tag","embeddable":true,"href":"https:\/\/zatureczkimarcell.ddns.net\/wordpress\/wp-json\/wp\/v2\/product_tag?post=110049"}],"curies":[{"name":"wp","href":"https:\/\/api.w.org\/{rel}","templated":true}]}}