{"id":110046,"date":"2026-04-01T10:44:43","date_gmt":"2026-04-01T08:44:43","guid":{"rendered":"https:\/\/zatureczkimarcell.ddns.net\/wordpress\/?post_type=product&#038;p=110046"},"modified":"2026-04-01T10:45:05","modified_gmt":"2026-04-01T08:45:05","slug":"modeka-panamericana-sympatex-membran","status":"publish","type":"product","link":"https:\/\/zatureczkimarcell.ddns.net\/wordpress\/termek\/modeka-panamericana-sympatex-membran\/","title":{"rendered":"Modeka Panamericana Sympatex membr\u00e1n"},"content":{"rendered":"<p><span style=\"font-size:16px;\"><strong>A hatszoros nemzetk&ouml;zi tesztgy\u0151ztes Modeka Panamericana kab&aacute;tunk, <span style=\"color:#FF0000;\">a vil&aacute;g, jelenleg legmagasabb tud&aacute;s&uacute;<\/span>&nbsp;(45.000mm) es\u0151 &eacute;s sz&eacute;lz&aacute;r&oacute; membr&aacute;nj&aacute;t tartalmazza.&nbsp;<\/strong><\/span><\/p>\n<p><span style=\"font-size:16px;\"><strong>Ez a pr&eacute;mium es\u0151 &eacute;s sz&eacute;lz&aacute;r&oacute; b&eacute;l&eacute;s, most korl&aacute;tozott m&eacute;ret &eacute;s darabsz&aacute;mban, megv&aacute;s&aacute;rolhat&oacute; k&uuml;l&ouml;n is.&nbsp;<\/strong><\/span><\/p>\n<p style=\"box-sizing: border-box; margin: 0px 0px 10px; font-family: Roboto, sans-serif; font-size: 14px; line-height: 15.6pt;\"><span style=\"font-family: Roboto, sans-serif; font-size: 16px; box-sizing: border-box; color: rgb(255, 0, 0);\"><strong style=\"box-sizing: border-box;\">Sympatex membr&aacute;n&reg;&nbsp;<\/strong><\/span><span style=\"font-family: Roboto, sans-serif; font-size: 16px;\"><strong><span segoe=\"\" style=\"color: rgb(68, 68, 68);\" ui=\"\">K&ouml;nny\u0171, ultrav&eacute;kony membr&aacute;n, ami teljesen v&iacute;z- &eacute;s sz&eacute;l&aacute;ll&oacute;, valamint maxim&aacute;lisan l&eacute;legz\u0151. Ez a r&eacute;teg a b&eacute;l&eacute;s &eacute;s ruh&aacute;zat k&uuml;ls\u0151 r&eacute;tege k&ouml;z&ouml;tt egy falat jelent a nedvess&eacute;gnek de a dinamikus membr&aacute;ntechnol&oacute;gi&aacute;nak k&ouml;sz&ouml;nhet\u0151en kiengedi a p&aacute;r&aacute;t, &iacute;gy a tested teljes fel&uuml;let&eacute;n l&eacute;legezhet.&nbsp;<\/span><\/strong><\/span><span style=\"font-family: Roboto, sans-serif; font-size: 16px;\"><strong style=\"font-size: 14px; box-sizing: border-box; max-width: 100%;\"><span open=\"\" sans=\"\" style=\"box-sizing: border-box; max-width: 100%; color: rgb(0, 0, 0);\">A legt&ouml;bb membr&aacute;ntechnol&oacute;gi&aacute;val ellent&eacute;tben nem por&oacute;zus membr&aacute;n, azaz nem csak fizikai, hanem k&eacute;miai elven is m\u0171k&ouml;dik. A membr&aacute;n v&iacute;zsz&iacute;v&oacute; r&eacute;sze felveszi a nedvess&eacute;get a test fel\u0151l, &aacute;tvezeti mag&aacute;n, &eacute;s a k&uuml;ls\u0151 felsz&iacute;n&eacute;n engedi elp&aacute;rologni. Ilyenkor a molekul&aacute;ris p&aacute;raszemcs&eacute;ket hidrofil molekul&aacute;ris l&aacute;ncok sz&aacute;ll&iacute;tj&aacute;k kifel&eacute;. A membr&aacute;n molekul&aacute;ris strukt&uacute;r&aacute;ja nedvess&eacute;g hat&aacute;s&aacute;ra megduzzad, &iacute;gy&nbsp;helyet biztos&iacute;t a v&iacute;zg\u0151z gyors &aacute;thalad&aacute;s&aacute;hoz &eacute;s elp&aacute;rolg&aacute;s&aacute;hoz. Ez a hat&aacute;s a h\u0151m&eacute;rs&eacute;klet-k&uuml;l&ouml;nbs&eacute;g &eacute;s a termel\u0151d&ouml;tt p&aacute;ra mennyis&eacute;g&eacute;vel ar&aacute;nyosan fokoz&oacute;dik.<\/span><\/strong><\/span><br segoe=\"\" style=\"font-family: Roboto, sans-serif; font-size: 16px; box-sizing: inherit; color: rgb(68, 68, 68);\" ui=\"\" \/><br \/>\n<span style=\"font-family: Roboto, sans-serif; font-size: 16px;\"><strong><span segoe=\"\" style=\"color: rgb(68, 68, 68);\" ui=\"\">Teh&aacute;t a&nbsp;Sympatex membr&aacute;n &eacute;rz&eacute;keli az izzadts&aacute;got &eacute;s a&nbsp;nedvess&eacute;get t&ouml;k&eacute;letesen elvezeti a testfel&uuml;letr\u0151l. A DIN EN ISO 9237 tan&uacute;s&iacute;tv&aacute;ny szerint a membr&aacute;n teljesen sz&eacute;l&aacute;ll&oacute;&nbsp;<\/span><\/strong><\/span><strong style=\"font-family: Roboto, sans-serif; font-size: 16px;\"><span segoe=\"\" style=\"color: rgb(68, 68, 68);\" ui=\"\">(azaz 0 liter\/m&sup2;)<\/span><\/strong><span style=\"font-family: Roboto, sans-serif; font-size: 16px;\"><strong><span segoe=\"\" style=\"color: rgb(68, 68, 68);\" ui=\"\">, egy&aacute;ltal&aacute;n nem jut &aacute;t rajta a menetsz&eacute;l&nbsp;, &iacute;gy az nem mozgatja el a testet k&ouml;r&uuml;lvev\u0151 melegebb l&eacute;gr&eacute;teget. Az anyag a v&iacute;z&aacute;ll&oacute;s&aacute;g ter&eacute;n is kimagasl&oacute; tulajdons&aacute;gokkal rendelkezik. Az EN 343 szabv&aacute;ny &eacute;rtelm&eacute;ben egy membr&aacute;n akkor tekinthet\u0151 v&iacute;zhatlannak, ha ellen&aacute;ll egy 1300 mm magas v&iacute;zoszlop nyom&aacute;s&aacute;nak. Az ISO 811 tan&uacute;s&iacute;tv&aacute;ny szerint a Sympatex membr&aacute;n messze fel&uuml;lm&uacute;lja ezt a k&ouml;vetelm&eacute;nyt, hiszen 45 000 mm magas v&iacute;zoszlop nyom&aacute;s&aacute;nak is k&eacute;pes ellen&aacute;llni &iacute;gy jelenleg <\/span><span style=\"color:#FF0000;\"><span segoe=\"\" ui=\"\">a vil&aacute;g legmagasabb tud&aacute;s&uacute; membr&aacute;n technol&oacute;gi&aacute;ja!<\/span><\/span><\/strong><\/span><\/p>\n<p style=\"box-sizing: border-box; margin: 0px 0px 10px; font-family: Roboto, sans-serif; font-size: 14px; line-height: 15.6pt;\">\n<p style=\"box-sizing: border-box; margin: 0px 0px 10px; font-family: Roboto, sans-serif; font-size: 14px; line-height: 15.6pt;\">\n<p style=\"box-sizing: border-box; margin: 0px 0px 10px; font-family: Roboto, sans-serif; font-size: 14px; line-height: 15.6pt;\"><strong style=\"font-family: Roboto, sans-serif; font-size: 16px; box-sizing: border-box; max-width: 100%;\">Haszn&aacute;lati &eacute;s kezel&eacute;si &uacute;tmutat&oacute; a term&eacute;khez&nbsp;el&eacute;rhet\u0151 ide kattintva:&nbsp;<a href=\"https:\/\/darazsgarazs.hu\/index.php\/termek\/hasznalati-utmutato.1155.html\">https:\/\/darazsgarazs.hu\/index.php\/termek\/hasznalati-utmutato.1155.html<\/a><\/strong><\/p>\n<p style=\"box-sizing: border-box; margin: 0px 0px 10px; font-family: Roboto, sans-serif; font-size: 14px; line-height: 15.6pt;\">\n","protected":false},"excerpt":{"rendered":"<p>A hatszoros nemzetk&ouml;zi tesztgy\u0151ztes Modeka Panamericana kab&aacute;tunk, a vil&aacute;g, jelenleg legmagasabb tud&aacute;s&uacute;&nbsp;(45.000mm) es\u0151 &eacute;s sz&eacute;lz&aacute;r&oacute; membr&aacute;nj&aacute;t tartalmazza.&nbsp; Ez a pr&eacute;mium [&hellip;]<\/p>\n","protected":false},"featured_media":105598,"template":"","meta":{"site-sidebar-layout":"default","site-content-layout":"","ast-site-content-layout":"default","site-content-style":"default","site-sidebar-style":"default","ast-global-header-display":"","ast-banner-title-visibility":"","ast-main-header-display":"","ast-hfb-above-header-display":"","ast-hfb-below-header-display":"","ast-hfb-mobile-header-display":"","site-post-title":"","ast-breadcrumbs-content":"","ast-featured-img":"","footer-sml-layout":"","ast-disable-related-posts":"","theme-transparent-header-meta":"","adv-header-id-meta":"","stick-header-meta":"","header-above-stick-meta":"","header-main-stick-meta":"","header-below-stick-meta":"","astra-migrate-meta-layouts":"default","ast-page-background-enabled":"default","ast-page-background-meta":{"desktop":{"background-color":"var(--ast-global-color-5)","background-image":"","background-repeat":"repeat","background-position":"center center","background-size":"auto","background-attachment":"scroll","background-type":"","background-media":"","overlay-type":"","overlay-color":"","overlay-opacity":"","overlay-gradient":""},"tablet":{"background-color":"","background-image":"","background-repeat":"repeat","background-position":"center center","background-size":"auto","background-attachment":"scroll","background-type":"","background-media":"","overlay-type":"","overlay-color":"","overlay-opacity":"","overlay-gradient":""},"mobile":{"background-color":"","background-image":"","background-repeat":"repeat","background-position":"center center","background-size":"auto","background-attachment":"scroll","background-type":"","background-media":"","overlay-type":"","overlay-color":"","overlay-opacity":"","overlay-gradient":""}},"ast-content-background-meta":{"desktop":{"background-color":"var(--ast-global-color-4)","background-image":"","background-repeat":"repeat","background-position":"center center","background-size":"auto","background-attachment":"scroll","background-type":"","background-media":"","overlay-type":"","overlay-color":"","overlay-opacity":"","overlay-gradient":""},"tablet":{"background-color":"var(--ast-global-color-4)","background-image":"","background-repeat":"repeat","background-position":"center center","background-size":"auto","background-attachment":"scroll","background-type":"","background-media":"","overlay-type":"","overlay-color":"","overlay-opacity":"","overlay-gradient":""},"mobile":{"background-color":"var(--ast-global-color-4)","background-image":"","background-repeat":"repeat","background-position":"center center","background-size":"auto","background-attachment":"scroll","background-type":"","background-media":"","overlay-type":"","overlay-color":"","overlay-opacity":"","overlay-gradient":""}}},"product_brand":[],"product_cat":[149,147],"product_tag":[],"class_list":{"0":"post-110046","1":"product","2":"type-product","3":"status-publish","4":"has-post-thumbnail","6":"product_cat-eso-ruhazat","7":"product_cat-kabatok","8":"desktop-align-left","9":"tablet-align-left","10":"mobile-align-left","12":"first","13":"instock","14":"shipping-taxable","15":"purchasable","16":"product-type-simple"},"jetpack_sharing_enabled":true,"_links":{"self":[{"href":"https:\/\/zatureczkimarcell.ddns.net\/wordpress\/wp-json\/wp\/v2\/product\/110046","targetHints":{"allow":["GET"]}}],"collection":[{"href":"https:\/\/zatureczkimarcell.ddns.net\/wordpress\/wp-json\/wp\/v2\/product"}],"about":[{"href":"https:\/\/zatureczkimarcell.ddns.net\/wordpress\/wp-json\/wp\/v2\/types\/product"}],"wp:featuredmedia":[{"embeddable":true,"href":"https:\/\/zatureczkimarcell.ddns.net\/wordpress\/wp-json\/wp\/v2\/media\/105598"}],"wp:attachment":[{"href":"https:\/\/zatureczkimarcell.ddns.net\/wordpress\/wp-json\/wp\/v2\/media?parent=110046"}],"wp:term":[{"taxonomy":"product_brand","embeddable":true,"href":"https:\/\/zatureczkimarcell.ddns.net\/wordpress\/wp-json\/wp\/v2\/product_brand?post=110046"},{"taxonomy":"product_cat","embeddable":true,"href":"https:\/\/zatureczkimarcell.ddns.net\/wordpress\/wp-json\/wp\/v2\/product_cat?post=110046"},{"taxonomy":"product_tag","embeddable":true,"href":"https:\/\/zatureczkimarcell.ddns.net\/wordpress\/wp-json\/wp\/v2\/product_tag?post=110046"}],"curies":[{"name":"wp","href":"https:\/\/api.w.org\/{rel}","templated":true}]}}