{"id":110044,"date":"2026-04-01T10:44:42","date_gmt":"2026-04-01T08:44:42","guid":{"rendered":"https:\/\/zatureczkimarcell.ddns.net\/wordpress\/?post_type=product&#038;p=110044"},"modified":"2026-04-01T10:45:04","modified_gmt":"2026-04-01T08:45:04","slug":"ytx9-bs-gondozasmentes-nano-gel-zseles-akkumulator","status":"publish","type":"product","link":"https:\/\/zatureczkimarcell.ddns.net\/wordpress\/termek\/ytx9-bs-gondozasmentes-nano-gel-zseles-akkumulator\/","title":{"rendered":"YTX9-BS Gondoz\u00e1smentes NANO GEL zsel\u00e9s Akkumul\u00e1tor"},"content":{"rendered":"<p><span style=\"font-size:16px;\"><strong>Val&oacute;di Nano Gel technologia.&nbsp;<\/strong><\/span><\/p>\n<p><span style=\"font-size:16px;\"><strong>A legt&ouml;bben a v&aacute;rosi legend&aacute;k szerint, a gondoz&aacute;smentes akkumul&aacute;torokat hiszik &#8211; vagy mondj&aacute;k zsel&eacute;s akkunak.&nbsp;<\/strong><\/span><\/p>\n<p><span style=\"font-size:16px;\"><strong>Az &aacute;ltalunk k&iacute;n&aacute;lt Nano GEL rendszer\u0171 akkumul&aacute;tor , val&oacute;di GEL technologia felhaszn&aacute;l&aacute;s&aacute;val, egy egyszer\u0171bb &eacute;s tiszt&aacute;bb &uuml;zemm&oacute;dban haszn&aacute;lhat&oacute; mint a hagyom&aacute;nyos savas-t&ouml;lt&ouml;get\u0151s akkumul&aacute;torok.&nbsp;<\/strong><\/span><\/p>\n<p><span style=\"font-size:16px;\"><strong>Itt a v&aacute;s&aacute;rl&oacute;nak nincs m&aacute;s dolga , mint az akkut a motorker&eacute;kp&aacute;rba helyezni &eacute;s azonnal megnyomni a start gombot.&nbsp;<\/strong><\/span><\/p>\n<p><span style=\"font-size:16px;\"><strong>Nincs t&ouml;lt&ouml;get&eacute;s, nincs &uuml;zembe helyez&eacute;si id\u0151. Azonnal haszn&aacute;lhat&oacute;.&nbsp;<\/strong><\/span><\/p>\n<p><span style=\"font-size:16px;\"><strong>Kapacit&aacute;s: 9.0 Ah<\/strong><\/span><\/p>\n<p><span style=\"font-size:16px;\"><strong>Ind&iacute;t&oacute;&aacute;ram: 145.0 A<\/strong><\/span><\/p>\n<div><span style=\"font-size:16px;\"><strong>Polarit&aacute;s: Bal +<\/strong><\/span><\/div>\n<div><\/div>\n<div><span style=\"font-size:16px;\"><strong>Hossz&uacute;s&aacute;g: 150.0 mm<\/strong><\/span><\/div>\n<div><span style=\"font-size:16px;\"><strong>Sz&eacute;less&eacute;g: 86.0 mm<\/strong><\/span><\/div>\n<div><span style=\"font-size:16px;\"><strong>Magass&aacute;g: 105.0 mm<\/strong><\/span><\/div>\n<div><\/div>\n<div><\/div>\n<div><strong style=\"font-family: Roboto, sans-serif; font-size: 16px; box-sizing: border-box; max-width: 100%;\">Haszn&aacute;lati &eacute;s kezel&eacute;si &uacute;tmutat&oacute; a term&eacute;khez el&eacute;rhet\u0151 ide kattintva:&nbsp;<a href=\"https:\/\/darazsgarazs.hu\/index.php\/termek\/hasznalati-utmutato-alkatreszek.1158.html\">https:\/\/darazsgarazs.hu\/index.php\/termek\/hasznalati-utmutato-alkatreszek.1158.html<\/a><\/strong><\/div>\n","protected":false},"excerpt":{"rendered":"<p>Val&oacute;di Nano Gel technologia.&nbsp; A legt&ouml;bben a v&aacute;rosi legend&aacute;k szerint, a gondoz&aacute;smentes akkumul&aacute;torokat hiszik &#8211; vagy mondj&aacute;k zsel&eacute;s akkunak.&nbsp; Az [&hellip;]<\/p>\n","protected":false},"featured_media":108685,"template":"","meta":{"site-sidebar-layout":"default","site-content-layout":"","ast-site-content-layout":"default","site-content-style":"default","site-sidebar-style":"default","ast-global-header-display":"","ast-banner-title-visibility":"","ast-main-header-display":"","ast-hfb-above-header-display":"","ast-hfb-below-header-display":"","ast-hfb-mobile-header-display":"","site-post-title":"","ast-breadcrumbs-content":"","ast-featured-img":"","footer-sml-layout":"","ast-disable-related-posts":"","theme-transparent-header-meta":"","adv-header-id-meta":"","stick-header-meta":"","header-above-stick-meta":"","header-main-stick-meta":"","header-below-stick-meta":"","astra-migrate-meta-layouts":"default","ast-page-background-enabled":"default","ast-page-background-meta":{"desktop":{"background-color":"var(--ast-global-color-5)","background-image":"","background-repeat":"repeat","background-position":"center center","background-size":"auto","background-attachment":"scroll","background-type":"","background-media":"","overlay-type":"","overlay-color":"","overlay-opacity":"","overlay-gradient":""},"tablet":{"background-color":"","background-image":"","background-repeat":"repeat","background-position":"center center","background-size":"auto","background-attachment":"scroll","background-type":"","background-media":"","overlay-type":"","overlay-color":"","overlay-opacity":"","overlay-gradient":""},"mobile":{"background-color":"","background-image":"","background-repeat":"repeat","background-position":"center center","background-size":"auto","background-attachment":"scroll","background-type":"","background-media":"","overlay-type":"","overlay-color":"","overlay-opacity":"","overlay-gradient":""}},"ast-content-background-meta":{"desktop":{"background-color":"var(--ast-global-color-4)","background-image":"","background-repeat":"repeat","background-position":"center center","background-size":"auto","background-attachment":"scroll","background-type":"","background-media":"","overlay-type":"","overlay-color":"","overlay-opacity":"","overlay-gradient":""},"tablet":{"background-color":"var(--ast-global-color-4)","background-image":"","background-repeat":"repeat","background-position":"center center","background-size":"auto","background-attachment":"scroll","background-type":"","background-media":"","overlay-type":"","overlay-color":"","overlay-opacity":"","overlay-gradient":""},"mobile":{"background-color":"var(--ast-global-color-4)","background-image":"","background-repeat":"repeat","background-position":"center center","background-size":"auto","background-attachment":"scroll","background-type":"","background-media":"","overlay-type":"","overlay-color":"","overlay-opacity":"","overlay-gradient":""}}},"product_brand":[],"product_cat":[124,126],"product_tag":[],"class_list":{"0":"post-110044","1":"product","2":"type-product","3":"status-publish","4":"has-post-thumbnail","6":"product_cat-akkumulatorok","7":"product_cat-alkatreszek","8":"desktop-align-left","9":"tablet-align-left","10":"mobile-align-left","12":"first","13":"instock","14":"shipping-taxable","15":"purchasable","16":"product-type-simple"},"jetpack_sharing_enabled":true,"_links":{"self":[{"href":"https:\/\/zatureczkimarcell.ddns.net\/wordpress\/wp-json\/wp\/v2\/product\/110044","targetHints":{"allow":["GET"]}}],"collection":[{"href":"https:\/\/zatureczkimarcell.ddns.net\/wordpress\/wp-json\/wp\/v2\/product"}],"about":[{"href":"https:\/\/zatureczkimarcell.ddns.net\/wordpress\/wp-json\/wp\/v2\/types\/product"}],"wp:featuredmedia":[{"embeddable":true,"href":"https:\/\/zatureczkimarcell.ddns.net\/wordpress\/wp-json\/wp\/v2\/media\/108685"}],"wp:attachment":[{"href":"https:\/\/zatureczkimarcell.ddns.net\/wordpress\/wp-json\/wp\/v2\/media?parent=110044"}],"wp:term":[{"taxonomy":"product_brand","embeddable":true,"href":"https:\/\/zatureczkimarcell.ddns.net\/wordpress\/wp-json\/wp\/v2\/product_brand?post=110044"},{"taxonomy":"product_cat","embeddable":true,"href":"https:\/\/zatureczkimarcell.ddns.net\/wordpress\/wp-json\/wp\/v2\/product_cat?post=110044"},{"taxonomy":"product_tag","embeddable":true,"href":"https:\/\/zatureczkimarcell.ddns.net\/wordpress\/wp-json\/wp\/v2\/product_tag?post=110044"}],"curies":[{"name":"wp","href":"https:\/\/api.w.org\/{rel}","templated":true}]}}