{"id":110042,"date":"2026-04-01T10:44:41","date_gmt":"2026-04-01T08:44:41","guid":{"rendered":"https:\/\/zatureczkimarcell.ddns.net\/wordpress\/?post_type=product&#038;p=110042"},"modified":"2026-04-01T10:45:03","modified_gmt":"2026-04-01T08:45:03","slug":"ixs-napszemuveges-bukosisak","status":"publish","type":"product","link":"https:\/\/zatureczkimarcell.ddns.net\/wordpress\/termek\/ixs-napszemuveges-bukosisak\/","title":{"rendered":"IXS napszem\u00fcveges buk\u00f3sisak"},"content":{"rendered":"<div><span style=\"font-size:16px;\"><strong>St&iacute;lus, k&eacute;nyelem, v&eacute;delem, ezekkel a szavakkal jellemezhet\u0151 az IXS&nbsp;z&aacute;rt, napszem&uuml;veges sisakja.&nbsp;<\/strong><\/span><\/div>\n<div><span style=\"font-size:16px;\"><strong>A szabads&aacute;g a fejn&eacute;l kezd\u0151dik, ez&eacute;rt egy z&aacute;rt sisakkal szemben t&aacute;masztott alapvet\u0151 k&ouml;vetelm&eacute;ny, hogy visel\u0151je k&eacute;nyelmesen &eacute;rezze mag&aacute;t, &eacute;s k&eacute;pes legyen koncentr&aacute;lni a motor vezet&eacute;s&eacute;hez fontos dolgokra.<\/strong><\/span><\/div>\n<div><\/div>\n<div><span style=\"font-size:16px;\"><strong>Ezt az IXS sisakot mindennapi haszn&aacute;latra tervezt&eacute;k, nagy hangs&uacute;lyt fektetve az illeszked&eacute;sre, hogy eg&eacute;sz nap k&eacute;nyelmesen k&ouml;zlekedhessen benne a tualjdonosa.<\/strong><\/span><\/div>\n<div><span style=\"font-size:16px;\"><strong>Az integr&aacute;lt h&aacute;ts&oacute; l&eacute;gterel\u0151 nem egyszer\u0171 diz&aacute;jn elem, kialak&iacute;t&aacute;s&aacute;val optimaliz&aacute;lt&aacute;k a l&eacute;g&aacute;raml&aacute;st. A hat&eacute;kony bels\u0151 szell\u0151z\u0151rendszer a sisakh&eacute;j alatt kellemes, friss leveg\u0151t biztos&iacute;t a fej k&ouml;r&uuml;l, m&eacute;g a ny&aacute;ri h\u0151s&eacute;gben is.<\/strong><\/span><\/div>\n<div><\/div>\n<div><span style=\"font-size:16px;\"><strong>Hasznos extra a be&eacute;p&iacute;tett napszem&uuml;veg . Kivehet\u0151, moshat&oacute; a bels\u0151 b&eacute;l&eacute;s &eacute;s az arcp&aacute;rn&aacute;k, az orrn&aacute;l bels\u0151 sz&eacute;lterel\u0151 emeli a sisak min\u0151s&eacute;g&eacute;t. A karc&aacute;ll&oacute;, gyorsan cser&eacute;lhet\u0151 plexi biztos&iacute;tja a j&oacute; kil&aacute;t&aacute;s&aacute;t a sisakb&oacute;l. &Ouml;sszess&eacute;g&eacute;ben egy olyan term&eacute;k, amely minden r&eacute;szlet&eacute;ben olyan min\u0151s&eacute;g\u0171 &eacute;s kidolgozotts&aacute;g&uacute;, ami az IXS m&aacute;rk&aacute;t&oacute;l elv&aacute;rhat&oacute;.&nbsp;<\/strong><\/span><\/div>\n<p style=\"box-sizing: inherit;\"><span style=\"font-size:16px;\"><strong>Bels\u0151 be&eacute;p&iacute;tett napszem&uuml;veg<\/strong><\/span><\/p>\n<p style=\"box-sizing: inherit;\"><span style=\"font-size:16px;\"><strong>Pinlock el\u0151k&eacute;sz&iacute;tett karcmentes plexi<\/strong><\/span><\/p>\n<p style=\"box-sizing: inherit;\"><span style=\"font-size:16px;\"><strong>Racsnis, k&eacute;nyelmes csattrendszer<\/strong><\/span><\/p>\n<p style=\"box-sizing: inherit;\"><span style=\"font-size:16px;\"><strong>Kivehet\u0151 moshat&oacute; bels\u0151 b&eacute;l&eacute;s<\/strong><\/span><\/p>\n<p style=\"box-sizing: inherit;\"><span style=\"font-size:16px;\"><strong>Az &aacute;ll &eacute;s a fejtet\u0151 r&eacute;szen nyithat&oacute; szell\u0151z\u0151rendszer<\/strong><\/span><\/p>\n<p style=\"box-sizing: inherit;\"><span style=\"font-size:16px;\"><strong>Sisakbesz&eacute;l\u0151-kihangos&iacute;t&oacute; reendszer be&eacute;p&iacute;t&eacute;s&eacute;re el\u0151k&eacute;sz&iacute;tett bels\u0151r&eacute;sz.<\/strong><\/span><\/p>\n<p style=\"box-sizing: inherit;\">\n<p style=\"box-sizing: inherit;\"><strong>Haszn&aacute;lati &eacute;s kezel&eacute;si &uacute;tmutat&oacute; a term&eacute;khez el&eacute;rhet\u0151 ide kattintva:&nbsp;<a href=\"https:\/\/darazsgarazs.hu\/index.php\/termek\/bukosisak-hasznalati-kezelesi-utmutato.1408.html\">https:\/\/darazsgarazs.hu\/index.php\/termek\/bukosisak-hasznalati-kezelesi-utmutato.1408.html<\/a><\/strong><\/p>\n<p style=\"box-sizing: inherit;\">\n<p style=\"box-sizing: inherit;\">\n<p style=\"box-sizing: inherit;\">\n<p style=\"box-sizing: inherit;\">\n","protected":false},"excerpt":{"rendered":"<p>St&iacute;lus, k&eacute;nyelem, v&eacute;delem, ezekkel a szavakkal jellemezhet\u0151 az IXS&nbsp;z&aacute;rt, napszem&uuml;veges sisakja.&nbsp; A szabads&aacute;g a fejn&eacute;l kezd\u0151dik, ez&eacute;rt egy z&aacute;rt sisakkal [&hellip;]<\/p>\n","protected":false},"featured_media":102897,"template":"","meta":{"site-sidebar-layout":"default","site-content-layout":"","ast-site-content-layout":"default","site-content-style":"default","site-sidebar-style":"default","ast-global-header-display":"","ast-banner-title-visibility":"","ast-main-header-display":"","ast-hfb-above-header-display":"","ast-hfb-below-header-display":"","ast-hfb-mobile-header-display":"","site-post-title":"","ast-breadcrumbs-content":"","ast-featured-img":"","footer-sml-layout":"","ast-disable-related-posts":"","theme-transparent-header-meta":"","adv-header-id-meta":"","stick-header-meta":"","header-above-stick-meta":"","header-main-stick-meta":"","header-below-stick-meta":"","astra-migrate-meta-layouts":"default","ast-page-background-enabled":"default","ast-page-background-meta":{"desktop":{"background-color":"var(--ast-global-color-5)","background-image":"","background-repeat":"repeat","background-position":"center center","background-size":"auto","background-attachment":"scroll","background-type":"","background-media":"","overlay-type":"","overlay-color":"","overlay-opacity":"","overlay-gradient":""},"tablet":{"background-color":"","background-image":"","background-repeat":"repeat","background-position":"center center","background-size":"auto","background-attachment":"scroll","background-type":"","background-media":"","overlay-type":"","overlay-color":"","overlay-opacity":"","overlay-gradient":""},"mobile":{"background-color":"","background-image":"","background-repeat":"repeat","background-position":"center center","background-size":"auto","background-attachment":"scroll","background-type":"","background-media":"","overlay-type":"","overlay-color":"","overlay-opacity":"","overlay-gradient":""}},"ast-content-background-meta":{"desktop":{"background-color":"var(--ast-global-color-4)","background-image":"","background-repeat":"repeat","background-position":"center center","background-size":"auto","background-attachment":"scroll","background-type":"","background-media":"","overlay-type":"","overlay-color":"","overlay-opacity":"","overlay-gradient":""},"tablet":{"background-color":"var(--ast-global-color-4)","background-image":"","background-repeat":"repeat","background-position":"center center","background-size":"auto","background-attachment":"scroll","background-type":"","background-media":"","overlay-type":"","overlay-color":"","overlay-opacity":"","overlay-gradient":""},"mobile":{"background-color":"var(--ast-global-color-4)","background-image":"","background-repeat":"repeat","background-position":"center center","background-size":"auto","background-attachment":"scroll","background-type":"","background-media":"","overlay-type":"","overlay-color":"","overlay-opacity":"","overlay-gradient":""}}},"product_brand":[],"product_cat":[121,150],"product_tag":[],"class_list":{"0":"post-110042","1":"product","2":"type-product","3":"status-publish","4":"has-post-thumbnail","6":"product_cat-bukosisakok","7":"product_cat-zart-bukosisakok","8":"desktop-align-left","9":"tablet-align-left","10":"mobile-align-left","12":"first","13":"instock","14":"shipping-taxable","15":"purchasable","16":"product-type-simple"},"jetpack_sharing_enabled":true,"_links":{"self":[{"href":"https:\/\/zatureczkimarcell.ddns.net\/wordpress\/wp-json\/wp\/v2\/product\/110042","targetHints":{"allow":["GET"]}}],"collection":[{"href":"https:\/\/zatureczkimarcell.ddns.net\/wordpress\/wp-json\/wp\/v2\/product"}],"about":[{"href":"https:\/\/zatureczkimarcell.ddns.net\/wordpress\/wp-json\/wp\/v2\/types\/product"}],"wp:featuredmedia":[{"embeddable":true,"href":"https:\/\/zatureczkimarcell.ddns.net\/wordpress\/wp-json\/wp\/v2\/media\/102897"}],"wp:attachment":[{"href":"https:\/\/zatureczkimarcell.ddns.net\/wordpress\/wp-json\/wp\/v2\/media?parent=110042"}],"wp:term":[{"taxonomy":"product_brand","embeddable":true,"href":"https:\/\/zatureczkimarcell.ddns.net\/wordpress\/wp-json\/wp\/v2\/product_brand?post=110042"},{"taxonomy":"product_cat","embeddable":true,"href":"https:\/\/zatureczkimarcell.ddns.net\/wordpress\/wp-json\/wp\/v2\/product_cat?post=110042"},{"taxonomy":"product_tag","embeddable":true,"href":"https:\/\/zatureczkimarcell.ddns.net\/wordpress\/wp-json\/wp\/v2\/product_tag?post=110042"}],"curies":[{"name":"wp","href":"https:\/\/api.w.org\/{rel}","templated":true}]}}