{"id":110041,"date":"2026-04-01T10:44:40","date_gmt":"2026-04-01T08:44:40","guid":{"rendered":"https:\/\/zatureczkimarcell.ddns.net\/wordpress\/?post_type=product&#038;p=110041"},"modified":"2026-04-01T10:45:02","modified_gmt":"2026-04-01T08:45:02","slug":"caberg-d-ii-felnyithato-napszemuveges-bukosisak","status":"publish","type":"product","link":"https:\/\/zatureczkimarcell.ddns.net\/wordpress\/termek\/caberg-d-ii-felnyithato-napszemuveges-bukosisak\/","title":{"rendered":"Caberg D II felnyithat\u00f3 napszem\u00fcveges buk\u00f3sisak"},"content":{"rendered":"<div><span style=\"font-size:16px;\"><strong>Felnyithat&oacute; sisak, amely a Sharp nemeztk&ouml;zi t&ouml;r&eacute;steszten maxim&aacute;lis 5 csillagot kapott.&nbsp;<\/strong><\/span><\/div>\n<div><span style=\"font-size:16px;\"><strong>Karcmentes plexi<\/strong><\/span><\/div>\n<div><span style=\"font-size:16px;\"><strong>Be&eacute;p&iacute;tett napszem&uuml;veg<\/strong><\/span><\/div>\n<div><span style=\"font-size:16px;\"><strong>Fels\u0151, nyitott poz&iacute;ci&oacute;ban r&ouml;gz&iacute;thet\u0151 &aacute;llr&eacute;sz<\/strong><\/span><\/div>\n<div><span style=\"font-size:16px;\"><strong>Kivehet\u0151, moshat&oacute; bels\u0151r&eacute;sz.<\/strong><\/span><\/div>\n<div><span style=\"font-size:16px;\"><strong>Bluetooth fejhallgat&oacute; el\u0151k&eacute;sz&iacute;t&eacute;s<\/strong><\/span><\/div>\n<div><span style=\"font-size:16px;\"><strong>K&ouml;nny\u0171,szersz&aacute;m n&eacute;lk&uuml;li plexicsere&nbsp;&nbsp;<\/strong><\/span><\/div>\n<div><span style=\"font-size:16px;\"><strong>S&uacute;ly: 1550 gramm<\/strong><\/span><\/div>\n<div><span style=\"font-size:16px;\"><strong>Figyelem! A term&eacute;khez azonnali k&eacute;szletr\u0151l v&aacute;s&aacute;rolhat&oacute; meg &uuml;zlet&uuml;nkben a pinlock p&aacute;ramentes&iacute;t\u0151 bet&eacute;t, melynek haszn&aacute;lat&aacute;val&nbsp;<\/strong><\/span><\/div>\n<div><span style=\"font-size:16px;\"><strong>soha t&ouml;bb&eacute; nem p&aacute;r&aacute;sodik be a buk&oacute;sisak plexije.&nbsp;<\/strong><\/span><\/div>\n<div><\/div>\n<div><strong>Haszn&aacute;lati &eacute;s kezel&eacute;si &uacute;tmutat&oacute; a term&eacute;khez el&eacute;rhet\u0151 ide kattintva:&nbsp;<a href=\"https:\/\/darazsgarazs.hu\/index.php\/termek\/bukosisak-hasznalati-kezelesi-utmutato.1408.html\">https:\/\/darazsgarazs.hu\/index.php\/termek\/bukosisak-hasznalati-kezelesi-utmutato.1408.html<\/a><\/strong><\/div>\n","protected":false},"excerpt":{"rendered":"<p>Felnyithat&oacute; sisak, amely a Sharp nemeztk&ouml;zi t&ouml;r&eacute;steszten maxim&aacute;lis 5 csillagot kapott.&nbsp; Karcmentes plexi Be&eacute;p&iacute;tett napszem&uuml;veg Fels\u0151, nyitott poz&iacute;ci&oacute;ban r&ouml;gz&iacute;thet\u0151 &aacute;llr&eacute;sz [&hellip;]<\/p>\n","protected":false},"featured_media":108353,"template":"","meta":{"site-sidebar-layout":"default","site-content-layout":"","ast-site-content-layout":"default","site-content-style":"default","site-sidebar-style":"default","ast-global-header-display":"","ast-banner-title-visibility":"","ast-main-header-display":"","ast-hfb-above-header-display":"","ast-hfb-below-header-display":"","ast-hfb-mobile-header-display":"","site-post-title":"","ast-breadcrumbs-content":"","ast-featured-img":"","footer-sml-layout":"","ast-disable-related-posts":"","theme-transparent-header-meta":"","adv-header-id-meta":"","stick-header-meta":"","header-above-stick-meta":"","header-main-stick-meta":"","header-below-stick-meta":"","astra-migrate-meta-layouts":"default","ast-page-background-enabled":"default","ast-page-background-meta":{"desktop":{"background-color":"var(--ast-global-color-5)","background-image":"","background-repeat":"repeat","background-position":"center center","background-size":"auto","background-attachment":"scroll","background-type":"","background-media":"","overlay-type":"","overlay-color":"","overlay-opacity":"","overlay-gradient":""},"tablet":{"background-color":"","background-image":"","background-repeat":"repeat","background-position":"center center","background-size":"auto","background-attachment":"scroll","background-type":"","background-media":"","overlay-type":"","overlay-color":"","overlay-opacity":"","overlay-gradient":""},"mobile":{"background-color":"","background-image":"","background-repeat":"repeat","background-position":"center center","background-size":"auto","background-attachment":"scroll","background-type":"","background-media":"","overlay-type":"","overlay-color":"","overlay-opacity":"","overlay-gradient":""}},"ast-content-background-meta":{"desktop":{"background-color":"var(--ast-global-color-4)","background-image":"","background-repeat":"repeat","background-position":"center center","background-size":"auto","background-attachment":"scroll","background-type":"","background-media":"","overlay-type":"","overlay-color":"","overlay-opacity":"","overlay-gradient":""},"tablet":{"background-color":"var(--ast-global-color-4)","background-image":"","background-repeat":"repeat","background-position":"center center","background-size":"auto","background-attachment":"scroll","background-type":"","background-media":"","overlay-type":"","overlay-color":"","overlay-opacity":"","overlay-gradient":""},"mobile":{"background-color":"var(--ast-global-color-4)","background-image":"","background-repeat":"repeat","background-position":"center center","background-size":"auto","background-attachment":"scroll","background-type":"","background-media":"","overlay-type":"","overlay-color":"","overlay-opacity":"","overlay-gradient":""}}},"product_brand":[],"product_cat":[121,123,122],"product_tag":[],"class_list":{"0":"post-110041","1":"product","2":"type-product","3":"status-publish","4":"has-post-thumbnail","6":"product_cat-bukosisakok","7":"product_cat-nyithato-bukosisakok","8":"product_cat-nyitott","9":"desktop-align-left","10":"tablet-align-left","11":"mobile-align-left","13":"first","14":"instock","15":"shipping-taxable","16":"purchasable","17":"product-type-simple"},"jetpack_sharing_enabled":true,"_links":{"self":[{"href":"https:\/\/zatureczkimarcell.ddns.net\/wordpress\/wp-json\/wp\/v2\/product\/110041","targetHints":{"allow":["GET"]}}],"collection":[{"href":"https:\/\/zatureczkimarcell.ddns.net\/wordpress\/wp-json\/wp\/v2\/product"}],"about":[{"href":"https:\/\/zatureczkimarcell.ddns.net\/wordpress\/wp-json\/wp\/v2\/types\/product"}],"wp:featuredmedia":[{"embeddable":true,"href":"https:\/\/zatureczkimarcell.ddns.net\/wordpress\/wp-json\/wp\/v2\/media\/108353"}],"wp:attachment":[{"href":"https:\/\/zatureczkimarcell.ddns.net\/wordpress\/wp-json\/wp\/v2\/media?parent=110041"}],"wp:term":[{"taxonomy":"product_brand","embeddable":true,"href":"https:\/\/zatureczkimarcell.ddns.net\/wordpress\/wp-json\/wp\/v2\/product_brand?post=110041"},{"taxonomy":"product_cat","embeddable":true,"href":"https:\/\/zatureczkimarcell.ddns.net\/wordpress\/wp-json\/wp\/v2\/product_cat?post=110041"},{"taxonomy":"product_tag","embeddable":true,"href":"https:\/\/zatureczkimarcell.ddns.net\/wordpress\/wp-json\/wp\/v2\/product_tag?post=110041"}],"curies":[{"name":"wp","href":"https:\/\/api.w.org\/{rel}","templated":true}]}}