{"id":110034,"date":"2026-04-01T10:44:35","date_gmt":"2026-04-01T08:44:35","guid":{"rendered":"https:\/\/zatureczkimarcell.ddns.net\/wordpress\/?post_type=product&#038;p=110034"},"modified":"2026-04-01T10:44:58","modified_gmt":"2026-04-01T08:44:58","slug":"scorpion-bukosisak-pinlock-paramentesito","status":"publish","type":"product","link":"https:\/\/zatureczkimarcell.ddns.net\/wordpress\/termek\/scorpion-bukosisak-pinlock-paramentesito\/","title":{"rendered":"Scorpion buk\u00f3sisak pinlock p\u00e1ramentes\u00edt\u0151"},"content":{"rendered":"<p><span style=\"font-size: 16px;\"><strong>Scorpion&nbsp;buk&oacute;sisakokhoz haszn&aacute;lhat&oacute; , p&aacute;ramnetes&iacute;t\u0151 pinlock bet&eacute;t .<\/strong><\/span><\/p>\n<p><span style=\"font-size: 16px;\"><strong>Haszn&aacute;lat&aacute;val t&ouml;k&eacute;letesen megakad&aacute;lyozhat&oacute; a sisak plexij&eacute;nek p&aacute;r&aacute;sod&aacute;sa.&nbsp;<\/strong><\/span><\/p>\n<p><span style=\"font-size: 16px;\"><strong>Az al&aacute;bbi t&iacute;pusokhoz haszn&aacute;lhat&oacute;:&nbsp;<\/strong><\/span><\/p>\n<p><span style=\"font-size: 16px;\"><strong>&#8211; Exo-2000 Evo Air&nbsp;<\/strong><\/span><\/p>\n<p><span style=\"font-size: 16px;\"><strong>&#8211; Exo-2000 Air&nbsp;<\/strong><\/span><\/p>\n<p><span style=\"font-size: 16px;\"><strong>&#8211; Exo 1200 Air&nbsp;<\/strong><\/span><\/p>\n<p><span style=\"font-size: 16px;\"><strong>&#8211; Exo 710 Air&nbsp;<\/strong><\/span><\/p>\n<p><span style=\"font-size: 16px;\"><strong>&#8211; DK S 107<\/strong><\/span><\/p>\n<p><strong>Haszn&aacute;lati &eacute;s kezel&eacute;si &uacute;tmutat&oacute; a term&eacute;khez el&eacute;rhet\u0151 ide kattintva:&nbsp;<a href=\"https:\/\/darazsgarazs.hu\/index.php\/termek\/bukosisak-hasznalati-kezelesi-utmutato.1408.html\">https:\/\/darazsgarazs.hu\/index.php\/termek\/bukosisak-hasznalati-kezelesi-utmutato.1408.html<\/a><\/strong><\/p>\n","protected":false},"excerpt":{"rendered":"<p>Scorpion&nbsp;buk&oacute;sisakokhoz haszn&aacute;lhat&oacute; , p&aacute;ramnetes&iacute;t\u0151 pinlock bet&eacute;t . Haszn&aacute;lat&aacute;val t&ouml;k&eacute;letesen megakad&aacute;lyozhat&oacute; a sisak plexij&eacute;nek p&aacute;r&aacute;sod&aacute;sa.&nbsp; Az al&aacute;bbi t&iacute;pusokhoz haszn&aacute;lhat&oacute;:&nbsp; &#8211; Exo-2000 [&hellip;]<\/p>\n","protected":false},"featured_media":108988,"template":"","meta":{"site-sidebar-layout":"default","site-content-layout":"","ast-site-content-layout":"default","site-content-style":"default","site-sidebar-style":"default","ast-global-header-display":"","ast-banner-title-visibility":"","ast-main-header-display":"","ast-hfb-above-header-display":"","ast-hfb-below-header-display":"","ast-hfb-mobile-header-display":"","site-post-title":"","ast-breadcrumbs-content":"","ast-featured-img":"","footer-sml-layout":"","ast-disable-related-posts":"","theme-transparent-header-meta":"","adv-header-id-meta":"","stick-header-meta":"","header-above-stick-meta":"","header-main-stick-meta":"","header-below-stick-meta":"","astra-migrate-meta-layouts":"default","ast-page-background-enabled":"default","ast-page-background-meta":{"desktop":{"background-color":"var(--ast-global-color-5)","background-image":"","background-repeat":"repeat","background-position":"center center","background-size":"auto","background-attachment":"scroll","background-type":"","background-media":"","overlay-type":"","overlay-color":"","overlay-opacity":"","overlay-gradient":""},"tablet":{"background-color":"","background-image":"","background-repeat":"repeat","background-position":"center center","background-size":"auto","background-attachment":"scroll","background-type":"","background-media":"","overlay-type":"","overlay-color":"","overlay-opacity":"","overlay-gradient":""},"mobile":{"background-color":"","background-image":"","background-repeat":"repeat","background-position":"center center","background-size":"auto","background-attachment":"scroll","background-type":"","background-media":"","overlay-type":"","overlay-color":"","overlay-opacity":"","overlay-gradient":""}},"ast-content-background-meta":{"desktop":{"background-color":"var(--ast-global-color-4)","background-image":"","background-repeat":"repeat","background-position":"center center","background-size":"auto","background-attachment":"scroll","background-type":"","background-media":"","overlay-type":"","overlay-color":"","overlay-opacity":"","overlay-gradient":""},"tablet":{"background-color":"var(--ast-global-color-4)","background-image":"","background-repeat":"repeat","background-position":"center center","background-size":"auto","background-attachment":"scroll","background-type":"","background-media":"","overlay-type":"","overlay-color":"","overlay-opacity":"","overlay-gradient":""},"mobile":{"background-color":"var(--ast-global-color-4)","background-image":"","background-repeat":"repeat","background-position":"center center","background-size":"auto","background-attachment":"scroll","background-type":"","background-media":"","overlay-type":"","overlay-color":"","overlay-opacity":"","overlay-gradient":""}}},"product_brand":[],"product_cat":[141,121,123,122,150],"product_tag":[],"class_list":{"0":"post-110034","1":"product","2":"type-product","3":"status-publish","4":"has-post-thumbnail","6":"product_cat-bukosisak-kiegeszitok-alkatreszek","7":"product_cat-bukosisakok","8":"product_cat-nyithato-bukosisakok","9":"product_cat-nyitott","10":"product_cat-zart-bukosisakok","11":"desktop-align-left","12":"tablet-align-left","13":"mobile-align-left","15":"first","16":"instock","17":"shipping-taxable","18":"purchasable","19":"product-type-simple"},"jetpack_sharing_enabled":true,"_links":{"self":[{"href":"https:\/\/zatureczkimarcell.ddns.net\/wordpress\/wp-json\/wp\/v2\/product\/110034","targetHints":{"allow":["GET"]}}],"collection":[{"href":"https:\/\/zatureczkimarcell.ddns.net\/wordpress\/wp-json\/wp\/v2\/product"}],"about":[{"href":"https:\/\/zatureczkimarcell.ddns.net\/wordpress\/wp-json\/wp\/v2\/types\/product"}],"wp:featuredmedia":[{"embeddable":true,"href":"https:\/\/zatureczkimarcell.ddns.net\/wordpress\/wp-json\/wp\/v2\/media\/108988"}],"wp:attachment":[{"href":"https:\/\/zatureczkimarcell.ddns.net\/wordpress\/wp-json\/wp\/v2\/media?parent=110034"}],"wp:term":[{"taxonomy":"product_brand","embeddable":true,"href":"https:\/\/zatureczkimarcell.ddns.net\/wordpress\/wp-json\/wp\/v2\/product_brand?post=110034"},{"taxonomy":"product_cat","embeddable":true,"href":"https:\/\/zatureczkimarcell.ddns.net\/wordpress\/wp-json\/wp\/v2\/product_cat?post=110034"},{"taxonomy":"product_tag","embeddable":true,"href":"https:\/\/zatureczkimarcell.ddns.net\/wordpress\/wp-json\/wp\/v2\/product_tag?post=110034"}],"curies":[{"name":"wp","href":"https:\/\/api.w.org\/{rel}","templated":true}]}}