{"id":110029,"date":"2026-04-01T10:44:10","date_gmt":"2026-04-01T08:44:10","guid":{"rendered":"https:\/\/zatureczkimarcell.ddns.net\/wordpress\/?post_type=product&#038;p=110029"},"modified":"2026-04-01T10:44:54","modified_gmt":"2026-04-01T08:44:54","slug":"modeka-valeno-sympa-vizallo-motoros-csizma-videos-teszt","status":"publish","type":"product","link":"https:\/\/zatureczkimarcell.ddns.net\/wordpress\/termek\/modeka-valeno-sympa-vizallo-motoros-csizma-videos-teszt\/","title":{"rendered":"Modeka Valeno Sympa v\u00edz\u00e1ll\u00f3 motoros csizma-VIDE\u00d3S TESZT!"},"content":{"rendered":"<p><span style=\"font-size:16px;\"><strong>Sympatex&reg; (45.000mm tud&aacute;s&uacute; v&iacute;z&aacute;ll&oacute;-l&eacute;legz\u0151 dinamikus membr&aacute;n) membr&aacute;nt tartalmaz&oacute;, k&eacute;nyelmes v&iacute;z&aacute;ll&oacute; motoros csizma .&nbsp;<\/strong><\/span><\/p>\n<p><span style=\"font-size:16px;\"><strong>Magas min\u0151s&eacute;g\u0171 nappa marhab\u0151r.&nbsp;<\/strong><\/span><\/p>\n<p><span style=\"font-size:16px;\"><strong>Protektoros bokav&eacute;delem<\/strong><\/span><\/p>\n<p><span style=\"font-size:16px;\"><strong>Er\u0151s&iacute;tett talp<\/strong><\/span><\/p>\n<p><span style=\"font-size:16px;\"><strong>Az orr&eacute;sz &eacute;s a sarok meger\u0151s&iacute;tve&nbsp;<\/strong><\/span><\/p>\n<p><span style=\"font-size:16px;\"><strong>V&aacute;lt&oacute;v&eacute;delem<\/strong><\/span><\/p>\n<p><span style=\"font-size:16px;\"><strong>M&eacute;retek: 37,38,39,40,41,42,43,44,45,46,47<\/strong><\/span><\/p>\n<p><strong style=\"font-family: Roboto, sans-serif; font-size: 16px; box-sizing: border-box; max-width: 100%;\">Haszn&aacute;lati &eacute;s kezel&eacute;si &uacute;tmutat&oacute; a term&eacute;khez&nbsp;el&eacute;rhet\u0151 ide kattintva:&nbsp;<a href=\"https:\/\/darazsgarazs.hu\/index.php\/termek\/hasznalati-utmutato.1155.html\">https:\/\/darazsgarazs.hu\/index.php\/termek\/hasznalati-utmutato.1155.html<\/a><\/strong><\/p>\n<p><span style=\"font-size:16px;\"><strong>A term&eacute;ket extr&eacute;m tesztnek vetett&uuml;k al&aacute;! Tekintsd meg err\u0151l k&eacute;sz&uuml;lt vide&oacute;nkat:&nbsp;<\/strong><\/span><\/p>\n<div style=\"position:relative;padding-bottom:56.25%;padding-top:30px;height:0;overflow:hidden;\"><iframe loading=\"lazy\" allowfullscreen=\"\" frameborder=\"0\" height=\"360\" src=\"\/\/www.youtube.com\/embed\/N5EBEjmJWn8?rel=0\" style=\"position: absolute;top: 0;left: 0;width: 100%;height: 100%;\" width=\"640\"><\/iframe><\/div>\n<div style=\"position:relative;padding-bottom:56.25%;padding-top:30px;height:0;overflow:hidden;\">\n<p>Tov&aacute;bbi term&eacute;ktulajdons&aacute;gok&eacute;rt l&aacute;togasd meg az anyaglexikon men&uuml;pontunkat !<\/p>\n<\/p>\n<p>A term&eacute;k haszn&aacute;lat&aacute;hoz aj&aacute;nljuk a MODEKA M&eacute;hviaszos b\u0151r &aacute;pol&oacute; term&eacute;k&eacute;t! A speci&aacute;lis k&eacute;sz&iacute;tm&eacute;ny haszn&aacute;lat&aacute;val a motoros term&eacute;kek megv&eacute;dhet\u0151ek az id\u0151 el\u0151tti elhaszn&aacute;l&oacute;d&aacute;st&oacute;l, es\u0151 ut&aacute;ni sz&aacute;rad&aacute;sn&aacute;l a kirepedez&eacute;st\u0151l!<\/p>\n<p>A Modeka m&eacute;hviaszos term&eacute;k el&eacute;rhet\u0151 az al&aacute;bbi linkre kattintva :<\/p>\n<p><a href=\"http:\/\/darazsgarazs.hu\/termek\/modeka-borapolo-50ml-motoros-ruhazat-apolas-bortisztitas-borruha.378.html\">http:\/\/darazsgarazs.hu\/termek\/modeka-borapolo-50ml-motoros-ruhazat-apolas-bortisztitas-borruha.378.html<\/a><\/p>\n<\/div>\n","protected":false},"excerpt":{"rendered":"<p>Sympatex&reg; (45.000mm tud&aacute;s&uacute; v&iacute;z&aacute;ll&oacute;-l&eacute;legz\u0151 dinamikus membr&aacute;n) membr&aacute;nt tartalmaz&oacute;, k&eacute;nyelmes v&iacute;z&aacute;ll&oacute; motoros csizma .&nbsp; Magas min\u0151s&eacute;g\u0171 nappa marhab\u0151r.&nbsp; Protektoros bokav&eacute;delem Er\u0151s&iacute;tett [&hellip;]<\/p>\n","protected":false},"featured_media":104827,"template":"","meta":{"site-sidebar-layout":"default","site-content-layout":"","ast-site-content-layout":"default","site-content-style":"default","site-sidebar-style":"default","ast-global-header-display":"","ast-banner-title-visibility":"","ast-main-header-display":"","ast-hfb-above-header-display":"","ast-hfb-below-header-display":"","ast-hfb-mobile-header-display":"","site-post-title":"","ast-breadcrumbs-content":"","ast-featured-img":"","footer-sml-layout":"","ast-disable-related-posts":"","theme-transparent-header-meta":"","adv-header-id-meta":"","stick-header-meta":"","header-above-stick-meta":"","header-main-stick-meta":"","header-below-stick-meta":"","astra-migrate-meta-layouts":"default","ast-page-background-enabled":"default","ast-page-background-meta":{"desktop":{"background-color":"var(--ast-global-color-5)","background-image":"","background-repeat":"repeat","background-position":"center center","background-size":"auto","background-attachment":"scroll","background-type":"","background-media":"","overlay-type":"","overlay-color":"","overlay-opacity":"","overlay-gradient":""},"tablet":{"background-color":"","background-image":"","background-repeat":"repeat","background-position":"center center","background-size":"auto","background-attachment":"scroll","background-type":"","background-media":"","overlay-type":"","overlay-color":"","overlay-opacity":"","overlay-gradient":""},"mobile":{"background-color":"","background-image":"","background-repeat":"repeat","background-position":"center center","background-size":"auto","background-attachment":"scroll","background-type":"","background-media":"","overlay-type":"","overlay-color":"","overlay-opacity":"","overlay-gradient":""}},"ast-content-background-meta":{"desktop":{"background-color":"var(--ast-global-color-4)","background-image":"","background-repeat":"repeat","background-position":"center center","background-size":"auto","background-attachment":"scroll","background-type":"","background-media":"","overlay-type":"","overlay-color":"","overlay-opacity":"","overlay-gradient":""},"tablet":{"background-color":"var(--ast-global-color-4)","background-image":"","background-repeat":"repeat","background-position":"center center","background-size":"auto","background-attachment":"scroll","background-type":"","background-media":"","overlay-type":"","overlay-color":"","overlay-opacity":"","overlay-gradient":""},"mobile":{"background-color":"var(--ast-global-color-4)","background-image":"","background-repeat":"repeat","background-position":"center center","background-size":"auto","background-attachment":"scroll","background-type":"","background-media":"","overlay-type":"","overlay-color":"","overlay-opacity":"","overlay-gradient":""}}},"product_brand":[],"product_cat":[148,139],"product_tag":[],"class_list":{"0":"post-110029","1":"product","2":"type-product","3":"status-publish","4":"has-post-thumbnail","6":"product_cat-cipok-csizmak","7":"product_cat-motoros-ruhazat","8":"desktop-align-left","9":"tablet-align-left","10":"mobile-align-left","12":"first","13":"instock","14":"shipping-taxable","15":"purchasable","16":"product-type-simple"},"jetpack_sharing_enabled":true,"_links":{"self":[{"href":"https:\/\/zatureczkimarcell.ddns.net\/wordpress\/wp-json\/wp\/v2\/product\/110029","targetHints":{"allow":["GET"]}}],"collection":[{"href":"https:\/\/zatureczkimarcell.ddns.net\/wordpress\/wp-json\/wp\/v2\/product"}],"about":[{"href":"https:\/\/zatureczkimarcell.ddns.net\/wordpress\/wp-json\/wp\/v2\/types\/product"}],"wp:featuredmedia":[{"embeddable":true,"href":"https:\/\/zatureczkimarcell.ddns.net\/wordpress\/wp-json\/wp\/v2\/media\/104827"}],"wp:attachment":[{"href":"https:\/\/zatureczkimarcell.ddns.net\/wordpress\/wp-json\/wp\/v2\/media?parent=110029"}],"wp:term":[{"taxonomy":"product_brand","embeddable":true,"href":"https:\/\/zatureczkimarcell.ddns.net\/wordpress\/wp-json\/wp\/v2\/product_brand?post=110029"},{"taxonomy":"product_cat","embeddable":true,"href":"https:\/\/zatureczkimarcell.ddns.net\/wordpress\/wp-json\/wp\/v2\/product_cat?post=110029"},{"taxonomy":"product_tag","embeddable":true,"href":"https:\/\/zatureczkimarcell.ddns.net\/wordpress\/wp-json\/wp\/v2\/product_tag?post=110029"}],"curies":[{"name":"wp","href":"https:\/\/api.w.org\/{rel}","templated":true}]}}