{"id":110026,"date":"2026-04-01T10:44:07","date_gmt":"2026-04-01T08:44:07","guid":{"rendered":"https:\/\/zatureczkimarcell.ddns.net\/wordpress\/?post_type=product&#038;p=110026"},"modified":"2026-04-01T10:44:52","modified_gmt":"2026-04-01T08:44:52","slug":"emma-air-halos-nyari-noi-motoros-kabat","status":"publish","type":"product","link":"https:\/\/zatureczkimarcell.ddns.net\/wordpress\/termek\/emma-air-halos-nyari-noi-motoros-kabat\/","title":{"rendered":"Emma Air h\u00e1l\u00f3s ny\u00e1ri N\u0151i motoros kab\u00e1t"},"content":{"rendered":"<p><span style=\"font-size:16px;\"><strong>K&eacute;nyelmes h&aacute;l&oacute;s ny&aacute;ri motoros kab&aacute;t h&ouml;lgyek r&eacute;sz&eacute;re.&nbsp;<\/strong><\/span><\/p>\n<p><span style=\"font-size:16px;\"><strong>Ig&eacute;nyes kialak&iacute;t&aacute;sa &eacute;s a diszkr&eacute;t sz&iacute;v alak&uacute; szell\u0151z\u0151 panel miatt a h&ouml;lgyek kedvence<\/strong><\/span><\/p>\n<p style=\"box-sizing: border-box; margin: 0px 0px 10px; max-width: 100%; font-family: Roboto, sans-serif; font-size: 16px; line-height: 22.8571px;\"><span style=\"font-size:16px;\"><strong style=\"box-sizing: border-box; max-width: 100%;\"><span style=\"box-sizing: border-box; max-width: 100%; font-family: Arial, sans-serif;\">A H&aacute;l&oacute;s fel&uuml;let\u0171, ez&aacute;ltal kiv&aacute;l&oacute;an szell\u0151z\u0151 kab&aacute;tok, rendk&iacute;v&uuml;li komfort&eacute;rzetet biztos&iacute;tanak.&nbsp;<\/span><\/strong><\/span><span style=\"box-sizing: border-box; max-width: 100%; font-size: 4pt; font-family: Arial, sans-serif;\"><o:p style=\"box-sizing: border-box; max-width: 100%;\"><\/o:p><\/span><\/p>\n<p style=\"box-sizing: border-box; margin: 0px 0px 10px; max-width: 100%; font-family: Roboto, sans-serif; font-size: 16px;\"><span style=\"font-size:16px;\"><span style=\"box-sizing: border-box; max-width: 100%;\"><strong style=\"box-sizing: border-box; max-width: 100%;\"><span style=\"box-sizing: border-box; max-width: 100%; font-family: Arial, sans-serif;\">Tesztjeink szerint &bdquo;Naked&rdquo; motoron viselve , m&aacute;r 20Km\/h sebess&eacute;gt\u0151l nem &eacute;rzed hogy kab&aacute;t van rajtad, annyira szell\u0151s!<\/span><\/strong><\/span><\/span><span style=\"box-sizing: border-box; max-width: 100%; font-size: 4pt; font-family: Arial, sans-serif;\"><o:p style=\"box-sizing: border-box; max-width: 100%;\"><\/o:p><\/span><\/p>\n<p style=\"box-sizing: border-box; margin: 0px 0px 10px; max-width: 100%; font-family: Roboto, sans-serif; font-size: 16px;\"><span style=\"font-size:16px;\"><span style=\"box-sizing: border-box; max-width: 100%;\"><strong style=\"box-sizing: border-box; max-width: 100%;\"><span style=\"box-sizing: border-box; max-width: 100%; font-family: Arial, sans-serif;\">A ny&aacute;ri k&aacute;nikul&aacute;ban, egy ilyen kab&aacute;tot viselve, maxim&aacute;lis biztons&aacute;gban vagyunk a protektoroknak k&ouml;sz&ouml;nhet\u0151en, m&eacute;gis olyan &eacute;rz&eacute;s lesz m&aacute;r kis sebess&eacute;gn&eacute;l is motorozni, mintha nem is lenne rajtad motoros kab&aacute;t .<\/span><\/strong><\/span><\/span><span style=\"box-sizing: border-box; max-width: 100%; font-size: 4pt; font-family: Arial, sans-serif;\"><o:p style=\"box-sizing: border-box; max-width: 100%;\"><\/o:p><\/span><\/p>\n<p style=\"box-sizing: border-box; margin: 0px 0px 10px; max-width: 100%; font-family: Roboto, sans-serif; font-size: 16px;\"><span style=\"font-size:16px;\"><span style=\"box-sizing: border-box; max-width: 100%;\"><strong style=\"box-sizing: border-box; max-width: 100%;\"><span style=\"box-sizing: border-box; max-width: 100%; font-family: Arial, sans-serif;\">Rendk&iacute;v&uuml;l j&oacute; szell\u0151z&eacute;st biztos&iacute;t ! Amellett hogy a protektorok megv&eacute;dik, nem izzad bele visel\u0151je.<\/span><\/strong><\/span><\/span><\/p>\n<p style=\"box-sizing: border-box; margin: 0px 0px 10px; max-width: 100%; font-family: Roboto, sans-serif; font-size: 16px;\">\n<div><strong><span style=\"color: rgb(0, 0, 0);\"><span style=\"font-size: 16px;\">K&ouml;nny\u0171 ny&aacute;ri h&aacute;l&oacute;s motoros kab&aacute;t.<\/span><\/span><\/strong><\/div>\n<div>\n<p style=\"box-sizing: border-box; margin: 0px 0px 10px; max-width: 100%; font-family: Roboto, sans-serif; font-size: 16px; line-height: 22.8571px;\"><strong style=\"box-sizing: border-box; font-weight: bold; max-width: 100%;\"><span style=\"box-sizing: border-box; max-width: 100%; font-family: Arial, sans-serif;\">A H&aacute;l&oacute;s fel&uuml;let\u0171, ez&aacute;ltal kiv&aacute;l&oacute;an szell\u0151z\u0151 kab&aacute;tok, rendk&iacute;v&uuml;li komfort&eacute;rzetet biztos&iacute;tanak.&nbsp;<\/span><\/strong><span style=\"box-sizing: border-box; max-width: 100%; font-size: 4pt; font-family: Arial, sans-serif;\"><o:p style=\"box-sizing: border-box; max-width: 100%;\"><\/o:p><\/span><\/p>\n<p style=\"box-sizing: border-box; margin: 0px 0px 10px; max-width: 100%; font-family: Roboto, sans-serif; font-size: 16px;\"><span style=\"box-sizing: border-box; max-width: 100%;\"><strong style=\"box-sizing: border-box; font-weight: bold; max-width: 100%;\"><span style=\"box-sizing: border-box; max-width: 100%; font-family: Arial, sans-serif;\">Tesztjeink szerint &bdquo;Naked&rdquo; motoron viselve , m&aacute;r 20Km\/h sebess&eacute;gt\u0151l nem &eacute;rzed hogy kab&aacute;t van rajtad, annyira szell\u0151s!<\/span><\/strong><\/span><span style=\"box-sizing: border-box; max-width: 100%; font-size: 4pt; font-family: Arial, sans-serif;\"><o:p style=\"box-sizing: border-box; max-width: 100%;\"><\/o:p><\/span><\/p>\n<p style=\"box-sizing: border-box; margin: 0px 0px 10px; max-width: 100%; font-family: Roboto, sans-serif; font-size: 16px;\"><span style=\"box-sizing: border-box; max-width: 100%;\"><strong style=\"box-sizing: border-box; font-weight: bold; max-width: 100%;\"><span style=\"box-sizing: border-box; max-width: 100%; font-family: Arial, sans-serif;\">A ny&aacute;ri k&aacute;nikul&aacute;ban, egy ilyen kab&aacute;tot viselve, maxim&aacute;lis biztons&aacute;gban vagyunk a protektoroknak k&ouml;sz&ouml;nhet\u0151en, m&eacute;gis olyan &eacute;rz&eacute;s lesz m&aacute;r kis sebess&eacute;gn&eacute;l is motorozni, mintha nem is lenne rajtad motoros kab&aacute;t .<\/span><\/strong><\/span><span style=\"box-sizing: border-box; max-width: 100%; font-size: 4pt; font-family: Arial, sans-serif;\"><o:p style=\"box-sizing: border-box; max-width: 100%;\"><\/o:p><\/span><\/p>\n<p style=\"box-sizing: border-box; margin: 0px 0px 10px; max-width: 100%; font-family: Roboto, sans-serif; font-size: 16px;\"><span style=\"box-sizing: border-box; max-width: 100%;\"><strong style=\"box-sizing: border-box; font-weight: bold; max-width: 100%;\"><span style=\"box-sizing: border-box; max-width: 100%; font-family: Arial, sans-serif;\">Rendk&iacute;v&uuml;l j&oacute; szell\u0151z&eacute;st biztos&iacute;t ! Amellett hogy a protektorok megv&eacute;dik, nem izzad bele visel\u0151je.<\/span><\/strong><\/span><\/p>\n<p style=\"box-sizing: border-box; margin: 0px 0px 10px; max-width: 100%; font-family: Roboto, sans-serif; font-size: 16px;\"><strong style=\"box-sizing: border-box; font-weight: bold; max-width: 100%; color: rgb(0, 0, 0);\">A legt&ouml;bb&nbsp; protektor ing az els\u0151 becsap&oacute;d&aacute;sn&aacute;l v&eacute;d, cs&uacute;sz&aacute;sn&aacute;l viszont leszakadhat visel\u0151j&eacute;r\u0151l. Ezzel szemben ez a&nbsp;kab&aacute;t nem csak a becsap&oacute;d&aacute;sn&aacute;l v&eacute;d, hanem a cs&uacute;sz&aacute;sn&aacute;l is. Ezt megtekintheted honlapunk f\u0151oldal&aacute;n az extr&eacute;m cs&uacute;sz&aacute;sos balesetet szimul&aacute;l&oacute; extr&eacute;m tesztvide&oacute;nkban.&nbsp;<\/strong><span style=\"box-sizing: border-box; max-width: 100%; font-size: 4pt; font-family: Arial, sans-serif;\"><o:p style=\"box-sizing: border-box; max-width: 100%;\"><\/o:p><\/span><\/p>\n<p style=\"box-sizing: border-box; margin: 0px 0px 10px; max-width: 100%; font-family: Roboto, sans-serif; font-size: 16px;\"><span style=\"box-sizing: border-box; max-width: 100%;\"><strong style=\"box-sizing: border-box; font-weight: bold; max-width: 100%;\"><span style=\"box-sizing: border-box; max-width: 100%; font-family: Arial, sans-serif;\">Protektoros v&eacute;delem &eacute;s maxim&aacute;lis komfort m&eacute;g a legnagyobb ny&aacute;ri k&aacute;nikul&aacute;ban is&nbsp;<\/span><\/strong><\/span><\/p>\n<\/div>\n<p style=\"box-sizing: border-box; margin: 0px 0px 10px; max-width: 100%; font-family: Roboto, sans-serif; font-size: 16px;\"><span style=\"box-sizing: border-box; max-width: 100%; font-size: 4pt; font-family: Arial, sans-serif;\"><o:p style=\"box-sizing: border-box; max-width: 100%;\"><\/o:p><\/span><\/p>\n<p style=\"box-sizing: border-box; margin: 0px 0px 10px; max-width: 100%; font-family: Roboto, sans-serif; font-size: 16px;\"><span style=\"font-size:16px;\"><span style=\"box-sizing: border-box; max-width: 100%;\"><strong style=\"box-sizing: border-box; max-width: 100%;\"><span style=\"box-sizing: border-box; max-width: 100%; font-family: Arial, sans-serif;\">Protektoros v&eacute;delem &eacute;s maxim&aacute;lis komfort m&eacute;g a legnagyobb ny&aacute;ri k&aacute;nikul&aacute;ban is!&nbsp;<\/span><\/strong><\/span><\/span><\/p>\n<p style=\"box-sizing: border-box; margin: 0px 0px 10px; max-width: 100%; font-family: Roboto, sans-serif; font-size: 16px;\"><strong>CE min\u0151s&iacute;tett v&aacute;ll &eacute;s k&ouml;ny&ouml;k protektorral.&nbsp;<span style=\"font-size:16px;\">A k&ouml;ny&ouml;kprotektor helyzete &aacute;ll&iacute;that&oacute;, &iacute;gy a be&aacute;ll&iacute;t&aacute;st k&ouml;vet\u0151en mindenki sz&aacute;m&aacute;ra azonnal t&ouml;k&eacute;letes helyen lesz a protektor!<\/span><\/strong><\/p>\n<p style=\"box-sizing: border-box; margin: 0px 0px 10px; max-width: 100%; font-family: Roboto, sans-serif; font-size: 16px;\"><strong>Gerincprotektor r&eacute;sz&eacute;re kialak&iacute;tott gy&aacute;ri protektorzseb.&nbsp;<\/strong><\/p>\n<p style=\"box-sizing: border-box; margin: 0px 0px 10px; max-width: 100%; font-family: Roboto, sans-serif; font-size: 16px;\"><strong style=\"font-family: Roboto, sans-serif; font-size: 16px; box-sizing: border-box; max-width: 100%;\">-Magas min\u0151s&eacute;g\u0171 YKK cipz&aacute;rral<\/strong><\/p>\n<p style=\"box-sizing: border-box; margin: 0px 0px 10px; max-width: 100%; font-family: Roboto, sans-serif; font-size: 16px;\"><strong>M&eacute;retek: 34,36,38,40,42,44,46<\/strong><\/p>\n<p style=\"box-sizing: border-box; margin: 0px 0px 10px; max-width: 100%; font-family: Roboto, sans-serif; font-size: 16px;\"><strong style=\"font-family: Roboto, sans-serif; font-size: 16px; box-sizing: border-box; max-width: 100%;\">Haszn&aacute;lati &eacute;s kezel&eacute;si &uacute;tmutat&oacute; a term&eacute;khez&nbsp;el&eacute;rhet\u0151 ide kattintva:&nbsp;<a href=\"https:\/\/darazsgarazs.hu\/index.php\/termek\/hasznalati-utmutato.1155.html\">https:\/\/darazsgarazs.hu\/index.php\/termek\/hasznalati-utmutato.1155.html<\/a><\/strong><\/p>\n","protected":false},"excerpt":{"rendered":"<p>K&eacute;nyelmes h&aacute;l&oacute;s ny&aacute;ri motoros kab&aacute;t h&ouml;lgyek r&eacute;sz&eacute;re.&nbsp; Ig&eacute;nyes kialak&iacute;t&aacute;sa &eacute;s a diszkr&eacute;t sz&iacute;v alak&uacute; szell\u0151z\u0151 panel miatt a h&ouml;lgyek kedvence [&hellip;]<\/p>\n","protected":false},"featured_media":105462,"template":"","meta":{"site-sidebar-layout":"default","site-content-layout":"","ast-site-content-layout":"default","site-content-style":"default","site-sidebar-style":"default","ast-global-header-display":"","ast-banner-title-visibility":"","ast-main-header-display":"","ast-hfb-above-header-display":"","ast-hfb-below-header-display":"","ast-hfb-mobile-header-display":"","site-post-title":"","ast-breadcrumbs-content":"","ast-featured-img":"","footer-sml-layout":"","ast-disable-related-posts":"","theme-transparent-header-meta":"","adv-header-id-meta":"","stick-header-meta":"","header-above-stick-meta":"","header-main-stick-meta":"","header-below-stick-meta":"","astra-migrate-meta-layouts":"default","ast-page-background-enabled":"default","ast-page-background-meta":{"desktop":{"background-color":"var(--ast-global-color-5)","background-image":"","background-repeat":"repeat","background-position":"center center","background-size":"auto","background-attachment":"scroll","background-type":"","background-media":"","overlay-type":"","overlay-color":"","overlay-opacity":"","overlay-gradient":""},"tablet":{"background-color":"","background-image":"","background-repeat":"repeat","background-position":"center center","background-size":"auto","background-attachment":"scroll","background-type":"","background-media":"","overlay-type":"","overlay-color":"","overlay-opacity":"","overlay-gradient":""},"mobile":{"background-color":"","background-image":"","background-repeat":"repeat","background-position":"center center","background-size":"auto","background-attachment":"scroll","background-type":"","background-media":"","overlay-type":"","overlay-color":"","overlay-opacity":"","overlay-gradient":""}},"ast-content-background-meta":{"desktop":{"background-color":"var(--ast-global-color-4)","background-image":"","background-repeat":"repeat","background-position":"center center","background-size":"auto","background-attachment":"scroll","background-type":"","background-media":"","overlay-type":"","overlay-color":"","overlay-opacity":"","overlay-gradient":""},"tablet":{"background-color":"var(--ast-global-color-4)","background-image":"","background-repeat":"repeat","background-position":"center center","background-size":"auto","background-attachment":"scroll","background-type":"","background-media":"","overlay-type":"","overlay-color":"","overlay-opacity":"","overlay-gradient":""},"mobile":{"background-color":"var(--ast-global-color-4)","background-image":"","background-repeat":"repeat","background-position":"center center","background-size":"auto","background-attachment":"scroll","background-type":"","background-media":"","overlay-type":"","overlay-color":"","overlay-opacity":"","overlay-gradient":""}}},"product_brand":[],"product_cat":[147,139],"product_tag":[],"class_list":{"0":"post-110026","1":"product","2":"type-product","3":"status-publish","4":"has-post-thumbnail","6":"product_cat-kabatok","7":"product_cat-motoros-ruhazat","8":"desktop-align-left","9":"tablet-align-left","10":"mobile-align-left","12":"first","13":"instock","14":"shipping-taxable","15":"purchasable","16":"product-type-simple"},"jetpack_sharing_enabled":true,"_links":{"self":[{"href":"https:\/\/zatureczkimarcell.ddns.net\/wordpress\/wp-json\/wp\/v2\/product\/110026","targetHints":{"allow":["GET"]}}],"collection":[{"href":"https:\/\/zatureczkimarcell.ddns.net\/wordpress\/wp-json\/wp\/v2\/product"}],"about":[{"href":"https:\/\/zatureczkimarcell.ddns.net\/wordpress\/wp-json\/wp\/v2\/types\/product"}],"wp:featuredmedia":[{"embeddable":true,"href":"https:\/\/zatureczkimarcell.ddns.net\/wordpress\/wp-json\/wp\/v2\/media\/105462"}],"wp:attachment":[{"href":"https:\/\/zatureczkimarcell.ddns.net\/wordpress\/wp-json\/wp\/v2\/media?parent=110026"}],"wp:term":[{"taxonomy":"product_brand","embeddable":true,"href":"https:\/\/zatureczkimarcell.ddns.net\/wordpress\/wp-json\/wp\/v2\/product_brand?post=110026"},{"taxonomy":"product_cat","embeddable":true,"href":"https:\/\/zatureczkimarcell.ddns.net\/wordpress\/wp-json\/wp\/v2\/product_cat?post=110026"},{"taxonomy":"product_tag","embeddable":true,"href":"https:\/\/zatureczkimarcell.ddns.net\/wordpress\/wp-json\/wp\/v2\/product_tag?post=110026"}],"curies":[{"name":"wp","href":"https:\/\/api.w.org\/{rel}","templated":true}]}}