{"id":110019,"date":"2026-04-01T10:44:02","date_gmt":"2026-04-01T08:44:02","guid":{"rendered":"https:\/\/zatureczkimarcell.ddns.net\/wordpress\/?post_type=product&#038;p=110019"},"modified":"2026-04-01T10:44:26","modified_gmt":"2026-04-01T08:44:26","slug":"marushin-999-teszt","status":"publish","type":"product","link":"https:\/\/zatureczkimarcell.ddns.net\/wordpress\/termek\/marushin-999-teszt\/","title":{"rendered":"Marushin 999 teszt"},"content":{"rendered":"<div><span style=\"font-size:18px;\"><strong>Munkat&aacute;rsunk m&aacute;r &eacute;vek &oacute;ta&nbsp;haszn&aacute;lja a Jap&aacute;n Marushin 999 sisakunkat.&nbsp;<\/strong><\/span><\/div>\n<div><span style=\"font-size:18px;\"><strong>Mivel nagyon el&eacute;gedett a k&ouml;nny\u0171 &eacute;s k&eacute;nyelmes &uuml;vegsz&aacute;las sisakj&aacute;val , &iacute;gy nem is volt k&eacute;rd&eacute;ses hogy 7 &eacute;ves gyermeke v&eacute;delm&eacute;t is erre a&nbsp;tesztgy\u0151ztes, 5 csillagos Sharp t&ouml;r&eacute;steszt eredm&eacute;nyt produk&aacute;l&oacute; s<\/strong><\/span><strong style=\"font-size: 18px;\">isakra b&iacute;zta.<\/strong><span style=\"font-size:18px;\"><strong>&nbsp; &Uuml;gyfel&uuml;nknek m&aacute;r nagy balesetben is bizony&iacute;tott&nbsp;(A saj&aacute;t tesztel&eacute;s\u0171 term&eacute;kek men&uuml;pontunkban szint&eacute;n megtal&aacute;lhat&oacute; ennek az esetnek a le&iacute;r&aacute;sa &eacute;s a f&eacute;nyk&eacute;pek) .<\/strong><\/span><\/div>\n<div><span style=\"font-size:18px;\"><strong>A gyermek gokartoz&aacute;s ut&aacute;n elmondta hogy vezet&eacute;s k&ouml;zben nem is &eacute;rezte hogy sisak van a fej&eacute;n, semmiben nem korl&aacute;tozta, nem volt neh&eacute;z viselnie a sisakot. &Eacute;szre sem vette hogy a fej&eacute;n van.&nbsp;<\/strong><\/span><\/div>\n<div><span style=\"font-size:18px;\"><strong>&Iacute;gy ak&aacute;r motoroz&aacute;shoz, ak&aacute;r gokartoz&aacute;shoz, vagy m&aacute;s technikai sporthoz nagyszer\u0171 v&aacute;laszt&aacute;s.&nbsp;<\/strong><\/span><\/div>\n<div><span style=\"font-size:18px;\"><strong>Ha te is&nbsp;szeretn&eacute;l tesztgy\u0151ztes , Jap&aacute;n &uuml;vegsz&aacute;l, &quot;Gut&quot; &eacute;s &quot;Sehr Gut&quot; min\u0151s&iacute;t&eacute;s\u0171 k&ouml;nny\u0171 sisakot akci&oacute;s &aacute;rban, akkor kattints ide &eacute;s v&aacute;logass:&nbsp;<a href=\"https:\/\/darazsgarazs.hu\/index.php\/search_in?search_for=marushin\">https:\/\/darazsgarazs.hu\/index.php\/search_in?search_for=marushin<\/a><\/strong><\/span><\/div>\n","protected":false},"excerpt":{"rendered":"<p>Munkat&aacute;rsunk m&aacute;r &eacute;vek &oacute;ta&nbsp;haszn&aacute;lja a Jap&aacute;n Marushin 999 sisakunkat.&nbsp; Mivel nagyon el&eacute;gedett a k&ouml;nny\u0171 &eacute;s k&eacute;nyelmes &uuml;vegsz&aacute;las sisakj&aacute;val , &iacute;gy [&hellip;]<\/p>\n","protected":false},"featured_media":103548,"template":"","meta":{"site-sidebar-layout":"default","site-content-layout":"","ast-site-content-layout":"default","site-content-style":"default","site-sidebar-style":"default","ast-global-header-display":"","ast-banner-title-visibility":"","ast-main-header-display":"","ast-hfb-above-header-display":"","ast-hfb-below-header-display":"","ast-hfb-mobile-header-display":"","site-post-title":"","ast-breadcrumbs-content":"","ast-featured-img":"","footer-sml-layout":"","ast-disable-related-posts":"","theme-transparent-header-meta":"","adv-header-id-meta":"","stick-header-meta":"","header-above-stick-meta":"","header-main-stick-meta":"","header-below-stick-meta":"","astra-migrate-meta-layouts":"default","ast-page-background-enabled":"default","ast-page-background-meta":{"desktop":{"background-color":"var(--ast-global-color-5)","background-image":"","background-repeat":"repeat","background-position":"center center","background-size":"auto","background-attachment":"scroll","background-type":"","background-media":"","overlay-type":"","overlay-color":"","overlay-opacity":"","overlay-gradient":""},"tablet":{"background-color":"","background-image":"","background-repeat":"repeat","background-position":"center center","background-size":"auto","background-attachment":"scroll","background-type":"","background-media":"","overlay-type":"","overlay-color":"","overlay-opacity":"","overlay-gradient":""},"mobile":{"background-color":"","background-image":"","background-repeat":"repeat","background-position":"center center","background-size":"auto","background-attachment":"scroll","background-type":"","background-media":"","overlay-type":"","overlay-color":"","overlay-opacity":"","overlay-gradient":""}},"ast-content-background-meta":{"desktop":{"background-color":"var(--ast-global-color-4)","background-image":"","background-repeat":"repeat","background-position":"center center","background-size":"auto","background-attachment":"scroll","background-type":"","background-media":"","overlay-type":"","overlay-color":"","overlay-opacity":"","overlay-gradient":""},"tablet":{"background-color":"var(--ast-global-color-4)","background-image":"","background-repeat":"repeat","background-position":"center center","background-size":"auto","background-attachment":"scroll","background-type":"","background-media":"","overlay-type":"","overlay-color":"","overlay-opacity":"","overlay-gradient":""},"mobile":{"background-color":"var(--ast-global-color-4)","background-image":"","background-repeat":"repeat","background-position":"center center","background-size":"auto","background-attachment":"scroll","background-type":"","background-media":"","overlay-type":"","overlay-color":"","overlay-opacity":"","overlay-gradient":""}}},"product_brand":[],"product_cat":[153],"product_tag":[],"class_list":{"0":"post-110019","1":"product","2":"type-product","3":"status-publish","4":"has-post-thumbnail","6":"product_cat-sajat-tesztelesu-termekek","7":"desktop-align-left","8":"tablet-align-left","9":"mobile-align-left","11":"first","12":"instock","13":"shipping-taxable","14":"product-type-simple"},"jetpack_sharing_enabled":true,"_links":{"self":[{"href":"https:\/\/zatureczkimarcell.ddns.net\/wordpress\/wp-json\/wp\/v2\/product\/110019","targetHints":{"allow":["GET"]}}],"collection":[{"href":"https:\/\/zatureczkimarcell.ddns.net\/wordpress\/wp-json\/wp\/v2\/product"}],"about":[{"href":"https:\/\/zatureczkimarcell.ddns.net\/wordpress\/wp-json\/wp\/v2\/types\/product"}],"wp:featuredmedia":[{"embeddable":true,"href":"https:\/\/zatureczkimarcell.ddns.net\/wordpress\/wp-json\/wp\/v2\/media\/103548"}],"wp:attachment":[{"href":"https:\/\/zatureczkimarcell.ddns.net\/wordpress\/wp-json\/wp\/v2\/media?parent=110019"}],"wp:term":[{"taxonomy":"product_brand","embeddable":true,"href":"https:\/\/zatureczkimarcell.ddns.net\/wordpress\/wp-json\/wp\/v2\/product_brand?post=110019"},{"taxonomy":"product_cat","embeddable":true,"href":"https:\/\/zatureczkimarcell.ddns.net\/wordpress\/wp-json\/wp\/v2\/product_cat?post=110019"},{"taxonomy":"product_tag","embeddable":true,"href":"https:\/\/zatureczkimarcell.ddns.net\/wordpress\/wp-json\/wp\/v2\/product_tag?post=110019"}],"curies":[{"name":"wp","href":"https:\/\/api.w.org\/{rel}","templated":true}]}}