{"id":110015,"date":"2026-04-01T10:43:59","date_gmt":"2026-04-01T08:43:59","guid":{"rendered":"https:\/\/zatureczkimarcell.ddns.net\/wordpress\/?post_type=product&#038;p=110015"},"modified":"2026-04-01T10:44:23","modified_gmt":"2026-04-01T08:44:23","slug":"modeka-raegis-extra-nagy-meretekben","status":"publish","type":"product","link":"https:\/\/zatureczkimarcell.ddns.net\/wordpress\/termek\/modeka-raegis-extra-nagy-meretekben\/","title":{"rendered":"Modeka Raegis &#8211; Extra nagy m\u00e9retekben !"},"content":{"rendered":"<p><span style=\"font-size:16px;\"><strong>Modeka Raegis 3 r&eacute;teg\u0171, 4 &eacute;vszakos motoros kab&aacute;t.&nbsp;<\/strong><\/span><\/p>\n<p><span style=\"font-size:16px;\"><strong>A k&uuml;ls\u0151 r&eacute;szen t&ouml;bb, nagy m&eacute;ret\u0171 nyithat&oacute; szell\u0151z\u0151<\/strong><\/span><\/p>\n<p><span style=\"font-size:16px;\"><strong>Kivehet\u0151 100% es\u0151 &eacute;s sz&eacute;l&aacute;ll&oacute; 5.000mm tud&aacute;s&uacute; Reissa membr&aacute;n&nbsp;<\/strong><\/span><\/p>\n<p><span style=\"font-size:16px;\"><strong>Kivehet\u0151 thermo b&eacute;l&eacute;s&nbsp;<\/strong><\/span><\/p>\n<p><span style=\"font-size:16px;\"><strong>T&ouml;bb ponton &aacute;ll&iacute;that&oacute;-testre szabhat&oacute;&nbsp;<\/strong><\/span><\/p>\n<p><span style=\"font-size:16px;\"><strong>V&aacute;ll &eacute;s k&ouml;ny&ouml;k protektorral .&nbsp;A k&ouml;ny&ouml;kprotektor helyzete &aacute;ll&iacute;that&oacute;, &iacute;gy a be&aacute;ll&iacute;t&aacute;st k&ouml;vet\u0151en mindenki sz&aacute;m&aacute;ra azonnal t&ouml;k&eacute;letes helyen lesz a protektor!&nbsp;<\/strong><\/span><\/p>\n<p><span style=\"font-size:16px;\"><strong>Geincv&eacute;d\u0151 r&eacute;sz&eacute;re kialak&iacute;tott gy&aacute;ri protektorzseb.&nbsp;<\/strong><\/span><\/p>\n<p><span style=\"font-size:16px;\"><strong>M&eacute;retek: 8XL, 10XL&nbsp;<\/strong><\/span><\/p>\n<p><b>Sz&iacute;n: S&ouml;t&eacute;t z&ouml;ldes sz&uuml;rke.&nbsp;<\/b><\/p>\n<p><strong style=\"font-family: Roboto, sans-serif; font-size: 16px; box-sizing: border-box; max-width: 100%;\">Haszn&aacute;lati &eacute;s kezel&eacute;si &uacute;tmutat&oacute; a term&eacute;khez&nbsp;el&eacute;rhet\u0151 ide kattintva:&nbsp;<a href=\"https:\/\/darazsgarazs.hu\/index.php\/termek\/hasznalati-utmutato.1155.html\">https:\/\/darazsgarazs.hu\/index.php\/termek\/hasznalati-utmutato.1155.html<\/a><\/strong><\/p><\/p>\n","protected":false},"excerpt":{"rendered":"<p>Modeka Raegis 3 r&eacute;teg\u0171, 4 &eacute;vszakos motoros kab&aacute;t.&nbsp; A k&uuml;ls\u0151 r&eacute;szen t&ouml;bb, nagy m&eacute;ret\u0171 nyithat&oacute; szell\u0151z\u0151 Kivehet\u0151 100% es\u0151 &eacute;s [&hellip;]<\/p>\n","protected":false},"featured_media":102786,"template":"","meta":{"site-sidebar-layout":"default","site-content-layout":"","ast-site-content-layout":"default","site-content-style":"default","site-sidebar-style":"default","ast-global-header-display":"","ast-banner-title-visibility":"","ast-main-header-display":"","ast-hfb-above-header-display":"","ast-hfb-below-header-display":"","ast-hfb-mobile-header-display":"","site-post-title":"","ast-breadcrumbs-content":"","ast-featured-img":"","footer-sml-layout":"","ast-disable-related-posts":"","theme-transparent-header-meta":"","adv-header-id-meta":"","stick-header-meta":"","header-above-stick-meta":"","header-main-stick-meta":"","header-below-stick-meta":"","astra-migrate-meta-layouts":"default","ast-page-background-enabled":"default","ast-page-background-meta":{"desktop":{"background-color":"var(--ast-global-color-5)","background-image":"","background-repeat":"repeat","background-position":"center center","background-size":"auto","background-attachment":"scroll","background-type":"","background-media":"","overlay-type":"","overlay-color":"","overlay-opacity":"","overlay-gradient":""},"tablet":{"background-color":"","background-image":"","background-repeat":"repeat","background-position":"center center","background-size":"auto","background-attachment":"scroll","background-type":"","background-media":"","overlay-type":"","overlay-color":"","overlay-opacity":"","overlay-gradient":""},"mobile":{"background-color":"","background-image":"","background-repeat":"repeat","background-position":"center center","background-size":"auto","background-attachment":"scroll","background-type":"","background-media":"","overlay-type":"","overlay-color":"","overlay-opacity":"","overlay-gradient":""}},"ast-content-background-meta":{"desktop":{"background-color":"var(--ast-global-color-4)","background-image":"","background-repeat":"repeat","background-position":"center center","background-size":"auto","background-attachment":"scroll","background-type":"","background-media":"","overlay-type":"","overlay-color":"","overlay-opacity":"","overlay-gradient":""},"tablet":{"background-color":"var(--ast-global-color-4)","background-image":"","background-repeat":"repeat","background-position":"center center","background-size":"auto","background-attachment":"scroll","background-type":"","background-media":"","overlay-type":"","overlay-color":"","overlay-opacity":"","overlay-gradient":""},"mobile":{"background-color":"var(--ast-global-color-4)","background-image":"","background-repeat":"repeat","background-position":"center center","background-size":"auto","background-attachment":"scroll","background-type":"","background-media":"","overlay-type":"","overlay-color":"","overlay-opacity":"","overlay-gradient":""}}},"product_brand":[],"product_cat":[147,139,146],"product_tag":[],"class_list":{"0":"post-110015","1":"product","2":"type-product","3":"status-publish","4":"has-post-thumbnail","6":"product_cat-kabatok","7":"product_cat-motoros-ruhazat","8":"product_cat-orias-meretu-motoros-ruhazat","9":"desktop-align-left","10":"tablet-align-left","11":"mobile-align-left","13":"first","14":"instock","15":"shipping-taxable","16":"purchasable","17":"product-type-simple"},"jetpack_sharing_enabled":true,"_links":{"self":[{"href":"https:\/\/zatureczkimarcell.ddns.net\/wordpress\/wp-json\/wp\/v2\/product\/110015","targetHints":{"allow":["GET"]}}],"collection":[{"href":"https:\/\/zatureczkimarcell.ddns.net\/wordpress\/wp-json\/wp\/v2\/product"}],"about":[{"href":"https:\/\/zatureczkimarcell.ddns.net\/wordpress\/wp-json\/wp\/v2\/types\/product"}],"wp:featuredmedia":[{"embeddable":true,"href":"https:\/\/zatureczkimarcell.ddns.net\/wordpress\/wp-json\/wp\/v2\/media\/102786"}],"wp:attachment":[{"href":"https:\/\/zatureczkimarcell.ddns.net\/wordpress\/wp-json\/wp\/v2\/media?parent=110015"}],"wp:term":[{"taxonomy":"product_brand","embeddable":true,"href":"https:\/\/zatureczkimarcell.ddns.net\/wordpress\/wp-json\/wp\/v2\/product_brand?post=110015"},{"taxonomy":"product_cat","embeddable":true,"href":"https:\/\/zatureczkimarcell.ddns.net\/wordpress\/wp-json\/wp\/v2\/product_cat?post=110015"},{"taxonomy":"product_tag","embeddable":true,"href":"https:\/\/zatureczkimarcell.ddns.net\/wordpress\/wp-json\/wp\/v2\/product_tag?post=110015"}],"curies":[{"name":"wp","href":"https:\/\/api.w.org\/{rel}","templated":true}]}}