{"id":110009,"date":"2026-04-01T10:43:55","date_gmt":"2026-04-01T08:43:55","guid":{"rendered":"https:\/\/zatureczkimarcell.ddns.net\/wordpress\/?post_type=product&#038;p=110009"},"modified":"2026-04-01T10:44:19","modified_gmt":"2026-04-01T08:44:19","slug":"modeka-aft-air-tartosteszt-videokkal","status":"publish","type":"product","link":"https:\/\/zatureczkimarcell.ddns.net\/wordpress\/termek\/modeka-aft-air-tartosteszt-videokkal\/","title":{"rendered":"Modeka AFT AIR tart\u00f3steszt vide\u00f3kkal"},"content":{"rendered":"<p><strong>A pr&eacute;mium szegmensbe tartoz&oacute; MODEKA AFT AIR ruh&aacute;zatunkat tart&oacute;stesztre fogtuk be.&nbsp;<\/strong><\/p>\n<p><strong>Mindj&aacute;rt a legels\u0151 pr&oacute;ba sor&aacute;n extr&eacute;m k&ouml;r&uuml;lm&eacute;nyeket kellett ki&aacute;llnia . A vil&aacute;g jelenlegi legmagasabb tud&aacute;s&uacute; (45.000mm)&nbsp;membr&aacute;nj&aacute;t tartalmaz&oacute; kab&aacute;t &eacute;s nadr&aacute;g, magasnyom&aacute;s&uacute; mos&oacute;ban kellett bizony&iacute;tson.&nbsp;<\/strong><\/p>\n<p><strong>&Iacute;me:&nbsp;<\/strong><\/p>\n<div style=\"position:relative;padding-bottom:56.25%;padding-top:30px;height:0;overflow:hidden;\"><iframe loading=\"lazy\" allowfullscreen=\"\" frameborder=\"0\" height=\"360\" src=\"\/\/www.youtube.com\/embed\/uT1LBk6r08E?rel=0\" style=\"position: absolute;top: 0;left: 0;width: 100%;height: 100%;\" width=\"640\"><\/iframe><\/div>\n<p><strong>A ny&aacute;ri k&aacute;nikul&aacute;ban kimagasl&oacute;an j&oacute;l szell\u0151z\u0151 term&eacute;ket azut&aacute;n, egy k&ouml;d&ouml;s, \u0151szi napon is tesztelt&uuml;k. Itt is t&ouml;k&eacute;letesen teljes&iacute;tett. Ezt a vide&oacute;t ide kattintva tekintheted meg:&nbsp;<\/strong><\/p>\n<div style=\"position:relative;padding-bottom:56.25%;padding-top:30px;height:0;overflow:hidden;\"><iframe loading=\"lazy\" allowfullscreen=\"\" frameborder=\"0\" height=\"360\" src=\"\/\/www.youtube.com\/embed\/wcQnJ0XTO8E?rel=0\" style=\"position: absolute;top: 0;left: 0;width: 100%;height: 100%;\" width=\"640\"><\/iframe><\/div>\n<div style=\"position:relative;padding-bottom:56.25%;padding-top:30px;height:0;overflow:hidden;\"><strong>Honlapunkon ide kattintva tal&aacute;lod a Modeka AFT AIR kab&aacute;tot &eacute;s nadr&aacute;got:&nbsp;<span style=\"color:#FF0000;\">Kab&aacute;t:<\/span>&nbsp;<a href=\"https:\/\/darazsgarazs.hu\/index.php\/termek\/modeka-aft-air-4-evszakos-motoros-kabat-videos-teszt.1196.html\">https:\/\/darazsgarazs.hu\/index.php\/termek\/modeka-aft-air-4-evszakos-motoros-kabat-videos-teszt.1196.html<\/a>&nbsp; &nbsp; <span style=\"color:#FF0000;\">&nbsp;Nadr&aacute;g:<\/span>&nbsp;<a href=\"https:\/\/darazsgarazs.hu\/index.php\/termek\/modeka-aft-air-4-evszakos-motoros-kabat-videos-teszt.1196.html\">https:\/\/darazsgarazs.hu\/index.php\/termek\/modeka-aft-air-4-evszakos-motoros-kabat-videos-teszt.1196.html<\/a><\/strong><\/div>\n<div style=\"position:relative;padding-bottom:56.25%;padding-top:30px;height:0;overflow:hidden;\"><\/div>\n<div style=\"position:relative;padding-bottom:56.25%;padding-top:30px;height:0;overflow:hidden;\"><\/div><\/p>\n","protected":false},"excerpt":{"rendered":"<p>A pr&eacute;mium szegmensbe tartoz&oacute; MODEKA AFT AIR ruh&aacute;zatunkat tart&oacute;stesztre fogtuk be.&nbsp; Mindj&aacute;rt a legels\u0151 pr&oacute;ba sor&aacute;n extr&eacute;m k&ouml;r&uuml;lm&eacute;nyeket kellett ki&aacute;llnia [&hellip;]<\/p>\n","protected":false},"featured_media":103011,"template":"","meta":{"site-sidebar-layout":"default","site-content-layout":"","ast-site-content-layout":"default","site-content-style":"default","site-sidebar-style":"default","ast-global-header-display":"","ast-banner-title-visibility":"","ast-main-header-display":"","ast-hfb-above-header-display":"","ast-hfb-below-header-display":"","ast-hfb-mobile-header-display":"","site-post-title":"","ast-breadcrumbs-content":"","ast-featured-img":"","footer-sml-layout":"","ast-disable-related-posts":"","theme-transparent-header-meta":"","adv-header-id-meta":"","stick-header-meta":"","header-above-stick-meta":"","header-main-stick-meta":"","header-below-stick-meta":"","astra-migrate-meta-layouts":"default","ast-page-background-enabled":"default","ast-page-background-meta":{"desktop":{"background-color":"var(--ast-global-color-5)","background-image":"","background-repeat":"repeat","background-position":"center center","background-size":"auto","background-attachment":"scroll","background-type":"","background-media":"","overlay-type":"","overlay-color":"","overlay-opacity":"","overlay-gradient":""},"tablet":{"background-color":"","background-image":"","background-repeat":"repeat","background-position":"center center","background-size":"auto","background-attachment":"scroll","background-type":"","background-media":"","overlay-type":"","overlay-color":"","overlay-opacity":"","overlay-gradient":""},"mobile":{"background-color":"","background-image":"","background-repeat":"repeat","background-position":"center center","background-size":"auto","background-attachment":"scroll","background-type":"","background-media":"","overlay-type":"","overlay-color":"","overlay-opacity":"","overlay-gradient":""}},"ast-content-background-meta":{"desktop":{"background-color":"var(--ast-global-color-4)","background-image":"","background-repeat":"repeat","background-position":"center center","background-size":"auto","background-attachment":"scroll","background-type":"","background-media":"","overlay-type":"","overlay-color":"","overlay-opacity":"","overlay-gradient":""},"tablet":{"background-color":"var(--ast-global-color-4)","background-image":"","background-repeat":"repeat","background-position":"center center","background-size":"auto","background-attachment":"scroll","background-type":"","background-media":"","overlay-type":"","overlay-color":"","overlay-opacity":"","overlay-gradient":""},"mobile":{"background-color":"var(--ast-global-color-4)","background-image":"","background-repeat":"repeat","background-position":"center center","background-size":"auto","background-attachment":"scroll","background-type":"","background-media":"","overlay-type":"","overlay-color":"","overlay-opacity":"","overlay-gradient":""}}},"product_brand":[],"product_cat":[153],"product_tag":[],"class_list":{"0":"post-110009","1":"product","2":"type-product","3":"status-publish","4":"has-post-thumbnail","6":"product_cat-sajat-tesztelesu-termekek","7":"desktop-align-left","8":"tablet-align-left","9":"mobile-align-left","11":"first","12":"instock","13":"shipping-taxable","14":"product-type-simple"},"jetpack_sharing_enabled":true,"_links":{"self":[{"href":"https:\/\/zatureczkimarcell.ddns.net\/wordpress\/wp-json\/wp\/v2\/product\/110009","targetHints":{"allow":["GET"]}}],"collection":[{"href":"https:\/\/zatureczkimarcell.ddns.net\/wordpress\/wp-json\/wp\/v2\/product"}],"about":[{"href":"https:\/\/zatureczkimarcell.ddns.net\/wordpress\/wp-json\/wp\/v2\/types\/product"}],"wp:featuredmedia":[{"embeddable":true,"href":"https:\/\/zatureczkimarcell.ddns.net\/wordpress\/wp-json\/wp\/v2\/media\/103011"}],"wp:attachment":[{"href":"https:\/\/zatureczkimarcell.ddns.net\/wordpress\/wp-json\/wp\/v2\/media?parent=110009"}],"wp:term":[{"taxonomy":"product_brand","embeddable":true,"href":"https:\/\/zatureczkimarcell.ddns.net\/wordpress\/wp-json\/wp\/v2\/product_brand?post=110009"},{"taxonomy":"product_cat","embeddable":true,"href":"https:\/\/zatureczkimarcell.ddns.net\/wordpress\/wp-json\/wp\/v2\/product_cat?post=110009"},{"taxonomy":"product_tag","embeddable":true,"href":"https:\/\/zatureczkimarcell.ddns.net\/wordpress\/wp-json\/wp\/v2\/product_tag?post=110009"}],"curies":[{"name":"wp","href":"https:\/\/api.w.org\/{rel}","templated":true}]}}