{"id":110005,"date":"2026-04-01T10:43:52","date_gmt":"2026-04-01T08:43:52","guid":{"rendered":"https:\/\/zatureczkimarcell.ddns.net\/wordpress\/?post_type=product&#038;p=110005"},"modified":"2026-04-01T10:44:16","modified_gmt":"2026-04-01T08:44:16","slug":"modeka-panamericana-tesztut-hollandiaba","status":"publish","type":"product","link":"https:\/\/zatureczkimarcell.ddns.net\/wordpress\/termek\/modeka-panamericana-tesztut-hollandiaba\/","title":{"rendered":"Modeka Panamericana teszt\u00fat Hollandi\u00e1ba"},"content":{"rendered":"<p><strong><span style=\"font-size:16px;\">Koll&eacute;g&aacute;nk egy bar&aacute;ti megh&iacute;v&aacute;snak eleget t&eacute;ve Hollandi&aacute;ra b&ouml;k&ouml;tt a t&eacute;rk&eacute;pen mint &uacute;ti c&eacute;l.<\/span><\/strong><\/p>\n<p><strong><span style=\"font-size:16px;\">Mi&eacute;rt pont Hollandia motorral? Mi van Hollandi&aacute;ban? Val&oacute;j&aacute;ban t&uacute;l azon hogy sz&iacute;nes, &eacute;rdekes hely, kiv&aacute;l&oacute;an alkalmasnak l&aacute;tszott arra hogy a kilom&eacute;tervad&aacute;szok, nagy t&uacute;r&aacute;z&oacute;k is elismer\u0151en h&uuml;mm&ouml;ghessenek. <\/span><\/strong><\/p>\n<p><strong><span style=\"font-size:16px;\">A Panamericana ruh&aacute;zat Magyarorsz&aacute;gon a &bdquo;v&eacute;nasszonyok nyar&aacute;ban&rdquo; Ausztri&aacute;ban &eacute;s N&eacute;metorsz&aacute;gban a szeles-es\u0151s v&aacute;ltoz&eacute;kony id\u0151ben , m&iacute;g Hollandi&aacute;ban szinte bizonyosan es\u0151ben kellett bizony&iacute;tson.<\/span><\/strong><\/p>\n<p><strong><span style=\"font-size:16px;\">Koll&eacute;g&aacute;nk besz&aacute;mol&oacute;ja mellett a k&eacute;peket is tekintsd meg.<\/span><\/strong><\/p>\n<p><strong><span style=\"font-size:16px;\">Az utaz&aacute;s:<\/span><\/strong><\/p>\n<p><strong><span style=\"font-size:16px;\">Hajnali indul&aacute;ssal vette kezdet&eacute;t a Modeka Panamericana &uacute;jabb saj&aacute;t tesztje. Hajnal 4 &oacute;rakor a kivehet\u0151 eleg&aacute;ns kab&aacute;tk&eacute;nt is haszn&aacute;lhat&oacute; thermo b&eacute;l&eacute;s j&oacute;les\u0151 &eacute;rz&eacute;st biztos&iacute;tott. Az els\u0151 &eacute;les bevet&eacute;s azonban Salzburgn&aacute;l kezd\u0151d&ouml;tt, ahol esni kezdett az es\u0151. Akkor m&eacute;g nem is sejtettem hogy ez csak bemeleg&iacute;t&eacute;s arra ami M&uuml;nchenn&eacute;l v&aacute;r. Egy tankol&aacute;s sor&aacute;n mire a kassz&aacute;n&aacute;l fizettem, kin&eacute;zve l&aacute;tni lehetett hogy zuhog&oacute; es\u0151 k&eacute;nyszer&iacute;ti a legt&ouml;bb motorost beh&uacute;z&oacute;dni a k&uacute;tra. Az id\u0151 nekem ki volt sz&aacute;molva, &iacute;gy mindenk&eacute;pp tov&aacute;bb kellett mennem. A legnagyobb &aacute;ld&aacute;s egy &uacute;t sor&aacute;n, ha a motoron nem &aacute;zik &eacute;s nem f&aacute;zik az utaz&oacute;. Ez a Modeka Panamericana szett&uuml;nkben azonnal &eacute;s t&ouml;k&eacute;letesen megval&oacute;sult. &Aacute;lland&oacute; h\u0151m&eacute;rs&eacute;klet volt a ruh&aacute;ban, nem volt melegem, nem izzadtam &eacute;s nem is f&aacute;ztam benne. Nem f&eacute;ltem a nagy es\u0151t\u0151l, mert kor&aacute;bbi magasnyom&aacute;s&uacute; mos&oacute;ban v&eacute;gzett teszt&uuml;nk alapj&aacute;n tudtam hogy nincs az az es\u0151 ahol &eacute;n be&aacute;zn&eacute;k ebben a ruh&aacute;ban. Illetve a v&aacute;s&aacute;rl&oacute;i visszajelz&eacute;seink is egyt\u0151l-egyig lelkesed&eacute;ssel teliek voltak. Mindenki arr&oacute;l sz&aacute;molt be, hogy mekkora es\u0151ben motorozott &eacute;s nem &aacute;zott el, S\u0150T! Bele sem izzadt a vil&aacute;g jelenlegi legmagasabb tud&aacute;s&uacute; membr&aacute;nj&aacute;t haszn&aacute;l&oacute; Modeka Panamericana szettbe. Ez nem csoda , hiszen a membr&aacute;n &eacute;rz&eacute;keli hogy mennyire izzad a test, &eacute;s annak m&eacute;rt&eacute;k&eacute;ben nyitja a kis membr&aacute;nsejteket, ezzel biztos&iacute;tva a testp&aacute;ra legnagyobb kip&aacute;rolg&aacute;si lehet\u0151s&eacute;g&eacute;t a kab&aacute;tb&oacute;l. &nbsp;A thermo r&eacute;sz miatt nem is f&aacute;ztam. K&eacute;pzeld el a bugybor&eacute;kos , nagy szem\u0171 &eacute;s s\u0171r\u0171 es\u0151t. Ezut&aacute;n k&eacute;pzeld el, hogy te ezt csak l&aacute;tod a sisakodb&oacute;l, de nem &eacute;rzed. Ugye milyen kecsegtet\u0151 &eacute;rz&eacute;s?<\/span><\/strong><\/p>\n<p><strong><span style=\"font-size:16px;\">Enn&eacute;l a term&eacute;kn&eacute;l a biztons&aacute;gomra a legmagasabb v&eacute;delmi szintet (LEVEL 2) k&eacute;pvisel\u0151, nagynev\u0171 &eacute;s &bdquo;Sehr gut&rdquo; (<em>motorrad magazin<\/em>) min\u0151s&iacute;t&eacute;s\u0171 SAS-TEC protektorok vigy&aacute;ztak. M&aacute;s gy&aacute;rt&oacute;kn&aacute;l m&eacute;g k&uuml;l&ouml;n protektorokat kell v&aacute;s&aacute;rolni a kab&aacute;tba, a mi term&eacute;k&uuml;nkben viszont alapfelszerelts&eacute;gk&eacute;nt is a legmagasabb v&eacute;delemben utaztam.<\/span><\/strong><\/p>\n<p><strong><span style=\"font-size:16px;\">1675km-t tettem meg a kifel&eacute; vezet\u0151 &uacute;t napj&aacute;n 22 &oacute;r&aacute;n kereszt&uuml;l motorozva, mert a nagy es\u0151 miatt vissz&aacute;bb kellett vennem a sebess&eacute;gb\u0151l. Amikor m&aacute;snap hajnalban meg&eacute;rkeztem a sz&aacute;ll&aacute;sra, ott a bar&aacute;tom aki nem motoros &eacute;s ez&aacute;ltal nem is &eacute;rt a motoros ruh&aacute;khoz d&ouml;bbenten &aacute;llap&iacute;totta meg:<\/span><\/strong><\/p>\n<p><strong><span style=\"font-size:16px;\">&bdquo;Azt hittem ronggy&aacute; &aacute;zva , izzadtan &eacute;s csatakosan &eacute;rkezel majd meg! Ehhez k&eacute;pest teljesen sz&aacute;raz pol&oacute;ban? &bdquo;<\/span><\/strong><\/p>\n<p><strong><span style=\"font-size:16px;\">Nos azt hiszem egy laikus d&ouml;bbenet&eacute;n&eacute;l nem kell jobb visszajelz&eacute;s.<\/span><\/strong><\/p>\n<p><strong><span style=\"font-size:16px;\">Majdnem 1700km megt&eacute;tele ut&aacute;n amib\u0151l 6-700km es\u0151 volt, &uacute;gy &eacute;rkezni meg hogy nem vagy el&aacute;zva, de m&eacute;g megizzadva sem, az minden eddigi tapasztal&aacute;st fel&uuml;lm&uacute;l. Aki gyakorta megy nagy t&aacute;vols&aacute;gokat motorral, tudja mennyire fontos hogy a ruh&aacute;zat minden k&ouml;r&uuml;lm&eacute;nyek k&ouml;z&ouml;tt a maxim&aacute;lis komfort&eacute;rzetet adja. El&aacute;zva, vagy f&aacute;zva a motoroz&aacute;s vagy a t&aacute;j sz&eacute;ps&eacute;geire nem lehet koncentr&aacute;lni. A Modeka Panamericana ruh&aacute;nkat v&aacute;lasztva nem kell m&aacute;ssal foglalkozni csak a t&aacute;jjal, a kanyarokkal &eacute;s m&eacute;g helyet is megtakar&iacute;thatsz. A Modeka Road Bag v&iacute;zhatlan 30 literes t&aacute;sk&aacute;mba pakoltam a n&eacute;gy napra. Pul&oacute;vert vagy szeles id\u0151re kab&aacute;tot nem kellett elrakni a v&aacute;rosn&eacute;z\u0151 s&eacute;t&aacute;khoz, mert ahogyan azt m&aacute;r eml&iacute;tettem, a bels\u0151 thermo r&eacute;sz t&ouml;k&eacute;letesen passzol m&eacute;g ak&aacute;r egy inghez is, ha v&aacute;rosn&eacute;z&eacute;s k&ouml;zben egy &eacute;tterembe be szeretn&eacute;nk &uuml;lni.<\/span><\/strong><\/p>\n<p><strong><span style=\"font-size:16px;\">Aj&aacute;nlom minden ig&eacute;nyes t&uacute;r&aacute;z&oacute;nak ezt a kiv&aacute;l&oacute; &aacute;r-&eacute;rt&eacute;k ar&aacute;ny&uacute; ruh&aacute;zatot, amiben soha t&ouml;bbet nem kell kompromisszumokra k&eacute;nyszer&uuml;lni. A k&uuml;ls\u0151 r&eacute;sz t&ouml;k&eacute;letesen szell\u0151zik, az es\u0151 &eacute;s sz&eacute;lz&aacute;r&oacute; membr&aacute;n a legnagyobb es\u0151ben is megv&eacute;d, a thermo r&eacute;sz pedig a h\u0171v&ouml;s napokon is a lehet\u0151 legmagasabb szint\u0171 komfort&eacute;rzetet k&iacute;n&aacute;lja. Nem hi&aacute;ba lett a legnagyobb &eacute;s legismertebb motoros magazinokn&aacute;l is m&aacute;r hatszoros&nbsp;tesztgy\u0151ztes . Nem csak a vezet\u0151 eur&oacute;pai magazinokn&aacute;l hanem n&aacute;lam is tesztgy\u0151ztes lett.<\/span><\/strong><\/p>\n<p><strong><span style=\"font-size:16px;\">&Eacute;rdemes megn&eacute;zni nagy&iacute;tva a k&eacute;peket. Az es\u0151t is dirrekt fot&oacute;ztam. Az aut&oacute;k f&eacute;nysz&oacute;r&oacute;ja l&aacute;tszik csak az aut&oacute;p&aacute;ly&aacute;n, &eacute;s a benzink&uacute;t aszfaltj&aacute;n j&oacute;l l&aacute;tni hogy az a bizonyos nagy szem\u0171 &aacute;ztat&oacute; &bdquo;Bugybor&eacute;kos &bdquo; es\u0151 amir\u0151l besz&eacute;lhett&uuml;nk.<\/span><\/strong><\/p>\n<p><strong><span style=\"font-size:16px;\">A v&aacute;rosi s&eacute;t&aacute;n&aacute;l haszn&aacute;lt thermo kis kab&aacute;tr&oacute;l is k&eacute;sz&uuml;lt k&eacute;p, l&aacute;tni ahogyan m&eacute;g egy eleg&aacute;ns k&ouml;rnyezetben is meg&aacute;llja a hely&eacute;t.<\/span><\/strong><\/p>\n<p><strong><span style=\"font-size:16px;\">T&ouml;k&eacute;letes ruh&aacute;t akarsz ami mindenre alkalmas? Nem csak a hidegben, nem csak a nagy es\u0151ben, hanem a nagy melegben is m&aacute;r bizony&iacute;tott, hiszen koll&eacute;g&aacute;nk m&aacute;r n&eacute;gy &eacute;ve el&eacute;gedetten haszn&aacute;lja &eacute;s t&ouml;bb &uuml;gyfel&uuml;nk k&uuml;ld&ouml;tt vid&aacute;m, el&eacute;gedett k&eacute;peket a sivatagi motoroz&aacute;sa alkalm&aacute;b&oacute;l is.<\/span><\/strong><\/p>\n<p><strong><span style=\"font-size:16px;\">&nbsp;V&aacute;laszd magadnak a Modeka Panamericana szett&uuml;nket &eacute;s motorozz maxim&aacute;lis k&eacute;nyelemben &eacute;s biztons&aacute;gban v&aacute;rosi utadon, vagy v&aacute;gj neki t&ouml;bbezer kilom&eacute;teres motoros kalandodnak.<\/span><\/strong><\/p>\n<p><strong><span style=\"font-size:16px;\">A 4 nap alatt k&ouml;r&uuml;lbel&uuml;l 3500km-en bizony&iacute;tott, &eacute;s hossz&uacute; t&aacute;von &eacute;veken &aacute;t szeretn&eacute;m m&eacute;g haszn&aacute;lni.<\/span><\/strong><\/p>\n<p><strong><span style=\"font-size:16px;\">A Panamericana term&eacute;keket &eacute;s az eddigi teszteket ide kattintva tal&aacute;lod:&nbsp;<\/span><\/strong><\/p>\n<p><a href=\"https:\/\/darazsgarazs.hu\/index.php\/search_in?search_for=panamericana\"><strong><span style=\"font-size:16px;\">https:\/\/darazsgarazs.hu\/index.php\/search_in?search_for=panamericana<\/span><\/strong><\/a><\/p><\/p>\n","protected":false},"excerpt":{"rendered":"<p>Koll&eacute;g&aacute;nk egy bar&aacute;ti megh&iacute;v&aacute;snak eleget t&eacute;ve Hollandi&aacute;ra b&ouml;k&ouml;tt a t&eacute;rk&eacute;pen mint &uacute;ti c&eacute;l. Mi&eacute;rt pont Hollandia motorral? Mi van Hollandi&aacute;ban? [&hellip;]<\/p>\n","protected":false},"featured_media":104453,"template":"","meta":{"site-sidebar-layout":"default","site-content-layout":"","ast-site-content-layout":"default","site-content-style":"default","site-sidebar-style":"default","ast-global-header-display":"","ast-banner-title-visibility":"","ast-main-header-display":"","ast-hfb-above-header-display":"","ast-hfb-below-header-display":"","ast-hfb-mobile-header-display":"","site-post-title":"","ast-breadcrumbs-content":"","ast-featured-img":"","footer-sml-layout":"","ast-disable-related-posts":"","theme-transparent-header-meta":"","adv-header-id-meta":"","stick-header-meta":"","header-above-stick-meta":"","header-main-stick-meta":"","header-below-stick-meta":"","astra-migrate-meta-layouts":"default","ast-page-background-enabled":"default","ast-page-background-meta":{"desktop":{"background-color":"var(--ast-global-color-5)","background-image":"","background-repeat":"repeat","background-position":"center center","background-size":"auto","background-attachment":"scroll","background-type":"","background-media":"","overlay-type":"","overlay-color":"","overlay-opacity":"","overlay-gradient":""},"tablet":{"background-color":"","background-image":"","background-repeat":"repeat","background-position":"center center","background-size":"auto","background-attachment":"scroll","background-type":"","background-media":"","overlay-type":"","overlay-color":"","overlay-opacity":"","overlay-gradient":""},"mobile":{"background-color":"","background-image":"","background-repeat":"repeat","background-position":"center center","background-size":"auto","background-attachment":"scroll","background-type":"","background-media":"","overlay-type":"","overlay-color":"","overlay-opacity":"","overlay-gradient":""}},"ast-content-background-meta":{"desktop":{"background-color":"var(--ast-global-color-4)","background-image":"","background-repeat":"repeat","background-position":"center center","background-size":"auto","background-attachment":"scroll","background-type":"","background-media":"","overlay-type":"","overlay-color":"","overlay-opacity":"","overlay-gradient":""},"tablet":{"background-color":"var(--ast-global-color-4)","background-image":"","background-repeat":"repeat","background-position":"center center","background-size":"auto","background-attachment":"scroll","background-type":"","background-media":"","overlay-type":"","overlay-color":"","overlay-opacity":"","overlay-gradient":""},"mobile":{"background-color":"var(--ast-global-color-4)","background-image":"","background-repeat":"repeat","background-position":"center center","background-size":"auto","background-attachment":"scroll","background-type":"","background-media":"","overlay-type":"","overlay-color":"","overlay-opacity":"","overlay-gradient":""}}},"product_brand":[],"product_cat":[153],"product_tag":[],"class_list":{"0":"post-110005","1":"product","2":"type-product","3":"status-publish","4":"has-post-thumbnail","6":"product_cat-sajat-tesztelesu-termekek","7":"desktop-align-left","8":"tablet-align-left","9":"mobile-align-left","11":"first","12":"instock","13":"shipping-taxable","14":"product-type-simple"},"jetpack_sharing_enabled":true,"_links":{"self":[{"href":"https:\/\/zatureczkimarcell.ddns.net\/wordpress\/wp-json\/wp\/v2\/product\/110005","targetHints":{"allow":["GET"]}}],"collection":[{"href":"https:\/\/zatureczkimarcell.ddns.net\/wordpress\/wp-json\/wp\/v2\/product"}],"about":[{"href":"https:\/\/zatureczkimarcell.ddns.net\/wordpress\/wp-json\/wp\/v2\/types\/product"}],"wp:featuredmedia":[{"embeddable":true,"href":"https:\/\/zatureczkimarcell.ddns.net\/wordpress\/wp-json\/wp\/v2\/media\/104453"}],"wp:attachment":[{"href":"https:\/\/zatureczkimarcell.ddns.net\/wordpress\/wp-json\/wp\/v2\/media?parent=110005"}],"wp:term":[{"taxonomy":"product_brand","embeddable":true,"href":"https:\/\/zatureczkimarcell.ddns.net\/wordpress\/wp-json\/wp\/v2\/product_brand?post=110005"},{"taxonomy":"product_cat","embeddable":true,"href":"https:\/\/zatureczkimarcell.ddns.net\/wordpress\/wp-json\/wp\/v2\/product_cat?post=110005"},{"taxonomy":"product_tag","embeddable":true,"href":"https:\/\/zatureczkimarcell.ddns.net\/wordpress\/wp-json\/wp\/v2\/product_tag?post=110005"}],"curies":[{"name":"wp","href":"https:\/\/api.w.org\/{rel}","templated":true}]}}