{"id":110002,"date":"2026-04-01T10:43:28","date_gmt":"2026-04-01T08:43:28","guid":{"rendered":"https:\/\/zatureczkimarcell.ddns.net\/wordpress\/?post_type=product&#038;p=110002"},"modified":"2026-04-01T10:44:14","modified_gmt":"2026-04-01T08:44:14","slug":"defektspray-repsol-125-ml","status":"publish","type":"product","link":"https:\/\/zatureczkimarcell.ddns.net\/wordpress\/termek\/defektspray-repsol-125-ml\/","title":{"rendered":"Defektspray Repsol 125 ML"},"content":{"rendered":"<p helvetica=\"\" neue=\"\" style=\"box-sizing: border-box; margin: 0px 0px 10px;\"><span style=\"font-size:16px;\"><strong>Univerz&aacute;lis defektjav&iacute;t&oacute; spray amellyel minden t&iacute;pus&uacute; gumiabroncs jav&iacute;that&oacute; a gumi leszerel&eacute;se n&eacute;lk&uuml;l.<\/strong><\/span><\/p>\n<p helvetica=\"\" neue=\"\" style=\"box-sizing: border-box; margin: 0px 0px 10px;\"><span style=\"font-size:16px;\"><strong>Megb&iacute;zhat&oacute;an &eacute;s gyorsan meg&aacute;ll&iacute;tja a leveg\u0151 sziv&aacute;rg&aacute;s&aacute;t az 5mm-n&eacute;l kisebb &aacute;tm&eacute;r\u0151j\u0171, sz&uacute;rt lyukak eset&eacute;n, &eacute;s tart&oacute;s filmr&eacute;teget k&eacute;pez a gumiabroncs belsej&eacute;ben.<\/strong><\/span><\/p>\n<p helvetica=\"\" neue=\"\" style=\"box-sizing: border-box; margin: 0px 0px 10px;\"><span style=\"font-size:16px;\"><strong>Haszn&aacute;lata ut&aacute;n nem sz&uuml;ks&eacute;ges &uacute;jracentr&iacute;rozni, hossz&uacute; ideig akt&iacute;van v&eacute;di az abroncsot &eacute;s megak&aacute;lyozza a leveg\u0151 sziv&aacute;rg&aacute;s&aacute;t.<\/strong><\/span><\/p>\n<p helvetica=\"\" neue=\"\" style=\"box-sizing: border-box; margin: 0px 0px 10px;\">\n<p helvetica=\"\" neue=\"\" style=\"box-sizing: border-box; margin: 0px 0px 10px;\"><span style=\"font-size:16px;\"><strong><span style=\"box-sizing: border-box; font-weight: 700;\">Haszn&aacute;lata:<\/span><br style=\"box-sizing: border-box;\" \/><br \/>\n&#8211; Lehet\u0151leg t&aacute;vol&iacute;tsa el a defekt ok&aacute;t (pl. szeget, csavart)!<br style=\"box-sizing: border-box;\" \/><br \/>\n&#8211; Ford&iacute;tsa a kereket a defekt hely&eacute;vel lefel&eacute;, &eacute;s engedje le teljesen a leveg\u0151t!<br style=\"box-sizing: border-box;\" \/><br \/>\n&#8211; Hideg id\u0151ben meleg&iacute;tse el\u0151 a flakont (k&eacute;zben, vagy a j&aacute;rm\u0171 f\u0171t&eacute;srendszer&eacute;vel)!<br style=\"box-sizing: border-box;\" \/><br \/>\n&#8211; Csatlakoztassa a t&ouml;ml\u0151t a ker&eacute;kszelephez!<br style=\"box-sizing: border-box;\" \/><br \/>\n&#8211; Tartsa a flakont f&uuml;gg\u0151legesen, amennyire lehets&eacute;ges, &eacute;s f&uacute;jja a teljes tartalm&aacute;t a ker&eacute;kbe!<br style=\"box-sizing: border-box;\" \/><br \/>\n&#8211; Vezesse a j&aacute;rm\u0171v&eacute;t 10-15km\/h sebess&eacute;ggel egy-k&eacute;t kilom&eacute;teren &aacute;t, hogy a spray tartalma mindenhov&aacute; eljusson!<br style=\"box-sizing: border-box;\" \/><br \/>\n&#8211; Jav&iacute;t&aacute;s ut&aacute;n 70km\/h sebess&eacute;ggel haladhat.<br style=\"box-sizing: border-box;\" \/><br \/>\n&#8211; L&aacute;togasson el miel\u0151bb egy gumism\u0171helybe, hogy a gumiabroncsot profin kijav&iacute;ts&aacute;k!<\/strong><\/span><\/p>\n<p helvetica=\"\" neue=\"\" style=\"box-sizing: border-box; margin: 0px 0px 10px;\">\n<p helvetica=\"\" neue=\"\" style=\"box-sizing: border-box; margin: 0px 0px 10px;\">\n<p helvetica=\"\" neue=\"\" style=\"box-sizing: border-box; margin: 0px 0px 10px;\"><strong style=\"font-family: Roboto, sans-serif; font-size: 16px; box-sizing: border-box; max-width: 100%;\">Haszn&aacute;lati &eacute;s kezel&eacute;si &uacute;tmutat&oacute; a term&eacute;khez el&eacute;rhet\u0151 ide kattintva:&nbsp;<a href=\"https:\/\/darazsgarazs.hu\/index.php\/termek\/hasznalati-utmutato-alkatreszek.1158.html\">https:\/\/darazsgarazs.hu\/index.php\/termek\/hasznalati-utmutato-alkatreszek.1158.html<\/a><\/strong><\/p>\n","protected":false},"excerpt":{"rendered":"<p>Univerz&aacute;lis defektjav&iacute;t&oacute; spray amellyel minden t&iacute;pus&uacute; gumiabroncs jav&iacute;that&oacute; a gumi leszerel&eacute;se n&eacute;lk&uuml;l. Megb&iacute;zhat&oacute;an &eacute;s gyorsan meg&aacute;ll&iacute;tja a leveg\u0151 sziv&aacute;rg&aacute;s&aacute;t az [&hellip;]<\/p>\n","protected":false},"featured_media":106244,"template":"","meta":{"site-sidebar-layout":"default","site-content-layout":"","ast-site-content-layout":"default","site-content-style":"default","site-sidebar-style":"default","ast-global-header-display":"","ast-banner-title-visibility":"","ast-main-header-display":"","ast-hfb-above-header-display":"","ast-hfb-below-header-display":"","ast-hfb-mobile-header-display":"","site-post-title":"","ast-breadcrumbs-content":"","ast-featured-img":"","footer-sml-layout":"","ast-disable-related-posts":"","theme-transparent-header-meta":"","adv-header-id-meta":"","stick-header-meta":"","header-above-stick-meta":"","header-main-stick-meta":"","header-below-stick-meta":"","astra-migrate-meta-layouts":"default","ast-page-background-enabled":"default","ast-page-background-meta":{"desktop":{"background-color":"var(--ast-global-color-5)","background-image":"","background-repeat":"repeat","background-position":"center center","background-size":"auto","background-attachment":"scroll","background-type":"","background-media":"","overlay-type":"","overlay-color":"","overlay-opacity":"","overlay-gradient":""},"tablet":{"background-color":"","background-image":"","background-repeat":"repeat","background-position":"center center","background-size":"auto","background-attachment":"scroll","background-type":"","background-media":"","overlay-type":"","overlay-color":"","overlay-opacity":"","overlay-gradient":""},"mobile":{"background-color":"","background-image":"","background-repeat":"repeat","background-position":"center center","background-size":"auto","background-attachment":"scroll","background-type":"","background-media":"","overlay-type":"","overlay-color":"","overlay-opacity":"","overlay-gradient":""}},"ast-content-background-meta":{"desktop":{"background-color":"var(--ast-global-color-4)","background-image":"","background-repeat":"repeat","background-position":"center center","background-size":"auto","background-attachment":"scroll","background-type":"","background-media":"","overlay-type":"","overlay-color":"","overlay-opacity":"","overlay-gradient":""},"tablet":{"background-color":"var(--ast-global-color-4)","background-image":"","background-repeat":"repeat","background-position":"center center","background-size":"auto","background-attachment":"scroll","background-type":"","background-media":"","overlay-type":"","overlay-color":"","overlay-opacity":"","overlay-gradient":""},"mobile":{"background-color":"var(--ast-global-color-4)","background-image":"","background-repeat":"repeat","background-position":"center center","background-size":"auto","background-attachment":"scroll","background-type":"","background-media":"","overlay-type":"","overlay-color":"","overlay-opacity":"","overlay-gradient":""}}},"product_brand":[],"product_cat":[129,126,127,133],"product_tag":[],"class_list":{"0":"post-110002","1":"product","2":"type-product","3":"status-publish","4":"has-post-thumbnail","6":"product_cat-akcios-kenoanyagok-es-apolasi-termekek","7":"product_cat-alkatreszek","8":"product_cat-apolas","9":"product_cat-turafelszereles","10":"desktop-align-left","11":"tablet-align-left","12":"mobile-align-left","14":"first","15":"instock","16":"shipping-taxable","17":"purchasable","18":"product-type-simple"},"jetpack_sharing_enabled":true,"_links":{"self":[{"href":"https:\/\/zatureczkimarcell.ddns.net\/wordpress\/wp-json\/wp\/v2\/product\/110002","targetHints":{"allow":["GET"]}}],"collection":[{"href":"https:\/\/zatureczkimarcell.ddns.net\/wordpress\/wp-json\/wp\/v2\/product"}],"about":[{"href":"https:\/\/zatureczkimarcell.ddns.net\/wordpress\/wp-json\/wp\/v2\/types\/product"}],"wp:featuredmedia":[{"embeddable":true,"href":"https:\/\/zatureczkimarcell.ddns.net\/wordpress\/wp-json\/wp\/v2\/media\/106244"}],"wp:attachment":[{"href":"https:\/\/zatureczkimarcell.ddns.net\/wordpress\/wp-json\/wp\/v2\/media?parent=110002"}],"wp:term":[{"taxonomy":"product_brand","embeddable":true,"href":"https:\/\/zatureczkimarcell.ddns.net\/wordpress\/wp-json\/wp\/v2\/product_brand?post=110002"},{"taxonomy":"product_cat","embeddable":true,"href":"https:\/\/zatureczkimarcell.ddns.net\/wordpress\/wp-json\/wp\/v2\/product_cat?post=110002"},{"taxonomy":"product_tag","embeddable":true,"href":"https:\/\/zatureczkimarcell.ddns.net\/wordpress\/wp-json\/wp\/v2\/product_tag?post=110002"}],"curies":[{"name":"wp","href":"https:\/\/api.w.org\/{rel}","templated":true}]}}