{"id":110000,"date":"2026-04-01T10:43:26","date_gmt":"2026-04-01T08:43:26","guid":{"rendered":"https:\/\/zatureczkimarcell.ddns.net\/wordpress\/?post_type=product&#038;p=110000"},"modified":"2026-04-01T10:44:12","modified_gmt":"2026-04-01T08:44:12","slug":"modeka-miako-air-altalunk-is-tesztelt","status":"publish","type":"product","link":"https:\/\/zatureczkimarcell.ddns.net\/wordpress\/termek\/modeka-miako-air-altalunk-is-tesztelt\/","title":{"rendered":"Modeka Miako Air &#8211; \u00c1ltalunk is tesztelt !"},"content":{"rendered":"<p><span style=\"font-size:16px;\"><strong>K&eacute;nyelmes &eacute;s kimagasl&oacute; v&eacute;delmet garant&aacute;l&oacute; kecskeb\u0151r motoros keszty\u0171.&nbsp;<\/strong><\/span><\/p>\n<p><span style=\"font-size:16px;\"><strong>Karbon protektorokkal nemcsak a k&eacute;zfejen, hanem a teny&eacute;rr&eacute;szen is.&nbsp;<\/strong><\/span><\/p>\n<p><span style=\"font-size:16px;\"><strong>AirFlow rendszer\u0171 szell\u0151z&eacute;s &eacute;s perfor&aacute;lt b\u0151r bet&eacute;tek.&nbsp;<\/strong><\/span><\/p>\n<p><span style=\"font-size:16px;\"><strong>Dupla anyag&uacute; meger\u0151s&iacute;t&eacute;s az ig&eacute;nybevett r&eacute;szeken.&nbsp;<\/strong><\/span><\/p>\n<p><span style=\"color:#000000;\"><span style=\"font-size:16px;\"><strong>Okostelefon &eacute;s m&aacute;s &eacute;rint\u0151k&eacute;perny\u0151s okoseszk&ouml;z kezel&eacute;s&eacute;re alkalmas .&nbsp;<\/strong><\/span><\/span><\/p>\n<p><span style=\"font-size:16px;\"><strong>M&eacute;retek: 8,9,10,11,12&nbsp;<\/strong><\/span><\/p>\n<p><span style=\"font-size:16px;\"><strong>N\u0151i m&eacute;retek: DS, DM, DL, DXL (A &quot;D&quot;-bet\u0171 a m&eacute;retek el\u0151tt &quot;Damen&quot; azaz N\u0151i m&eacute;retet jelent)&nbsp;<\/strong><\/span><\/p>\n<p><span style=\"font-size:16px;\"><strong>Sz&iacute;nek: Egysz&iacute;n\u0171 fekete, vagy Fekete-Feh&eacute;r&nbsp;<\/strong><\/span><\/p>\n<p><strong style=\"font-size: 16px;\">Figyelem! Egyik koll&eacute;g&aacute;nk is a Miako Air keszty\u0171t haszn&aacute;lja, &iacute;gy szem&eacute;lyes tapasztalat alapj&aacute;n tudjuk aj&aacute;nlani&nbsp;!&nbsp;<\/strong><\/p>\n<p><strong style=\"font-family: Roboto, sans-serif; font-size: 16px; box-sizing: border-box; max-width: 100%;\">Haszn&aacute;lati &eacute;s kezel&eacute;si &uacute;tmutat&oacute; a term&eacute;khez&nbsp;el&eacute;rhet\u0151 ide kattintva:&nbsp;<a href=\"https:\/\/darazsgarazs.hu\/index.php\/termek\/hasznalati-utmutato.1155.html\">https:\/\/darazsgarazs.hu\/index.php\/termek\/hasznalati-utmutato.1155.html<\/a><\/strong><\/p>\n","protected":false},"excerpt":{"rendered":"<p>K&eacute;nyelmes &eacute;s kimagasl&oacute; v&eacute;delmet garant&aacute;l&oacute; kecskeb\u0151r motoros keszty\u0171.&nbsp; Karbon protektorokkal nemcsak a k&eacute;zfejen, hanem a teny&eacute;rr&eacute;szen is.&nbsp; AirFlow rendszer\u0171 szell\u0151z&eacute;s [&hellip;]<\/p>\n","protected":false},"featured_media":105176,"template":"","meta":{"site-sidebar-layout":"default","site-content-layout":"","ast-site-content-layout":"default","site-content-style":"default","site-sidebar-style":"default","ast-global-header-display":"","ast-banner-title-visibility":"","ast-main-header-display":"","ast-hfb-above-header-display":"","ast-hfb-below-header-display":"","ast-hfb-mobile-header-display":"","site-post-title":"","ast-breadcrumbs-content":"","ast-featured-img":"","footer-sml-layout":"","ast-disable-related-posts":"","theme-transparent-header-meta":"","adv-header-id-meta":"","stick-header-meta":"","header-above-stick-meta":"","header-main-stick-meta":"","header-below-stick-meta":"","astra-migrate-meta-layouts":"default","ast-page-background-enabled":"default","ast-page-background-meta":{"desktop":{"background-color":"var(--ast-global-color-5)","background-image":"","background-repeat":"repeat","background-position":"center center","background-size":"auto","background-attachment":"scroll","background-type":"","background-media":"","overlay-type":"","overlay-color":"","overlay-opacity":"","overlay-gradient":""},"tablet":{"background-color":"","background-image":"","background-repeat":"repeat","background-position":"center center","background-size":"auto","background-attachment":"scroll","background-type":"","background-media":"","overlay-type":"","overlay-color":"","overlay-opacity":"","overlay-gradient":""},"mobile":{"background-color":"","background-image":"","background-repeat":"repeat","background-position":"center center","background-size":"auto","background-attachment":"scroll","background-type":"","background-media":"","overlay-type":"","overlay-color":"","overlay-opacity":"","overlay-gradient":""}},"ast-content-background-meta":{"desktop":{"background-color":"var(--ast-global-color-4)","background-image":"","background-repeat":"repeat","background-position":"center center","background-size":"auto","background-attachment":"scroll","background-type":"","background-media":"","overlay-type":"","overlay-color":"","overlay-opacity":"","overlay-gradient":""},"tablet":{"background-color":"var(--ast-global-color-4)","background-image":"","background-repeat":"repeat","background-position":"center center","background-size":"auto","background-attachment":"scroll","background-type":"","background-media":"","overlay-type":"","overlay-color":"","overlay-opacity":"","overlay-gradient":""},"mobile":{"background-color":"var(--ast-global-color-4)","background-image":"","background-repeat":"repeat","background-position":"center center","background-size":"auto","background-attachment":"scroll","background-type":"","background-media":"","overlay-type":"","overlay-color":"","overlay-opacity":"","overlay-gradient":""}}},"product_brand":[],"product_cat":[143,139],"product_tag":[],"class_list":{"0":"post-110000","1":"product","2":"type-product","3":"status-publish","4":"has-post-thumbnail","6":"product_cat-kesztyuk","7":"product_cat-motoros-ruhazat","8":"desktop-align-left","9":"tablet-align-left","10":"mobile-align-left","12":"first","13":"instock","14":"shipping-taxable","15":"purchasable","16":"product-type-simple"},"jetpack_sharing_enabled":true,"_links":{"self":[{"href":"https:\/\/zatureczkimarcell.ddns.net\/wordpress\/wp-json\/wp\/v2\/product\/110000","targetHints":{"allow":["GET"]}}],"collection":[{"href":"https:\/\/zatureczkimarcell.ddns.net\/wordpress\/wp-json\/wp\/v2\/product"}],"about":[{"href":"https:\/\/zatureczkimarcell.ddns.net\/wordpress\/wp-json\/wp\/v2\/types\/product"}],"wp:featuredmedia":[{"embeddable":true,"href":"https:\/\/zatureczkimarcell.ddns.net\/wordpress\/wp-json\/wp\/v2\/media\/105176"}],"wp:attachment":[{"href":"https:\/\/zatureczkimarcell.ddns.net\/wordpress\/wp-json\/wp\/v2\/media?parent=110000"}],"wp:term":[{"taxonomy":"product_brand","embeddable":true,"href":"https:\/\/zatureczkimarcell.ddns.net\/wordpress\/wp-json\/wp\/v2\/product_brand?post=110000"},{"taxonomy":"product_cat","embeddable":true,"href":"https:\/\/zatureczkimarcell.ddns.net\/wordpress\/wp-json\/wp\/v2\/product_cat?post=110000"},{"taxonomy":"product_tag","embeddable":true,"href":"https:\/\/zatureczkimarcell.ddns.net\/wordpress\/wp-json\/wp\/v2\/product_tag?post=110000"}],"curies":[{"name":"wp","href":"https:\/\/api.w.org\/{rel}","templated":true}]}}