{"id":109999,"date":"2026-04-01T10:43:25","date_gmt":"2026-04-01T08:43:25","guid":{"rendered":"https:\/\/zatureczkimarcell.ddns.net\/wordpress\/?post_type=product&#038;p=109999"},"modified":"2026-04-01T10:43:50","modified_gmt":"2026-04-01T08:43:50","slug":"lazer-lzr-mh6-felnyithato-napszemuveges-bukosisak-videoval-2","status":"publish","type":"product","link":"https:\/\/zatureczkimarcell.ddns.net\/wordpress\/termek\/lazer-lzr-mh6-felnyithato-napszemuveges-bukosisak-videoval-2\/","title":{"rendered":"Lazer LZR MH6 Felnyithat\u00f3 napszem\u00fcveges buk\u00f3sisak- Vide\u00f3val"},"content":{"rendered":"<p style=\"box-sizing: border-box; margin: 0px 0px 10px; max-width: 100%; font-family: Roboto, sans-serif; font-size: 16px;\">\n<p><span style=\"color: rgb(0, 0, 0);\"><span style=\"font-size: 16px;\"><strong>A legjobb megold&aacute;s azok sz&aacute;m&aacute;ra, akik a kedvez\u0151&nbsp;&aacute;r mellett&nbsp;nem akarnak lemondani a min\u0151s&eacute;gr\u0151l &eacute;s a megb&iacute;zhat&oacute;s&aacute;gr&oacute;l. H&eacute;jszerkezete I.M.A.C. kompozit, amely egy innovat&iacute;v megold&aacute;s a&nbsp;<\/strong><\/span><\/span><span style=\"color: rgb(255, 0, 0);\"><span style=\"font-size: 16px;\"><strong>kiv&aacute;l&oacute; &uuml;t&eacute;selnyel&eacute;s<\/strong><\/span><\/span><span style=\"color: rgb(0, 0, 0);\"><span style=\"font-size: 16px;\"><strong>&nbsp;biztos&iacute;t&aacute;s&aacute;ra.&nbsp;<\/strong><\/span><\/span><span style=\"color: rgb(255, 0, 0);\"><span style=\"font-size: 16px;\"><strong>Sz&eacute;les l&aacute;t&oacute;sz&ouml;g\u0171 plexi<\/strong><\/span><\/span><span style=\"color: rgb(0, 0, 0);\"><span style=\"font-size: 16px;\"><strong>je &eacute;s a&nbsp;<\/strong><\/span><\/span><span style=\"color: rgb(255, 0, 0);\"><span style=\"font-size: 16px;\"><strong>be&eacute;p&iacute;tett napszem&uuml;veg<\/strong><\/span><\/span><span style=\"color: rgb(0, 0, 0);\"><span style=\"font-size: 16px;\"><strong>&nbsp;a lehet\u0151 legnagyobb komfortot ny&uacute;jtja.<\/strong><\/span><\/span><\/p>\n<p><span style=\"font-size: 16px;\"><span style=\"color: rgb(0, 0, 0);\"><strong><span noto=\"\" sans=\"\" style=\"box-sizing: inherit; font-weight: bolder;\">Sisakh&eacute;j<\/span><span noto=\"\" sans=\"\">:<\/span><br noto=\"\" sans=\"\" style=\"box-sizing: inherit; color: rgb(122, 122, 122);\" \/><br \/>\n<span noto=\"\" sans=\"\">I.M.A.C. kompozit h&eacute;j &ndash; &uuml;t&eacute;selnyel&eacute;st biztos&iacute;t&oacute; &ouml;tv&ouml;zet<\/span><br noto=\"\" sans=\"\" style=\"box-sizing: inherit; color: rgb(122, 122, 122);\" \/><br \/>\n<span noto=\"\" sans=\"\">EPS &ndash; Dupla bels\u0151 h&eacute;j<\/span><br noto=\"\" sans=\"\" style=\"box-sizing: inherit; color: rgb(122, 122, 122);\" \/><br \/>\n<span noto=\"\" sans=\"\">Kompakt, egykezes, k&ouml;nnyen felhajthat&oacute; &aacute;llr&eacute;sz<\/span><br noto=\"\" sans=\"\" style=\"box-sizing: inherit; color: rgb(122, 122, 122);\" \/><br \/>\n<br noto=\"\" sans=\"\" style=\"box-sizing: inherit; color: rgb(122, 122, 122);\" \/><br \/>\n<span noto=\"\" sans=\"\" style=\"box-sizing: inherit; font-weight: bolder;\">Plexi<\/span><span noto=\"\" sans=\"\">:<\/span><br noto=\"\" sans=\"\" style=\"box-sizing: inherit; color: rgb(122, 122, 122);\" \/><br \/>\n<span noto=\"\" sans=\"\">Sz&eacute;les perif&eacute;ri&aacute;s l&aacute;t&oacute;sz&ouml;g\u0171 karc&aacute;ll&oacute; plexi<\/span><br noto=\"\" sans=\"\" style=\"box-sizing: inherit; color: rgb(122, 122, 122);\" \/><br \/>\n<span noto=\"\" sans=\"\">Be&eacute;p&iacute;tett napszem&uuml;veggel ell&aacute;tva<\/span><br noto=\"\" sans=\"\" style=\"box-sizing: inherit; color: rgb(122, 122, 122);\" \/><br \/>\n<span noto=\"\" sans=\"\">K&ouml;nny\u0171, gyors kiold&aacute;s&uacute; plexi<\/span><br noto=\"\" sans=\"\" style=\"box-sizing: inherit; color: rgb(122, 122, 122);\" \/><br \/>\n<br noto=\"\" sans=\"\" style=\"box-sizing: inherit; color: rgb(122, 122, 122);\" \/><br \/>\n<span noto=\"\" sans=\"\" style=\"box-sizing: inherit; font-weight: bolder;\">Sisakbels\u0151<\/span><span noto=\"\" sans=\"\">:<\/span><br noto=\"\" sans=\"\" style=\"box-sizing: inherit; color: rgb(122, 122, 122);\" \/><br \/>\n<span noto=\"\" sans=\"\">Morpho System &#8211; A bels\u0151 p&aacute;rna szett 100%-ban kivehet\u0151 &eacute;s moshat&oacute;<\/span><br noto=\"\" sans=\"\" style=\"box-sizing: inherit; color: rgb(122, 122, 122);\" \/><br \/>\n<span noto=\"\" sans=\"\">nyakp&aacute;rna<\/span><br noto=\"\" sans=\"\" style=\"box-sizing: inherit; color: rgb(122, 122, 122);\" \/><br \/>\n<br noto=\"\" sans=\"\" style=\"box-sizing: inherit; color: rgb(122, 122, 122);\" \/><br \/>\n<span noto=\"\" sans=\"\" style=\"box-sizing: inherit; font-weight: bolder;\">Csat<\/span><span noto=\"\" sans=\"\">:<\/span><br noto=\"\" sans=\"\" style=\"box-sizing: inherit; color: rgb(122, 122, 122);\" \/><br \/>\n<span noto=\"\" sans=\"\">Mikrometrikus csat (pontosabb &aacute;llsz&iacute;j be&aacute;ll&iacute;t&aacute;st tesz lehet\u0151v&eacute;)<\/span><br noto=\"\" sans=\"\" style=\"box-sizing: inherit; color: rgb(122, 122, 122);\" \/><br \/>\n<br noto=\"\" sans=\"\" style=\"box-sizing: inherit; color: rgb(122, 122, 122);\" \/><br \/>\n<span noto=\"\" sans=\"\" style=\"box-sizing: inherit; font-weight: bolder;\">Szell\u0151z&eacute;s<\/span><span noto=\"\" sans=\"\">:<\/span><br noto=\"\" sans=\"\" style=\"box-sizing: inherit; color: rgb(122, 122, 122);\" \/><br \/>\n<span noto=\"\" sans=\"\">V entilation Full Air System (FAS) &ndash; teljes szell\u0151ztet\u0151 rendszer 5 ventill&aacute;ci&oacute;s ny&iacute;l&aacute;ssal<\/span><br noto=\"\" sans=\"\" style=\"box-sizing: inherit; color: rgb(122, 122, 122);\" \/><br \/>\n<br noto=\"\" sans=\"\" style=\"box-sizing: inherit; color: rgb(122, 122, 122);\" \/><br \/>\n<span noto=\"\" sans=\"\">Rugalmas, kivehet\u0151 orrv&eacute;d\u0151<\/span><br noto=\"\" sans=\"\" style=\"box-sizing: inherit; color: rgb(122, 122, 122);\" \/><br \/>\n<span noto=\"\" sans=\"\">Rugalmas kivehet\u0151 als&oacute; l&eacute;gterel\u0151<\/span><br noto=\"\" sans=\"\" style=\"box-sizing: inherit; color: rgb(122, 122, 122);\" \/><br \/>\n<span noto=\"\" sans=\"\">Sisak zs&aacute;k<\/span><\/strong><\/span><\/span><\/p>\n<p style=\"box-sizing: border-box; margin: 0px 0px 10px; max-width: 100%; font-family: Roboto, sans-serif; font-size: 16px;\"><strong>Haszn&aacute;lati &eacute;s kezel&eacute;si &uacute;tmutat&oacute; a term&eacute;khez el&eacute;rhet\u0151 ide kattintva:&nbsp;<a href=\"https:\/\/darazsgarazs.hu\/index.php\/termek\/bukosisak-hasznalati-kezelesi-utmutato.1408.html\">https:\/\/darazsgarazs.hu\/index.php\/termek\/bukosisak-hasznalati-kezelesi-utmutato.1408.html<\/a><\/strong><\/p>\n<p style=\"box-sizing: border-box; margin: 0px 0px 10px; max-width: 100%; font-family: Roboto, sans-serif; font-size: 16px;\"><strong style=\"color: rgb(255, 0, 0); font-size: 16px;\">FIGYELEM! Koll&eacute;g&aacute;nkat durva motoros balesetben is megv&eacute;dte a Lazer (LZR) buk&oacute;sisak! Az eset le&iacute;r&aacute;s&aacute;t &eacute;s a f&eacute;nyk&eacute;peket ide kattintva tekintheted meg:&nbsp;<\/strong><span style=\"color:#FF0000;\"><strong style=\"color: rgb(0, 0, 0); font-size: 16px;\">&nbsp;<a href=\"https:\/\/darazsgarazs.hu\/index.php\/termek\/kollegankat-megvedte-a-lazer-lzr-bukosisak.1392.html\">https:\/\/darazsgarazs.hu\/index.php\/termek\/kollegankat-megvedte-a-lazer-lzr-bukosisak.1392.html<\/a><\/strong><\/span><\/p>\n<div style=\"position:relative;padding-bottom:56.25%;padding-top:30px;height:0;overflow:hidden;\"><iframe loading=\"lazy\" allowfullscreen=\"\" frameborder=\"0\" height=\"360\" src=\"\/\/www.youtube.com\/embed\/J28ZRwHxLUg?rel=0\" style=\"position: absolute;top: 0;left: 0;width: 100%;height: 100%;\" width=\"640\"><\/iframe><\/div>\n<div style=\"position:relative;padding-bottom:56.25%;padding-top:30px;height:0;overflow:hidden;\">\n<div style=\"position:relative;padding-bottom:56.25%;padding-top:30px;height:0;overflow:hidden;\"><iframe loading=\"lazy\" allowfullscreen=\"\" frameborder=\"0\" height=\"360\" src=\"\/\/www.youtube.com\/embed\/LP5QIkAuM2A?rel=0\" style=\"position: absolute;top: 0;left: 0;width: 100%;height: 100%;\" width=\"640\"><\/iframe><\/div>\n<\/p>\n<\/div>\n<p style=\"box-sizing: border-box; margin: 0px 0px 10px; max-width: 100%; font-family: Roboto, sans-serif; font-size: 16px;\"><br noto=\"\" sans=\"\" \/><br \/>\n&nbsp;<\/p>\n","protected":false},"excerpt":{"rendered":"<p>A legjobb megold&aacute;s azok sz&aacute;m&aacute;ra, akik a kedvez\u0151&nbsp;&aacute;r mellett&nbsp;nem akarnak lemondani a min\u0151s&eacute;gr\u0151l &eacute;s a megb&iacute;zhat&oacute;s&aacute;gr&oacute;l. H&eacute;jszerkezete I.M.A.C. kompozit, amely [&hellip;]<\/p>\n","protected":false},"featured_media":107423,"template":"","meta":{"site-sidebar-layout":"default","site-content-layout":"","ast-site-content-layout":"default","site-content-style":"default","site-sidebar-style":"default","ast-global-header-display":"","ast-banner-title-visibility":"","ast-main-header-display":"","ast-hfb-above-header-display":"","ast-hfb-below-header-display":"","ast-hfb-mobile-header-display":"","site-post-title":"","ast-breadcrumbs-content":"","ast-featured-img":"","footer-sml-layout":"","ast-disable-related-posts":"","theme-transparent-header-meta":"","adv-header-id-meta":"","stick-header-meta":"","header-above-stick-meta":"","header-main-stick-meta":"","header-below-stick-meta":"","astra-migrate-meta-layouts":"default","ast-page-background-enabled":"default","ast-page-background-meta":{"desktop":{"background-color":"var(--ast-global-color-5)","background-image":"","background-repeat":"repeat","background-position":"center center","background-size":"auto","background-attachment":"scroll","background-type":"","background-media":"","overlay-type":"","overlay-color":"","overlay-opacity":"","overlay-gradient":""},"tablet":{"background-color":"","background-image":"","background-repeat":"repeat","background-position":"center center","background-size":"auto","background-attachment":"scroll","background-type":"","background-media":"","overlay-type":"","overlay-color":"","overlay-opacity":"","overlay-gradient":""},"mobile":{"background-color":"","background-image":"","background-repeat":"repeat","background-position":"center center","background-size":"auto","background-attachment":"scroll","background-type":"","background-media":"","overlay-type":"","overlay-color":"","overlay-opacity":"","overlay-gradient":""}},"ast-content-background-meta":{"desktop":{"background-color":"var(--ast-global-color-4)","background-image":"","background-repeat":"repeat","background-position":"center center","background-size":"auto","background-attachment":"scroll","background-type":"","background-media":"","overlay-type":"","overlay-color":"","overlay-opacity":"","overlay-gradient":""},"tablet":{"background-color":"var(--ast-global-color-4)","background-image":"","background-repeat":"repeat","background-position":"center center","background-size":"auto","background-attachment":"scroll","background-type":"","background-media":"","overlay-type":"","overlay-color":"","overlay-opacity":"","overlay-gradient":""},"mobile":{"background-color":"var(--ast-global-color-4)","background-image":"","background-repeat":"repeat","background-position":"center center","background-size":"auto","background-attachment":"scroll","background-type":"","background-media":"","overlay-type":"","overlay-color":"","overlay-opacity":"","overlay-gradient":""}}},"product_brand":[],"product_cat":[121,123,122,146],"product_tag":[],"class_list":{"0":"post-109999","1":"product","2":"type-product","3":"status-publish","4":"has-post-thumbnail","6":"product_cat-bukosisakok","7":"product_cat-nyithato-bukosisakok","8":"product_cat-nyitott","9":"product_cat-orias-meretu-motoros-ruhazat","10":"desktop-align-left","11":"tablet-align-left","12":"mobile-align-left","14":"first","15":"instock","16":"sale","17":"shipping-taxable","18":"purchasable","19":"product-type-simple"},"jetpack_sharing_enabled":true,"_links":{"self":[{"href":"https:\/\/zatureczkimarcell.ddns.net\/wordpress\/wp-json\/wp\/v2\/product\/109999","targetHints":{"allow":["GET"]}}],"collection":[{"href":"https:\/\/zatureczkimarcell.ddns.net\/wordpress\/wp-json\/wp\/v2\/product"}],"about":[{"href":"https:\/\/zatureczkimarcell.ddns.net\/wordpress\/wp-json\/wp\/v2\/types\/product"}],"wp:featuredmedia":[{"embeddable":true,"href":"https:\/\/zatureczkimarcell.ddns.net\/wordpress\/wp-json\/wp\/v2\/media\/107423"}],"wp:attachment":[{"href":"https:\/\/zatureczkimarcell.ddns.net\/wordpress\/wp-json\/wp\/v2\/media?parent=109999"}],"wp:term":[{"taxonomy":"product_brand","embeddable":true,"href":"https:\/\/zatureczkimarcell.ddns.net\/wordpress\/wp-json\/wp\/v2\/product_brand?post=109999"},{"taxonomy":"product_cat","embeddable":true,"href":"https:\/\/zatureczkimarcell.ddns.net\/wordpress\/wp-json\/wp\/v2\/product_cat?post=109999"},{"taxonomy":"product_tag","embeddable":true,"href":"https:\/\/zatureczkimarcell.ddns.net\/wordpress\/wp-json\/wp\/v2\/product_tag?post=109999"}],"curies":[{"name":"wp","href":"https:\/\/api.w.org\/{rel}","templated":true}]}}