{"id":109992,"date":"2026-04-01T10:43:20","date_gmt":"2026-04-01T08:43:20","guid":{"rendered":"https:\/\/zatureczkimarcell.ddns.net\/wordpress\/?post_type=product&#038;p=109992"},"modified":"2026-04-01T10:43:44","modified_gmt":"2026-04-01T08:43:44","slug":"modeka-aft-air-4-evszakos-motoros-kabat-videos-tesztekkel","status":"publish","type":"product","link":"https:\/\/zatureczkimarcell.ddns.net\/wordpress\/termek\/modeka-aft-air-4-evszakos-motoros-kabat-videos-tesztekkel\/","title":{"rendered":"Modeka AFT AIR 4 \u00e9vszakos motoros kab\u00e1t -Vide\u00f3s tesztekkel"},"content":{"rendered":"<div><span style=\"font-size:16px;\"><strong>Sokoldal&uacute;, val&oacute;di 4 &eacute;vszakos motoros kab&aacute;t.&nbsp;<\/strong><\/span><\/div>\n<div><span style=\"font-size:16px;\"><strong><span style=\"color:#FF0000;\">Pr&eacute;mium szint\u0171 k&eacute;nyelem <\/span>a Tactel&reg; anyaghaszn&aacute;latnak k&ouml;sz&ouml;nhet\u0151en.<\/strong><\/span><\/div>\n<div><span style=\"font-size:16px;\"><strong>&nbsp;<\/strong><\/span><\/div>\n<div><span style=\"font-size:16px;\"><strong>Kop&aacute;s&aacute;ll&oacute; Cordura&reg; AFT h&aacute;l&oacute;sz&ouml;vettel a kab&aacute;t k&uuml;ls\u0151 fel&uuml;let&eacute;n.&nbsp;<\/strong><\/span><\/div>\n<div><span style=\"font-size:16px;\"><strong>A kab&aacute;t k&uuml;ls\u0151 fel&uuml;lete nem csak az AFT (Air Flow tecnology) paneleken kereszt\u0171l szell\u0151zik, hanem a Tactel&reg; sz&ouml;vet &eacute;s a k&eacute;nyelmi streccs bet&eacute;tek miatt&nbsp;<\/strong><\/span><span style=\"font-size:16px;\"><strong>az eg&eacute;sz fel&uuml;let&eacute;n. A Tactel&reg; sz&ouml;vetr\u0151l r&eacute;szletesebben honlapunkon az anyaglexikon men&uuml;pontunkban olvashatsz.<\/strong><\/span><\/div>\n<div><span style=\"font-size:16px;\"><strong>&nbsp;<\/strong><\/span><\/div>\n<div><span style=\"font-size:16px;\"><strong>Tesztjeink szerint &bdquo;Naked&rdquo; motoron viselve , m&aacute;r 20Km\/h sebess&eacute;gt\u0151l nem &eacute;rzed hogy kab&aacute;t van rajtad, annyira szell\u0151s ha a thermo b&eacute;l&eacute;st&nbsp;<\/strong><\/span><\/div>\n<div><span style=\"font-size:16px;\"><strong>&eacute;s a sz&eacute;l &eacute;s es\u0151z&aacute;r&oacute; membr&aacute;nt egy egyszer\u0171 mozdulattal kicipz&aacute;razod.<\/strong><\/span><\/div>\n<div><span style=\"font-size:16px;\"><strong>&nbsp;<\/strong><\/span><\/div>\n<div><span style=\"font-size:16px;\"><strong>Az es\u0151 &eacute;s sz&eacute;lz&aacute;r&oacute; membr&aacute;n a <span style=\"color:#FF0000;\">h\u0171v&ouml;sebb reggeleken, vagy az es\u0151 ellen is v&eacute;delmet ny&uacute;jt.<\/span><span style=\"color:#B22222;\">&nbsp;<\/span><\/strong><\/span><\/div>\n<div><span style=\"font-size:16px;\"><strong>A MODEKA AFT AIR kab&aacute;tunkban a <span style=\"color:#FF0000;\">vil&aacute;gon jelenleg legmagasabb tud&aacute;s&uacute; Sympatex&reg; membr&aacute;n<\/span> technologi&aacute;t haszn&aacute;ljuk.&nbsp;<\/strong><\/span><\/div>\n<div><span style=\"color:#FF0000;\"><span style=\"font-size:16px;\"><strong>A Sympatex&reg; membr&aacute;n jelenleg a vil&aacute;gon a membr&aacute;ntechnol&oacute;gia cs&uacute;cs&aacute;t k&eacute;pviseli 45.000mm-es tud&aacute;s&aacute;val.&nbsp;<\/strong><\/span><\/span><\/div>\n<div><span style=\"font-size:16px;\"><strong>A Sympatex&reg; membr&aacute;n p&aacute;ratlan k&eacute;pess&eacute;geinek megismer&eacute;s&eacute;re &eacute;rdemes id\u0151t sz&aacute;nni &eacute;s honlapunkon r&eacute;szletesen olvasni, az anyaglexikon men&uuml;pontban ennek a membr&aacute;nnak&nbsp;<\/strong><\/span><span style=\"font-size:16px;\"><strong>a k&uuml;l&ouml;nleges tud&aacute;s&aacute;r&oacute;l. <\/strong><\/span><\/div>\n<div><span style=\"font-size:16px;\"><strong>A 45.000mm-es tud&aacute;s nem csak katal&oacute;gus adat, hanem a lentebb&nbsp;l&aacute;that&oacute; magasnyom&aacute;s&uacute; mos&oacute;ban k&eacute;sz&uuml;lt&nbsp;vide&oacute;n &eacute;s a kor&aacute;bbi Modeka Panamericana vide&oacute;n is bizony&iacute;tott .&nbsp;<\/strong><\/span><\/div>\n<div><span style=\"font-size:16px;\"><strong>Fontos megeml&iacute;teni, hogy ez a cs&uacute;cstecnol&oacute;gi&aacute;s membr&aacute;n nem csak az es\u0151 ellen v&eacute;d, hanem a testp&aacute;r&aacute;t-izzadts&aacute;got is elvezeti, &iacute;gy nem izzadsz bele. Csak ez a membr&aacute;n k&eacute;pes arra, hogy &eacute;rz&eacute;keli , mennyire izzadsz &eacute;s &uacute;gy nyitja a membr&aacute;non l&eacute;v\u0151 sejteket, &iacute;gy biztos&iacute;tva hogy az izzadts&aacute;g a legjobban elt&aacute;vozhasson a kab&aacute;tb&oacute;l.&nbsp;<\/strong><\/span><\/div>\n<div><span style=\"font-size:16px;\"><strong>&nbsp;<\/strong><\/span><\/div>\n<div><span style=\"font-size:16px;\"><strong>Szint&eacute;n kivehet\u0151 a kab&aacute;tb&oacute;l a thermo b&eacute;l&eacute;s, amely nem csak a hideg ellen ny&uacute;jt v&eacute;delmet, hanem eleg&aacute;ns steppelt kialak&iacute;t&aacute;s&uacute;, &ouml;nn&aacute;l&oacute; kab&aacute;tk&eacute;nt is viselhet\u0151. (L&aacute;sd.f&eacute;nyk&eacute;p)&nbsp;<\/strong><\/span><\/div>\n<div><span style=\"font-size:16px;\"><strong>Motoros t&uacute;r&aacute;n &iacute;gy nem kell pul&oacute;vert, vagy sz&eacute;ldzsekit elcsomagolnod, el&eacute;g a kab&aacute;tban tal&aacute;lhat&oacute; thermo r&eacute;szt elvinned magaddal. <\/strong><\/span><\/div>\n<div><span style=\"font-size:16px;\"><strong>Amikor egy t&ouml;bbnapos t<\/strong><\/span><span style=\"font-size:16px;\"><strong>&uacute;r&aacute;n az esti program egy &eacute;tterem, vagy ny&aacute;r esti s&eacute;ta, m&eacute;g inghez viselve is eleg&aacute;ns a kab&aacute;t bels\u0151 r&eacute;sze.&nbsp;<\/strong><\/span><\/div>\n<div><\/div>\n<div><span style=\"font-size:16px;\"><strong>A k&eacute;nyelmi &eacute;s komfort extr&aacute;kon t&uacute;l, <span style=\"color:#FF0000;\">a protektoros v&eacute;delem is a legmagasabb szint\u0171<\/span> ebben a kab&aacute;tunkban.&nbsp;&nbsp;<\/strong><\/span><\/div>\n<div><span style=\"font-size:16px;\"><strong><span style=\"color:#FF0000;\">LEVEL2-es , &quot;Sehr Gut&quot;&nbsp;min\u0151s&iacute;t&eacute;st kapott SAS-TEC protektorok<\/span> <span style=\"color:#FF0000;\">a jelenleg legmagasabb v&eacute;delmi szabv&aacute;nyt teljes&iacute;tve v&eacute;dik a kab&aacute;t visel\u0151j&eacute;t.&nbsp;<\/span><\/strong><\/span><\/div>\n<div><span style=\"color:#FF0000;\"><span style=\"font-size:16px;\"><strong>LEVEL 2 gerincprotektor, LEVEL 2 v&aacute;ll protektor, &eacute;s &aacute;ll&iacute;that&oacute; helyzet\u0171 LEVEL 2 k&ouml;ny&ouml;k protektor tal&aacute;lhat&oacute; a kab&aacute;tban.<\/strong><\/span><\/span><\/div>\n<div><span style=\"font-size:16px;\"><strong>A k&ouml;ny&ouml;kprotektor helyzete &aacute;ll&iacute;that&oacute;, &iacute;gy a be&aacute;ll&iacute;t&aacute;st k&ouml;vet\u0151en mindenki sz&aacute;m&aacute;ra azonnal t&ouml;k&eacute;letes helyen lesz a protektor!&nbsp;<\/strong><\/span><\/div>\n<div><span style=\"font-size:16px;\"><strong>A kab&aacute;t gy&aacute;rilag kialak&iacute;tott&nbsp;<\/strong><\/span><span style=\"font-size:16px;\"><strong>mellkasv&eacute;d\u0151 protektorzsebeket is tartalmaz, amelyekbe opcion&aacute;lisan elhelyezhet\u0151 a SAS-TEC mellkasv&eacute;d\u0151 protektora.<\/strong><\/span><\/div>\n<div><strong style=\"font-family: Roboto, sans-serif; font-size: 16px; box-sizing: border-box; max-width: 100%;\">Haszn&aacute;lati &eacute;s kezel&eacute;si &uacute;tmutat&oacute; a term&eacute;khez&nbsp;el&eacute;rhet\u0151 ide kattintva:&nbsp;<a href=\"https:\/\/darazsgarazs.hu\/index.php\/termek\/hasznalati-utmutato.1155.html\">https:\/\/darazsgarazs.hu\/index.php\/termek\/hasznalati-utmutato.1155.html<\/a><\/strong><\/div>\n<div><\/div>\n<div><span style=\"font-size:16px;\"><strong>Nadr&aacute;ggal &ouml;sszecipz&aacute;razhat&oacute;. El&eacute;rhet\u0151 k&iacute;n&aacute;latunkban az AFT AIR nadr&aacute;g ide kattintva :&nbsp;<a href=\"https:\/\/darazsgarazs.hu\/index.php\/termek\/modeka-aft-air-4-evszakos-motoros-nadrag-videos-teszt.1198.html\">https:\/\/darazsgarazs.hu\/index.php\/termek\/modeka-aft-air-4-evszakos-motoros-nadrag-videos-teszt.1198.html<\/a><\/strong><\/span><\/div>\n<div><\/div>\n<div><span style=\"font-size:16px;\"><strong>Az al&aacute;bbi linken l&aacute;that&oacute; vide&oacute;s tesztben pr&oacute;b&aacute;ra tett&uuml;k az AFT AIR kab&aacute;tunkban tal&aacute;lhat&oacute; Sympatex&reg; membr&aacute;nt. <\/strong><\/span><\/div>\n<div><span style=\"font-size:16px;\"><strong>Ahogyan a kor&aacute;bbi teszt&uuml;nkben a MODEKA PANAMERICANA szett&uuml;nkn&eacute;l,&nbsp;<\/strong><\/span><span style=\"font-size:16px;\"><strong>&uacute;gy itt, enn&eacute;l a kab&aacute;tn&aacute;l is t&ouml;k&eacute;letesen vizsg&aacute;zott!&nbsp;<\/strong><\/span><\/div>\n<div><span style=\"font-size:16px;\"><strong>Mindig kiemelt figyelmet ford&iacute;tunk arra, hogy term&eacute;keinket mi magunk is haszn&aacute;ljuk, letesztelj&uuml;k &eacute;s &iacute;gy val&oacute;s tud&aacute;sra tegy&uuml;nk szert, amit azt&aacute;n&nbsp;<\/strong><\/span><\/div>\n<div><span style=\"font-size:16px;\"><strong>nektek &uuml;gyfeleknek tov&aacute;bb tudunk adni. <\/strong><\/span><\/div>\n<div><span style=\"color:#FF0000;\"><span style=\"font-size:16px;\"><strong>Nem csak sz&aacute;raz katal&oacute;gus adatokat akarunk ismerni, hanem tudni akarjuk, hogyan fogod magad &eacute;rezni a term&eacute;k&uuml;nkben.&nbsp;<\/strong><\/span><\/span><\/div>\n<div><span style=\"color:#FF0000;\"><span style=\"font-size:16px;\"><strong>N&eacute;zd meg a vide&oacute;s tesztetjeinket ide kattintva:&nbsp;<\/strong><\/span><\/span><\/div>\n<div><\/div>\n<div>\n<div style=\"position:relative;padding-bottom:56.25%;padding-top:30px;height:0;overflow:hidden;\"><iframe loading=\"lazy\" allowfullscreen=\"\" frameborder=\"0\" height=\"360\" src=\"\/\/www.youtube.com\/embed\/wcQnJ0XTO8E?rel=0\" style=\"position: absolute;top: 0;left: 0;width: 100%;height: 100%;\" width=\"640\"><\/iframe><\/div>\n<\/p>\n<div style=\"position:relative;padding-bottom:56.25%;padding-top:30px;height:0;overflow:hidden;\"><iframe loading=\"lazy\" allowfullscreen=\"\" frameborder=\"0\" height=\"360\" src=\"\/\/www.youtube.com\/embed\/uT1LBk6r08E?rel=0\" style=\"position: absolute;top: 0;left: 0;width: 100%;height: 100%;\" width=\"640\"><\/iframe><\/div>\n<\/p>\n<\/div>\n<div>&nbsp;<\/p>\n<div style=\"position:relative;padding-bottom:56.25%;padding-top:30px;height:0;overflow:hidden;\"><\/div>\n<\/div>\n<div>\n<p style=\"box-sizing: border-box; margin: 0px 0px 10px; max-width: 100%; font-family: Roboto, sans-serif; font-size: 16px;\">A term&eacute;k rendeltet&eacute;sszer\u0171 haszn&aacute;lat sor&aacute;n&nbsp;speci&aacute;lis mos&oacute;szerrel tiszt&iacute;that&oacute; !<\/p>\n<p style=\"box-sizing: border-box; margin: 0px 0px 10px; max-width: 100%; font-family: Roboto, sans-serif; font-size: 16px;\">A mos&oacute;szer speci&aacute;lisan technikai &ndash; motoros ruh&aacute;zathoz lett fejlesztve, haszn&aacute;lat&aacute;val a term&eacute;kek nem csak tiszt&aacute;n tarthat&oacute;ak, de v&aacute;rhat&oacute; haszn&aacute;lati idej&uuml;k is n&ouml;vekszik!<\/p>\n<p style=\"box-sizing: border-box; margin: 0px 0px 10px; max-width: 100%; font-family: Roboto, sans-serif; font-size: 16px;\">A Speci&aacute;lis motoros ruh&aacute;zathoz fejlesztett mos&oacute;szert az al&aacute;bbi linkre kattintva &eacute;rheti el:<\/p>\n<p style=\"box-sizing: border-box; margin: 0px 0px 10px; max-width: 100%; font-family: Roboto, sans-serif; font-size: 16px;\">&nbsp;<a href=\"http:\/\/darazsgarazs.hu\/termek\/hey-sports-combi-wash-250-ml-funkcionalis-mososzer.494.html\" style=\"box-sizing: border-box; background-color: transparent; color: rgb(35, 82, 124); outline: -webkit-focus-ring-color auto 5px; outline-offset: -2px; max-width: 100%;\">http:\/\/darazsgarazs.hu\/termek\/hey-sports-combi-wash-250-ml-funkcionalis-mososzer.494.html<\/a><\/p>\n<p style=\"box-sizing: border-box; margin: 0px 0px 10px; max-width: 100%; font-family: Roboto, sans-serif; font-size: 16px;\">Az es\u0151 &eacute;s sz&eacute;lz&aacute;r&oacute; membr&aacute;n tiszt&iacute;t&aacute;s&aacute;hoz az al&aacute;bbi term&eacute;ket sz&uuml;ks&eacute;ges haszn&aacute;lni:&nbsp;<\/p>\n<p style=\"box-sizing: border-box; margin: 0px 0px 10px; max-width: 100%; font-family: Roboto, sans-serif; font-size: 16px;\"><a href=\"https:\/\/darazsgarazs.hu\/termek\/mososzer-motoros-ruhazathoz.911.html\" style=\"box-sizing: border-box; background-color: transparent; color: rgb(51, 122, 183); text-decoration-line: none; max-width: 100%;\">https:\/\/darazsgarazs.hu\/termek\/mososzer-motoros-ruhazathoz.911.html<\/a><\/p>\n<\/div>\n","protected":false},"excerpt":{"rendered":"<p>Sokoldal&uacute;, val&oacute;di 4 &eacute;vszakos motoros kab&aacute;t.&nbsp; Pr&eacute;mium szint\u0171 k&eacute;nyelem a Tactel&reg; anyaghaszn&aacute;latnak k&ouml;sz&ouml;nhet\u0151en. &nbsp; Kop&aacute;s&aacute;ll&oacute; Cordura&reg; AFT h&aacute;l&oacute;sz&ouml;vettel a kab&aacute;t [&hellip;]<\/p>\n","protected":false},"featured_media":108566,"template":"","meta":{"site-sidebar-layout":"default","site-content-layout":"","ast-site-content-layout":"default","site-content-style":"default","site-sidebar-style":"default","ast-global-header-display":"","ast-banner-title-visibility":"","ast-main-header-display":"","ast-hfb-above-header-display":"","ast-hfb-below-header-display":"","ast-hfb-mobile-header-display":"","site-post-title":"","ast-breadcrumbs-content":"","ast-featured-img":"","footer-sml-layout":"","ast-disable-related-posts":"","theme-transparent-header-meta":"","adv-header-id-meta":"","stick-header-meta":"","header-above-stick-meta":"","header-main-stick-meta":"","header-below-stick-meta":"","astra-migrate-meta-layouts":"default","ast-page-background-enabled":"default","ast-page-background-meta":{"desktop":{"background-color":"var(--ast-global-color-5)","background-image":"","background-repeat":"repeat","background-position":"center center","background-size":"auto","background-attachment":"scroll","background-type":"","background-media":"","overlay-type":"","overlay-color":"","overlay-opacity":"","overlay-gradient":""},"tablet":{"background-color":"","background-image":"","background-repeat":"repeat","background-position":"center center","background-size":"auto","background-attachment":"scroll","background-type":"","background-media":"","overlay-type":"","overlay-color":"","overlay-opacity":"","overlay-gradient":""},"mobile":{"background-color":"","background-image":"","background-repeat":"repeat","background-position":"center center","background-size":"auto","background-attachment":"scroll","background-type":"","background-media":"","overlay-type":"","overlay-color":"","overlay-opacity":"","overlay-gradient":""}},"ast-content-background-meta":{"desktop":{"background-color":"var(--ast-global-color-4)","background-image":"","background-repeat":"repeat","background-position":"center center","background-size":"auto","background-attachment":"scroll","background-type":"","background-media":"","overlay-type":"","overlay-color":"","overlay-opacity":"","overlay-gradient":""},"tablet":{"background-color":"var(--ast-global-color-4)","background-image":"","background-repeat":"repeat","background-position":"center center","background-size":"auto","background-attachment":"scroll","background-type":"","background-media":"","overlay-type":"","overlay-color":"","overlay-opacity":"","overlay-gradient":""},"mobile":{"background-color":"var(--ast-global-color-4)","background-image":"","background-repeat":"repeat","background-position":"center center","background-size":"auto","background-attachment":"scroll","background-type":"","background-media":"","overlay-type":"","overlay-color":"","overlay-opacity":"","overlay-gradient":""}}},"product_brand":[],"product_cat":[147,139],"product_tag":[],"class_list":{"0":"post-109992","1":"product","2":"type-product","3":"status-publish","4":"has-post-thumbnail","6":"product_cat-kabatok","7":"product_cat-motoros-ruhazat","8":"desktop-align-left","9":"tablet-align-left","10":"mobile-align-left","12":"first","13":"instock","14":"sale","15":"shipping-taxable","16":"purchasable","17":"product-type-simple"},"jetpack_sharing_enabled":true,"_links":{"self":[{"href":"https:\/\/zatureczkimarcell.ddns.net\/wordpress\/wp-json\/wp\/v2\/product\/109992","targetHints":{"allow":["GET"]}}],"collection":[{"href":"https:\/\/zatureczkimarcell.ddns.net\/wordpress\/wp-json\/wp\/v2\/product"}],"about":[{"href":"https:\/\/zatureczkimarcell.ddns.net\/wordpress\/wp-json\/wp\/v2\/types\/product"}],"wp:featuredmedia":[{"embeddable":true,"href":"https:\/\/zatureczkimarcell.ddns.net\/wordpress\/wp-json\/wp\/v2\/media\/108566"}],"wp:attachment":[{"href":"https:\/\/zatureczkimarcell.ddns.net\/wordpress\/wp-json\/wp\/v2\/media?parent=109992"}],"wp:term":[{"taxonomy":"product_brand","embeddable":true,"href":"https:\/\/zatureczkimarcell.ddns.net\/wordpress\/wp-json\/wp\/v2\/product_brand?post=109992"},{"taxonomy":"product_cat","embeddable":true,"href":"https:\/\/zatureczkimarcell.ddns.net\/wordpress\/wp-json\/wp\/v2\/product_cat?post=109992"},{"taxonomy":"product_tag","embeddable":true,"href":"https:\/\/zatureczkimarcell.ddns.net\/wordpress\/wp-json\/wp\/v2\/product_tag?post=109992"}],"curies":[{"name":"wp","href":"https:\/\/api.w.org\/{rel}","templated":true}]}}