{"id":109987,"date":"2026-04-01T10:43:16","date_gmt":"2026-04-01T08:43:16","guid":{"rendered":"https:\/\/zatureczkimarcell.ddns.net\/wordpress\/?post_type=product&#038;p=109987"},"modified":"2026-04-01T10:43:40","modified_gmt":"2026-04-01T08:43:40","slug":"modeka-motoros-alaoltozo-felso-motorrad-sehr-gut","status":"publish","type":"product","link":"https:\/\/zatureczkimarcell.ddns.net\/wordpress\/termek\/modeka-motoros-alaoltozo-felso-motorrad-sehr-gut\/","title":{"rendered":"Modeka motoros al\u00e1\u00f6lt\u00f6z\u0151 fels\u0151-Motorrad Sehr GUT!"},"content":{"rendered":"<p><span style=\"font-size:18px;\"><strong>K&ouml;nny\u0171, &eacute;szrev&eacute;tlen uniszex funkcion&aacute;lis al&aacute;&ouml;lt&ouml;z\u0151, melynek <span style=\"color:#FF0000;\">hat&eacute;konyan vezeti el a testp&aacute;r&aacute;t, &iacute;gy sz&aacute;razon tart motoroz&aacute;s k&ouml;zben.<\/span>&nbsp;<\/strong><\/span><\/p>\n<p><span style=\"font-size:18px;\"><strong>K&ouml;nnyen sz&aacute;rad&oacute;, k&eacute;nyelmes antiallerg&eacute;n anyagb&oacute;l k&eacute;sz&uuml;lt.<\/strong><\/span><\/p>\n<p><span style=\"color:#FF0000;\"><span style=\"font-size:18px;\"><strong>Az anyagon bel&uuml;li speci&aacute;lis l&eacute;gcsatorn&aacute;k h\u0171s&iacute;t\u0151 hat&aacute;st biztos&iacute;tanak.<\/strong><\/span><\/span><\/p>\n<p><span style=\"color:#FF0000;\"><span style=\"font-size:18px;\"><strong>Komfort varratokkal k&eacute;sz&iacute;tett term&eacute;k, &iacute;gy visel&eacute;s k&ouml;zben a varr&aacute;si r&eacute;szek nem zavarj&aacute;k a komfort&eacute;rzetet.&nbsp;<\/strong><\/span><\/span><\/p>\n<p><span style=\"font-size:18px;\"><strong>M&eacute;retek: S,M,L,XL,2XL,3XL,4XL&nbsp;<\/strong><\/span><\/p>\n<p><span style=\"color:#FF0000;\"><span style=\"font-size:18px;\"><strong>A Term&eacute;k a legnagyobb p&eacute;ld&aacute;nysz&aacute;m&uacute; eur&oacute;pai motoros magazin tesztj&eacute;n &quot;Sehr Gut&quot; min\u0151s&iacute;t&eacute;st kapott &eacute;s &quot;Kauftipp&quot; : &Aacute;r-&eacute;rt&eacute;k gy\u0151ztes lett!&nbsp;<\/strong><\/span><\/span><\/p>\n<p><strong style=\"font-family: Roboto, sans-serif; font-size: 16px; box-sizing: border-box; max-width: 100%;\">Haszn&aacute;lati &eacute;s kezel&eacute;si &uacute;tmutat&oacute; a term&eacute;khez&nbsp;el&eacute;rhet\u0151 ide kattintva:&nbsp;<a href=\"https:\/\/darazsgarazs.hu\/index.php\/termek\/hasznalati-utmutato.1155.html\">https:\/\/darazsgarazs.hu\/index.php\/termek\/hasznalati-utmutato.1155.html<\/a><\/strong><\/p>\n","protected":false},"excerpt":{"rendered":"<p>K&ouml;nny\u0171, &eacute;szrev&eacute;tlen uniszex funkcion&aacute;lis al&aacute;&ouml;lt&ouml;z\u0151, melynek hat&eacute;konyan vezeti el a testp&aacute;r&aacute;t, &iacute;gy sz&aacute;razon tart motoroz&aacute;s k&ouml;zben.&nbsp; K&ouml;nnyen sz&aacute;rad&oacute;, k&eacute;nyelmes antiallerg&eacute;n [&hellip;]<\/p>\n","protected":false},"featured_media":108672,"template":"","meta":{"site-sidebar-layout":"default","site-content-layout":"","ast-site-content-layout":"default","site-content-style":"default","site-sidebar-style":"default","ast-global-header-display":"","ast-banner-title-visibility":"","ast-main-header-display":"","ast-hfb-above-header-display":"","ast-hfb-below-header-display":"","ast-hfb-mobile-header-display":"","site-post-title":"","ast-breadcrumbs-content":"","ast-featured-img":"","footer-sml-layout":"","ast-disable-related-posts":"","theme-transparent-header-meta":"","adv-header-id-meta":"","stick-header-meta":"","header-above-stick-meta":"","header-main-stick-meta":"","header-below-stick-meta":"","astra-migrate-meta-layouts":"default","ast-page-background-enabled":"default","ast-page-background-meta":{"desktop":{"background-color":"var(--ast-global-color-5)","background-image":"","background-repeat":"repeat","background-position":"center center","background-size":"auto","background-attachment":"scroll","background-type":"","background-media":"","overlay-type":"","overlay-color":"","overlay-opacity":"","overlay-gradient":""},"tablet":{"background-color":"","background-image":"","background-repeat":"repeat","background-position":"center center","background-size":"auto","background-attachment":"scroll","background-type":"","background-media":"","overlay-type":"","overlay-color":"","overlay-opacity":"","overlay-gradient":""},"mobile":{"background-color":"","background-image":"","background-repeat":"repeat","background-position":"center center","background-size":"auto","background-attachment":"scroll","background-type":"","background-media":"","overlay-type":"","overlay-color":"","overlay-opacity":"","overlay-gradient":""}},"ast-content-background-meta":{"desktop":{"background-color":"var(--ast-global-color-4)","background-image":"","background-repeat":"repeat","background-position":"center center","background-size":"auto","background-attachment":"scroll","background-type":"","background-media":"","overlay-type":"","overlay-color":"","overlay-opacity":"","overlay-gradient":""},"tablet":{"background-color":"var(--ast-global-color-4)","background-image":"","background-repeat":"repeat","background-position":"center center","background-size":"auto","background-attachment":"scroll","background-type":"","background-media":"","overlay-type":"","overlay-color":"","overlay-opacity":"","overlay-gradient":""},"mobile":{"background-color":"var(--ast-global-color-4)","background-image":"","background-repeat":"repeat","background-position":"center center","background-size":"auto","background-attachment":"scroll","background-type":"","background-media":"","overlay-type":"","overlay-color":"","overlay-opacity":"","overlay-gradient":""}}},"product_brand":[],"product_cat":[140,139,146],"product_tag":[],"class_list":{"0":"post-109987","1":"product","2":"type-product","3":"status-publish","4":"has-post-thumbnail","6":"product_cat-kiegeszitok","7":"product_cat-motoros-ruhazat","8":"product_cat-orias-meretu-motoros-ruhazat","9":"desktop-align-left","10":"tablet-align-left","11":"mobile-align-left","13":"first","14":"instock","15":"shipping-taxable","16":"purchasable","17":"product-type-simple"},"jetpack_sharing_enabled":true,"_links":{"self":[{"href":"https:\/\/zatureczkimarcell.ddns.net\/wordpress\/wp-json\/wp\/v2\/product\/109987","targetHints":{"allow":["GET"]}}],"collection":[{"href":"https:\/\/zatureczkimarcell.ddns.net\/wordpress\/wp-json\/wp\/v2\/product"}],"about":[{"href":"https:\/\/zatureczkimarcell.ddns.net\/wordpress\/wp-json\/wp\/v2\/types\/product"}],"wp:featuredmedia":[{"embeddable":true,"href":"https:\/\/zatureczkimarcell.ddns.net\/wordpress\/wp-json\/wp\/v2\/media\/108672"}],"wp:attachment":[{"href":"https:\/\/zatureczkimarcell.ddns.net\/wordpress\/wp-json\/wp\/v2\/media?parent=109987"}],"wp:term":[{"taxonomy":"product_brand","embeddable":true,"href":"https:\/\/zatureczkimarcell.ddns.net\/wordpress\/wp-json\/wp\/v2\/product_brand?post=109987"},{"taxonomy":"product_cat","embeddable":true,"href":"https:\/\/zatureczkimarcell.ddns.net\/wordpress\/wp-json\/wp\/v2\/product_cat?post=109987"},{"taxonomy":"product_tag","embeddable":true,"href":"https:\/\/zatureczkimarcell.ddns.net\/wordpress\/wp-json\/wp\/v2\/product_tag?post=109987"}],"curies":[{"name":"wp","href":"https:\/\/api.w.org\/{rel}","templated":true}]}}