{"id":109984,"date":"2026-04-01T10:43:14","date_gmt":"2026-04-01T08:43:14","guid":{"rendered":"https:\/\/zatureczkimarcell.ddns.net\/wordpress\/?post_type=product&#038;p=109984"},"modified":"2026-04-01T10:43:37","modified_gmt":"2026-04-01T08:43:37","slug":"motul-sisak-belso-tisztito","status":"publish","type":"product","link":"https:\/\/zatureczkimarcell.ddns.net\/wordpress\/termek\/motul-sisak-belso-tisztito\/","title":{"rendered":"Motul sisak bels\u0151 tiszt\u00edt\u00f3"},"content":{"rendered":"<div><span style=\"font-size:18px;\"><span style=\"color: rgb(33, 37, 41); font-family: Oswald;\"><strong>A MOTUL Helmet Interior Clean a sisakok bels\u0151 r&eacute;sz&eacute;t fert\u0151tlen&iacute;t\u0151 &eacute;s cs&iacute;r&aacute;tlan&iacute;t&oacute; tiszt&iacute;t&oacute;szer. M&eacute;lyen beiv&oacute;dva tiszt&iacute;t, fert\u0151tlen&iacute;t &eacute;s a szagokat gyorsan, de k&iacute;m&eacute;letesen elt&aacute;vol&iacute;tja. B\u0151rgy&oacute;gy&aacute;szati<\/strong> <strong>szempontb&oacute;l ellen\u0151rz&ouml;tt ,nem ingerli a b\u0151rt.<\/strong><\/span><br style=\"box-sizing: border-box; color: rgb(33, 37, 41); font-family: Oswald; font-size: 14px;\" \/><br \/>\n<br style=\"box-sizing: border-box; color: rgb(33, 37, 41); font-family: Oswald; font-size: 14px;\" \/><br \/>\n<strong><span style=\"color: rgb(33, 37, 41); font-family: Oswald;\">Permetezz&uuml;k a sisak bels\u0151 p&aacute;rn&aacute;zott r&eacute;sz&eacute;re, majd hagyjunk egy kis id\u0151t, m&iacute;g hat&aacute;s&aacute;t kifejti &eacute;s megsz&aacute;rad. Felhaszn&aacute;l&aacute;sra k&eacute;sz &ouml;sszet&eacute;tel, nem kell v&iacute;zzel hig&iacute;tani.<\/span><\/strong><\/span><\/div>\n<div><span style=\"font-size:18px;\"><strong><span style=\"color: rgb(33, 37, 41); font-family: Oswald;\">Szembe sz&aacute;jba nem ker&uuml;lhet. Kisgyermek el\u0151l elz&aacute;rva tartand&oacute;.&nbsp;<\/span><\/strong><\/span><\/div>\n<div><\/div>\n<div><span style=\"font-size:18px;\"><strong><span style=\"color: rgb(33, 37, 41); font-family: Oswald;\">Haszn&aacute;lat&aacute;hoz kezel&eacute;s&eacute;hez tov&aacute;bbi inform&aacute;ci&oacute; itt:&nbsp;<a href=\"https:\/\/darazsgarazs.hu\/index.php\/termek\/bukosisak-hasznalati-kezelesi-utmutato.1408.html\">https:\/\/darazsgarazs.hu\/index.php\/termek\/bukosisak-hasznalati-kezelesi-utmutato.1408.html<\/a><\/span><\/strong><\/span><\/div>\n<div><\/div>\n<div><\/div>\n","protected":false},"excerpt":{"rendered":"<p>A MOTUL Helmet Interior Clean a sisakok bels\u0151 r&eacute;sz&eacute;t fert\u0151tlen&iacute;t\u0151 &eacute;s cs&iacute;r&aacute;tlan&iacute;t&oacute; tiszt&iacute;t&oacute;szer. M&eacute;lyen beiv&oacute;dva tiszt&iacute;t, fert\u0151tlen&iacute;t &eacute;s a szagokat [&hellip;]<\/p>\n","protected":false},"featured_media":107459,"template":"","meta":{"site-sidebar-layout":"default","site-content-layout":"","ast-site-content-layout":"default","site-content-style":"default","site-sidebar-style":"default","ast-global-header-display":"","ast-banner-title-visibility":"","ast-main-header-display":"","ast-hfb-above-header-display":"","ast-hfb-below-header-display":"","ast-hfb-mobile-header-display":"","site-post-title":"","ast-breadcrumbs-content":"","ast-featured-img":"","footer-sml-layout":"","ast-disable-related-posts":"","theme-transparent-header-meta":"","adv-header-id-meta":"","stick-header-meta":"","header-above-stick-meta":"","header-main-stick-meta":"","header-below-stick-meta":"","astra-migrate-meta-layouts":"default","ast-page-background-enabled":"default","ast-page-background-meta":{"desktop":{"background-color":"var(--ast-global-color-5)","background-image":"","background-repeat":"repeat","background-position":"center center","background-size":"auto","background-attachment":"scroll","background-type":"","background-media":"","overlay-type":"","overlay-color":"","overlay-opacity":"","overlay-gradient":""},"tablet":{"background-color":"","background-image":"","background-repeat":"repeat","background-position":"center center","background-size":"auto","background-attachment":"scroll","background-type":"","background-media":"","overlay-type":"","overlay-color":"","overlay-opacity":"","overlay-gradient":""},"mobile":{"background-color":"","background-image":"","background-repeat":"repeat","background-position":"center center","background-size":"auto","background-attachment":"scroll","background-type":"","background-media":"","overlay-type":"","overlay-color":"","overlay-opacity":"","overlay-gradient":""}},"ast-content-background-meta":{"desktop":{"background-color":"var(--ast-global-color-4)","background-image":"","background-repeat":"repeat","background-position":"center center","background-size":"auto","background-attachment":"scroll","background-type":"","background-media":"","overlay-type":"","overlay-color":"","overlay-opacity":"","overlay-gradient":""},"tablet":{"background-color":"var(--ast-global-color-4)","background-image":"","background-repeat":"repeat","background-position":"center center","background-size":"auto","background-attachment":"scroll","background-type":"","background-media":"","overlay-type":"","overlay-color":"","overlay-opacity":"","overlay-gradient":""},"mobile":{"background-color":"var(--ast-global-color-4)","background-image":"","background-repeat":"repeat","background-position":"center center","background-size":"auto","background-attachment":"scroll","background-type":"","background-media":"","overlay-type":"","overlay-color":"","overlay-opacity":"","overlay-gradient":""}}},"product_brand":[],"product_cat":[129,127,141],"product_tag":[],"class_list":{"0":"post-109984","1":"product","2":"type-product","3":"status-publish","4":"has-post-thumbnail","6":"product_cat-akcios-kenoanyagok-es-apolasi-termekek","7":"product_cat-apolas","8":"product_cat-bukosisak-kiegeszitok-alkatreszek","9":"desktop-align-left","10":"tablet-align-left","11":"mobile-align-left","13":"first","14":"instock","15":"shipping-taxable","16":"purchasable","17":"product-type-simple"},"jetpack_sharing_enabled":true,"_links":{"self":[{"href":"https:\/\/zatureczkimarcell.ddns.net\/wordpress\/wp-json\/wp\/v2\/product\/109984","targetHints":{"allow":["GET"]}}],"collection":[{"href":"https:\/\/zatureczkimarcell.ddns.net\/wordpress\/wp-json\/wp\/v2\/product"}],"about":[{"href":"https:\/\/zatureczkimarcell.ddns.net\/wordpress\/wp-json\/wp\/v2\/types\/product"}],"wp:featuredmedia":[{"embeddable":true,"href":"https:\/\/zatureczkimarcell.ddns.net\/wordpress\/wp-json\/wp\/v2\/media\/107459"}],"wp:attachment":[{"href":"https:\/\/zatureczkimarcell.ddns.net\/wordpress\/wp-json\/wp\/v2\/media?parent=109984"}],"wp:term":[{"taxonomy":"product_brand","embeddable":true,"href":"https:\/\/zatureczkimarcell.ddns.net\/wordpress\/wp-json\/wp\/v2\/product_brand?post=109984"},{"taxonomy":"product_cat","embeddable":true,"href":"https:\/\/zatureczkimarcell.ddns.net\/wordpress\/wp-json\/wp\/v2\/product_cat?post=109984"},{"taxonomy":"product_tag","embeddable":true,"href":"https:\/\/zatureczkimarcell.ddns.net\/wordpress\/wp-json\/wp\/v2\/product_tag?post=109984"}],"curies":[{"name":"wp","href":"https:\/\/api.w.org\/{rel}","templated":true}]}}