{"id":109978,"date":"2026-04-01T10:42:48","date_gmt":"2026-04-01T08:42:48","guid":{"rendered":"https:\/\/zatureczkimarcell.ddns.net\/wordpress\/?post_type=product&#038;p=109978"},"modified":"2026-04-01T10:43:33","modified_gmt":"2026-04-01T08:43:33","slug":"forcefield-graph-terdprotektor-level-2-vedelem","status":"publish","type":"product","link":"https:\/\/zatureczkimarcell.ddns.net\/wordpress\/termek\/forcefield-graph-terdprotektor-level-2-vedelem\/","title":{"rendered":"Forcefield Graph t\u00e9rdprotektor Level 2 v\u00e9delem"},"content":{"rendered":"<p><span style=\"font-size:16px;\"><strong>V&eacute;dd meg magad az &uuml;t&eacute;sekt\u0151l a Forcefield Graph LEVEL 2-es (jelenleg a legmagasabb v&eacute;delmi szabv&aacute;ny) t&eacute;rdprotektor&aacute;val.&nbsp;<\/strong><\/span><\/p>\n<p><span style=\"font-size:16px;\"><strong>A testh\u0151re l&aacute;gyul&oacute; , val&oacute;di h&aacute;romdimenzi&oacute;s mozg&aacute;st lehet\u0151v&eacute; tev\u0151, pr&eacute;mium &uuml;t&eacute;selnyel\u0151 protektoroz&aacute;st tartalmaz&oacute; term&eacute;k. <\/strong><\/span><\/p>\n<p><span style=\"font-size:16px;\"><strong>Magas szint\u0171 visel&eacute;si komfort.&nbsp;<\/strong><\/span><\/p>\n<p><span style=\"font-size:16px;\"><strong>Szell\u0151z\u0151 anyag&uacute; , ruha alatt viselhet\u0151 protektor, amely t&ouml;bbsz&ouml;ri behat&aacute;st k&ouml;vet\u0151en is haszn&aacute;lhat&oacute;.&nbsp;<\/strong><\/span><\/p>\n<p><span style=\"font-size:16px;\"><strong>A term&eacute;k moshat&oacute;.&nbsp;<\/strong><\/span><\/p>\n<p><strong style=\"color: rgb(255, 0, 0);\">Az &aacute;r\/p&aacute;r &eacute;rtend\u0151.&nbsp;<\/strong><\/p>\n<\/p>\n<p><strong style=\"font-family: Roboto, sans-serif; font-size: 16px; box-sizing: border-box; max-width: 100%;\">Haszn&aacute;lati &eacute;s kezel&eacute;si &uacute;tmutat&oacute; a term&eacute;khez&nbsp;el&eacute;rhet\u0151 ide kattintva:&nbsp;<a href=\"https:\/\/darazsgarazs.hu\/index.php\/termek\/hasznalati-utmutato-protektorokhoz.1411.html\">https:\/\/darazsgarazs.hu\/index.php\/termek\/hasznalati-utmutato-protektorokhoz.1411.html<\/a><\/strong><\/p>\n","protected":false},"excerpt":{"rendered":"<p>V&eacute;dd meg magad az &uuml;t&eacute;sekt\u0151l a Forcefield Graph LEVEL 2-es (jelenleg a legmagasabb v&eacute;delmi szabv&aacute;ny) t&eacute;rdprotektor&aacute;val.&nbsp; A testh\u0151re l&aacute;gyul&oacute; , [&hellip;]<\/p>\n","protected":false},"featured_media":106135,"template":"","meta":{"site-sidebar-layout":"default","site-content-layout":"","ast-site-content-layout":"default","site-content-style":"default","site-sidebar-style":"default","ast-global-header-display":"","ast-banner-title-visibility":"","ast-main-header-display":"","ast-hfb-above-header-display":"","ast-hfb-below-header-display":"","ast-hfb-mobile-header-display":"","site-post-title":"","ast-breadcrumbs-content":"","ast-featured-img":"","footer-sml-layout":"","ast-disable-related-posts":"","theme-transparent-header-meta":"","adv-header-id-meta":"","stick-header-meta":"","header-above-stick-meta":"","header-main-stick-meta":"","header-below-stick-meta":"","astra-migrate-meta-layouts":"default","ast-page-background-enabled":"default","ast-page-background-meta":{"desktop":{"background-color":"var(--ast-global-color-5)","background-image":"","background-repeat":"repeat","background-position":"center center","background-size":"auto","background-attachment":"scroll","background-type":"","background-media":"","overlay-type":"","overlay-color":"","overlay-opacity":"","overlay-gradient":""},"tablet":{"background-color":"","background-image":"","background-repeat":"repeat","background-position":"center center","background-size":"auto","background-attachment":"scroll","background-type":"","background-media":"","overlay-type":"","overlay-color":"","overlay-opacity":"","overlay-gradient":""},"mobile":{"background-color":"","background-image":"","background-repeat":"repeat","background-position":"center center","background-size":"auto","background-attachment":"scroll","background-type":"","background-media":"","overlay-type":"","overlay-color":"","overlay-opacity":"","overlay-gradient":""}},"ast-content-background-meta":{"desktop":{"background-color":"var(--ast-global-color-4)","background-image":"","background-repeat":"repeat","background-position":"center center","background-size":"auto","background-attachment":"scroll","background-type":"","background-media":"","overlay-type":"","overlay-color":"","overlay-opacity":"","overlay-gradient":""},"tablet":{"background-color":"var(--ast-global-color-4)","background-image":"","background-repeat":"repeat","background-position":"center center","background-size":"auto","background-attachment":"scroll","background-type":"","background-media":"","overlay-type":"","overlay-color":"","overlay-opacity":"","overlay-gradient":""},"mobile":{"background-color":"var(--ast-global-color-4)","background-image":"","background-repeat":"repeat","background-position":"center center","background-size":"auto","background-attachment":"scroll","background-type":"","background-media":"","overlay-type":"","overlay-color":"","overlay-opacity":"","overlay-gradient":""}}},"product_brand":[],"product_cat":[151,130],"product_tag":[],"class_list":{"0":"post-109978","1":"product","2":"type-product","3":"status-publish","4":"has-post-thumbnail","6":"product_cat-forcefield-akciok","7":"product_cat-protektorok","8":"desktop-align-left","9":"tablet-align-left","10":"mobile-align-left","12":"first","13":"instock","14":"sale","15":"shipping-taxable","16":"purchasable","17":"product-type-simple"},"jetpack_sharing_enabled":true,"_links":{"self":[{"href":"https:\/\/zatureczkimarcell.ddns.net\/wordpress\/wp-json\/wp\/v2\/product\/109978","targetHints":{"allow":["GET"]}}],"collection":[{"href":"https:\/\/zatureczkimarcell.ddns.net\/wordpress\/wp-json\/wp\/v2\/product"}],"about":[{"href":"https:\/\/zatureczkimarcell.ddns.net\/wordpress\/wp-json\/wp\/v2\/types\/product"}],"wp:featuredmedia":[{"embeddable":true,"href":"https:\/\/zatureczkimarcell.ddns.net\/wordpress\/wp-json\/wp\/v2\/media\/106135"}],"wp:attachment":[{"href":"https:\/\/zatureczkimarcell.ddns.net\/wordpress\/wp-json\/wp\/v2\/media?parent=109978"}],"wp:term":[{"taxonomy":"product_brand","embeddable":true,"href":"https:\/\/zatureczkimarcell.ddns.net\/wordpress\/wp-json\/wp\/v2\/product_brand?post=109978"},{"taxonomy":"product_cat","embeddable":true,"href":"https:\/\/zatureczkimarcell.ddns.net\/wordpress\/wp-json\/wp\/v2\/product_cat?post=109978"},{"taxonomy":"product_tag","embeddable":true,"href":"https:\/\/zatureczkimarcell.ddns.net\/wordpress\/wp-json\/wp\/v2\/product_tag?post=109978"}],"curies":[{"name":"wp","href":"https:\/\/api.w.org\/{rel}","templated":true}]}}