{"id":109977,"date":"2026-04-01T10:42:47","date_gmt":"2026-04-01T08:42:47","guid":{"rendered":"https:\/\/zatureczkimarcell.ddns.net\/wordpress\/?post_type=product&#038;p=109977"},"modified":"2026-04-01T10:43:32","modified_gmt":"2026-04-01T08:43:32","slug":"motul-lanctisztito-spray","status":"publish","type":"product","link":"https:\/\/zatureczkimarcell.ddns.net\/wordpress\/termek\/motul-lanctisztito-spray\/","title":{"rendered":"Motul L\u00e1nctiszt\u00edt\u00f3 spray"},"content":{"rendered":"<div><span style=\"font-size:16px;\"><strong>Motorker&eacute;kp&aacute;rl&aacute;ncok (utcai &eacute;s terep) &eacute;s egy&eacute;b&nbsp; j&aacute;rm\u0171vek l&aacute;ncainak alapos tiszt&iacute;t&oacute;szere.<\/strong><\/span><\/div>\n<div><\/div>\n<div><span style=\"font-size:16px;\"><strong>A kl&oacute;rmentes, nagyon hat&eacute;kony &ouml;sszet&eacute;tel alkalmas miden fajta l&aacute;nchoz. O, X &eacute;s Z gy\u0171r\u0171s v&aacute;ltozatokon is tesztelt&eacute;k.<\/strong><\/span><\/div>\n<div><span style=\"font-size:16px;\"><strong>A be&aacute;gyaz&oacute;dott szennyez\u0151 anyagok &ouml;n&aacute;ll&oacute; felold&aacute;s&aacute;val leegyszer\u0171s&iacute;ti a k&eacute;s\u0151bbi tiszt&iacute;t&aacute;s hat&eacute;konys&aacute;g&aacute;t.<\/strong><\/span><\/div>\n<div><span style=\"font-size:16px;\"><strong>Jav&iacute;tja az &uacute;jonnan felhordott ken\u0151anyag sz&eacute;toszl&aacute;s&aacute;t.<\/strong><\/span><\/div>\n<div><span style=\"font-size:16px;\"><strong>Tiszt&iacute;t &eacute;s zs&iacute;rtalan&iacute;t, semleges a festett fel&uuml;letekkel szemben.<\/strong><\/span><\/div>\n<div><\/div>\n<div><\/div>\n<div><strong style=\"font-family: Roboto, sans-serif; font-size: 16px; box-sizing: border-box; max-width: 100%;\">Haszn&aacute;lati &eacute;s kezel&eacute;si &uacute;tmutat&oacute; a term&eacute;khez el&eacute;rhet\u0151 ide kattintva:&nbsp;<a href=\"https:\/\/darazsgarazs.hu\/index.php\/termek\/hasznalati-utmutato-alkatreszek.1158.html\">https:\/\/darazsgarazs.hu\/index.php\/termek\/hasznalati-utmutato-alkatreszek.1158.html<\/a><\/strong><\/div>\n","protected":false},"excerpt":{"rendered":"<p>Motorker&eacute;kp&aacute;rl&aacute;ncok (utcai &eacute;s terep) &eacute;s egy&eacute;b&nbsp; j&aacute;rm\u0171vek l&aacute;ncainak alapos tiszt&iacute;t&oacute;szere. A kl&oacute;rmentes, nagyon hat&eacute;kony &ouml;sszet&eacute;tel alkalmas miden fajta l&aacute;nchoz. O, [&hellip;]<\/p>\n","protected":false},"featured_media":105808,"template":"","meta":{"site-sidebar-layout":"default","site-content-layout":"","ast-site-content-layout":"default","site-content-style":"default","site-sidebar-style":"default","ast-global-header-display":"","ast-banner-title-visibility":"","ast-main-header-display":"","ast-hfb-above-header-display":"","ast-hfb-below-header-display":"","ast-hfb-mobile-header-display":"","site-post-title":"","ast-breadcrumbs-content":"","ast-featured-img":"","footer-sml-layout":"","ast-disable-related-posts":"","theme-transparent-header-meta":"","adv-header-id-meta":"","stick-header-meta":"","header-above-stick-meta":"","header-main-stick-meta":"","header-below-stick-meta":"","astra-migrate-meta-layouts":"default","ast-page-background-enabled":"default","ast-page-background-meta":{"desktop":{"background-color":"var(--ast-global-color-5)","background-image":"","background-repeat":"repeat","background-position":"center center","background-size":"auto","background-attachment":"scroll","background-type":"","background-media":"","overlay-type":"","overlay-color":"","overlay-opacity":"","overlay-gradient":""},"tablet":{"background-color":"","background-image":"","background-repeat":"repeat","background-position":"center center","background-size":"auto","background-attachment":"scroll","background-type":"","background-media":"","overlay-type":"","overlay-color":"","overlay-opacity":"","overlay-gradient":""},"mobile":{"background-color":"","background-image":"","background-repeat":"repeat","background-position":"center center","background-size":"auto","background-attachment":"scroll","background-type":"","background-media":"","overlay-type":"","overlay-color":"","overlay-opacity":"","overlay-gradient":""}},"ast-content-background-meta":{"desktop":{"background-color":"var(--ast-global-color-4)","background-image":"","background-repeat":"repeat","background-position":"center center","background-size":"auto","background-attachment":"scroll","background-type":"","background-media":"","overlay-type":"","overlay-color":"","overlay-opacity":"","overlay-gradient":""},"tablet":{"background-color":"var(--ast-global-color-4)","background-image":"","background-repeat":"repeat","background-position":"center center","background-size":"auto","background-attachment":"scroll","background-type":"","background-media":"","overlay-type":"","overlay-color":"","overlay-opacity":"","overlay-gradient":""},"mobile":{"background-color":"var(--ast-global-color-4)","background-image":"","background-repeat":"repeat","background-position":"center center","background-size":"auto","background-attachment":"scroll","background-type":"","background-media":"","overlay-type":"","overlay-color":"","overlay-opacity":"","overlay-gradient":""}}},"product_brand":[],"product_cat":[129,127],"product_tag":[],"class_list":{"0":"post-109977","1":"product","2":"type-product","3":"status-publish","4":"has-post-thumbnail","6":"product_cat-akcios-kenoanyagok-es-apolasi-termekek","7":"product_cat-apolas","8":"desktop-align-left","9":"tablet-align-left","10":"mobile-align-left","12":"first","13":"instock","14":"shipping-taxable","15":"purchasable","16":"product-type-simple"},"jetpack_sharing_enabled":true,"_links":{"self":[{"href":"https:\/\/zatureczkimarcell.ddns.net\/wordpress\/wp-json\/wp\/v2\/product\/109977","targetHints":{"allow":["GET"]}}],"collection":[{"href":"https:\/\/zatureczkimarcell.ddns.net\/wordpress\/wp-json\/wp\/v2\/product"}],"about":[{"href":"https:\/\/zatureczkimarcell.ddns.net\/wordpress\/wp-json\/wp\/v2\/types\/product"}],"wp:featuredmedia":[{"embeddable":true,"href":"https:\/\/zatureczkimarcell.ddns.net\/wordpress\/wp-json\/wp\/v2\/media\/105808"}],"wp:attachment":[{"href":"https:\/\/zatureczkimarcell.ddns.net\/wordpress\/wp-json\/wp\/v2\/media?parent=109977"}],"wp:term":[{"taxonomy":"product_brand","embeddable":true,"href":"https:\/\/zatureczkimarcell.ddns.net\/wordpress\/wp-json\/wp\/v2\/product_brand?post=109977"},{"taxonomy":"product_cat","embeddable":true,"href":"https:\/\/zatureczkimarcell.ddns.net\/wordpress\/wp-json\/wp\/v2\/product_cat?post=109977"},{"taxonomy":"product_tag","embeddable":true,"href":"https:\/\/zatureczkimarcell.ddns.net\/wordpress\/wp-json\/wp\/v2\/product_tag?post=109977"}],"curies":[{"name":"wp","href":"https:\/\/api.w.org\/{rel}","templated":true}]}}