{"id":109970,"date":"2026-04-01T10:42:41","date_gmt":"2026-04-01T08:42:41","guid":{"rendered":"https:\/\/zatureczkimarcell.ddns.net\/wordpress\/?post_type=product&#038;p=109970"},"modified":"2026-04-01T10:43:06","modified_gmt":"2026-04-01T08:43:06","slug":"hasznalati-kezelesi-utmutato-taskak-dobozok","status":"publish","type":"product","link":"https:\/\/zatureczkimarcell.ddns.net\/wordpress\/termek\/hasznalati-kezelesi-utmutato-taskak-dobozok\/","title":{"rendered":"Haszn\u00e1lati kezel\u00e9si \u00fatmutat\u00f3 t\u00e1sk\u00e1k-dobozok"},"content":{"rendered":"<\/p>\n<p><span style=\"font-size: 16px;\"><strong>A Motoros t&aacute;sk&aacute;k\/telefon &eacute;s GPS tart&oacute;k felszerel&eacute;se visel&eacute;se sor&aacute;n minden esetben &uuml;gyelj a megfelel\u0151 &eacute;s biztons&aacute;gos r&ouml;gz&iacute;t&eacute;sre.<\/strong><\/span><\/p>\n<p><span style=\"font-size: 16px;\"><strong>Tiszt&iacute;t&aacute;suk nedves vizes ronggyal. A t&aacute;sk&aacute;kat vagy azok tartoz&eacute;kait vasalni tilos.&nbsp;<\/strong><\/span><\/p>\n<p><span style=\"font-size: 16px;\"><strong>&Uuml;gyelj arra hogy a motorra felszerelt t&aacute;sk&aacute;t vagy annak tartoz&eacute;k&aacute;t a kipufog&oacute;, vagy m&aacute;s forr&oacute; t&aacute;rgy (pl.motorblokk) ne &eacute;gesse .<\/strong><\/span><\/p>\n<p><span style=\"font-size: 16px;\"><strong>A csomagr&ouml;gz&iacute;t&eacute;shez haszn&aacute;lt h&aacute;l&oacute;k, vagy hevederek eset&eacute;ben mindig gy\u0151z\u0151dj meg r&oacute;la , hogy a csomagod biztons&aacute;gosan r&ouml;gz&iacute;tetted.&nbsp;<\/strong><\/span><\/p>\n<p><span style=\"font-size: 16px;\"><b>&Uuml;gyelj arra hogy a t&aacute;sk&aacute;k, vagy m&aacute;s csomagsz&aacute;ll&iacute;t&aacute;sra haszn&aacute;lt term&eacute;k&uuml;nk a r&ouml;gz&iacute;t&eacute;s sor&aacute;n ne s&eacute;r&uuml;lhessen.&nbsp;<\/b><\/span><\/p>\n<p><span style=\"font-size: 16px;\"><b>Ker&uuml;ld az &eacute;les t&aacute;rgyak (pl. csavarh&uacute;z&oacute; vagy m&aacute;s szersz&aacute;m, k&eacute;s, stb.)&nbsp;&nbsp;elhelyez&eacute;s&eacute;t a t&aacute;sk&aacute;kban. Ezeket tan&aacute;csos szil&aacute;rd oldalfal&uacute; dobozban t&aacute;rolni.&nbsp;<\/b><\/span><\/p>\n<p><span style=\"font-size: 16px;\"><b>A telefon vagy GPS tart&oacute;k haszn&aacute;lata eset&eacute;n, elindul&aacute;s el\u0151tt mindig ellen\u0151r&iacute;zd hogy a k&eacute;sz&uuml;l&eacute;ked megfelel\u0151en r&ouml;gz&iacute;tetted e az eszk&ouml;zzel? Ne indulj el &uacute;gy hogy a telefon, gps, vagy m&aacute;s okos eszk&ouml;z nincs megfelel\u0151en r&ouml;gz&iacute;tve.&nbsp;<\/b><\/span><\/p>\n","protected":false},"excerpt":{"rendered":"<p>A Motoros t&aacute;sk&aacute;k\/telefon &eacute;s GPS tart&oacute;k felszerel&eacute;se visel&eacute;se sor&aacute;n minden esetben &uuml;gyelj a megfelel\u0151 &eacute;s biztons&aacute;gos r&ouml;gz&iacute;t&eacute;sre. Tiszt&iacute;t&aacute;suk nedves vizes [&hellip;]<\/p>\n","protected":false},"featured_media":109187,"template":"","meta":{"site-sidebar-layout":"default","site-content-layout":"","ast-site-content-layout":"default","site-content-style":"default","site-sidebar-style":"default","ast-global-header-display":"","ast-banner-title-visibility":"","ast-main-header-display":"","ast-hfb-above-header-display":"","ast-hfb-below-header-display":"","ast-hfb-mobile-header-display":"","site-post-title":"","ast-breadcrumbs-content":"","ast-featured-img":"","footer-sml-layout":"","ast-disable-related-posts":"","theme-transparent-header-meta":"","adv-header-id-meta":"","stick-header-meta":"","header-above-stick-meta":"","header-main-stick-meta":"","header-below-stick-meta":"","astra-migrate-meta-layouts":"default","ast-page-background-enabled":"default","ast-page-background-meta":{"desktop":{"background-color":"var(--ast-global-color-5)","background-image":"","background-repeat":"repeat","background-position":"center center","background-size":"auto","background-attachment":"scroll","background-type":"","background-media":"","overlay-type":"","overlay-color":"","overlay-opacity":"","overlay-gradient":""},"tablet":{"background-color":"","background-image":"","background-repeat":"repeat","background-position":"center center","background-size":"auto","background-attachment":"scroll","background-type":"","background-media":"","overlay-type":"","overlay-color":"","overlay-opacity":"","overlay-gradient":""},"mobile":{"background-color":"","background-image":"","background-repeat":"repeat","background-position":"center center","background-size":"auto","background-attachment":"scroll","background-type":"","background-media":"","overlay-type":"","overlay-color":"","overlay-opacity":"","overlay-gradient":""}},"ast-content-background-meta":{"desktop":{"background-color":"var(--ast-global-color-4)","background-image":"","background-repeat":"repeat","background-position":"center center","background-size":"auto","background-attachment":"scroll","background-type":"","background-media":"","overlay-type":"","overlay-color":"","overlay-opacity":"","overlay-gradient":""},"tablet":{"background-color":"var(--ast-global-color-4)","background-image":"","background-repeat":"repeat","background-position":"center center","background-size":"auto","background-attachment":"scroll","background-type":"","background-media":"","overlay-type":"","overlay-color":"","overlay-opacity":"","overlay-gradient":""},"mobile":{"background-color":"var(--ast-global-color-4)","background-image":"","background-repeat":"repeat","background-position":"center center","background-size":"auto","background-attachment":"scroll","background-type":"","background-media":"","overlay-type":"","overlay-color":"","overlay-opacity":"","overlay-gradient":""}}},"product_brand":[],"product_cat":[134],"product_tag":[],"class_list":{"0":"post-109970","1":"product","2":"type-product","3":"status-publish","4":"has-post-thumbnail","6":"product_cat-taskak-dobozok","7":"desktop-align-left","8":"tablet-align-left","9":"mobile-align-left","11":"first","12":"instock","13":"shipping-taxable","14":"product-type-simple"},"jetpack_sharing_enabled":true,"_links":{"self":[{"href":"https:\/\/zatureczkimarcell.ddns.net\/wordpress\/wp-json\/wp\/v2\/product\/109970","targetHints":{"allow":["GET"]}}],"collection":[{"href":"https:\/\/zatureczkimarcell.ddns.net\/wordpress\/wp-json\/wp\/v2\/product"}],"about":[{"href":"https:\/\/zatureczkimarcell.ddns.net\/wordpress\/wp-json\/wp\/v2\/types\/product"}],"wp:featuredmedia":[{"embeddable":true,"href":"https:\/\/zatureczkimarcell.ddns.net\/wordpress\/wp-json\/wp\/v2\/media\/109187"}],"wp:attachment":[{"href":"https:\/\/zatureczkimarcell.ddns.net\/wordpress\/wp-json\/wp\/v2\/media?parent=109970"}],"wp:term":[{"taxonomy":"product_brand","embeddable":true,"href":"https:\/\/zatureczkimarcell.ddns.net\/wordpress\/wp-json\/wp\/v2\/product_brand?post=109970"},{"taxonomy":"product_cat","embeddable":true,"href":"https:\/\/zatureczkimarcell.ddns.net\/wordpress\/wp-json\/wp\/v2\/product_cat?post=109970"},{"taxonomy":"product_tag","embeddable":true,"href":"https:\/\/zatureczkimarcell.ddns.net\/wordpress\/wp-json\/wp\/v2\/product_tag?post=109970"}],"curies":[{"name":"wp","href":"https:\/\/api.w.org\/{rel}","templated":true}]}}