{"id":109969,"date":"2026-04-01T10:42:40","date_gmt":"2026-04-01T08:42:40","guid":{"rendered":"https:\/\/zatureczkimarcell.ddns.net\/wordpress\/?post_type=product&#038;p=109969"},"modified":"2026-04-01T10:43:06","modified_gmt":"2026-04-01T08:43:06","slug":"hasznalati-kezelesi-utmutato-motoros-ruhazathoz","status":"publish","type":"product","link":"https:\/\/zatureczkimarcell.ddns.net\/wordpress\/termek\/hasznalati-kezelesi-utmutato-motoros-ruhazathoz\/","title":{"rendered":"Haszn\u00e1lati-kezel\u00e9si \u00fatmutat\u00f3 motoros ruh\u00e1zathoz"},"content":{"rendered":"<\/p>\n<p><strong><span style=\"font-size: 16px;\">A megv&aacute;s&aacute;rolt motoros ruh&aacute;zat felhaszn&aacute;lt anyagai a biztons&aacute;gos &eacute;s komfortos motoroz&aacute;st seg&iacute;tik. A motoros ruh&aacute;zat&aacute;t mindig megfelel\u0151en r&ouml;gz&iacute;tve el\u0151&iacute;r&aacute;s szerint haszn&aacute;lja.&nbsp;<\/span><\/strong><\/p>\n<p><strong><span style=\"font-size: 16px;\">Honlapunkon a felhaszn&aacute;lt anyagok, membr&aacute;nok &eacute;s m&aacute;s technikai r&eacute;szlet tekintet&eacute;ben k&eacute;r&uuml;nk hogy l&aacute;togasd meg &bdquo;Anyaglexikon&rdquo; men&uuml;pontunkat.<\/span><\/strong><\/p>\n<p><strong><span style=\"font-size: 16px;\">Fontos hogy a motoros ruh&aacute;zat rendeltet&eacute;sszer\u0171 tiszt&iacute;t&aacute;sa sor&aacute;n, minden esetben k&ouml;vess&uuml;k a gy&aacute;rt&oacute; &aacute;ltal el\u0151&iacute;rtakat, a bevarrt c&iacute;mke alapj&aacute;n.<\/span><\/strong><\/p>\n<p><strong><span style=\"font-size: 16px;\">&Uuml;zlet&uuml;nkben megtal&aacute;lhat&oacute; tiszt&iacute;t&oacute;szerekkel v&eacute;gezd a ruh&aacute;zat k&uuml;ls\u0151 r&eacute;sz&eacute;nek , illetve a ruha bels\u0151 r&eacute;sz&eacute;ben tal&aacute;lhat&oacute; es\u0151 &eacute;s sz&eacute;lz&aacute;r&oacute; membr&aacute;n tiszt&iacute;t&aacute;s&aacute;t. Figyelem! A k&uuml;ls\u0151 r&eacute;sz &eacute;s a membr&aacute;n k&uuml;l&ouml;n erre a c&eacute;lra kifejlesztett mos&oacute;szerrel tiszt&iacute;that&oacute;. A membr&aacute;n mos&oacute;szere biztos&iacute;tja , hogy az es\u0151 &eacute;s sz&eacute;lz&aacute;r&oacute; membr&aacute;n a tiszt&iacute;t&aacute;st k&ouml;vet\u0151en is ell&aacute;ssa feladat&aacute;t. A mos&oacute;szer szembe sz&aacute;jba nem ker&uuml;lhet . kisgyermek el\u0151l elz&aacute;rva tartand&oacute;.&nbsp;<\/span><\/strong><\/p>\n<p><strong><span style=\"font-size: 16px;\">A motoros ruh&aacute;zat tiszt&iacute;t&aacute;sa minden esetben kell\u0151 &oacute;vatoss&aacute;ggal &eacute;s kiz&aacute;r&oacute;lag k&eacute;zzel t&ouml;rt&eacute;nhet.<\/span><\/strong><\/p>\n<p><strong><span style=\"font-size: 16px;\">Centrifug&aacute;l&aacute;s , &eacute;s sz&aacute;r&iacute;t&oacute;g&eacute;p haszn&aacute;lata tilos. Sz&aacute;r&iacute;t&aacute;sa sz&eacute;les v&aacute;llf&aacute;n t&ouml;rt&eacute;njen.<\/span><\/strong><\/p>\n<p><strong><span style=\"font-size: 16px;\">A tiszt&iacute;t&aacute;s sor&aacute;n minden esetben el kell t&aacute;vol&iacute;tani a motoros ruh&aacute;zatban elhelyezett protektorokat.<\/span><\/strong><\/p>\n<p><strong><span style=\"font-size: 16px;\">A protektorok tiszt&iacute;t&aacute;sa , langyos vizes ruh&aacute;val t&ouml;rt&eacute;nhet .<\/span><\/strong><\/p>\n<p><strong><span style=\"font-size: 16px;\">A t&eacute;p\u0151z&aacute;rakat a tiszt&iacute;t&aacute;s sor&aacute;n minden esetben t&ouml;k&eacute;letesen fedj&uuml;k le a t&eacute;p\u0151z&aacute;r r&ouml;gz&iacute;t\u0151 fel&uuml;let&eacute;vel, hogy a t&eacute;p\u0151z&aacute;r a motoros ruh&aacute;zat fel&uuml;let&eacute;n ne okozzon esetleg kop&aacute;st, bolyhosod&aacute;st&nbsp; vagy m&aacute;s fel&uuml;leti s&eacute;r&uuml;l&eacute;st.<\/span><\/strong><\/p>\n<p><strong><span style=\"font-size: 16px;\">A b\u0151r motoros ruh&aacute;zat tiszt&iacute;t&aacute;sa a gy&aacute;rt&oacute; &aacute;ltal el\u0151&iacute;rt, bevarrt c&iacute;mke alapj&aacute;n t&ouml;rt&eacute;nhet.<\/span><\/strong><\/p>\n<p><strong><span style=\"font-size: 16px;\">A b\u0151r motoros ruh&aacute;zat nem moshat&oacute; v&iacute;zzel, tiszt&iacute;t&aacute;s&aacute;hoz a speci&aacute;lis b\u0151rtiszt&iacute;t&oacute; aj&aacute;nlott.<\/span><\/strong><\/p>\n<p><strong><span style=\"font-size: 16px;\">A b\u0151r motoros ruh&aacute;zat &aacute;pol&aacute;sa az &uuml;zlet&uuml;nkben megtal&aacute;lhat&oacute; Modeka m&eacute;hviaszos b\u0151r&aacute;pol&oacute;val t&ouml;rt&eacute;nhet.<\/span><\/strong><\/p>\n<p><strong><span style=\"font-size: 16px;\">A motoros ruh&aacute;zatot rendeltet&eacute;sszer\u0171 haszn&aacute;lata sor&aacute;n v&eacute;dje a fizikai s&eacute;r&uuml;l&eacute;sekt\u0151l.<\/span><\/strong><\/p>\n<p><strong><span style=\"font-size: 16px;\">Fontos hogy megfelel\u0151 m&eacute;ret\u0171 motoros ruh&aacute;zatot v&aacute;lasszon. &Uuml;gyeljen a protektorok helyes be&aacute;ll&iacute;t&aacute;s&aacute;ra-elhelyezked&eacute;s&eacute;re hogy azok megfelel\u0151en ell&aacute;thass&aacute;k v&eacute;delmi feladatukat.&nbsp;<\/span><\/strong><\/p>\n<p><span style=\"font-size:16px;\"><strong>Az es\u0151ruh&aacute;k tiszt&iacute;&aacute;sa puha, nedves ronggyal, langyos v&iacute;zzel.&nbsp;<\/strong><\/span><\/p>\n<p><span style=\"font-size:16px;\"><strong>Ne vasalja a motoros ruh&aacute;zatot!<\/strong><\/span><\/p>\n<\/p>\n<p><span style=\"font-size: 16px;\">A motoros l&aacute;bbeli v&eacute;delmi funkci&oacute;t l&aacute;t el, ez&eacute;rt speci&aacute;lis er\u0151s&iacute;t&eacute;seket tartalmaz.<\/span><\/p>\n<p><span style=\"font-size: 16px;\">Rendeltet&eacute;sszer\u0171 haszn&aacute;lat sor&aacute;n ker&uuml;ld a motoroz&aacute;s k&ouml;zben, indul&aacute;s ut&aacute;ni lent hagyott l&aacute;b haszn&aacute;lat&aacute;t, mert ezzel s&eacute;r&uuml;l&eacute;st okozhatsz a term&eacute;ken, emellett balesetvesz&eacute;lyes is.Ha nem rendeltet&eacute;snek megfelel\u0151en haszn&aacute;lod a l&aacute;bbelit, az k&aacute;rosodhat, vagy t&ouml;nkremehet, ami nem szavatoss&aacute;g-&eacute;rv&eacute;nyes&iacute;t&eacute;si jogalap.<\/span><\/p>\n<p><span style=\"font-size: 16px;\">Mivel az ilyen l&aacute;bbeliket motoros v&eacute;delmi funkci&oacute;ra gy&aacute;rtott&aacute;k, ez&eacute;rt a talpr&eacute;sz merev&iacute;t&eacute;st tartalmaz. Ez al&oacute;l kiv&eacute;telek a v&aacute;rosi v&aacute;ltozatok. A biztons&aacute;gi merev&iacute;t&eacute;st tartalmaz&oacute; t&iacute;pusokn&aacute;l ker&uuml;ld a s&eacute;t&aacute;kat, mert &iacute;gy hajl&iacute;t&aacute;sra k&eacute;nyszer&iacute;ted a biztons&aacute;gi merev&iacute;t&eacute;st.<\/span><\/p>\n<p><span style=\"font-size: 16px;\">A motoros l&aacute;bbeli k&eacute;sz&iacute;t&eacute;se sor&aacute;n felhaszn&aacute;lt anyagokr&oacute;l honlapunkon az &bdquo;anyaglexikon&rdquo; men&uuml;pont alatt tudsz t&aacute;j&eacute;koz&oacute;dni.<\/span><\/p>\n<p><span style=\"font-size: 16px;\">A motoros l&aacute;bbeli puha nedves vizes ruh&aacute;val tiszt&iacute;that&oacute;.<\/span><\/p>\n<p><span style=\"font-size: 16px;\">A b\u0151r alapanyag&uacute; term&eacute;kek eset&eacute;n a tiszt&iacute;t&aacute;s ut&aacute;n &uuml;zlet&uuml;nkben megtal&aacute;lhat&oacute; Modeka m&eacute;hviaszos &aacute;pol&oacute;szert haszn&aacute;ld.<\/span><\/p>\n<\/p>\n<\/p>\n<p><strong><span style=\"font-size: 16px;\">A motoros keszty\u0171k haszn&aacute;lat&aacute;hoz az al&aacute;bbi &aacute;ltal&aacute;nos tudnival&oacute;k ny&uacute;jtanak seg&iacute;ts&eacute;get:<\/span><\/strong><\/p>\n<p><strong><span style=\"font-size: 16px;\">A felhaszn&aacute;lt anyagokr&oacute;l b\u0151vebben az &quot;Anyaglexikon&quot; men&uuml;pontban t&aacute;j&eacute;koz&oacute;dhatsz.<\/span><\/strong><\/p>\n<p><strong><span style=\"font-size: 16px;\">B\u0151r alapanyag&uacute; motoros keszty\u0171k:<\/span><\/strong><\/p>\n<p><strong><span style=\"font-size: 16px;\"><em>A kiv&aacute;laszt&aacute;s sor&aacute;n k&eacute;rj&uuml;k vedd figyelembe hogy a b\u0151r term&eacute;kek a haszn&aacute;lat sor&aacute;n puhulnak-t&aacute;gulnak. Ezt a megfelel\u0151 m&eacute;ret kiv&aacute;laszt&aacute;s&aacute;hoz mindenk&eacute;pp kalkul&aacute;lni kell.<\/em><\/span><\/strong><\/p>\n<p><strong><span style=\"font-size: 16px;\"><em>A b\u0151r motoros keszty\u0171k &aacute;pol&aacute;s&aacute;hoz a Modeka m&eacute;hviaszos b\u0151r&aacute;pol&oacute; term&eacute;k&uuml;nket aj&aacute;nljuk.<\/em><\/span><\/strong><\/p>\n<p><strong><span style=\"font-size: 16px;\"><em>Fontos! Amennyiben el&aacute;zt&aacute;l motoroz&aacute;s sor&aacute;n, a keszty\u0171 sz&aacute;rad&aacute;s&aacute;t k&ouml;vet\u0151en mindenk&eacute;pp haszn&aacute;ld a Modeka m&eacute;hviaszos &aacute;pol&oacute;j&aacute;t.<\/em><\/span><\/strong><\/p>\n<p><strong><span style=\"font-size: 16px;\"><em>Tiszt&iacute;t&aacute;suk a term&eacute;kben bevarrt utas&iacute;t&aacute;s szerint.<\/em><\/span><\/strong><\/p>\n<\/p>\n<p><strong><span style=\"font-size: 16px;\">Sz&ouml;vet Motoros keszty\u0171k:<\/span><\/strong><\/p>\n<p><strong><span style=\"font-size: 16px;\"><em>Mindig v&aacute;lassz megfelel\u0151 m&eacute;ret\u0171 motoros keszty\u0171t. Ahogyan a b\u0151r, &uacute;gy a sz&ouml;vet motoros keszty\u0171k is igazodnak a visel&eacute;s sor&aacute;n .<\/em><\/span><\/strong><\/p>\n<p><strong><span style=\"font-size: 16px;\"><em>Tiszt&iacute;t&aacute;suk a term&eacute;kben bevarrt utas&iacute;t&aacute;s szerint lehets&eacute;ges.&nbsp;<\/em><\/span><\/strong><\/p>\n<\/p>\n<p><span style=\"font-size: 16px;\">A term&eacute;kek &eacute;lettartam&aacute;t a min\u0151s&eacute;gen k&iacute;v&uuml;l nagym&eacute;rt&eacute;kben befoly&aacute;solja a visel&eacute;s ut&aacute;ni rendszeres tiszt&iacute;t&aacute;s- &aacute;pol&aacute;s.&nbsp;<\/span><\/p>\n<p><span style=\"font-size: 16px;\">Fontos: A szakszer\u0171, gondos &aacute;pol&aacute;s hi&aacute;nya az esetleges eszt&eacute;tikai k&aacute;rosod&aacute;s mellett a term&eacute;kek anyagainak &ouml;reged&eacute;s&eacute;t is felgyors&iacute;tja, &iacute;gy azok id\u0151 el\u0151tti elhaszn&aacute;l&oacute;d&aacute;s&aacute;hoz vezethet, ami nem szavatoss&aacute;g -&eacute;rv&eacute;nyes&iacute;t&eacute;si jogalap.&nbsp;<\/span><\/p>\n<p><span style=\"font-size: 16px;\">A term&eacute;kekben tal&aacute;lhat&oacute; jel&ouml;l&eacute;sek &eacute;s azok jelent&eacute;se:&nbsp;<\/span><\/p>\n<p>Mit jelentenek a term&eacute;kek cimk&eacute;in l&aacute;that&oacute; piktogramok:&nbsp;<\/p>\n<p><img decoding=\"async\" alt=\"\" src=\"\/uploads\/images\/mosasi-jelek.jpg\" style=\"width: 710px; height: 710px;\" \/><\/p><\/p>\n","protected":false},"excerpt":{"rendered":"<p>A megv&aacute;s&aacute;rolt motoros ruh&aacute;zat felhaszn&aacute;lt anyagai a biztons&aacute;gos &eacute;s komfortos motoroz&aacute;st seg&iacute;tik. A motoros ruh&aacute;zat&aacute;t mindig megfelel\u0151en r&ouml;gz&iacute;tve el\u0151&iacute;r&aacute;s szerint [&hellip;]<\/p>\n","protected":false},"featured_media":103611,"template":"","meta":{"site-sidebar-layout":"default","site-content-layout":"","ast-site-content-layout":"default","site-content-style":"default","site-sidebar-style":"default","ast-global-header-display":"","ast-banner-title-visibility":"","ast-main-header-display":"","ast-hfb-above-header-display":"","ast-hfb-below-header-display":"","ast-hfb-mobile-header-display":"","site-post-title":"","ast-breadcrumbs-content":"","ast-featured-img":"","footer-sml-layout":"","ast-disable-related-posts":"","theme-transparent-header-meta":"","adv-header-id-meta":"","stick-header-meta":"","header-above-stick-meta":"","header-main-stick-meta":"","header-below-stick-meta":"","astra-migrate-meta-layouts":"default","ast-page-background-enabled":"default","ast-page-background-meta":{"desktop":{"background-color":"var(--ast-global-color-5)","background-image":"","background-repeat":"repeat","background-position":"center center","background-size":"auto","background-attachment":"scroll","background-type":"","background-media":"","overlay-type":"","overlay-color":"","overlay-opacity":"","overlay-gradient":""},"tablet":{"background-color":"","background-image":"","background-repeat":"repeat","background-position":"center center","background-size":"auto","background-attachment":"scroll","background-type":"","background-media":"","overlay-type":"","overlay-color":"","overlay-opacity":"","overlay-gradient":""},"mobile":{"background-color":"","background-image":"","background-repeat":"repeat","background-position":"center center","background-size":"auto","background-attachment":"scroll","background-type":"","background-media":"","overlay-type":"","overlay-color":"","overlay-opacity":"","overlay-gradient":""}},"ast-content-background-meta":{"desktop":{"background-color":"var(--ast-global-color-4)","background-image":"","background-repeat":"repeat","background-position":"center center","background-size":"auto","background-attachment":"scroll","background-type":"","background-media":"","overlay-type":"","overlay-color":"","overlay-opacity":"","overlay-gradient":""},"tablet":{"background-color":"var(--ast-global-color-4)","background-image":"","background-repeat":"repeat","background-position":"center center","background-size":"auto","background-attachment":"scroll","background-type":"","background-media":"","overlay-type":"","overlay-color":"","overlay-opacity":"","overlay-gradient":""},"mobile":{"background-color":"var(--ast-global-color-4)","background-image":"","background-repeat":"repeat","background-position":"center center","background-size":"auto","background-attachment":"scroll","background-type":"","background-media":"","overlay-type":"","overlay-color":"","overlay-opacity":"","overlay-gradient":""}}},"product_brand":[],"product_cat":[148,149,142,147,143,140,139,138,146,152,145],"product_tag":[],"class_list":{"0":"post-109969","1":"product","2":"type-product","3":"status-publish","4":"has-post-thumbnail","6":"product_cat-cipok-csizmak","7":"product_cat-eso-ruhazat","8":"product_cat-hideg-elleni-termekek","9":"product_cat-kabatok","10":"product_cat-kesztyuk","11":"product_cat-kiegeszitok","12":"product_cat-motoros-ruhazat","13":"product_cat-nadragok","14":"product_cat-orias-meretu-motoros-ruhazat","15":"product_cat-outlet-akciok","16":"product_cat-varosi-stilusu-motoros-ruhazat","17":"desktop-align-left","18":"tablet-align-left","19":"mobile-align-left","21":"first","22":"instock","23":"shipping-taxable","24":"product-type-simple"},"jetpack_sharing_enabled":true,"_links":{"self":[{"href":"https:\/\/zatureczkimarcell.ddns.net\/wordpress\/wp-json\/wp\/v2\/product\/109969","targetHints":{"allow":["GET"]}}],"collection":[{"href":"https:\/\/zatureczkimarcell.ddns.net\/wordpress\/wp-json\/wp\/v2\/product"}],"about":[{"href":"https:\/\/zatureczkimarcell.ddns.net\/wordpress\/wp-json\/wp\/v2\/types\/product"}],"wp:featuredmedia":[{"embeddable":true,"href":"https:\/\/zatureczkimarcell.ddns.net\/wordpress\/wp-json\/wp\/v2\/media\/103611"}],"wp:attachment":[{"href":"https:\/\/zatureczkimarcell.ddns.net\/wordpress\/wp-json\/wp\/v2\/media?parent=109969"}],"wp:term":[{"taxonomy":"product_brand","embeddable":true,"href":"https:\/\/zatureczkimarcell.ddns.net\/wordpress\/wp-json\/wp\/v2\/product_brand?post=109969"},{"taxonomy":"product_cat","embeddable":true,"href":"https:\/\/zatureczkimarcell.ddns.net\/wordpress\/wp-json\/wp\/v2\/product_cat?post=109969"},{"taxonomy":"product_tag","embeddable":true,"href":"https:\/\/zatureczkimarcell.ddns.net\/wordpress\/wp-json\/wp\/v2\/product_tag?post=109969"}],"curies":[{"name":"wp","href":"https:\/\/api.w.org\/{rel}","templated":true}]}}