{"id":109966,"date":"2026-04-01T10:42:38","date_gmt":"2026-04-01T08:42:38","guid":{"rendered":"https:\/\/zatureczkimarcell.ddns.net\/wordpress\/?post_type=product&#038;p=109966"},"modified":"2026-04-01T10:43:03","modified_gmt":"2026-04-01T08:43:03","slug":"muanyag-apolo-spray-bemutato-videoval","status":"publish","type":"product","link":"https:\/\/zatureczkimarcell.ddns.net\/wordpress\/termek\/muanyag-apolo-spray-bemutato-videoval\/","title":{"rendered":"M\u0171anyag \u00e1pol\u00f3 spray- Bemutat\u00f3 vide\u00f3val !"},"content":{"rendered":"<p><span style=\"font-size:16px;\"><strong><span style=\"color: rgb(13, 13, 13); font-family: Roboto, Noto, sans-serif; white-space: pre-wrap;\">Alkalmazhat&oacute; a m\u0171anyag fel&uuml;letek &aacute;pol&aacute;s&aacute;ra. <\/span><\/strong><\/span><\/p>\n<p><span style=\"font-size:16px;\"><strong><span style=\"color: rgb(13, 13, 13); font-family: Roboto, Noto, sans-serif; white-space: pre-wrap;\">Haszn&aacute;lat&aacute;val megel\u0151zhet\u0151 a m\u0171anyag alkatr&eacute;szek fakul&aacute;sa, el&ouml;reged&eacute;se, illetve a m&aacute;r megfakult, sz&iacute;nt vesztett m\u0171anyag alkatr&eacute;szek &uacute;jra r&eacute;gi f&eacute;ny&uuml;ket kapj&aacute;k vissza. <\/span><\/strong><\/span><\/p>\n<p><strong style=\"font-family: Roboto, sans-serif; font-size: 16px; box-sizing: border-box; max-width: 100%;\">Haszn&aacute;lati &eacute;s kezel&eacute;si &uacute;tmutat&oacute; a term&eacute;khez el&eacute;rhet\u0151 ide kattintva:&nbsp;<a href=\"https:\/\/darazsgarazs.hu\/index.php\/termek\/hasznalati-utmutato-alkatreszek.1158.html\">https:\/\/darazsgarazs.hu\/index.php\/termek\/hasznalati-utmutato-alkatreszek.1158.html<\/a><\/strong><\/p>\n<p><font color=\"#0d0d0d\" face=\"Roboto, Noto, sans-serif\"><span style=\"font-size: 16px; white-space: pre-wrap;\"><b>A term&eacute;k haszn&aacute;lat&aacute;t bemutat&oacute; vide&oacute;nkat itt tekintheted meg: <\/b><\/span><\/font><\/p>\n<div style=\"position:relative;padding-bottom:56.25%;padding-top:30px;height:0;overflow:hidden;\"><iframe loading=\"lazy\" allowfullscreen=\"\" frameborder=\"0\" height=\"360\" src=\"\/\/www.youtube.com\/embed\/xS-vQUQGTGU?rel=0\" style=\"position: absolute;top: 0;left: 0;width: 100%;height: 100%;\" width=\"640\"><\/iframe><\/div>\n<div style=\"position:relative;padding-bottom:56.25%;padding-top:30px;height:0;overflow:hidden;\"><span style=\"font-size:16px;\"><strong>Tov&aacute;bbi tesztvide&oacute; egy &uuml;gyf&eacute;l motorj&aacute;n ide kattintva &eacute;rhet\u0151 el:&nbsp;<a href=\"https:\/\/youtube.com\/shorts\/g8h-Q6lYYWQ?feature=share\">https:\/\/youtube.com\/shorts\/g8h-Q6lYYWQ?feature=share<\/a><\/strong><\/span><\/div><\/p>\n","protected":false},"excerpt":{"rendered":"<p>Alkalmazhat&oacute; a m\u0171anyag fel&uuml;letek &aacute;pol&aacute;s&aacute;ra. Haszn&aacute;lat&aacute;val megel\u0151zhet\u0151 a m\u0171anyag alkatr&eacute;szek fakul&aacute;sa, el&ouml;reged&eacute;se, illetve a m&aacute;r megfakult, sz&iacute;nt vesztett m\u0171anyag alkatr&eacute;szek [&hellip;]<\/p>\n","protected":false},"featured_media":103203,"template":"","meta":{"site-sidebar-layout":"default","site-content-layout":"","ast-site-content-layout":"default","site-content-style":"default","site-sidebar-style":"default","ast-global-header-display":"","ast-banner-title-visibility":"","ast-main-header-display":"","ast-hfb-above-header-display":"","ast-hfb-below-header-display":"","ast-hfb-mobile-header-display":"","site-post-title":"","ast-breadcrumbs-content":"","ast-featured-img":"","footer-sml-layout":"","ast-disable-related-posts":"","theme-transparent-header-meta":"","adv-header-id-meta":"","stick-header-meta":"","header-above-stick-meta":"","header-main-stick-meta":"","header-below-stick-meta":"","astra-migrate-meta-layouts":"default","ast-page-background-enabled":"default","ast-page-background-meta":{"desktop":{"background-color":"var(--ast-global-color-5)","background-image":"","background-repeat":"repeat","background-position":"center center","background-size":"auto","background-attachment":"scroll","background-type":"","background-media":"","overlay-type":"","overlay-color":"","overlay-opacity":"","overlay-gradient":""},"tablet":{"background-color":"","background-image":"","background-repeat":"repeat","background-position":"center center","background-size":"auto","background-attachment":"scroll","background-type":"","background-media":"","overlay-type":"","overlay-color":"","overlay-opacity":"","overlay-gradient":""},"mobile":{"background-color":"","background-image":"","background-repeat":"repeat","background-position":"center center","background-size":"auto","background-attachment":"scroll","background-type":"","background-media":"","overlay-type":"","overlay-color":"","overlay-opacity":"","overlay-gradient":""}},"ast-content-background-meta":{"desktop":{"background-color":"var(--ast-global-color-4)","background-image":"","background-repeat":"repeat","background-position":"center center","background-size":"auto","background-attachment":"scroll","background-type":"","background-media":"","overlay-type":"","overlay-color":"","overlay-opacity":"","overlay-gradient":""},"tablet":{"background-color":"var(--ast-global-color-4)","background-image":"","background-repeat":"repeat","background-position":"center center","background-size":"auto","background-attachment":"scroll","background-type":"","background-media":"","overlay-type":"","overlay-color":"","overlay-opacity":"","overlay-gradient":""},"mobile":{"background-color":"var(--ast-global-color-4)","background-image":"","background-repeat":"repeat","background-position":"center center","background-size":"auto","background-attachment":"scroll","background-type":"","background-media":"","overlay-type":"","overlay-color":"","overlay-opacity":"","overlay-gradient":""}}},"product_brand":[],"product_cat":[129,127],"product_tag":[],"class_list":{"0":"post-109966","1":"product","2":"type-product","3":"status-publish","4":"has-post-thumbnail","6":"product_cat-akcios-kenoanyagok-es-apolasi-termekek","7":"product_cat-apolas","8":"desktop-align-left","9":"tablet-align-left","10":"mobile-align-left","12":"first","13":"instock","14":"shipping-taxable","15":"purchasable","16":"product-type-simple"},"jetpack_sharing_enabled":true,"_links":{"self":[{"href":"https:\/\/zatureczkimarcell.ddns.net\/wordpress\/wp-json\/wp\/v2\/product\/109966","targetHints":{"allow":["GET"]}}],"collection":[{"href":"https:\/\/zatureczkimarcell.ddns.net\/wordpress\/wp-json\/wp\/v2\/product"}],"about":[{"href":"https:\/\/zatureczkimarcell.ddns.net\/wordpress\/wp-json\/wp\/v2\/types\/product"}],"wp:featuredmedia":[{"embeddable":true,"href":"https:\/\/zatureczkimarcell.ddns.net\/wordpress\/wp-json\/wp\/v2\/media\/103203"}],"wp:attachment":[{"href":"https:\/\/zatureczkimarcell.ddns.net\/wordpress\/wp-json\/wp\/v2\/media?parent=109966"}],"wp:term":[{"taxonomy":"product_brand","embeddable":true,"href":"https:\/\/zatureczkimarcell.ddns.net\/wordpress\/wp-json\/wp\/v2\/product_brand?post=109966"},{"taxonomy":"product_cat","embeddable":true,"href":"https:\/\/zatureczkimarcell.ddns.net\/wordpress\/wp-json\/wp\/v2\/product_cat?post=109966"},{"taxonomy":"product_tag","embeddable":true,"href":"https:\/\/zatureczkimarcell.ddns.net\/wordpress\/wp-json\/wp\/v2\/product_tag?post=109966"}],"curies":[{"name":"wp","href":"https:\/\/api.w.org\/{rel}","templated":true}]}}