{"id":109963,"date":"2026-04-01T10:42:36","date_gmt":"2026-04-01T08:42:36","guid":{"rendered":"https:\/\/zatureczkimarcell.ddns.net\/wordpress\/?post_type=product&#038;p=109963"},"modified":"2026-04-01T10:43:00","modified_gmt":"2026-04-01T08:43:00","slug":"modeka-mondello-motoros-cipo-teszt","status":"publish","type":"product","link":"https:\/\/zatureczkimarcell.ddns.net\/wordpress\/termek\/modeka-mondello-motoros-cipo-teszt\/","title":{"rendered":"Modeka Mondello motoros cip\u0151 teszt"},"content":{"rendered":"<p><em><strong>&bdquo;Kiv&aacute;l&oacute;an protektorozott eredeti b\u0151r motoros cip\u0151, merev&iacute;tett talpr&eacute;sszel. Nagyon j&oacute;l tartja a bok&aacute;t, a sarokn&aacute;l &eacute;s az orr&eacute;szn&eacute;l is merev&iacute;tett.<\/strong><\/em><\/p>\n<p><em><strong>A teszt&uacute;ton az egyik meg&aacute;ll&aacute;s sor&aacute;n eml&iacute;tettem koll&eacute;g&aacute;mnak, hogy a Modeka Mondello milyen kiv&aacute;l&oacute;an tartja az eg&eacute;sz l&aacute;bfejemet. Nagyon j&oacute;l protektorozott motoros cip\u0151, ennek ellen&eacute;re is k&eacute;nyelmes . A Modeka Mondello ,a t&uacute;racip\u0151k&ouml;n-bakancsokon megismert akaszt&oacute;s fels\u0151 f\u0171z\u0151i nagyon egyszer\u0171v&eacute; teszik a bel&eacute;p&eacute;st ebbe a motoros cip\u0151nkbe. Mindenk&eacute;ppen aj&aacute;nlani fogom azoknak a v&aacute;s&aacute;rl&oacute;knak, akiknek er\u0151sebb l&aacute;bfeje van, vagy magasabb r&uuml;szttel rendelkeznek az &aacute;tlagn&aacute;l &eacute;s m&aacute;s motoros cip\u0151be neh&eacute;zkesen tudn&aacute;nak beleb&uacute;jni. Ez a term&eacute;k&uuml;nk igaz&aacute;n k&ouml;nnyen vehet\u0151 fel &eacute;s kiv&aacute;l&oacute; v&eacute;delmet biztos&iacute;t. Hipora (5000mm-es)&nbsp; es\u0151 &eacute;s sz&eacute;lz&aacute;r&oacute; membr&aacute;nt tartalmaz.&nbsp; Nagyon el&eacute;gedett vagyok vele, sok v&aacute;s&aacute;rl&oacute;nknak aj&aacute;nlom szem&eacute;lyes meggy\u0151z\u0151d&eacute;sb\u0151l! &bdquo;<\/strong><\/em><\/p>\n<p><em><strong>A Modeka Mondello honlapunkon ide kattintva &eacute;rhet\u0151 el:&nbsp;<a href=\"https:\/\/darazsgarazs.hu\/index.php\/termek\/modeka-mondello-motoros-cipo.792.html\">https:\/\/darazsgarazs.hu\/index.php\/termek\/modeka-mondello-motoros-cipo.792.html<\/a><\/strong><\/em><\/p>\n","protected":false},"excerpt":{"rendered":"<p>&bdquo;Kiv&aacute;l&oacute;an protektorozott eredeti b\u0151r motoros cip\u0151, merev&iacute;tett talpr&eacute;sszel. Nagyon j&oacute;l tartja a bok&aacute;t, a sarokn&aacute;l &eacute;s az orr&eacute;szn&eacute;l is merev&iacute;tett. [&hellip;]<\/p>\n","protected":false},"featured_media":103696,"template":"","meta":{"site-sidebar-layout":"default","site-content-layout":"","ast-site-content-layout":"default","site-content-style":"default","site-sidebar-style":"default","ast-global-header-display":"","ast-banner-title-visibility":"","ast-main-header-display":"","ast-hfb-above-header-display":"","ast-hfb-below-header-display":"","ast-hfb-mobile-header-display":"","site-post-title":"","ast-breadcrumbs-content":"","ast-featured-img":"","footer-sml-layout":"","ast-disable-related-posts":"","theme-transparent-header-meta":"","adv-header-id-meta":"","stick-header-meta":"","header-above-stick-meta":"","header-main-stick-meta":"","header-below-stick-meta":"","astra-migrate-meta-layouts":"default","ast-page-background-enabled":"default","ast-page-background-meta":{"desktop":{"background-color":"var(--ast-global-color-5)","background-image":"","background-repeat":"repeat","background-position":"center center","background-size":"auto","background-attachment":"scroll","background-type":"","background-media":"","overlay-type":"","overlay-color":"","overlay-opacity":"","overlay-gradient":""},"tablet":{"background-color":"","background-image":"","background-repeat":"repeat","background-position":"center center","background-size":"auto","background-attachment":"scroll","background-type":"","background-media":"","overlay-type":"","overlay-color":"","overlay-opacity":"","overlay-gradient":""},"mobile":{"background-color":"","background-image":"","background-repeat":"repeat","background-position":"center center","background-size":"auto","background-attachment":"scroll","background-type":"","background-media":"","overlay-type":"","overlay-color":"","overlay-opacity":"","overlay-gradient":""}},"ast-content-background-meta":{"desktop":{"background-color":"var(--ast-global-color-4)","background-image":"","background-repeat":"repeat","background-position":"center center","background-size":"auto","background-attachment":"scroll","background-type":"","background-media":"","overlay-type":"","overlay-color":"","overlay-opacity":"","overlay-gradient":""},"tablet":{"background-color":"var(--ast-global-color-4)","background-image":"","background-repeat":"repeat","background-position":"center center","background-size":"auto","background-attachment":"scroll","background-type":"","background-media":"","overlay-type":"","overlay-color":"","overlay-opacity":"","overlay-gradient":""},"mobile":{"background-color":"var(--ast-global-color-4)","background-image":"","background-repeat":"repeat","background-position":"center center","background-size":"auto","background-attachment":"scroll","background-type":"","background-media":"","overlay-type":"","overlay-color":"","overlay-opacity":"","overlay-gradient":""}}},"product_brand":[],"product_cat":[153],"product_tag":[],"class_list":{"0":"post-109963","1":"product","2":"type-product","3":"status-publish","4":"has-post-thumbnail","6":"product_cat-sajat-tesztelesu-termekek","7":"desktop-align-left","8":"tablet-align-left","9":"mobile-align-left","11":"first","12":"instock","13":"shipping-taxable","14":"product-type-simple"},"jetpack_sharing_enabled":true,"_links":{"self":[{"href":"https:\/\/zatureczkimarcell.ddns.net\/wordpress\/wp-json\/wp\/v2\/product\/109963","targetHints":{"allow":["GET"]}}],"collection":[{"href":"https:\/\/zatureczkimarcell.ddns.net\/wordpress\/wp-json\/wp\/v2\/product"}],"about":[{"href":"https:\/\/zatureczkimarcell.ddns.net\/wordpress\/wp-json\/wp\/v2\/types\/product"}],"wp:featuredmedia":[{"embeddable":true,"href":"https:\/\/zatureczkimarcell.ddns.net\/wordpress\/wp-json\/wp\/v2\/media\/103696"}],"wp:attachment":[{"href":"https:\/\/zatureczkimarcell.ddns.net\/wordpress\/wp-json\/wp\/v2\/media?parent=109963"}],"wp:term":[{"taxonomy":"product_brand","embeddable":true,"href":"https:\/\/zatureczkimarcell.ddns.net\/wordpress\/wp-json\/wp\/v2\/product_brand?post=109963"},{"taxonomy":"product_cat","embeddable":true,"href":"https:\/\/zatureczkimarcell.ddns.net\/wordpress\/wp-json\/wp\/v2\/product_cat?post=109963"},{"taxonomy":"product_tag","embeddable":true,"href":"https:\/\/zatureczkimarcell.ddns.net\/wordpress\/wp-json\/wp\/v2\/product_tag?post=109963"}],"curies":[{"name":"wp","href":"https:\/\/api.w.org\/{rel}","templated":true}]}}