{"id":109962,"date":"2026-04-01T10:42:35","date_gmt":"2026-04-01T08:42:35","guid":{"rendered":"https:\/\/zatureczkimarcell.ddns.net\/wordpress\/?post_type=product&#038;p=109962"},"modified":"2026-04-01T10:42:59","modified_gmt":"2026-04-01T08:42:59","slug":"modeka-muddy-track-teszt","status":"publish","type":"product","link":"https:\/\/zatureczkimarcell.ddns.net\/wordpress\/termek\/modeka-muddy-track-teszt\/","title":{"rendered":"Modeka Muddy Track teszt"},"content":{"rendered":"<p><span style=\"font-size:16px;\"><strong>Koll&eacute;g&aacute;nk a Modeka Muddy track f&eacute;lmagassz&aacute;r&uacute; csizm&aacute;nkat v&aacute;lasztotta ki tesztel&eacute;sre &eacute;s elismer\u0151en annyit mondott term&eacute;k&uuml;nkr\u0151l m&aacute;r a legels\u0151 &uacute;ton: <\/strong><\/span><\/p>\n<p><span style=\"font-size:16px;\"><strong>&bdquo;H&aacute;t ez v&eacute;d az biztos! &bdquo;<\/strong><\/span><\/p>\n<p><span style=\"font-size:16px;\"><strong>A Muddy track csattos r&ouml;gz&iacute;t&eacute;se nagyon egyszer\u0171v&eacute; teszi a csizma felv&eacute;tel&eacute;t. Azoknak akik nem szeretnek f\u0171z&ouml;getni egy motoros cip\u0151t, sokszor aj&aacute;nljuk a Modeka Muddy Track-et, mert nem sokkal magasabb mint egy motoros cip\u0151 &eacute;s pillanatok alatt k&eacute;t csattal r&ouml;gz&iacute;thet\u0151. Gyors felv&eacute;tel, t&ouml;k&eacute;letes biztons&aacute;g&eacute;rzet. Minden st&iacute;lushoz kiv&aacute;l&oacute; v&aacute;laszt&aacute;s.&nbsp;Hipora (5000mm-es)&nbsp; es\u0151 &eacute;s sz&eacute;lz&aacute;r&oacute; membr&aacute;nt tartalmaz.&nbsp;<\/strong><\/span><\/p>\n<p><span style=\"font-size:16px;\"><strong>A Muddy Track honlapunkon ide kattintva &eacute;rhet\u0151 el:&nbsp;<a href=\"https:\/\/darazsgarazs.hu\/index.php\/termek\/modeka-muddy-track.495.html\">https:\/\/darazsgarazs.hu\/index.php\/termek\/modeka-muddy-track.495.html<\/a><\/strong><\/span><\/p>\n","protected":false},"excerpt":{"rendered":"<p>Koll&eacute;g&aacute;nk a Modeka Muddy track f&eacute;lmagassz&aacute;r&uacute; csizm&aacute;nkat v&aacute;lasztotta ki tesztel&eacute;sre &eacute;s elismer\u0151en annyit mondott term&eacute;k&uuml;nkr\u0151l m&aacute;r a legels\u0151 &uacute;ton: &bdquo;H&aacute;t [&hellip;]<\/p>\n","protected":false},"featured_media":107569,"template":"","meta":{"site-sidebar-layout":"default","site-content-layout":"","ast-site-content-layout":"default","site-content-style":"default","site-sidebar-style":"default","ast-global-header-display":"","ast-banner-title-visibility":"","ast-main-header-display":"","ast-hfb-above-header-display":"","ast-hfb-below-header-display":"","ast-hfb-mobile-header-display":"","site-post-title":"","ast-breadcrumbs-content":"","ast-featured-img":"","footer-sml-layout":"","ast-disable-related-posts":"","theme-transparent-header-meta":"","adv-header-id-meta":"","stick-header-meta":"","header-above-stick-meta":"","header-main-stick-meta":"","header-below-stick-meta":"","astra-migrate-meta-layouts":"default","ast-page-background-enabled":"default","ast-page-background-meta":{"desktop":{"background-color":"var(--ast-global-color-5)","background-image":"","background-repeat":"repeat","background-position":"center center","background-size":"auto","background-attachment":"scroll","background-type":"","background-media":"","overlay-type":"","overlay-color":"","overlay-opacity":"","overlay-gradient":""},"tablet":{"background-color":"","background-image":"","background-repeat":"repeat","background-position":"center center","background-size":"auto","background-attachment":"scroll","background-type":"","background-media":"","overlay-type":"","overlay-color":"","overlay-opacity":"","overlay-gradient":""},"mobile":{"background-color":"","background-image":"","background-repeat":"repeat","background-position":"center center","background-size":"auto","background-attachment":"scroll","background-type":"","background-media":"","overlay-type":"","overlay-color":"","overlay-opacity":"","overlay-gradient":""}},"ast-content-background-meta":{"desktop":{"background-color":"var(--ast-global-color-4)","background-image":"","background-repeat":"repeat","background-position":"center center","background-size":"auto","background-attachment":"scroll","background-type":"","background-media":"","overlay-type":"","overlay-color":"","overlay-opacity":"","overlay-gradient":""},"tablet":{"background-color":"var(--ast-global-color-4)","background-image":"","background-repeat":"repeat","background-position":"center center","background-size":"auto","background-attachment":"scroll","background-type":"","background-media":"","overlay-type":"","overlay-color":"","overlay-opacity":"","overlay-gradient":""},"mobile":{"background-color":"var(--ast-global-color-4)","background-image":"","background-repeat":"repeat","background-position":"center center","background-size":"auto","background-attachment":"scroll","background-type":"","background-media":"","overlay-type":"","overlay-color":"","overlay-opacity":"","overlay-gradient":""}}},"product_brand":[],"product_cat":[153],"product_tag":[],"class_list":{"0":"post-109962","1":"product","2":"type-product","3":"status-publish","4":"has-post-thumbnail","6":"product_cat-sajat-tesztelesu-termekek","7":"desktop-align-left","8":"tablet-align-left","9":"mobile-align-left","11":"first","12":"instock","13":"shipping-taxable","14":"product-type-simple"},"jetpack_sharing_enabled":true,"_links":{"self":[{"href":"https:\/\/zatureczkimarcell.ddns.net\/wordpress\/wp-json\/wp\/v2\/product\/109962","targetHints":{"allow":["GET"]}}],"collection":[{"href":"https:\/\/zatureczkimarcell.ddns.net\/wordpress\/wp-json\/wp\/v2\/product"}],"about":[{"href":"https:\/\/zatureczkimarcell.ddns.net\/wordpress\/wp-json\/wp\/v2\/types\/product"}],"wp:featuredmedia":[{"embeddable":true,"href":"https:\/\/zatureczkimarcell.ddns.net\/wordpress\/wp-json\/wp\/v2\/media\/107569"}],"wp:attachment":[{"href":"https:\/\/zatureczkimarcell.ddns.net\/wordpress\/wp-json\/wp\/v2\/media?parent=109962"}],"wp:term":[{"taxonomy":"product_brand","embeddable":true,"href":"https:\/\/zatureczkimarcell.ddns.net\/wordpress\/wp-json\/wp\/v2\/product_brand?post=109962"},{"taxonomy":"product_cat","embeddable":true,"href":"https:\/\/zatureczkimarcell.ddns.net\/wordpress\/wp-json\/wp\/v2\/product_cat?post=109962"},{"taxonomy":"product_tag","embeddable":true,"href":"https:\/\/zatureczkimarcell.ddns.net\/wordpress\/wp-json\/wp\/v2\/product_tag?post=109962"}],"curies":[{"name":"wp","href":"https:\/\/api.w.org\/{rel}","templated":true}]}}