{"id":109961,"date":"2026-04-01T10:42:34","date_gmt":"2026-04-01T08:42:34","guid":{"rendered":"https:\/\/zatureczkimarcell.ddns.net\/wordpress\/?post_type=product&#038;p=109961"},"modified":"2026-04-01T10:42:59","modified_gmt":"2026-04-01T08:42:59","slug":"modeka-csosal-teszt","status":"publish","type":"product","link":"https:\/\/zatureczkimarcell.ddns.net\/wordpress\/termek\/modeka-csosal-teszt\/","title":{"rendered":"Modeka cs\u0151s\u00e1l teszt"},"content":{"rendered":"<p><strong><span style=\"font-size:16px;\"><em>Sokoldal&uacute; &eacute;s k&eacute;nyelmes term&eacute;k&uuml;nk. Viselhet\u0151 maszk helyett sisak alatt,vagy fejkend\u0151k&eacute;nt. &Eacute;n egyszer\u0171en csak a cs\u0151s&aacute;l min\u0151s&eacute;g&eacute;ben viselem. Szeretem ha a nyaki r&eacute;szen a sisak &eacute;s a kab&aacute;t k&ouml;z&ouml;tt nem s&uuml;v&iacute;t be a sz&eacute;l a kab&aacute;tba, illetve az &uacute;t por&aacute;t sem kell a nyakamr&oacute;l let&ouml;r&ouml;ln&ouml;m egy &aacute;tmotorozott nap ut&aacute;n. K&eacute;nyelmes rugalmas anyaga miatt nem izzaszt&oacute; viselet, k&ouml;nny\u0171 tiszt&iacute;tani is hiszen csak ki kell &ouml;bl&iacute;teni a csap alatt &eacute;s m&aacute;snapra a k&ouml;nny\u0171 anyag meg is sz&aacute;rad. Megv&eacute;d nem csak a port&oacute;l, de a rep&uuml;l\u0151 rovarok ellen is . Egy m&eacute;hcs&iacute;p&eacute;s nem kellemes dolog. Csak egy j&oacute;t motorozni indulsz el, a m&eacute;hecske meg csak megy a dolg&aacute;ra. Egyik f&eacute;lnek sem kellemes az ilyen tal&aacute;lkoz&aacute;s. Mivel a t&ouml;bbi r&eacute;sz motoros ruh&aacute;val fedett, &iacute;gy leggyakrabban az eff&eacute;le tal&aacute;lkoz&aacute;sok nyaki cs&iacute;p&eacute;st eredm&eacute;nyeznek. A cs\u0151s&aacute;llal ezt is megel\u0151zheted. <\/em><\/span><\/strong><\/p>\n<p><strong><span style=\"font-size:16px;\"><em>A Modeka cs\u0151s&aacute;l t&ouml;bbf&eacute;le sz&iacute;nben el&eacute;rhet\u0151 honlapunkon itt:&nbsp;<\/em><\/span><\/strong><\/p>\n<p><a href=\"https:\/\/darazsgarazs.hu\/index.php\/search_in?search_for=cs%C5%91s%C3%A1l\"><strong><span style=\"font-size:16px;\"><em>https:\/\/darazsgarazs.hu\/index.php\/search_in?search_for=cs%C5%91s%C3%A1l<\/em><\/span><\/strong><\/a><\/p>\n","protected":false},"excerpt":{"rendered":"<p>Sokoldal&uacute; &eacute;s k&eacute;nyelmes term&eacute;k&uuml;nk. Viselhet\u0151 maszk helyett sisak alatt,vagy fejkend\u0151k&eacute;nt. &Eacute;n egyszer\u0171en csak a cs\u0151s&aacute;l min\u0151s&eacute;g&eacute;ben viselem. Szeretem ha a [&hellip;]<\/p>\n","protected":false},"featured_media":104519,"template":"","meta":{"site-sidebar-layout":"default","site-content-layout":"","ast-site-content-layout":"default","site-content-style":"default","site-sidebar-style":"default","ast-global-header-display":"","ast-banner-title-visibility":"","ast-main-header-display":"","ast-hfb-above-header-display":"","ast-hfb-below-header-display":"","ast-hfb-mobile-header-display":"","site-post-title":"","ast-breadcrumbs-content":"","ast-featured-img":"","footer-sml-layout":"","ast-disable-related-posts":"","theme-transparent-header-meta":"","adv-header-id-meta":"","stick-header-meta":"","header-above-stick-meta":"","header-main-stick-meta":"","header-below-stick-meta":"","astra-migrate-meta-layouts":"default","ast-page-background-enabled":"default","ast-page-background-meta":{"desktop":{"background-color":"var(--ast-global-color-5)","background-image":"","background-repeat":"repeat","background-position":"center center","background-size":"auto","background-attachment":"scroll","background-type":"","background-media":"","overlay-type":"","overlay-color":"","overlay-opacity":"","overlay-gradient":""},"tablet":{"background-color":"","background-image":"","background-repeat":"repeat","background-position":"center center","background-size":"auto","background-attachment":"scroll","background-type":"","background-media":"","overlay-type":"","overlay-color":"","overlay-opacity":"","overlay-gradient":""},"mobile":{"background-color":"","background-image":"","background-repeat":"repeat","background-position":"center center","background-size":"auto","background-attachment":"scroll","background-type":"","background-media":"","overlay-type":"","overlay-color":"","overlay-opacity":"","overlay-gradient":""}},"ast-content-background-meta":{"desktop":{"background-color":"var(--ast-global-color-4)","background-image":"","background-repeat":"repeat","background-position":"center center","background-size":"auto","background-attachment":"scroll","background-type":"","background-media":"","overlay-type":"","overlay-color":"","overlay-opacity":"","overlay-gradient":""},"tablet":{"background-color":"var(--ast-global-color-4)","background-image":"","background-repeat":"repeat","background-position":"center center","background-size":"auto","background-attachment":"scroll","background-type":"","background-media":"","overlay-type":"","overlay-color":"","overlay-opacity":"","overlay-gradient":""},"mobile":{"background-color":"var(--ast-global-color-4)","background-image":"","background-repeat":"repeat","background-position":"center center","background-size":"auto","background-attachment":"scroll","background-type":"","background-media":"","overlay-type":"","overlay-color":"","overlay-opacity":"","overlay-gradient":""}}},"product_brand":[],"product_cat":[153],"product_tag":[],"class_list":{"0":"post-109961","1":"product","2":"type-product","3":"status-publish","4":"has-post-thumbnail","6":"product_cat-sajat-tesztelesu-termekek","7":"desktop-align-left","8":"tablet-align-left","9":"mobile-align-left","11":"first","12":"instock","13":"shipping-taxable","14":"product-type-simple"},"jetpack_sharing_enabled":true,"_links":{"self":[{"href":"https:\/\/zatureczkimarcell.ddns.net\/wordpress\/wp-json\/wp\/v2\/product\/109961","targetHints":{"allow":["GET"]}}],"collection":[{"href":"https:\/\/zatureczkimarcell.ddns.net\/wordpress\/wp-json\/wp\/v2\/product"}],"about":[{"href":"https:\/\/zatureczkimarcell.ddns.net\/wordpress\/wp-json\/wp\/v2\/types\/product"}],"wp:featuredmedia":[{"embeddable":true,"href":"https:\/\/zatureczkimarcell.ddns.net\/wordpress\/wp-json\/wp\/v2\/media\/104519"}],"wp:attachment":[{"href":"https:\/\/zatureczkimarcell.ddns.net\/wordpress\/wp-json\/wp\/v2\/media?parent=109961"}],"wp:term":[{"taxonomy":"product_brand","embeddable":true,"href":"https:\/\/zatureczkimarcell.ddns.net\/wordpress\/wp-json\/wp\/v2\/product_brand?post=109961"},{"taxonomy":"product_cat","embeddable":true,"href":"https:\/\/zatureczkimarcell.ddns.net\/wordpress\/wp-json\/wp\/v2\/product_cat?post=109961"},{"taxonomy":"product_tag","embeddable":true,"href":"https:\/\/zatureczkimarcell.ddns.net\/wordpress\/wp-json\/wp\/v2\/product_tag?post=109961"}],"curies":[{"name":"wp","href":"https:\/\/api.w.org\/{rel}","templated":true}]}}