{"id":109960,"date":"2026-04-01T10:42:34","date_gmt":"2026-04-01T08:42:34","guid":{"rendered":"https:\/\/zatureczkimarcell.ddns.net\/wordpress\/?post_type=product&#038;p=109960"},"modified":"2026-04-01T10:42:58","modified_gmt":"2026-04-01T08:42:58","slug":"modeka-air-ride-red-teszt","status":"publish","type":"product","link":"https:\/\/zatureczkimarcell.ddns.net\/wordpress\/termek\/modeka-air-ride-red-teszt\/","title":{"rendered":"MODEKA AIR RIDE RED TESZT"},"content":{"rendered":"<p><span style=\"font-size:16px;\"><strong><em>&quot;Az Air-Ride keszty\u0171nk az egyik legk&eacute;nyelmesebb term&eacute;k a motoros keszty\u0171k piac&aacute;n. Azt szoktuk mondani:&nbsp; &bdquo;Ha felveszed, megveszed!&rdquo; A piros Agust&aacute;hoz ez a dinamikus piros bet&eacute;teket is tartalmaz&oacute; perfor&aacute;lt fel&uuml;let\u0171 kiv&aacute;l&oacute;an szell\u0151z\u0151 keszty\u0171 m&eacute;g sz&iacute;nben is megy. Ha azt k&eacute;rdezn&eacute;d mi az els\u0151 amit kiemeln&eacute;k ennek a term&eacute;k&uuml;nknek a kapcs&aacute;n, azt feleln&eacute;m hogy az egyik t&uacute;r&aacute;nkon , 800km motoroz&aacute;s ut&aacute;n &uacute;gy vettem le a keszty\u0171t, mintha nem is lett volna rajtam egy protektoros keszty\u0171. Nagyon k&ouml;nny\u0171, nagyon k&eacute;nyelmes !&nbsp; Ha felpr&oacute;b&aacute;lt&aacute;l m&aacute;r sz&aacute;zf&eacute;le m&aacute;sik keszty\u0171t &eacute;s egyiket sem &eacute;rezted &uacute;gy hogy: &bdquo;Na ez az!&rdquo; akkor gyere el hozz&aacute;nk! Mert ez az lesz ami azonnal minden eddigi k&eacute;nyelmet fel&uuml;lm&uacute;l majd. Szoktam mondani az &uuml;gyfeleknek, hogy b&aacute;rmennyire is hihetetlen&uuml;l hangzik, az azonnal k&eacute;nyelmes pr&eacute;mium kateg&oacute;ri&aacute;s puha &eacute;rzet\u0171, eredeti kecskeb\u0151r Modeka Air Ride is tov&aacute;bb puhul majd a haszn&aacute;lat sor&aacute;n. Az egyik sl&aacute;ger term&eacute;k&uuml;nk. &quot; <\/em><\/strong><\/span><\/p>\n<p><span style=\"font-size:16px;\"><strong><em>A Term&eacute;k honlapunkon ide kattintva &eacute;rhet\u0151 el:&nbsp;<a href=\"https:\/\/darazsgarazs.hu\/index.php\/termek\/air-ride-altalunk-is-tesztelt-termek.1103.html\">https:\/\/darazsgarazs.hu\/index.php\/termek\/air-ride-altalunk-is-tesztelt-termek.1103.html<\/a><\/em><\/strong><\/span><\/p>\n","protected":false},"excerpt":{"rendered":"<p>&quot;Az Air-Ride keszty\u0171nk az egyik legk&eacute;nyelmesebb term&eacute;k a motoros keszty\u0171k piac&aacute;n. Azt szoktuk mondani:&nbsp; &bdquo;Ha felveszed, megveszed!&rdquo; A piros Agust&aacute;hoz [&hellip;]<\/p>\n","protected":false},"featured_media":105591,"template":"","meta":{"site-sidebar-layout":"default","site-content-layout":"","ast-site-content-layout":"default","site-content-style":"default","site-sidebar-style":"default","ast-global-header-display":"","ast-banner-title-visibility":"","ast-main-header-display":"","ast-hfb-above-header-display":"","ast-hfb-below-header-display":"","ast-hfb-mobile-header-display":"","site-post-title":"","ast-breadcrumbs-content":"","ast-featured-img":"","footer-sml-layout":"","ast-disable-related-posts":"","theme-transparent-header-meta":"","adv-header-id-meta":"","stick-header-meta":"","header-above-stick-meta":"","header-main-stick-meta":"","header-below-stick-meta":"","astra-migrate-meta-layouts":"default","ast-page-background-enabled":"default","ast-page-background-meta":{"desktop":{"background-color":"var(--ast-global-color-5)","background-image":"","background-repeat":"repeat","background-position":"center center","background-size":"auto","background-attachment":"scroll","background-type":"","background-media":"","overlay-type":"","overlay-color":"","overlay-opacity":"","overlay-gradient":""},"tablet":{"background-color":"","background-image":"","background-repeat":"repeat","background-position":"center center","background-size":"auto","background-attachment":"scroll","background-type":"","background-media":"","overlay-type":"","overlay-color":"","overlay-opacity":"","overlay-gradient":""},"mobile":{"background-color":"","background-image":"","background-repeat":"repeat","background-position":"center center","background-size":"auto","background-attachment":"scroll","background-type":"","background-media":"","overlay-type":"","overlay-color":"","overlay-opacity":"","overlay-gradient":""}},"ast-content-background-meta":{"desktop":{"background-color":"var(--ast-global-color-4)","background-image":"","background-repeat":"repeat","background-position":"center center","background-size":"auto","background-attachment":"scroll","background-type":"","background-media":"","overlay-type":"","overlay-color":"","overlay-opacity":"","overlay-gradient":""},"tablet":{"background-color":"var(--ast-global-color-4)","background-image":"","background-repeat":"repeat","background-position":"center center","background-size":"auto","background-attachment":"scroll","background-type":"","background-media":"","overlay-type":"","overlay-color":"","overlay-opacity":"","overlay-gradient":""},"mobile":{"background-color":"var(--ast-global-color-4)","background-image":"","background-repeat":"repeat","background-position":"center center","background-size":"auto","background-attachment":"scroll","background-type":"","background-media":"","overlay-type":"","overlay-color":"","overlay-opacity":"","overlay-gradient":""}}},"product_brand":[],"product_cat":[153],"product_tag":[],"class_list":{"0":"post-109960","1":"product","2":"type-product","3":"status-publish","4":"has-post-thumbnail","6":"product_cat-sajat-tesztelesu-termekek","7":"desktop-align-left","8":"tablet-align-left","9":"mobile-align-left","11":"first","12":"instock","13":"shipping-taxable","14":"product-type-simple"},"jetpack_sharing_enabled":true,"_links":{"self":[{"href":"https:\/\/zatureczkimarcell.ddns.net\/wordpress\/wp-json\/wp\/v2\/product\/109960","targetHints":{"allow":["GET"]}}],"collection":[{"href":"https:\/\/zatureczkimarcell.ddns.net\/wordpress\/wp-json\/wp\/v2\/product"}],"about":[{"href":"https:\/\/zatureczkimarcell.ddns.net\/wordpress\/wp-json\/wp\/v2\/types\/product"}],"wp:featuredmedia":[{"embeddable":true,"href":"https:\/\/zatureczkimarcell.ddns.net\/wordpress\/wp-json\/wp\/v2\/media\/105591"}],"wp:attachment":[{"href":"https:\/\/zatureczkimarcell.ddns.net\/wordpress\/wp-json\/wp\/v2\/media?parent=109960"}],"wp:term":[{"taxonomy":"product_brand","embeddable":true,"href":"https:\/\/zatureczkimarcell.ddns.net\/wordpress\/wp-json\/wp\/v2\/product_brand?post=109960"},{"taxonomy":"product_cat","embeddable":true,"href":"https:\/\/zatureczkimarcell.ddns.net\/wordpress\/wp-json\/wp\/v2\/product_cat?post=109960"},{"taxonomy":"product_tag","embeddable":true,"href":"https:\/\/zatureczkimarcell.ddns.net\/wordpress\/wp-json\/wp\/v2\/product_tag?post=109960"}],"curies":[{"name":"wp","href":"https:\/\/api.w.org\/{rel}","templated":true}]}}