{"id":109953,"date":"2026-04-01T10:42:08","date_gmt":"2026-04-01T08:42:08","guid":{"rendered":"https:\/\/zatureczkimarcell.ddns.net\/wordpress\/?post_type=product&#038;p=109953"},"modified":"2026-04-01T10:42:53","modified_gmt":"2026-04-01T08:42:53","slug":"felnitisztito-extrem-hatassal-videos-bemutatas","status":"publish","type":"product","link":"https:\/\/zatureczkimarcell.ddns.net\/wordpress\/termek\/felnitisztito-extrem-hatassal-videos-bemutatas\/","title":{"rendered":"Felnitiszt\u00edt\u00f3 Extr\u00e9m hat\u00e1ssal -Vide\u00f3s bemutat\u00e1s !"},"content":{"rendered":"<div class=\"gmail_default\" style=\"color: rgb(34, 34, 34); font-size: small; font-family: arial, helvetica, sans-serif;\"><b>Dar&aacute;zsgar&aacute;zs felni tiszt&iacute;t&oacute;<\/b><\/div>\n<div class=\"gmail_default\" style=\"color: rgb(34, 34, 34); font-size: small; font-family: arial, helvetica, sans-serif;\"><b>Aut&oacute;ra &#8211; Motorra a legextr&eacute;mebb hat&aacute;sfokkal! Az eredm&eacute;ny minden m&aacute;st fel&uuml;lm&uacute;l !&nbsp;<\/b><\/div>\n<div class=\"gmail_default\" style=\"color: rgb(34, 34, 34); font-size: small; font-family: arial, helvetica, sans-serif;\"><\/div>\n<div class=\"gmail_default\" style=\"color: rgb(34, 34, 34); font-size: small; font-family: arial, helvetica, sans-serif;\"><strong>K&ouml;nnyed&eacute;n t&aacute;vol&iacute;tja el a legmakacsabb szennyez\u0151d&eacute;seket is a festett aluminium, ac&eacute;l, &eacute;s kr&oacute;m felnikr\u0151l .&nbsp;<\/strong><\/div>\n<div class=\"gmail_default\" style=\"color: rgb(34, 34, 34); font-size: small; font-family: arial, helvetica, sans-serif;\"><\/div>\n<div class=\"gmail_default\" style=\"color: rgb(34, 34, 34); font-size: small; font-family: arial, helvetica, sans-serif;\"><strong>Haszn&aacute;lat: Permetezze kis t&aacute;vols&aacute;gb&oacute;l az elkoszol&oacute;dott felnire. Ezut&aacute;n hagyja kb.1&nbsp;percig hatni a fel&uuml;leten. Ha sz&uuml;ks&eacute;ges haszn&aacute;ljon kef&eacute;t, vagy szivacsot a tiszt&iacute;t&aacute;shoz. P&aacute;r perc ut&aacute;n &ouml;bl&iacute;tse le v&iacute;zsug&aacute;rral a fel&uuml;letr\u0151l.&nbsp;<\/strong><\/div>\n<div class=\"gmail_default\" style=\"color: rgb(34, 34, 34); font-size: small; font-family: arial, helvetica, sans-serif;\"><\/div>\n<div class=\"gmail_default\" style=\"color: rgb(34, 34, 34); font-size: small; font-family: arial, helvetica, sans-serif;\"><strong>Figyelem! Ne haszn&aacute;lja t\u0171z\u0151 napon , vagy forr&oacute; felnin. Ne hagyja a fel&uuml;leten megsz&aacute;radni a term&eacute;ket. Gyermekt\u0151l elz&aacute;rva t&aacute;rolja.<\/strong><\/div>\n<div class=\"gmail_default\" style=\"color: rgb(34, 34, 34); font-size: small; font-family: arial, helvetica, sans-serif;\"><strong>T&ouml;ltet: 250ml<\/strong><\/div>\n<div class=\"gmail_default\" style=\"color: rgb(34, 34, 34); font-size: small; font-family: arial, helvetica, sans-serif;\"><strong style=\"box-sizing: border-box; max-width: 100%; font-family: Roboto, sans-serif; font-size: 16px;\">Haszn&aacute;lati &eacute;s kezel&eacute;si &uacute;tmutat&oacute; a term&eacute;khez el&eacute;rhet\u0151 ide kattintva:&nbsp;<a href=\"https:\/\/darazsgarazs.hu\/index.php\/termek\/hasznalati-utmutato-alkatreszek.1158.html\">https:\/\/darazsgarazs.hu\/index.php\/termek\/hasznalati-utmutato-alkatreszek.1158.html<\/a><\/strong><\/div>\n<div class=\"gmail_default\" style=\"color: rgb(34, 34, 34); font-size: small; font-family: arial, helvetica, sans-serif;\"><\/div>\n<div class=\"gmail_default\" style=\"color: rgb(34, 34, 34); font-size: small; font-family: arial, helvetica, sans-serif;\"><strong>Vide&oacute; 1:&nbsp;<\/strong><\/div>\n<div class=\"gmail_default\" style=\"color: rgb(34, 34, 34); font-size: small; font-family: arial, helvetica, sans-serif;\">\n<div style=\"position:relative;padding-bottom:56.25%;padding-top:30px;height:0;overflow:hidden;\"><iframe loading=\"lazy\" allowfullscreen=\"\" frameborder=\"0\" height=\"360\" src=\"\/\/www.youtube.com\/embed\/Qrax0wS1EBE?rel=0\" style=\"position: absolute;top: 0;left: 0;width: 100%;height: 100%;\" width=\"640\"><\/iframe><\/div>\n<\/p>\n<p><strong>Vide&oacute; 2 :&nbsp;<\/strong><\/p>\n<div style=\"position:relative;padding-bottom:56.25%;padding-top:30px;height:0;overflow:hidden;\"><iframe loading=\"lazy\" allowfullscreen=\"\" frameborder=\"0\" height=\"360\" src=\"\/\/www.youtube.com\/embed\/uoiykcwahag?rel=0\" style=\"position: absolute;top: 0;left: 0;width: 100%;height: 100%;\" width=\"640\"><\/iframe><\/div>\n<\/p>\n<\/div>\n<div class=\"gmail_default\" style=\"color: rgb(34, 34, 34); font-size: small; font-family: arial, helvetica, sans-serif;\"><\/div>\n","protected":false},"excerpt":{"rendered":"<p>Dar&aacute;zsgar&aacute;zs felni tiszt&iacute;t&oacute; Aut&oacute;ra &#8211; Motorra a legextr&eacute;mebb hat&aacute;sfokkal! Az eredm&eacute;ny minden m&aacute;st fel&uuml;lm&uacute;l !&nbsp; K&ouml;nnyed&eacute;n t&aacute;vol&iacute;tja el a legmakacsabb [&hellip;]<\/p>\n","protected":false},"featured_media":108552,"template":"","meta":{"site-sidebar-layout":"default","site-content-layout":"","ast-site-content-layout":"default","site-content-style":"default","site-sidebar-style":"default","ast-global-header-display":"","ast-banner-title-visibility":"","ast-main-header-display":"","ast-hfb-above-header-display":"","ast-hfb-below-header-display":"","ast-hfb-mobile-header-display":"","site-post-title":"","ast-breadcrumbs-content":"","ast-featured-img":"","footer-sml-layout":"","ast-disable-related-posts":"","theme-transparent-header-meta":"","adv-header-id-meta":"","stick-header-meta":"","header-above-stick-meta":"","header-main-stick-meta":"","header-below-stick-meta":"","astra-migrate-meta-layouts":"default","ast-page-background-enabled":"default","ast-page-background-meta":{"desktop":{"background-color":"var(--ast-global-color-5)","background-image":"","background-repeat":"repeat","background-position":"center center","background-size":"auto","background-attachment":"scroll","background-type":"","background-media":"","overlay-type":"","overlay-color":"","overlay-opacity":"","overlay-gradient":""},"tablet":{"background-color":"","background-image":"","background-repeat":"repeat","background-position":"center center","background-size":"auto","background-attachment":"scroll","background-type":"","background-media":"","overlay-type":"","overlay-color":"","overlay-opacity":"","overlay-gradient":""},"mobile":{"background-color":"","background-image":"","background-repeat":"repeat","background-position":"center center","background-size":"auto","background-attachment":"scroll","background-type":"","background-media":"","overlay-type":"","overlay-color":"","overlay-opacity":"","overlay-gradient":""}},"ast-content-background-meta":{"desktop":{"background-color":"var(--ast-global-color-4)","background-image":"","background-repeat":"repeat","background-position":"center center","background-size":"auto","background-attachment":"scroll","background-type":"","background-media":"","overlay-type":"","overlay-color":"","overlay-opacity":"","overlay-gradient":""},"tablet":{"background-color":"var(--ast-global-color-4)","background-image":"","background-repeat":"repeat","background-position":"center center","background-size":"auto","background-attachment":"scroll","background-type":"","background-media":"","overlay-type":"","overlay-color":"","overlay-opacity":"","overlay-gradient":""},"mobile":{"background-color":"var(--ast-global-color-4)","background-image":"","background-repeat":"repeat","background-position":"center center","background-size":"auto","background-attachment":"scroll","background-type":"","background-media":"","overlay-type":"","overlay-color":"","overlay-opacity":"","overlay-gradient":""}}},"product_brand":[],"product_cat":[129,127,153],"product_tag":[],"class_list":{"0":"post-109953","1":"product","2":"type-product","3":"status-publish","4":"has-post-thumbnail","6":"product_cat-akcios-kenoanyagok-es-apolasi-termekek","7":"product_cat-apolas","8":"product_cat-sajat-tesztelesu-termekek","9":"desktop-align-left","10":"tablet-align-left","11":"mobile-align-left","13":"first","14":"instock","15":"shipping-taxable","16":"purchasable","17":"product-type-simple"},"jetpack_sharing_enabled":true,"_links":{"self":[{"href":"https:\/\/zatureczkimarcell.ddns.net\/wordpress\/wp-json\/wp\/v2\/product\/109953","targetHints":{"allow":["GET"]}}],"collection":[{"href":"https:\/\/zatureczkimarcell.ddns.net\/wordpress\/wp-json\/wp\/v2\/product"}],"about":[{"href":"https:\/\/zatureczkimarcell.ddns.net\/wordpress\/wp-json\/wp\/v2\/types\/product"}],"wp:featuredmedia":[{"embeddable":true,"href":"https:\/\/zatureczkimarcell.ddns.net\/wordpress\/wp-json\/wp\/v2\/media\/108552"}],"wp:attachment":[{"href":"https:\/\/zatureczkimarcell.ddns.net\/wordpress\/wp-json\/wp\/v2\/media?parent=109953"}],"wp:term":[{"taxonomy":"product_brand","embeddable":true,"href":"https:\/\/zatureczkimarcell.ddns.net\/wordpress\/wp-json\/wp\/v2\/product_brand?post=109953"},{"taxonomy":"product_cat","embeddable":true,"href":"https:\/\/zatureczkimarcell.ddns.net\/wordpress\/wp-json\/wp\/v2\/product_cat?post=109953"},{"taxonomy":"product_tag","embeddable":true,"href":"https:\/\/zatureczkimarcell.ddns.net\/wordpress\/wp-json\/wp\/v2\/product_tag?post=109953"}],"curies":[{"name":"wp","href":"https:\/\/api.w.org\/{rel}","templated":true}]}}