{"id":109949,"date":"2026-04-01T10:42:05","date_gmt":"2026-04-01T08:42:05","guid":{"rendered":"https:\/\/zatureczkimarcell.ddns.net\/wordpress\/?post_type=product&#038;p=109949"},"modified":"2026-04-01T10:42:50","modified_gmt":"2026-04-01T08:42:50","slug":"marushin-c-131-uvegszal-bukosisak-es-retro-buborek-plexi-teszt","status":"publish","type":"product","link":"https:\/\/zatureczkimarcell.ddns.net\/wordpress\/termek\/marushin-c-131-uvegszal-bukosisak-es-retro-buborek-plexi-teszt\/","title":{"rendered":"MARUSHIN C-131 \u00dcvegsz\u00e1l buk\u00f3sisak \u00e9s RETRO bubor\u00e9k plexi teszt"},"content":{"rendered":"<p><b style=\"color: rgb(34, 34, 34); font-family: arial, helvetica, sans-serif; font-size: small;\">K&ouml;nny\u0171 &eacute;s st&iacute;lusos &uuml;vegsz&aacute;las sisak a Marushin C131-es.&nbsp; Koll&eacute;g&aacute;nk fokozta azzal, hogy az am&uacute;gy is j&oacute; megjelen&eacute;s\u0171 sisakra felrakott&nbsp; egy&nbsp;bubor&eacute;k plexit, ezzel kieg&eacute;sz&iacute;tve . &Iacute;gy m&aacute;r minden tekintetet mag&aacute;ra vont motoroz&aacute;s k&ouml;zben &eacute;s a parkol&oacute;kban is.&nbsp;<\/b><\/p>\n<div class=\"gmail_default\" style=\"color: rgb(34, 34, 34); font-family: Arial, Helvetica, sans-serif; font-size: small;\"><span style=\"font-family: arial, helvetica, sans-serif;\"><b>Koll&eacute;g&aacute;nk tesztje:&nbsp;<\/b><\/span><\/div>\n<div class=\"gmail_default\" style=\"color: rgb(34, 34, 34); font-family: Arial, Helvetica, sans-serif; font-size: small;\"><\/div>\n<div class=\"gmail_default\" style=\"color: rgb(34, 34, 34); font-family: Arial, Helvetica, sans-serif; font-size: small;\"><span style=\"font-family: arial, helvetica, sans-serif;\"><b>&quot;Szeretem a klasszikus &eacute;s id\u0151tlen form&aacute;kat. Motorban, &eacute;s kieg&eacute;sz&iacute;t\u0151kben egyar&aacute;nt.&nbsp;<\/b><\/span><\/div>\n<div class=\"gmail_default\" style=\"color: rgb(34, 34, 34); font-family: Arial, Helvetica, sans-serif; font-size: small;\">\n<div class=\"gmail_default\" style=\"color: rgb(34, 34, 34); font-family: Arial, Helvetica, sans-serif; font-size: small;\"><span style=\"font-family: arial, helvetica, sans-serif;\"><b>A Marushin C131 amikor az &uuml;zletbe &eacute;rkezett, m&aacute;r kiemelt figyelemmel vettem k&eacute;zbe, majd miut&aacute;n felpr&oacute;b&aacute;ltam, megd&ouml;bbentem &eacute;s eld&ouml;nt&ouml;ttem: &Eacute;n ilyen sisakban akarok motorozni!&nbsp;<\/b><\/span><\/div>\n<div class=\"gmail_default\" style=\"color: rgb(34, 34, 34); font-family: Arial, Helvetica, sans-serif; font-size: small;\"><span style=\"font-family: arial, helvetica, sans-serif;\"><b>Mi&eacute;rt? Nem csak az&eacute;rt mert hihetetlen&uuml;l k&ouml;nny\u0171 az &uuml;vegsz&aacute;las h&eacute;jszerkezetnek k&ouml;sz&ouml;nhet\u0151en,(Mind&ouml;ssze 950 gramm)&nbsp; hanem mert bel&uuml;l olyan kimagasl&oacute;an j&oacute; p&aacute;rn&aacute;z&aacute;st kapott, ami a nyitott sisakokn&aacute;l eddig nem ismert k&eacute;nyelmet biztos&iacute;tott m&aacute;r az els\u0151 felv&eacute;telkor. Aj&aacute;nlom mindenkinek hogy j&ouml;jj&ouml;n el az &uuml;zletbe &eacute;s nem k&ouml;telez\u0151 megv&aacute;s&aacute;rolni, csak pr&oacute;b&aacute;lja fel. Az &eacute;rz&eacute;s , hihetetlen lesz.&nbsp;<\/b><\/span><\/div>\n<div class=\"gmail_default\" style=\"color: rgb(34, 34, 34); font-family: Arial, Helvetica, sans-serif; font-size: small;\"><span style=\"font-family: arial, helvetica, sans-serif;\"><b>&Eacute;s ami m&eacute;g l&eacute;nyeges szempont:&nbsp;<\/b><\/span><\/div>\n<div class=\"gmail_default\" style=\"color: rgb(34, 34, 34); font-family: Arial, Helvetica, sans-serif; font-size: small;\"><span style=\"font-family: arial, helvetica, sans-serif;\"><b>Ahhoz k&eacute;pest hogy ez egy nyitott sisak , meglehet\u0151sen csendes!&nbsp;<\/b><\/span><\/div>\n<div class=\"gmail_default\" style=\"color: rgb(34, 34, 34); font-family: Arial, Helvetica, sans-serif; font-size: small;\"><span style=\"font-family: arial, helvetica, sans-serif;\"><b>A k&ouml;z&eacute;ps\u0151 narancs cs&iacute;k extr&eacute;m l&aacute;that&oacute;s&aacute;got biztos&iacute;t visel\u0151j&eacute;nek.&nbsp;<\/b><\/span><\/div>\n<div class=\"gmail_default\" style=\"color: rgb(34, 34, 34); font-family: Arial, Helvetica, sans-serif; font-size: small;\"><span style=\"font-family: arial, helvetica, sans-serif;\"><b>Kis h&eacute;jm&eacute;ret\u0171 sisak,&nbsp; &iacute;gy nem fogod &uacute;gy &eacute;rezni magad benne,&nbsp; hogy egy &oacute;ri&aacute;si sisak van a fejeden, mintha most j&ouml;nn&eacute;l az \u0171rb\u0151l \ud83d\ude42<\/b><\/span><\/div>\n<div class=\"gmail_default\" style=\"color: rgb(34, 34, 34); font-family: Arial, Helvetica, sans-serif; font-size: small;\">\n<div class=\"gmail_default\" style=\"color: rgb(34, 34, 34); font-family: Arial, Helvetica, sans-serif; font-size: small;\"><span style=\"font-family: arial, helvetica, sans-serif;\"><b>Egy eg&eacute;sz napos motoroz&aacute;s ut&aacute;n lev&eacute;ve sem &eacute;reztem &uacute;gy hogy buk&oacute;sisak volt a fejemen.&nbsp;<\/b><\/span><\/div>\n<div class=\"gmail_default\" style=\"color: rgb(34, 34, 34); font-family: Arial, Helvetica, sans-serif; font-size: small;\"><span style=\"font-family: arial, helvetica, sans-serif;\"><b>A Bubor&eacute;k plexi a gy&aacute;ri patentokra r&ouml;gz&iacute;tve m&eacute;gink&aacute;bb feldobta a sisak megjelen&eacute;s&eacute;t &eacute;s pozit&iacute;v meglepet&eacute;ssel is szolg&aacute;lt azonnal.&nbsp;<\/b><\/span><\/div>\n<div class=\"gmail_default\" style=\"color: rgb(34, 34, 34); font-family: Arial, Helvetica, sans-serif; font-size: small;\"><span style=\"font-family: arial, helvetica, sans-serif;\"><b>Hi&aacute;ba t\u0171nik k&iacute;v&uuml;lr\u0151l s&ouml;t&eacute;tnek a plexi , bel&uuml;lr\u0151l csak egy kellemes, m&eacute;g kora este is haszn&aacute;lhat&oacute; f&uuml;stsz&iacute;n\u0171 &aacute;rnyalattal l&aacute;tjuk a vil&aacute;got. Mivel az &aacute;llamig &eacute;r a plexi, a menetszelet ami a szemembe sodorn&aacute; az &uacute;t por&aacute;t lez&aacute;rja, &eacute;s a szembe rep&uuml;l\u0151 bogarak, vagy es\u0151 ellen is j&oacute;l v&eacute;d.&nbsp;<\/b><\/span><\/div>\n<div class=\"gmail_default\" style=\"color: rgb(34, 34, 34); font-family: Arial, Helvetica, sans-serif; font-size: small;\">\n<div class=\"gmail_default\" style=\"color: rgb(34, 34, 34); font-family: Arial, Helvetica, sans-serif; font-size: small;\"><span style=\"font-family: arial, helvetica, sans-serif;\"><b>Nagyon el&eacute;gedett vagyok az &uuml;vegsz&aacute;las&nbsp;sisakkal&nbsp;&eacute;s a felszerelt plusz bubor&eacute;k plexivel is. Biztosan fogtok l&aacute;tni nyit&aacute;skor a bolthoz&nbsp;ebben a sisakban &eacute;rkezni motorral.&nbsp;<\/b><\/span><\/div>\n<div class=\"gmail_default\" style=\"color: rgb(34, 34, 34); font-family: Arial, Helvetica, sans-serif; font-size: small;\"><\/div>\n<div class=\"gmail_default\" style=\"color: rgb(34, 34, 34); font-family: Arial, Helvetica, sans-serif; font-size: small;\"><\/div>\n<div class=\"gmail_default\" style=\"color: rgb(34, 34, 34); font-family: Arial, Helvetica, sans-serif; font-size: small;\"><\/div>\n<div class=\"gmail_default\" style=\"color: rgb(34, 34, 34); font-family: Arial, Helvetica, sans-serif; font-size: small;\"><strong>A Bubor&eacute;k plexi&nbsp;itt tal&aacute;lhat&oacute; honlapunkon:&nbsp;<\/strong><\/div>\n<div class=\"gmail_default\" style=\"color: rgb(34, 34, 34); font-family: Arial, Helvetica, sans-serif; font-size: small;\"><\/div>\n<div class=\"gmail_default\" style=\"color: rgb(34, 34, 34); font-family: Arial, Helvetica, sans-serif; font-size: small;\"><\/div>\n<div class=\"gmail_default\" style=\"color: rgb(34, 34, 34); font-family: Arial, Helvetica, sans-serif; font-size: small;\"><b><span style=\"color:#FF0000;\">Sz&uuml;rk&uuml;leti vezet&eacute;sben seg&iacute;t\u0151 s&aacute;rga:<\/span>&nbsp;<a href=\"https:\/\/darazsgarazs.hu\/index.php\/termek\/retro-buborek-plexi-nyitott-sisakhoz-sarga-szinu.1010.html\">https:\/\/darazsgarazs.hu\/index.php\/termek\/retro-buborek-plexi-nyitott-sisakhoz-sarga-szinu.1010.html<\/a><\/b><\/div>\n<div class=\"gmail_default\" style=\"color: rgb(34, 34, 34); font-family: Arial, Helvetica, sans-serif; font-size: small;\"><\/div>\n<div class=\"gmail_default\" style=\"color: rgb(34, 34, 34); font-family: Arial, Helvetica, sans-serif; font-size: small;\"><\/div>\n<div class=\"gmail_default\" style=\"color: rgb(34, 34, 34); font-family: Arial, Helvetica, sans-serif; font-size: small;\"><\/div>\n<div class=\"gmail_default\" style=\"color: rgb(34, 34, 34); font-family: Arial, Helvetica, sans-serif; font-size: small;\"><\/div>\n<div class=\"gmail_default\" style=\"color: rgb(34, 34, 34); font-family: Arial, Helvetica, sans-serif; font-size: small;\"><\/div>\n<\/div>\n<\/div>\n<\/div>\n","protected":false},"excerpt":{"rendered":"<p>K&ouml;nny\u0171 &eacute;s st&iacute;lusos &uuml;vegsz&aacute;las sisak a Marushin C131-es.&nbsp; Koll&eacute;g&aacute;nk fokozta azzal, hogy az am&uacute;gy is j&oacute; megjelen&eacute;s\u0171 sisakra felrakott&nbsp; egy&nbsp;bubor&eacute;k [&hellip;]<\/p>\n","protected":false},"featured_media":103649,"template":"","meta":{"site-sidebar-layout":"default","site-content-layout":"","ast-site-content-layout":"default","site-content-style":"default","site-sidebar-style":"default","ast-global-header-display":"","ast-banner-title-visibility":"","ast-main-header-display":"","ast-hfb-above-header-display":"","ast-hfb-below-header-display":"","ast-hfb-mobile-header-display":"","site-post-title":"","ast-breadcrumbs-content":"","ast-featured-img":"","footer-sml-layout":"","ast-disable-related-posts":"","theme-transparent-header-meta":"","adv-header-id-meta":"","stick-header-meta":"","header-above-stick-meta":"","header-main-stick-meta":"","header-below-stick-meta":"","astra-migrate-meta-layouts":"default","ast-page-background-enabled":"default","ast-page-background-meta":{"desktop":{"background-color":"var(--ast-global-color-5)","background-image":"","background-repeat":"repeat","background-position":"center center","background-size":"auto","background-attachment":"scroll","background-type":"","background-media":"","overlay-type":"","overlay-color":"","overlay-opacity":"","overlay-gradient":""},"tablet":{"background-color":"","background-image":"","background-repeat":"repeat","background-position":"center center","background-size":"auto","background-attachment":"scroll","background-type":"","background-media":"","overlay-type":"","overlay-color":"","overlay-opacity":"","overlay-gradient":""},"mobile":{"background-color":"","background-image":"","background-repeat":"repeat","background-position":"center center","background-size":"auto","background-attachment":"scroll","background-type":"","background-media":"","overlay-type":"","overlay-color":"","overlay-opacity":"","overlay-gradient":""}},"ast-content-background-meta":{"desktop":{"background-color":"var(--ast-global-color-4)","background-image":"","background-repeat":"repeat","background-position":"center center","background-size":"auto","background-attachment":"scroll","background-type":"","background-media":"","overlay-type":"","overlay-color":"","overlay-opacity":"","overlay-gradient":""},"tablet":{"background-color":"var(--ast-global-color-4)","background-image":"","background-repeat":"repeat","background-position":"center center","background-size":"auto","background-attachment":"scroll","background-type":"","background-media":"","overlay-type":"","overlay-color":"","overlay-opacity":"","overlay-gradient":""},"mobile":{"background-color":"var(--ast-global-color-4)","background-image":"","background-repeat":"repeat","background-position":"center center","background-size":"auto","background-attachment":"scroll","background-type":"","background-media":"","overlay-type":"","overlay-color":"","overlay-opacity":"","overlay-gradient":""}}},"product_brand":[],"product_cat":[153],"product_tag":[],"class_list":{"0":"post-109949","1":"product","2":"type-product","3":"status-publish","4":"has-post-thumbnail","6":"product_cat-sajat-tesztelesu-termekek","7":"desktop-align-left","8":"tablet-align-left","9":"mobile-align-left","11":"first","12":"instock","13":"shipping-taxable","14":"product-type-simple"},"jetpack_sharing_enabled":true,"_links":{"self":[{"href":"https:\/\/zatureczkimarcell.ddns.net\/wordpress\/wp-json\/wp\/v2\/product\/109949","targetHints":{"allow":["GET"]}}],"collection":[{"href":"https:\/\/zatureczkimarcell.ddns.net\/wordpress\/wp-json\/wp\/v2\/product"}],"about":[{"href":"https:\/\/zatureczkimarcell.ddns.net\/wordpress\/wp-json\/wp\/v2\/types\/product"}],"wp:featuredmedia":[{"embeddable":true,"href":"https:\/\/zatureczkimarcell.ddns.net\/wordpress\/wp-json\/wp\/v2\/media\/103649"}],"wp:attachment":[{"href":"https:\/\/zatureczkimarcell.ddns.net\/wordpress\/wp-json\/wp\/v2\/media?parent=109949"}],"wp:term":[{"taxonomy":"product_brand","embeddable":true,"href":"https:\/\/zatureczkimarcell.ddns.net\/wordpress\/wp-json\/wp\/v2\/product_brand?post=109949"},{"taxonomy":"product_cat","embeddable":true,"href":"https:\/\/zatureczkimarcell.ddns.net\/wordpress\/wp-json\/wp\/v2\/product_cat?post=109949"},{"taxonomy":"product_tag","embeddable":true,"href":"https:\/\/zatureczkimarcell.ddns.net\/wordpress\/wp-json\/wp\/v2\/product_tag?post=109949"}],"curies":[{"name":"wp","href":"https:\/\/api.w.org\/{rel}","templated":true}]}}