{"id":109943,"date":"2026-04-01T10:42:00","date_gmt":"2026-04-01T08:42:00","guid":{"rendered":"https:\/\/zatureczkimarcell.ddns.net\/wordpress\/?post_type=product&#038;p=109943"},"modified":"2026-04-01T10:42:25","modified_gmt":"2026-04-01T08:42:25","slug":"marushin-rs3-tecno-uvegszalas-sisak","status":"publish","type":"product","link":"https:\/\/zatureczkimarcell.ddns.net\/wordpress\/termek\/marushin-rs3-tecno-uvegszalas-sisak\/","title":{"rendered":"Marushin RS3 Tecno \u00fcvegsz\u00e1las sisak"},"content":{"rendered":"<p style=\"box-sizing: border-box; margin: 0px 0px 10px; max-width: 100%; font-family: Roboto, sans-serif; font-size: 16px;\"><strong style=\"box-sizing: border-box; max-width: 100%; font-family: Roboto, sans-serif; font-size: 16px;\">A Jap&aacute;n Marushin c&eacute;g egyik leg&uacute;jabb sisakja, amely r&aacute;ad&aacute;sul azonnal&nbsp;<span style=\"box-sizing: border-box; max-width: 100%; color: rgb(255, 0, 0);\">nemzetk&ouml;zi teszten is kiv&aacute;l&oacute;an szerepelt! A Motorrad&amp;Reisen magazinn&aacute;l &quot;Gut&quot; min\u0151s&iacute;t&eacute;st kapott. A teszt fot&oacute;j&aacute;t mell&eacute;kelt&uuml;k.&nbsp;<\/span><\/strong><\/p>\n<p style=\"box-sizing: border-box; margin: 0px 0px 10px; max-width: 100%; font-family: Roboto, sans-serif; font-size: 16px;\"><strong style=\"box-sizing: border-box; max-width: 100%;\">Kompromisszumok n&eacute;lk&uuml;li buk&oacute;sisak amely hasonl&oacute;an a kor&aacute;bbi RS1 &eacute;s RS2 modellekhez meg\u0151rizte a <span style=\"color:#FF0000;\">kis h&eacute;jm&eacute;ret<\/span>et &eacute;s a <span style=\"color:#FF0000;\">megd&ouml;bbent\u0151en alacsony s&uacute;ly<\/span>&aacute;t!<\/strong><\/p>\n<p style=\"box-sizing: border-box; margin: 0px 0px 10px; max-width: 100%; font-family: Roboto, sans-serif; font-size: 16px;\"><strong style=\"box-sizing: border-box; max-width: 100%;\">&Uacute;jonnan kifejlesztett, aerodinamikailag optimaliz&aacute;lt &uuml;vegsz&aacute;l h&eacute;jszerkezet amely rendk&iacute;v&uuml;l k&ouml;nny\u0171 de nagyon er\u0151s ! M&aacute;r az el\u0151dmodellek is a&nbsp; maxim&aacute;lis biztons&aacute;got garant&aacute;lt&aacute;k az el&eacute;rhet\u0151 legjobb, 5 csillagos nemzetk&ouml;zi t&ouml;r&eacute;steszt eredm&eacute;nnyel!<\/strong><\/p>\n<p style=\"box-sizing: border-box; margin: 0px 0px 10px; max-width: 100%; font-family: Roboto, sans-serif; font-size: 16px;\"><strong>A sisakon s&uuml;llyesztett szell\u0151z\u0151k tal&aacute;lhat&oacute;ak. Ez minim&aacute;lisra cs&ouml;kkenti az esetleges sz&eacute;lzajt m&eacute;g nagyobb temp&oacute;n&aacute;l is, mindemellett&nbsp;<span style=\"color: rgb(255, 0, 0);\">nagy&nbsp;mennyis&eacute;g\u0171 friss leveg\u0151 &aacute;ramlik be a sisakba.&nbsp; EXTRA J&Oacute;L SZELL\u0150Z\u0150 BUK&Oacute;SISAK!&nbsp;<\/span><\/strong><\/p>\n<p style=\"box-sizing: border-box; margin: 0px 0px 10px; max-width: 100%; font-family: Roboto, sans-serif; font-size: 16px;\"><strong style=\"box-sizing: border-box; max-width: 100%;\">A sisak &aacute;llr&eacute;sz&eacute;n&eacute;l az &uacute;gynevezett&nbsp;bog&aacute;rv&eacute;d\u0151 h&aacute;l&oacute;&rdquo;g&aacute;tolja a sz&eacute;lzaj kialakul&aacute;s&aacute;t.<\/strong><\/p>\n<p style=\"box-sizing: border-box; margin: 0px 0px 10px; max-width: 100%; font-family: Roboto, sans-serif; font-size: 16px;\"><strong style=\"box-sizing: border-box; max-width: 100%;\">A Jap&aacute;n Marushin saj&aacute;t fejleszt&eacute;s\u0171- lev&eacute;dett szabadalm&uacute; Marushin Cool inner liner&nbsp;antibakteri&aacute;lis , kivehet\u0151 moshat&oacute; bels\u0151 r&eacute;szt alkalmaz ebben a sisakban is, amely t&ouml;k&eacute;letesen k&ouml;rbe&ouml;leli a motoros fej&eacute;t &eacute;s a legjobb izzadts&aacute;gelvezet&eacute;st biztos&iacute;tja.&nbsp;<\/strong><\/p>\n<p style=\"box-sizing: border-box; margin: 0px 0px 10px; max-width: 100%; font-family: Roboto, sans-serif; font-size: 16px;\"><strong style=\"box-sizing: border-box; max-width: 100%;\">A Marushin saj&aacute;t szabadalma az M.A.R.O&nbsp; technol&oacute;gia biztos&iacute;tja, hogy egy esetleges baleset sor&aacute;n a legkisebb a val&oacute;sz&iacute;n\u0171s&eacute;ge annak hogy a sisak leg&ouml;rd&uuml;lj&ouml;n a visel\u0151je fej&eacute;r\u0151l .<\/strong><\/p>\n<p style=\"box-sizing: border-box; margin: 0px 0px 10px; max-width: 100%; font-family: Roboto, sans-serif; font-size: 16px;\"><strong style=\"box-sizing: border-box; max-width: 100%;\">A sisak bels\u0151 r&eacute;sze &bdquo;Emergency Strap&rdquo; rendszerrel egyszer\u0171en elt&aacute;vol&iacute;that&oacute; egy esetleges baleset ut&aacute;n, &iacute;gy k&ouml;nny&iacute;tve a seg&iacute;ts&eacute;get ny&uacute;jt&oacute;k munk&aacute;j&aacute;t!<\/strong><\/p>\n<p style=\"box-sizing: border-box; margin: 0px 0px 10px; max-width: 100%; font-family: Roboto, sans-serif; font-size: 16px;\"><strong style=\"box-sizing: border-box; max-width: 100%;\">Szem&uuml;vegbar&aacute;t bels\u0151 kialak&iacute;t&aacute;sa r&eacute;v&eacute;n a szem&uuml;veget visel\u0151 motorosok is k&ouml;nnyen be tudj&aacute;k cs&uacute;sztatni a szem&uuml;veg sz&aacute;r&aacute;t a sisakba.<\/strong><\/p>\n<p style=\"box-sizing: border-box; margin: 0px 0px 10px; max-width: 100%; font-family: Roboto, sans-serif; font-size: 16px;\"><strong style=\"box-sizing: border-box; max-width: 100%;\">A f&uuml;lr&eacute;szen l&eacute;v\u0151 s&uuml;llyeszt&eacute;s a sisakbesz&eacute;l\u0151 rendszerek be&eacute;p&iacute;t&eacute;s&eacute;t is lehet\u0151v&eacute; teszi.<\/strong><\/p>\n<p style=\"box-sizing: border-box; margin: 0px 0px 10px; max-width: 100%; font-family: Roboto, sans-serif; font-size: 16px;\"><strong style=\"box-sizing: border-box; max-width: 100%;\">Gy&aacute;ri tartoz&eacute;k a sisakhoz az Orr-p&aacute;ra l&eacute;gterel\u0151 bet&eacute;t amely a kil&eacute;legzett leveg\u0151t eltereli a sisak plexij&eacute;r\u0151l, &iacute;gy g&aacute;tolva a p&aacute;r&aacute;sod&aacute;st.<\/strong><\/p>\n<p style=\"box-sizing: border-box; margin: 0px 0px 10px; max-width: 100%; font-family: Roboto, sans-serif; font-size: 16px;\"><strong style=\"box-sizing: border-box; max-width: 100%;\">A sisak plexije Pinlock el\u0151k&eacute;sz&iacute;tett , karcmentes r&eacute;teggel ell&aacute;tott plexi amely szersz&aacute;m n&eacute;lk&uuml;l&nbsp; egyszer\u0171en cser&eacute;lhet\u0151<\/strong><\/p>\n<p style=\"box-sizing: border-box; margin: 0px 0px 10px; max-width: 100%; font-family: Roboto, sans-serif; font-size: 16px;\"><strong style=\"box-sizing: border-box; max-width: 100%;\">&nbsp;Dupla D gy\u0171r\u0171s , legbiztons&aacute;gosabb csattrendszer<\/strong><\/p>\n<p style=\"box-sizing: border-box; margin: 0px 0px 10px; max-width: 100%; font-family: Roboto, sans-serif; font-size: 16px;\"><strong style=\"box-sizing: border-box; max-width: 100%;\">S&uacute;ly: 1250 g<\/strong><\/p>\n<p style=\"box-sizing: border-box; margin: 0px 0px 10px; max-width: 100%; font-family: Roboto, sans-serif; font-size: 16px;\"><strong style=\"box-sizing: border-box; max-width: 100%;\">El&eacute;rhet\u0151 m&eacute;retek: XS, S, M, L, XL, XXL<\/strong><\/p>\n<p style=\"box-sizing: border-box; margin: 0px 0px 10px; max-width: 100%; font-family: Roboto, sans-serif; font-size: 16px;\"><strong style=\"box-sizing: border-box; max-width: 100%;\">&Aacute;r-&eacute;rt&eacute;k ar&aacute;ny&aacute;ban piacvezet\u0151 a vil&aacute;gon!<\/strong><\/p>\n<p style=\"box-sizing: border-box; margin: 0px 0px 10px; max-width: 100%; font-family: Roboto, sans-serif; font-size: 16px;\"><strong>Haszn&aacute;lati &eacute;s kezel&eacute;si &uacute;tmutat&oacute; a term&eacute;khez el&eacute;rhet\u0151 ide kattintva:&nbsp;<a href=\"https:\/\/darazsgarazs.hu\/index.php\/termek\/bukosisak-hasznalati-kezelesi-utmutato.1408.html\">https:\/\/darazsgarazs.hu\/index.php\/termek\/bukosisak-hasznalati-kezelesi-utmutato.1408.html<\/a><\/strong><\/p>\n<p style=\"box-sizing: border-box; margin: 0px 0px 10px; max-width: 100%; font-family: Roboto, sans-serif; font-size: 16px;\"><strong style=\"font-family: Roboto, sans-serif; font-size: 16px;\">A Marushin durva balesetben is bizony&iacute;tott! &Uuml;gyfel&uuml;nk balesete &eacute;s fot&oacute;i ide kattintva &eacute;rhet\u0151ek el:<\/strong><\/p>\n<p style=\"box-sizing: border-box; margin: 0px 0px 10px; max-width: 100%; font-family: Roboto, sans-serif; font-size: 16px;\"><a href=\"https:\/\/darazsgarazs.hu\/index.php\/termek\/marushin-durva-motoros-balesetben.1159.html\"><strong style=\"font-family: Roboto, sans-serif; font-size: 16px;\">https:\/\/darazsgarazs.hu\/index.php\/termek\/marushin-durva-motoros-balesetben.1159.html<\/strong><\/a><\/p>\n<p style=\"box-sizing: border-box; margin: 0px 0px 10px; max-width: 100%; font-family: Roboto, sans-serif; font-size: 16px;\"><strong style=\"box-sizing: border-box; max-width: 100%; color: rgb(255, 0, 0);\">Tekintsd meg extr&eacute;m cs&uacute;sz&aacute;sos balesetet szimul&aacute;l&oacute; vide&oacute;nkat, melyben a term&eacute;k t&ouml;k&eacute;letesen vizsg&aacute;zott:&nbsp;<\/strong><\/p>\n<div style=\"position:relative;padding-bottom:56.25%;padding-top:30px;height:0;overflow:hidden;\"><iframe loading=\"lazy\" allowfullscreen=\"\" frameborder=\"0\" height=\"360\" src=\"\/\/www.youtube.com\/embed\/Sajw_zXzcyo?rel=0\" style=\"position: absolute;top: 0;left: 0;width: 100%;height: 100%;\" width=\"640\"><\/iframe><\/div>\n<p><strong style=\"box-sizing: border-box; max-width: 100%; font-family: Roboto, sans-serif; font-size: 16px;\">A Marushin RS3 t&ouml;k&eacute;letesen teljes&iacute;tett a durva teszt sor&aacute;n is! Megv&eacute;dte koll&eacute;g&aacute;nkat. A sisak teszt ut&aacute;ni fot&oacute;ja a term&eacute;k k&eacute;pek k&ouml;z&ouml;tt l&aacute;that&oacute;.<\/strong><\/p>\n<\/p>\n<p style=\"box-sizing: border-box; margin: 0px 0px 10px; max-width: 100%; font-family: Roboto, sans-serif; font-size: 16px;\"><span style=\"box-sizing: border-box; max-width: 100%; font-family: Roboto, sans-serif; font-size: 16px;\"><strong style=\"box-sizing: border-box; max-width: 100%;\">A MARUSHIN RS3 h&eacute;jszerkezete ugyanabb&oacute;l a magas min\u0151s&eacute;g\u0171 &uuml;vegsz&aacute;lb&oacute;l k&eacute;sz&uuml;l, mint ebben a durva tesztben szerepl\u0151 MARUSHIN 999-es<\/strong><\/span><span style=\"box-sizing: border-box; max-width: 100%; font-family: Roboto, sans-serif; font-size: 16px;\"><strong style=\"box-sizing: border-box; max-width: 100%;\">&nbsp;sisak&eacute;:&nbsp;<\/strong><\/span><\/p>\n<div style=\"position:relative;padding-bottom:56.25%;padding-top:30px;height:0;overflow:hidden;\"><iframe loading=\"lazy\" allowfullscreen=\"\" frameborder=\"0\" height=\"360\" src=\"\/\/www.youtube.com\/embed\/S31cgSzG-cQ?rel=0\" style=\"position: absolute;top: 0;left: 0;width: 100%;height: 100%;\" width=\"640\"><\/iframe><\/div>\n<div style=\"position:relative;padding-bottom:56.25%;padding-top:30px;height:0;overflow:hidden;\">\n<p style=\"box-sizing: border-box; margin: 0px 0px 10px; max-width: 100%; font-family: Roboto, sans-serif; font-size: 16px;\"><strong style=\"box-sizing: border-box; max-width: 100%;\">A sisakhoz el&eacute;rhet\u0151 kieg&eacute;sz&iacute;t\u0151k:<\/strong><\/p>\n<p style=\"box-sizing: border-box; margin: 0px 0px 10px; max-width: 100%; font-family: Roboto, sans-serif; font-size: 16px;\"><strong style=\"box-sizing: border-box; max-width: 100%;\">&Uuml;zlet&uuml;nkben el&eacute;rhet\u0151 a sisakhoz tartoz&oacute; pinlock p&aacute;ramentes&iacute;t\u0151 bet&eacute;t az al&aacute;bbi linkre kattintva :<\/strong><\/p>\n<p style=\"box-sizing: border-box; margin: 0px 0px 10px; max-width: 100%; font-family: Roboto, sans-serif; font-size: 16px;\"><a href=\"https:\/\/darazsgarazs.hu\/termek\/marushin-pinlock-paramentesito-betet.949.html\" style=\"color: rgb(51, 122, 183); box-sizing: border-box; background-color: transparent; text-decoration-line: none; max-width: 100%;\">https:\/\/darazsgarazs.hu\/termek\/marushin-pinlock-paramentesito-betet.949.html<\/a><\/p>\n<p style=\"box-sizing: border-box; margin: 0px 0px 10px; max-width: 100%; font-family: Roboto, sans-serif; font-size: 16px;\"><strong style=\"box-sizing: border-box; max-width: 100%;\">S&ouml;t&eacute;t&iacute;tett vagy s&ouml;t&eacute;t &#8211; t&uuml;kr&ouml;s fel&uuml;let\u0171 plexi el&eacute;rhet\u0151 &uuml;zlet&uuml;nkben az al&aacute;bbi linkre kattintva :<\/strong><\/p>\n<p style=\"box-sizing: border-box; margin: 0px 0px 10px; max-width: 100%; font-family: Roboto, sans-serif; font-size: 16px;\"><strong style=\"box-sizing: border-box; max-width: 100%;\">S&ouml;t&eacute;t Plexi:&nbsp;<\/strong><a href=\"https:\/\/darazsgarazs.hu\/termek\/marushin-sotet-plexi.948.html\" style=\"color: rgb(51, 122, 183); box-sizing: border-box; background-color: transparent; text-decoration-line: none; max-width: 100%;\">https:\/\/darazsgarazs.hu\/termek\/marushin-sotet-plexi.948.html<\/a><\/p>\n<p style=\"box-sizing: border-box; margin: 0px 0px 10px; max-width: 100%; font-family: Roboto, sans-serif; font-size: 16px;\"><strong style=\"box-sizing: border-box; max-width: 100%;\">T&uuml;kr&ouml;s Plexi:&nbsp;<\/strong><a href=\"https:\/\/darazsgarazs.hu\/termek\/szinezett-pelxi-minden-marushin-sisakhoz-tobbfele-szinben.203.html\" style=\"color: rgb(51, 122, 183); box-sizing: border-box; background-color: transparent; text-decoration-line: none; max-width: 100%;\">https:\/\/darazsgarazs.hu\/termek\/szinezett-pelxi-minden-marushin-sisakhoz-tobbfele-szinben.203.html<\/a><\/p>\n<\/div>\n","protected":false},"excerpt":{"rendered":"<p>A Jap&aacute;n Marushin c&eacute;g egyik leg&uacute;jabb sisakja, amely r&aacute;ad&aacute;sul azonnal&nbsp;nemzetk&ouml;zi teszten is kiv&aacute;l&oacute;an szerepelt! A Motorrad&amp;Reisen magazinn&aacute;l &quot;Gut&quot; min\u0151s&iacute;t&eacute;st kapott. [&hellip;]<\/p>\n","protected":false},"featured_media":102596,"template":"","meta":{"site-sidebar-layout":"default","site-content-layout":"","ast-site-content-layout":"default","site-content-style":"default","site-sidebar-style":"default","ast-global-header-display":"","ast-banner-title-visibility":"","ast-main-header-display":"","ast-hfb-above-header-display":"","ast-hfb-below-header-display":"","ast-hfb-mobile-header-display":"","site-post-title":"","ast-breadcrumbs-content":"","ast-featured-img":"","footer-sml-layout":"","ast-disable-related-posts":"","theme-transparent-header-meta":"","adv-header-id-meta":"","stick-header-meta":"","header-above-stick-meta":"","header-main-stick-meta":"","header-below-stick-meta":"","astra-migrate-meta-layouts":"default","ast-page-background-enabled":"default","ast-page-background-meta":{"desktop":{"background-color":"var(--ast-global-color-5)","background-image":"","background-repeat":"repeat","background-position":"center center","background-size":"auto","background-attachment":"scroll","background-type":"","background-media":"","overlay-type":"","overlay-color":"","overlay-opacity":"","overlay-gradient":""},"tablet":{"background-color":"","background-image":"","background-repeat":"repeat","background-position":"center center","background-size":"auto","background-attachment":"scroll","background-type":"","background-media":"","overlay-type":"","overlay-color":"","overlay-opacity":"","overlay-gradient":""},"mobile":{"background-color":"","background-image":"","background-repeat":"repeat","background-position":"center center","background-size":"auto","background-attachment":"scroll","background-type":"","background-media":"","overlay-type":"","overlay-color":"","overlay-opacity":"","overlay-gradient":""}},"ast-content-background-meta":{"desktop":{"background-color":"var(--ast-global-color-4)","background-image":"","background-repeat":"repeat","background-position":"center center","background-size":"auto","background-attachment":"scroll","background-type":"","background-media":"","overlay-type":"","overlay-color":"","overlay-opacity":"","overlay-gradient":""},"tablet":{"background-color":"var(--ast-global-color-4)","background-image":"","background-repeat":"repeat","background-position":"center center","background-size":"auto","background-attachment":"scroll","background-type":"","background-media":"","overlay-type":"","overlay-color":"","overlay-opacity":"","overlay-gradient":""},"mobile":{"background-color":"var(--ast-global-color-4)","background-image":"","background-repeat":"repeat","background-position":"center center","background-size":"auto","background-attachment":"scroll","background-type":"","background-media":"","overlay-type":"","overlay-color":"","overlay-opacity":"","overlay-gradient":""}}},"product_brand":[],"product_cat":[121,150],"product_tag":[],"class_list":{"0":"post-109943","1":"product","2":"type-product","3":"status-publish","4":"has-post-thumbnail","6":"product_cat-bukosisakok","7":"product_cat-zart-bukosisakok","8":"desktop-align-left","9":"tablet-align-left","10":"mobile-align-left","12":"first","13":"instock","14":"sale","15":"shipping-taxable","16":"purchasable","17":"product-type-simple"},"jetpack_sharing_enabled":true,"_links":{"self":[{"href":"https:\/\/zatureczkimarcell.ddns.net\/wordpress\/wp-json\/wp\/v2\/product\/109943","targetHints":{"allow":["GET"]}}],"collection":[{"href":"https:\/\/zatureczkimarcell.ddns.net\/wordpress\/wp-json\/wp\/v2\/product"}],"about":[{"href":"https:\/\/zatureczkimarcell.ddns.net\/wordpress\/wp-json\/wp\/v2\/types\/product"}],"wp:featuredmedia":[{"embeddable":true,"href":"https:\/\/zatureczkimarcell.ddns.net\/wordpress\/wp-json\/wp\/v2\/media\/102596"}],"wp:attachment":[{"href":"https:\/\/zatureczkimarcell.ddns.net\/wordpress\/wp-json\/wp\/v2\/media?parent=109943"}],"wp:term":[{"taxonomy":"product_brand","embeddable":true,"href":"https:\/\/zatureczkimarcell.ddns.net\/wordpress\/wp-json\/wp\/v2\/product_brand?post=109943"},{"taxonomy":"product_cat","embeddable":true,"href":"https:\/\/zatureczkimarcell.ddns.net\/wordpress\/wp-json\/wp\/v2\/product_cat?post=109943"},{"taxonomy":"product_tag","embeddable":true,"href":"https:\/\/zatureczkimarcell.ddns.net\/wordpress\/wp-json\/wp\/v2\/product_tag?post=109943"}],"curies":[{"name":"wp","href":"https:\/\/api.w.org\/{rel}","templated":true}]}}