{"id":109942,"date":"2026-04-01T10:41:59","date_gmt":"2026-04-01T08:41:59","guid":{"rendered":"https:\/\/zatureczkimarcell.ddns.net\/wordpress\/?post_type=product&#038;p=109942"},"modified":"2026-04-01T10:42:24","modified_gmt":"2026-04-01T08:42:24","slug":"marushin-m410-loop-tesztgyoztes-uvegszalas-felnyithato-napszemuveges-bukosisak","status":"publish","type":"product","link":"https:\/\/zatureczkimarcell.ddns.net\/wordpress\/termek\/marushin-m410-loop-tesztgyoztes-uvegszalas-felnyithato-napszemuveges-bukosisak\/","title":{"rendered":"Marushin M410 Loop TESZTGY\u0150ZTES \u00fcvegsz\u00e1las felnyithat\u00f3 napszem\u00fcveges buk\u00f3sisak"},"content":{"rendered":"<h2 style=\"box-sizing: border-box; font-family: Roboto, sans-serif; line-height: 1.1; margin-top: 20px; margin-bottom: 10px; font-size: 30px;\"><strong><span style=\"font-size:16px;\">Marushin M410 Loop <span style=\"color:#FF0000;\">&uuml;vegsz&aacute;las<\/span>&nbsp;TESZTGY\u0150ZTES felnyithat&oacute; <span style=\"color:#FF0000;\">napszem&uuml;veges <\/span>buk&oacute;sisak<\/span><\/strong><\/h2>\n<p><span style=\"color:#FF0000;\"><strong><span style=\"font-size:16px;\">A Motorrad+Reisen magazinn&aacute;l tesztgy\u0151ztes &eacute;s &quot;GUT&quot; min\u0151s&iacute;t&eacute;st szerzett!&nbsp;<\/span><\/strong><\/span><\/p>\n<p><em><span style=\"color:#000000;\"><strong><span style=\"font-size:16px;\">A tesztben kiemelt&eacute;k a sisak k&eacute;nyelm&eacute;t &eacute;s azt hogy szem&uuml;vegesek sz&aacute;m&aacute;ra is komfortos&nbsp;viselet!&nbsp;<\/span><\/strong><\/span><\/em><\/p>\n<p><strong style=\"box-sizing: border-box; max-width: 100%;\">Mind&ouml;ssze 1500g s&uacute;ly&aacute;val a k&eacute;nyelmet kedvel\u0151 t&uacute;r&aacute;zok kedvence.<\/strong><\/p>\n<div class=\"col-sm-14\" style=\"box-sizing: border-box; position: relative; min-height: 1px; padding-left: 8px; padding-right: 7px; float: left; width: 647.5px; font-family: Roboto, sans-serif; font-size: 14px;\">\n<div class=\"row\" style=\"box-sizing: border-box; margin-left: -7px; margin-right: -8px;\">\n<div class=\"col-xs-24\" style=\"box-sizing: border-box; position: relative; min-height: 1px; padding-left: 8px; padding-right: 7px; float: left; width: 647.5px;\">\n<div class=\"product-description\" style=\"box-sizing: border-box; font-size: 16px;\">\n<p style=\"box-sizing: border-box; margin: 0px 0px 10px; max-width: 100%;\"><strong style=\"box-sizing: border-box; max-width: 100%;\"><span segoe=\"\" style=\"box-sizing: border-box; max-width: 100%; color: rgb(68, 68, 68);\" ui=\"\">Felv&eacute;telkor azonnal &eacute;rezni hogy &aacute;tlagon fel&uuml;li k&eacute;nyelm\u0171 sisak.<\/span><br segoe=\"\" style=\"box-sizing: inherit; max-width: 100%; color: rgb(68, 68, 68);\" ui=\"\" \/><br \/>\n<span segoe=\"\" style=\"box-sizing: border-box; max-width: 100%; color: rgb(68, 68, 68);\" ui=\"\">A napszem&uuml;veg lehajtott &aacute;llapotban, nagy fel&uuml;let\u0171, a teljes l&aacute;t&oacute;mez\u0151t takarja, t&ouml;k&eacute;letesen megakad&aacute;lyozza a napf&eacute;ny besz\u0171r\u0151d&eacute;s&eacute;t.<\/span><\/strong><\/p>\n<p style=\"box-sizing: border-box; margin: 0px 0px 10px; max-width: 100%;\"><strong style=\"box-sizing: border-box; max-width: 100%;\">Kis h&eacute;jm&eacute;ret\u0171 , <span style=\"color:#FF0000;\">aerodinamikailag optimaliz&aacute;lt, sz&eacute;lcsatorn&aacute;ban tesztelt<\/span> &uuml;vegsz&aacute;las buk&oacute;sisak<\/strong><\/p>\n<p style=\"box-sizing: border-box; margin: 0px 0px 10px; max-width: 100%;\"><strong style=\"box-sizing: border-box; max-width: 100%;\">A sz&eacute;lcsatorn&aacute;s tesztek sor&aacute;n a sisakon elhelyezett szell\u0151z\u0151k, &uacute;gy lettek kialak&iacute;tva hogy a lehet\u0151 legt&ouml;bb leveg\u0151t engedj&eacute;k be a sisakba.<\/strong><\/p>\n<p style=\"box-sizing: border-box; margin: 0px 0px 10px; max-width: 100%;\"><span style=\"color:#FF0000;\"><strong style=\"box-sizing: border-box; max-width: 100%;\">Szem&uuml;vegbar&aacute;t &eacute;s sisakbesz&eacute;l\u0151 rendszerek be&eacute;p&iacute;t&eacute;s&eacute;t lehet\u0151v&eacute; t&aacute;mogat&oacute; bels\u0151 kialak&iacute;t&aacute;s<\/strong><\/span><\/p>\n<p style=\"box-sizing: border-box; margin: 0px 0px 10px; max-width: 100%;\"><strong style=\"box-sizing: border-box; max-width: 100%;\">A Jap&aacute;n Marushin saj&aacute;t fejleszt&eacute;s\u0171- lev&eacute;dett szabadalm&uacute; Marushin Cool inner liner&nbsp;antibakteri&aacute;lis , kivehet\u0151 moshat&oacute; bels\u0151 r&eacute;szt alkalmaz ebben a sisakban is, amely t&ouml;k&eacute;letesen k&ouml;rbe&ouml;leli a motoros fej&eacute;t &eacute;s a legjobb izzadts&aacute;gelvezet&eacute;st biztos&iacute;tja.&nbsp;<\/strong><\/p>\n<p style=\"box-sizing: border-box; margin: 0px 0px 10px; max-width: 100%;\"><strong style=\"box-sizing: border-box; max-width: 100%;\">A Marushin saj&aacute;t szabadalma az M.A.R.O&nbsp; technol&oacute;gia biztos&iacute;tja, hogy egy esetleges baleset sor&aacute;n a legkisebb a val&oacute;sz&iacute;n\u0171s&eacute;ge annak hogy a sisak leg&ouml;rd&uuml;lj&ouml;n a visel\u0151je fej&eacute;r\u0151l .<\/strong><\/p>\n<p style=\"box-sizing: border-box; margin: 0px 0px 10px; max-width: 100%;\"><strong style=\"box-sizing: border-box; max-width: 100%;\">A sisak bels\u0151 r&eacute;sze &bdquo;Emergency Strap&rdquo; rendszerrel egyszer\u0171en elt&aacute;vol&iacute;that&oacute; egy esetleges baleset ut&aacute;n, &iacute;gy k&ouml;nny&iacute;tve a seg&iacute;ts&eacute;get ny&uacute;jt&oacute;k munk&aacute;j&aacute;t!<\/strong><\/p>\n<p style=\"box-sizing: border-box; margin: 0px 0px 10px; max-width: 100%;\"><strong style=\"box-sizing: border-box; max-width: 100%;\">A sisak &aacute;llr&eacute;sz&eacute;n&eacute;l az &uacute;gynevezett &bdquo;bog&aacute;rv&eacute;d\u0151 h&aacute;l&oacute;&rdquo; g&aacute;tolja&nbsp; a sz&eacute;lzaj kialakul&aacute;s&aacute;t.<\/strong><\/p>\n<p style=\"box-sizing: border-box; margin: 0px 0px 10px; max-width: 100%;\"><strong style=\"box-sizing: border-box; max-width: 100%;\">Gy&aacute;ri tartoz&eacute;k a sisakhoz az Orr-p&aacute;ra l&eacute;gterel\u0151 bet&eacute;t amely a kil&eacute;legzett leveg\u0151t eltereli a sisak plexij&eacute;r\u0151l, &iacute;gy g&aacute;tolva a p&aacute;r&aacute;sod&aacute;st.<\/strong><\/p>\n<p style=\"box-sizing: border-box; margin: 0px 0px 10px; max-width: 100%;\"><strong style=\"box-sizing: border-box; max-width: 100%;\">A sisak plexije Pinlock el\u0151k&eacute;sz&iacute;tett , karcmentes r&eacute;teggel ell&aacute;tott plexi amely szersz&aacute;m n&eacute;lk&uuml;l&nbsp; egyszer\u0171en cser&eacute;lhet\u0151<\/strong><\/p>\n<p style=\"box-sizing: border-box; margin: 0px 0px 10px; max-width: 100%;\"><strong style=\"box-sizing: border-box; max-width: 100%;\">Rozsdamentes micrometrikus (racsnis ) csattrendszer<\/strong><\/p>\n<p style=\"box-sizing: border-box; margin: 0px 0px 10px; max-width: 100%;\"><strong>Haszn&aacute;lati &eacute;s kezel&eacute;si &uacute;tmutat&oacute; a term&eacute;khez el&eacute;rhet\u0151 ide kattintva:&nbsp;<a href=\"https:\/\/darazsgarazs.hu\/index.php\/termek\/bukosisak-hasznalati-kezelesi-utmutato.1408.html\">https:\/\/darazsgarazs.hu\/index.php\/termek\/bukosisak-hasznalati-kezelesi-utmutato.1408.html<\/a><\/strong><\/p>\n<p style=\"box-sizing: border-box; margin: 0px 0px 10px; max-width: 100%;\"><strong style=\"box-sizing: border-box; max-width: 100%;\">A sisakhoz el&eacute;rhet\u0151 kieg&eacute;sz&iacute;t\u0151k:<\/strong><\/p>\n<p style=\"box-sizing: border-box; margin: 0px 0px 10px; max-width: 100%;\"><strong style=\"box-sizing: border-box; max-width: 100%;\">&Uuml;zlet&uuml;nkben el&eacute;rhet\u0151 a sisakhoz tartoz&oacute; pinlock p&aacute;ramentes&iacute;t\u0151 bet&eacute;t az al&aacute;bbi linkre kattintva :<\/strong><\/p>\n<p style=\"box-sizing: border-box; margin: 0px 0px 10px; max-width: 100%;\"><a href=\"https:\/\/darazsgarazs.hu\/termek\/marushin-pinlock-paramentesito-betet.949.html\" style=\"box-sizing: border-box; background-color: transparent; color: rgb(51, 122, 183); text-decoration-line: none; max-width: 100%;\">https:\/\/darazsgarazs.hu\/termek\/marushin-pinlock-paramentesito-betet.949.html<\/a><\/p>\n<p style=\"box-sizing: border-box; margin: 0px 0px 10px; max-width: 100%;\"><strong style=\"box-sizing: border-box; max-width: 100%;\">S&ouml;t&eacute;t&iacute;tett vagy s&ouml;t&eacute;t &#8211; t&uuml;kr&ouml;s fel&uuml;let\u0171 plexi el&eacute;rhet\u0151 &uuml;zlet&uuml;nkben az al&aacute;bbi linkre kattintva :<\/strong><\/p>\n<p style=\"box-sizing: border-box; margin: 0px 0px 10px; max-width: 100%;\"><strong style=\"box-sizing: border-box; max-width: 100%;\">S&ouml;t&eacute;t plexi:&nbsp;<\/strong><a href=\"https:\/\/darazsgarazs.hu\/termek\/marushin-sotet-plexi.948.html\" style=\"box-sizing: border-box; background-color: transparent; color: rgb(51, 122, 183); text-decoration-line: none; max-width: 100%;\">https:\/\/darazsgarazs.hu\/termek\/marushin-sotet-plexi.948.html<\/a><\/p>\n<p style=\"box-sizing: border-box; margin: 0px 0px 10px; max-width: 100%;\"><strong style=\"box-sizing: border-box; max-width: 100%;\">T&uuml;kr&ouml;s&nbsp;plexi:&nbsp;<\/strong><a href=\"https:\/\/darazsgarazs.hu\/termek\/szinezett-pelxi-minden-marushin-sisakhoz-tobbfele-szinben.203.html\" style=\"box-sizing: border-box; background-color: transparent; color: rgb(51, 122, 183); text-decoration-line: none; max-width: 100%;\">https:\/\/darazsgarazs.hu\/termek\/szinezett-pelxi-minden-marushin-sisakhoz-tobbfele-szinben.203.html<\/a><\/p>\n<p style=\"box-sizing: border-box; margin: 0px 0px 10px; max-width: 100%;\">\n<p style=\"box-sizing: border-box; margin: 0px 0px 10px; max-width: 100%;\">\n<p style=\"box-sizing: border-box; margin: 0px 0px 10px; max-width: 100%;\">\n<\/div>\n<\/div>\n<\/div>\n<\/div>\n<div class=\"col-sm-24\" style=\"box-sizing: border-box; position: relative; min-height: 1px; padding-left: 8px; padding-right: 7px; float: left; width: 1110px; font-family: Roboto, sans-serif; font-size: 14px;\">\n<div class=\"product-recommended\" style=\"box-sizing: border-box; padding: 15px;\">\n<div class=\"row\" style=\"box-sizing: border-box; margin-left: -7px; margin-right: -8px;\"><\/div>\n<\/div>\n<\/div>\n","protected":false},"excerpt":{"rendered":"<p>Marushin M410 Loop &uuml;vegsz&aacute;las&nbsp;TESZTGY\u0150ZTES felnyithat&oacute; napszem&uuml;veges buk&oacute;sisak A Motorrad+Reisen magazinn&aacute;l tesztgy\u0151ztes &eacute;s &quot;GUT&quot; min\u0151s&iacute;t&eacute;st szerzett!&nbsp; A tesztben kiemelt&eacute;k a sisak [&hellip;]<\/p>\n","protected":false},"featured_media":106313,"template":"","meta":{"site-sidebar-layout":"default","site-content-layout":"","ast-site-content-layout":"default","site-content-style":"default","site-sidebar-style":"default","ast-global-header-display":"","ast-banner-title-visibility":"","ast-main-header-display":"","ast-hfb-above-header-display":"","ast-hfb-below-header-display":"","ast-hfb-mobile-header-display":"","site-post-title":"","ast-breadcrumbs-content":"","ast-featured-img":"","footer-sml-layout":"","ast-disable-related-posts":"","theme-transparent-header-meta":"","adv-header-id-meta":"","stick-header-meta":"","header-above-stick-meta":"","header-main-stick-meta":"","header-below-stick-meta":"","astra-migrate-meta-layouts":"default","ast-page-background-enabled":"default","ast-page-background-meta":{"desktop":{"background-color":"var(--ast-global-color-5)","background-image":"","background-repeat":"repeat","background-position":"center center","background-size":"auto","background-attachment":"scroll","background-type":"","background-media":"","overlay-type":"","overlay-color":"","overlay-opacity":"","overlay-gradient":""},"tablet":{"background-color":"","background-image":"","background-repeat":"repeat","background-position":"center center","background-size":"auto","background-attachment":"scroll","background-type":"","background-media":"","overlay-type":"","overlay-color":"","overlay-opacity":"","overlay-gradient":""},"mobile":{"background-color":"","background-image":"","background-repeat":"repeat","background-position":"center center","background-size":"auto","background-attachment":"scroll","background-type":"","background-media":"","overlay-type":"","overlay-color":"","overlay-opacity":"","overlay-gradient":""}},"ast-content-background-meta":{"desktop":{"background-color":"var(--ast-global-color-4)","background-image":"","background-repeat":"repeat","background-position":"center center","background-size":"auto","background-attachment":"scroll","background-type":"","background-media":"","overlay-type":"","overlay-color":"","overlay-opacity":"","overlay-gradient":""},"tablet":{"background-color":"var(--ast-global-color-4)","background-image":"","background-repeat":"repeat","background-position":"center center","background-size":"auto","background-attachment":"scroll","background-type":"","background-media":"","overlay-type":"","overlay-color":"","overlay-opacity":"","overlay-gradient":""},"mobile":{"background-color":"var(--ast-global-color-4)","background-image":"","background-repeat":"repeat","background-position":"center center","background-size":"auto","background-attachment":"scroll","background-type":"","background-media":"","overlay-type":"","overlay-color":"","overlay-opacity":"","overlay-gradient":""}}},"product_brand":[],"product_cat":[121,123,122,146],"product_tag":[],"class_list":{"0":"post-109942","1":"product","2":"type-product","3":"status-publish","4":"has-post-thumbnail","6":"product_cat-bukosisakok","7":"product_cat-nyithato-bukosisakok","8":"product_cat-nyitott","9":"product_cat-orias-meretu-motoros-ruhazat","10":"desktop-align-left","11":"tablet-align-left","12":"mobile-align-left","14":"first","15":"instock","16":"sale","17":"shipping-taxable","18":"purchasable","19":"product-type-simple"},"jetpack_sharing_enabled":true,"_links":{"self":[{"href":"https:\/\/zatureczkimarcell.ddns.net\/wordpress\/wp-json\/wp\/v2\/product\/109942","targetHints":{"allow":["GET"]}}],"collection":[{"href":"https:\/\/zatureczkimarcell.ddns.net\/wordpress\/wp-json\/wp\/v2\/product"}],"about":[{"href":"https:\/\/zatureczkimarcell.ddns.net\/wordpress\/wp-json\/wp\/v2\/types\/product"}],"wp:featuredmedia":[{"embeddable":true,"href":"https:\/\/zatureczkimarcell.ddns.net\/wordpress\/wp-json\/wp\/v2\/media\/106313"}],"wp:attachment":[{"href":"https:\/\/zatureczkimarcell.ddns.net\/wordpress\/wp-json\/wp\/v2\/media?parent=109942"}],"wp:term":[{"taxonomy":"product_brand","embeddable":true,"href":"https:\/\/zatureczkimarcell.ddns.net\/wordpress\/wp-json\/wp\/v2\/product_brand?post=109942"},{"taxonomy":"product_cat","embeddable":true,"href":"https:\/\/zatureczkimarcell.ddns.net\/wordpress\/wp-json\/wp\/v2\/product_cat?post=109942"},{"taxonomy":"product_tag","embeddable":true,"href":"https:\/\/zatureczkimarcell.ddns.net\/wordpress\/wp-json\/wp\/v2\/product_tag?post=109942"}],"curies":[{"name":"wp","href":"https:\/\/api.w.org\/{rel}","templated":true}]}}