{"id":109937,"date":"2026-04-01T10:41:55","date_gmt":"2026-04-01T08:41:55","guid":{"rendered":"https:\/\/zatureczkimarcell.ddns.net\/wordpress\/?post_type=product&#038;p=109937"},"modified":"2026-04-01T10:42:20","modified_gmt":"2026-04-01T08:42:20","slug":"khao-air-halos-vizallo-membranos-tesztgyoztes-nyari-kabat-videoval-extra-meretekben-is","status":"publish","type":"product","link":"https:\/\/zatureczkimarcell.ddns.net\/wordpress\/termek\/khao-air-halos-vizallo-membranos-tesztgyoztes-nyari-kabat-videoval-extra-meretekben-is\/","title":{"rendered":"Khao air h\u00e1l\u00f3s- v\u00edz\u00e1ll\u00f3 membr\u00e1nos tesztgy\u0151ztes ny\u00e1ri kab\u00e1t-Vide\u00f3val-Extra m\u00e9retekben is!"},"content":{"rendered":"<p style=\"box-sizing: border-box; margin: 0px 0px 10px; max-width: 100%; font-family: Roboto, sans-serif; font-size: 16px;\"><b><span arial=\"\">A&nbsp; legnagyobb eur&oacute;pai motoros magazin&nbsp;2023.07. havi sz&aacute;m&aacute;ban,&nbsp;komoly mez\u0151nyben (Alpinestars, Berik, Held, Spidi) lett tesztgy\u0151ztes&nbsp;<\/span><span arial=\"\">MODEKA KHAO AIR<\/span><\/b><b>&nbsp;kab&aacute;tunk . A tesztben&nbsp;nem csak a Khao Air extra j&oacute; szell\u0151z&eacute;s&eacute;t, hanem a &nbsp;kedvez\u0151 &aacute;r-&eacute;rt&eacute;k ar&aacute;ny&aacute;t is m&eacute;ltatt&aacute;k a tesztel\u0151k.&nbsp;<\/b><\/p>\n<p style=\"box-sizing: border-box; margin: 0px 0px 10px; max-width: 100%; font-family: Roboto, sans-serif; font-size: 16px;\"><span style=\"color:#FF0000;\"><b>A Motorrad News 2024-es tesztj&eacute;n is kimagasl&oacute;an szerepelt !<\/b><\/span><\/p>\n<p style=\"box-sizing: border-box; margin: 0px 0px 10px; max-width: 100%; font-family: Roboto, sans-serif; font-size: 16px;\"><span style=\"box-sizing: border-box; max-width: 100%;\"><strong style=\"box-sizing: border-box; max-width: 100%;\">A <span style=\"color:#FF0000;\">H&aacute;l&oacute;s fel&uuml;let\u0171, ez&aacute;ltal kiv&aacute;l&oacute;an szell\u0151z\u0151<\/span> &eacute;s kivehet\u0151 membr&aacute;nnal ell&aacute;tott kab&aacute;tok, rendk&iacute;v&uuml;li komfort&eacute;rzetet biztos&iacute;tanak.&nbsp;<\/strong><\/span><\/p>\n<p style=\"box-sizing: border-box; margin: 0px 0px 10px; max-width: 100%; font-family: Roboto, sans-serif; font-size: 16px;\"><span style=\"box-sizing: border-box; max-width: 100%;\"><strong style=\"box-sizing: border-box; max-width: 100%;\">Tesztjeink szerint &bdquo;Naked&rdquo; motoron viselve , m&aacute;r 20Km\/h sebess&eacute;gt\u0151l<span style=\"color:#FF0000;\"> nem &eacute;rzed hogy kab&aacute;t van rajtad, annyira szell\u0151s!<\/span><\/strong><\/span><\/p>\n<p style=\"box-sizing: border-box; margin: 0px 0px 10px; max-width: 100%; font-family: Roboto, sans-serif; font-size: 16px;\"><span style=\"box-sizing: border-box; max-width: 100%;\"><strong style=\"box-sizing: border-box; max-width: 100%;\">A ny&aacute;ri k&aacute;nikul&aacute;ban, egy ilyen kab&aacute;tot viselve, maxim&aacute;lis biztons&aacute;gban vagyunk a protektoroknak k&ouml;sz&ouml;nhet\u0151en, m&eacute;gis olyan &eacute;rz&eacute;s lesz m&aacute;r kis sebess&eacute;gn&eacute;l is motorozni, mintha nem is lenne rajtad motoros kab&aacute;t .<\/strong><\/span><\/p>\n<p style=\"box-sizing: border-box; margin: 0px 0px 10px; max-width: 100%; font-family: Roboto, sans-serif; font-size: 16px;\"><span style=\"box-sizing: border-box; max-width: 100%;\"><strong style=\"box-sizing: border-box; max-width: 100%;\"><span style=\"color:#FF0000;\">Rendk&iacute;v&uuml;l j&oacute; szell\u0151z&eacute;st biztos&iacute;t ! Amellett hogy a protektorok megv&eacute;dik, nem izzad bele visel\u0151je.<\/span> S\u0151t!&nbsp;<\/strong><\/span><\/p>\n<p style=\"box-sizing: border-box; margin: 0px 0px 10px; max-width: 100%; font-family: Roboto, sans-serif; font-size: 16px;\"><span style=\"box-sizing: border-box; max-width: 100%;\"><strong style=\"box-sizing: border-box; max-width: 100%;\">A becipz&aacute;rozhat&oacute; es\u0151 &eacute;s sz&eacute;lz&aacute;r&oacute; membr&aacute;n a <span style=\"color:#FF0000;\">h\u0171v&ouml;sebb reggeleken, vagy az es\u0151 ellen is v&eacute;delmet ny&uacute;jt.<\/span><\/strong><\/span><\/p>\n<p style=\"box-sizing: border-box; margin: 0px 0px 10px; max-width: 100%; font-family: Roboto, sans-serif; font-size: 16px;\"><span style=\"box-sizing: border-box; max-width: 100%;\"><strong style=\"box-sizing: border-box; max-width: 100%;\">Teh&aacute;t hi&aacute;ba f&uacute;j a sz&eacute;l, a membr&aacute;n megv&eacute;d . Hi&aacute;ba esik az es\u0151, a membr&aacute;n v&eacute;d az es\u0151 ellen. Viszont amikor a legnagyobb melegekben motorozol, akkor sem izzadsz meg , ha a kab&aacute;tb&oacute;l kiveszed az es\u0151 &eacute;s sz&eacute;l&aacute;ll&oacute; membr&aacute;nt.&nbsp;<\/strong><\/span><\/p>\n<p style=\"box-sizing: border-box; margin: 0px 0px 10px; max-width: 100%; font-family: Roboto, sans-serif; font-size: 16px;\"><span style=\"color:#FF0000;\"><span style=\"box-sizing: border-box; max-width: 100%;\"><strong style=\"box-sizing: border-box; max-width: 100%;\">Protektoros v&eacute;delem &eacute;s maxim&aacute;lis komfort m&eacute;g a legnagyobb ny&aacute;ri k&aacute;nikul&aacute;ban is!&nbsp;<\/strong><\/span><\/span><\/p>\n<p style=\"box-sizing: border-box; margin: 0px 0px 10px; max-width: 100%; font-family: Roboto, sans-serif; font-size: 16px;\"><strong style=\"color: rgb(0, 0, 0); font-size: 16px;\">A legt&ouml;bb&nbsp; protektor ing az els\u0151 becsap&oacute;d&aacute;sn&aacute;l v&eacute;d, cs&uacute;sz&aacute;sn&aacute;l viszont leszakadhat visel\u0151j&eacute;r\u0151l. Ezzel szemben ez a&nbsp;kab&aacute;t nem csak a becsap&oacute;d&aacute;sn&aacute;l v&eacute;d, hanem a cs&uacute;sz&aacute;sn&aacute;l is. Ezt megtekintheted honlapunk f\u0151oldal&aacute;n az extr&eacute;m cs&uacute;sz&aacute;sos balesetet szimul&aacute;l&oacute; extr&eacute;m tesztvide&oacute;nkban.&nbsp;<\/strong><\/p>\n<p style=\"box-sizing: border-box; margin: 0px 0px 10px; max-width: 100%; font-family: Roboto, sans-serif; font-size: 16px;\"><font color=\"#ff0000\"><b>A k&eacute;pek k&ouml;z&ouml;tt el&eacute;gedett v&aacute;s&aacute;rl&oacute;ink v&eacute;lem&eacute;nye is l&aacute;that&oacute;, akik k&aacute;nikul&aacute;ban viselt&eacute;k&nbsp;term&eacute;k&uuml;nket.&nbsp;<\/b><\/font><\/p>\n<p style=\"box-sizing: border-box; margin: 0px 0px 10px; max-width: 100%; font-family: Roboto, sans-serif; font-size: 16px;\">\n<p style=\"box-sizing: border-box; margin: 0px 0px 10px; max-width: 100%; font-family: Roboto, sans-serif; font-size: 16px;\"><span style=\"box-sizing: border-box; max-width: 100%;\"><strong style=\"box-sizing: border-box; max-width: 100%;\">H&aacute;l&oacute;s fel&uuml;let\u0171, kiv&aacute;l&oacute;an szell\u0151z\u0151 motoros kab&aacute;t amely kicipz&aacute;rozhat&oacute; 100%-ban sz&eacute;l &eacute;s v&iacute;z&aacute;ll&oacute; Humax membr&aacute;nt tartalmaz.&nbsp;<\/strong>(A Humax membr&aacute;n tulajdons&aacute;gait az anyaglexikon men&uuml;pontban olvashatod)&nbsp;<\/span><\/p>\n<p style=\"box-sizing: border-box; margin: 0px 0px 10px; max-width: 100%; font-family: Roboto, sans-serif; font-size: 16px;\"><span style=\"box-sizing: border-box; max-width: 100%;\"><strong style=\"box-sizing: border-box; max-width: 100%;\">V&aacute;ll &eacute;s k&ouml;ny&ouml;kv&eacute;d\u0151 protektorral .&nbsp;<\/strong><\/span><span style=\"font-size:16px;\"><strong>A k&ouml;ny&ouml;kprotektor helyzete &aacute;ll&iacute;that&oacute;, &iacute;gy a be&aacute;ll&iacute;t&aacute;st k&ouml;vet\u0151en mindenki sz&aacute;m&aacute;ra azonnal t&ouml;k&eacute;letes helyen lesz a protektor!&nbsp;<span style=\"box-sizing: border-box; max-width: 100%;\"><strong style=\"box-sizing: border-box; max-width: 100%;\">&nbsp;<\/strong><\/span><\/strong><\/span><\/p>\n<p style=\"box-sizing: border-box; margin: 0px 0px 10px; max-width: 100%; font-family: Roboto, sans-serif; font-size: 16px;\"><span style=\"box-sizing: border-box; max-width: 100%;\"><strong style=\"box-sizing: border-box; max-width: 100%;\">Gerincprotektornak kialak&iacute;tott protektorzseb<\/strong><\/span><\/p>\n<p style=\"box-sizing: border-box; margin: 0px 0px 10px; max-width: 100%; font-family: Roboto, sans-serif; font-size: 16px;\"><span style=\"box-sizing: border-box; max-width: 100%;\"><strong style=\"box-sizing: border-box; max-width: 100%;\">A kab&aacute;t m&aacute;r kis sebess&eacute;gn&eacute;l is t&ouml;k&eacute;letes szell\u0151z&eacute;st biztos&iacute;t, &iacute;gy a k&aacute;nikulai napokon is rendk&iacute;v&uuml;li komfort&eacute;rzetet biztos&iacute;t.&nbsp;<\/strong><\/span><\/p>\n<p style=\"box-sizing: border-box; margin: 0px 0px 10px; max-width: 100%; font-family: Roboto, sans-serif; font-size: 16px;\"><span style=\"box-sizing: border-box; max-width: 100%;\"><strong style=\"box-sizing: border-box; max-width: 100%;\">M&eacute;retek: XS, S, M, L, XL, 2XL, 3XL, 4XL <\/strong><\/span><\/p>\n<p style=\"box-sizing: border-box; margin: 0px 0px 10px; max-width: 100%; font-family: Roboto, sans-serif; font-size: 16px;\"><span style=\"box-sizing: border-box; max-width: 100%;\"><strong style=\"box-sizing: border-box; max-width: 100%;\"><span style=\"color:#FF0000;\">R&ouml;vid&iacute;tett karhosszal is el&eacute;rhet\u0151 term&eacute;k! <\/span>A R&ouml;vid&iacute;tett karhossz el\u0151nye hogy a testben er\u0151s, de alacsony emberek eset&eacute;ben is t&ouml;k&eacute;letes helyre ker&uuml;l a protektoroz&aacute;s!&nbsp;<\/strong><\/span><\/p>\n<p style=\"box-sizing: border-box; margin: 0px 0px 10px; max-width: 100%; font-family: Roboto, sans-serif; font-size: 16px;\"><span style=\"box-sizing: border-box; max-width: 100%;\"><strong style=\"box-sizing: border-box; max-width: 100%;\">R&ouml;vid&iacute;tett K-s m&eacute;retek: <span style=\"color:#FF0000;\">KXL-K12XL-ig!<\/span> Figyelem! A term&eacute;k &aacute;ra K6XL-t\u0151l 10%-al, K8XL-t\u0151l 20%-al magasabb az alap&aacute;rn&aacute;l. A r&ouml;vid&iacute;tett fazon csak a Fekete-Vil&aacute;gos&nbsp;sz&iacute;nb\u0151l &eacute;rhet\u0151 el.&nbsp;<\/strong><\/span><\/p>\n<p style=\"box-sizing: border-box; margin: 0px 0px 10px; max-width: 100%; font-family: Roboto, sans-serif; font-size: 16px;\"><b style=\"font-family: Roboto, sans-serif; font-size: 16px;\"><span style=\"color: rgb(255, 0, 0);\">J&oacute; h&iacute;r azoknak akik szeretn&eacute;nek &ouml;ssze&ouml;lt&ouml;zni a motoron p&aacute;rjukkal. A Khao Air n\u0151i v&aacute;ltozatban ide kattintva &eacute;rhet\u0151 el:<\/span>&nbsp;<a href=\"https:\/\/darazsgarazs.hu\/index.php\/termek\/khao-air-lady-noi-halos-vizallo-membranos-tesztgyoztes-nyari-kabat.1366.html\">https:\/\/darazsgarazs.hu\/index.php\/termek\/khao-air-lady-noi-halos-vizallo-membranos-tesztgyoztes-nyari-kabat.1366.html<\/a><\/b><\/p>\n<p style=\"box-sizing: border-box; margin: 0px 0px 10px; max-width: 100%; font-family: Roboto, sans-serif; font-size: 16px;\"><b style=\"font-family: Roboto, sans-serif; font-size: 16px;\">A Khao Air nadr&aacute;g el&eacute;rhet\u0151 &uuml;zlet&uuml;nkben k&eacute;tf&eacute;le sz&iacute;nben ide kattintva :&nbsp;<\/b><\/p>\n<p style=\"box-sizing: border-box; margin: 0px 0px 10px; max-width: 100%; font-family: Roboto, sans-serif; font-size: 16px;\">Egysz&iacute;n\u0171 Fekete:&nbsp;<a href=\"https:\/\/darazsgarazs.hu\/index.php\/termek\/modeka-khao-air-halos-vizallo-membranos-nyari-motoros-nadrag-extra-meretekben-is.1124.html\">https:\/\/darazsgarazs.hu\/index.php\/termek\/modeka-khao-air-halos-vizallo-membranos-nyari-motoros-nadrag-extra-meretekben-is.1124.html<\/a><\/p>\n<p style=\"box-sizing: border-box; margin: 0px 0px 10px; max-width: 100%; font-family: Roboto, sans-serif; font-size: 16px;\">Vil&aacute;gos sz&iacute;n:&nbsp;<a href=\"https:\/\/darazsgarazs.hu\/index.php\/termek\/modeka-khao-air-halos-vizallo-membranos-nyari-motoros-nadrag-videoval.1125.html\">https:\/\/darazsgarazs.hu\/index.php\/termek\/modeka-khao-air-halos-vizallo-membranos-nyari-motoros-nadrag-videoval.1125.html<\/a><\/p>\n<p style=\"box-sizing: border-box; margin: 0px 0px 10px; max-width: 100%; font-family: Roboto, sans-serif; font-size: 16px;\"><span style=\"box-sizing: border-box; max-width: 100%;\"><strong style=\"box-sizing: border-box; max-width: 100%;\">Figyelem! Koll&eacute;g&aacute;nk is el&eacute;gedetten haszn&aacute;lja a Khao Air kab&aacute;tot. V&eacute;lem&eacute;nye honlapunkon a saj&aacute;t tesztel&eacute;s\u0171 term&eacute;kek men&uuml;pontban ide kattintva olvashat&oacute; el:&nbsp;<a href=\"https:\/\/darazsgarazs.hu\/index.php\/termek\/modeka-khao-air-kabat-teszt.1147.html\">https:\/\/darazsgarazs.hu\/index.php\/termek\/modeka-khao-air-kabat-teszt.1147.html<\/a><\/strong><\/span><\/p>\n<div style=\"position:relative;padding-bottom:56.25%;padding-top:30px;height:0;overflow:hidden;\"><iframe loading=\"lazy\" allowfullscreen=\"\" frameborder=\"0\" height=\"360\" src=\"\/\/www.youtube.com\/embed\/l0RzgaSJQiE?rel=0\" style=\"position: absolute;top: 0;left: 0;width: 100%;height: 100%;\" width=\"640\"><\/iframe><\/div>\n<p style=\"box-sizing: border-box; margin: 0px 0px 10px; max-width: 100%; font-family: Roboto, sans-serif; font-size: 16px;\">\n<p style=\"box-sizing: border-box; margin: 0px 0px 10px; max-width: 100%; font-family: Roboto, sans-serif; font-size: 16px;\"><span style=\"box-sizing: border-box; max-width: 100%;\">A term&eacute;k rendeltet&eacute;sszer\u0171 haszn&aacute;lat sor&aacute;n&nbsp;speci&aacute;lis mos&oacute;szerrel tiszt&iacute;that&oacute; !<\/span><\/p>\n<p style=\"box-sizing: border-box; margin: 0px 0px 10px; max-width: 100%; font-family: Roboto, sans-serif; font-size: 16px;\"><strong style=\"font-family: Roboto, sans-serif; font-size: 16px; box-sizing: border-box; max-width: 100%;\">Haszn&aacute;lati &eacute;s kezel&eacute;si &uacute;tmutat&oacute; a term&eacute;khez&nbsp;el&eacute;rhet\u0151 ide kattintva:&nbsp;<a href=\"https:\/\/darazsgarazs.hu\/index.php\/termek\/hasznalati-utmutato.1155.html\">https:\/\/darazsgarazs.hu\/index.php\/termek\/hasznalati-utmutato.1155.html<\/a><\/strong><\/p>\n<p style=\"box-sizing: border-box; margin: 0px 0px 10px; max-width: 100%; font-family: Roboto, sans-serif; font-size: 16px;\"><span style=\"box-sizing: border-box; max-width: 100%;\">A mos&oacute;szer speci&aacute;lisan technikai &ndash; motoros ruh&aacute;zathoz lett fejlesztve, haszn&aacute;lat&aacute;val a term&eacute;kek nem csak tiszt&aacute;n tarthat&oacute;ak, de v&aacute;rhat&oacute; haszn&aacute;lati idej&uuml;k is n&ouml;vekszik!<\/span><\/p>\n<p style=\"box-sizing: border-box; margin: 0px 0px 10px; max-width: 100%; font-family: Roboto, sans-serif; font-size: 16px;\"><span style=\"box-sizing: border-box; max-width: 100%;\">A Speci&aacute;lis motoros ruh&aacute;zathoz fejlesztett mos&oacute;szert az al&aacute;bbi linkre kattintva &eacute;rheti el:<\/span><\/p>\n<p style=\"box-sizing: border-box; margin: 0px 0px 10px; max-width: 100%; font-family: Roboto, sans-serif; font-size: 16px;\"><span style=\"box-sizing: border-box; max-width: 100%;\">&nbsp;<a href=\"https:\/\/darazsgarazs.hu\/index.php\/termek\/mososzer-motoros-ruhazathoz.1297.html\">https:\/\/darazsgarazs.hu\/index.php\/termek\/mososzer-motoros-ruhazathoz.1297.html<\/a><\/span><\/p>\n<p style=\"box-sizing: border-box; margin: 0px 0px 10px; max-width: 100%; font-family: Roboto, sans-serif; font-size: 16px;\"><span style=\"box-sizing: border-box; max-width: 100%;\">Az es\u0151 &eacute;s sz&eacute;lz&aacute;r&oacute; membr&aacute;n tiszt&iacute;t&aacute;s&aacute;hoz az al&aacute;bbi term&eacute;ket sz&uuml;ks&eacute;ges haszn&aacute;lni:&nbsp;<\/span><\/p>\n<p style=\"box-sizing: border-box; margin: 0px 0px 10px; max-width: 100%; font-family: Roboto, sans-serif; font-size: 16px;\"><a href=\"https:\/\/darazsgarazs.hu\/index.php\/termek\/mososzer-viz-es-szelallo-membranokhoz.1298.html\">https:\/\/darazsgarazs.hu\/index.php\/termek\/mososzer-viz-es-szelallo-membranokhoz.1298.html<\/a><\/p>\n<p style=\"box-sizing: border-box; margin: 0px 0px 10px; max-width: 100%; font-family: Roboto, sans-serif; font-size: 16px;\">\n","protected":false},"excerpt":{"rendered":"<p>A&nbsp; legnagyobb eur&oacute;pai motoros magazin&nbsp;2023.07. havi sz&aacute;m&aacute;ban,&nbsp;komoly mez\u0151nyben (Alpinestars, Berik, Held, Spidi) lett tesztgy\u0151ztes&nbsp;MODEKA KHAO AIR&nbsp;kab&aacute;tunk . A tesztben&nbsp;nem csak [&hellip;]<\/p>\n","protected":false},"featured_media":107364,"template":"","meta":{"site-sidebar-layout":"default","site-content-layout":"","ast-site-content-layout":"default","site-content-style":"default","site-sidebar-style":"default","ast-global-header-display":"","ast-banner-title-visibility":"","ast-main-header-display":"","ast-hfb-above-header-display":"","ast-hfb-below-header-display":"","ast-hfb-mobile-header-display":"","site-post-title":"","ast-breadcrumbs-content":"","ast-featured-img":"","footer-sml-layout":"","ast-disable-related-posts":"","theme-transparent-header-meta":"","adv-header-id-meta":"","stick-header-meta":"","header-above-stick-meta":"","header-main-stick-meta":"","header-below-stick-meta":"","astra-migrate-meta-layouts":"default","ast-page-background-enabled":"default","ast-page-background-meta":{"desktop":{"background-color":"var(--ast-global-color-5)","background-image":"","background-repeat":"repeat","background-position":"center center","background-size":"auto","background-attachment":"scroll","background-type":"","background-media":"","overlay-type":"","overlay-color":"","overlay-opacity":"","overlay-gradient":""},"tablet":{"background-color":"","background-image":"","background-repeat":"repeat","background-position":"center center","background-size":"auto","background-attachment":"scroll","background-type":"","background-media":"","overlay-type":"","overlay-color":"","overlay-opacity":"","overlay-gradient":""},"mobile":{"background-color":"","background-image":"","background-repeat":"repeat","background-position":"center center","background-size":"auto","background-attachment":"scroll","background-type":"","background-media":"","overlay-type":"","overlay-color":"","overlay-opacity":"","overlay-gradient":""}},"ast-content-background-meta":{"desktop":{"background-color":"var(--ast-global-color-4)","background-image":"","background-repeat":"repeat","background-position":"center center","background-size":"auto","background-attachment":"scroll","background-type":"","background-media":"","overlay-type":"","overlay-color":"","overlay-opacity":"","overlay-gradient":""},"tablet":{"background-color":"var(--ast-global-color-4)","background-image":"","background-repeat":"repeat","background-position":"center center","background-size":"auto","background-attachment":"scroll","background-type":"","background-media":"","overlay-type":"","overlay-color":"","overlay-opacity":"","overlay-gradient":""},"mobile":{"background-color":"var(--ast-global-color-4)","background-image":"","background-repeat":"repeat","background-position":"center center","background-size":"auto","background-attachment":"scroll","background-type":"","background-media":"","overlay-type":"","overlay-color":"","overlay-opacity":"","overlay-gradient":""}}},"product_brand":[],"product_cat":[147,139,146],"product_tag":[],"class_list":{"0":"post-109937","1":"product","2":"type-product","3":"status-publish","4":"has-post-thumbnail","6":"product_cat-kabatok","7":"product_cat-motoros-ruhazat","8":"product_cat-orias-meretu-motoros-ruhazat","9":"desktop-align-left","10":"tablet-align-left","11":"mobile-align-left","13":"first","14":"instock","15":"shipping-taxable","16":"purchasable","17":"product-type-simple"},"jetpack_sharing_enabled":true,"_links":{"self":[{"href":"https:\/\/zatureczkimarcell.ddns.net\/wordpress\/wp-json\/wp\/v2\/product\/109937","targetHints":{"allow":["GET"]}}],"collection":[{"href":"https:\/\/zatureczkimarcell.ddns.net\/wordpress\/wp-json\/wp\/v2\/product"}],"about":[{"href":"https:\/\/zatureczkimarcell.ddns.net\/wordpress\/wp-json\/wp\/v2\/types\/product"}],"wp:featuredmedia":[{"embeddable":true,"href":"https:\/\/zatureczkimarcell.ddns.net\/wordpress\/wp-json\/wp\/v2\/media\/107364"}],"wp:attachment":[{"href":"https:\/\/zatureczkimarcell.ddns.net\/wordpress\/wp-json\/wp\/v2\/media?parent=109937"}],"wp:term":[{"taxonomy":"product_brand","embeddable":true,"href":"https:\/\/zatureczkimarcell.ddns.net\/wordpress\/wp-json\/wp\/v2\/product_brand?post=109937"},{"taxonomy":"product_cat","embeddable":true,"href":"https:\/\/zatureczkimarcell.ddns.net\/wordpress\/wp-json\/wp\/v2\/product_cat?post=109937"},{"taxonomy":"product_tag","embeddable":true,"href":"https:\/\/zatureczkimarcell.ddns.net\/wordpress\/wp-json\/wp\/v2\/product_tag?post=109937"}],"curies":[{"name":"wp","href":"https:\/\/api.w.org\/{rel}","templated":true}]}}