{"id":109936,"date":"2026-04-01T10:41:54","date_gmt":"2026-04-01T08:41:54","guid":{"rendered":"https:\/\/zatureczkimarcell.ddns.net\/wordpress\/?post_type=product&#038;p=109936"},"modified":"2026-04-01T10:42:19","modified_gmt":"2026-04-01T08:42:19","slug":"aszfalton-csuszas-extrem-videos-teszt","status":"publish","type":"product","link":"https:\/\/zatureczkimarcell.ddns.net\/wordpress\/termek\/aszfalton-csuszas-extrem-videos-teszt\/","title":{"rendered":"Aszfalton cs\u00fasz\u00e1s extr\u00e9m vide\u00f3s teszt"},"content":{"rendered":"<p><span style=\"font-size:18px;\"><strong><span class=\"style-scope yt-formatted-string\" dir=\"auto\" style=\"margin: 0px; padding: 0px; border: 0px; background: rgb(249, 249, 249); color: rgb(3, 3, 3); font-family: Roboto, Arial, sans-serif; white-space: pre-wrap;\">Ahogy az t\u0151l&uuml;nk a Dar&aacute;zsgar&aacute;zst&oacute;l m&aacute;r megszokhatt&aacute;tok, nem &eacute;rj&uuml;k be azzal hogy csak katal&oacute;gus adatokat tudjunk &aacute;tadni a term&eacute;keinkr\u0151l.<\/span><\/strong><\/span><\/p>\n<p><span style=\"font-size:18px;\"><strong><span class=\"style-scope yt-formatted-string\" dir=\"auto\" style=\"margin: 0px; padding: 0px; border: 0px; background: rgb(249, 249, 249); color: rgb(3, 3, 3); font-family: Roboto, Arial, sans-serif; white-space: pre-wrap;\">Most is extr&eacute;m k&ouml;r&uuml;lm&eacute;nyek k&ouml;z&ouml;tt tessz&uuml;k pr&oacute;b&aacute;ra n&eacute;h&aacute;ny term&eacute;k&uuml;nket , a leghitelesebb teszt az &eacute;les bevet&eacute;s! Mi mindent tudni akarunk a term&eacute;keinkr\u0151l amit nektek &aacute;tadunk, hogy ti ezekben a legjobban &eacute;rezz&eacute;tek magatokat &eacute;s hogy a legmagasabb v&eacute;delmi szintet k&eacute;pviselj&eacute;k ezek a motoros felszerel&eacute;sek!<\/span><\/strong><\/span><span style=\"font-size:22px;\"><strong style=\"font-family: Roboto, sans-serif; font-size: 14px;\">&nbsp;<\/strong><\/span><\/p>\n<p><span style=\"font-size:18px;\"><strong><span class=\"style-scope yt-formatted-string\" dir=\"auto\" style=\"margin: 0px; padding: 0px; border: 0px; background: rgb(249, 249, 249); color: rgb(3, 3, 3); font-family: Roboto, Arial, sans-serif; white-space: pre-wrap;\">Egy olyan balesetet szimul&aacute;ltunk a vide&oacute;ban ahol a motoros t&ouml;bb mint 100 m&eacute;tert cs&uacute;szik a n&aacute;lunk v&aacute;s&aacute;rolhat&oacute; felszerel&eacute;sekben. <\/span><\/strong><\/span><\/p>\n<p><span style=\"font-size:18px;\"><strong><span class=\"style-scope yt-formatted-string\" dir=\"auto\" style=\"margin: 0px; padding: 0px; border: 0px; background: rgb(249, 249, 249); color: rgb(3, 3, 3); font-family: Roboto, Arial, sans-serif; white-space: pre-wrap;\">Nem \u0151r&uuml;ltek vagyunk, hanem olyan keresked\u0151k, akik hisznek abban amit nektek eladnak. <\/span><\/strong><\/span><\/p>\n<p><span style=\"font-size:18px;\"><strong><span class=\"style-scope yt-formatted-string\" dir=\"auto\" style=\"margin: 0px; padding: 0px; border: 0px; background: rgb(249, 249, 249); color: rgb(3, 3, 3); font-family: Roboto, Arial, sans-serif; white-space: pre-wrap;\">A teszt sor&aacute;n koll&eacute;g&aacute;nkon Modeka Alexius kevl&aacute;ros farmer , Modeka X-Vent ny&aacute;ri h&aacute;l&oacute;s motoros kab&aacute;t, Modeka Speed-tech sport motoros csizma, Modeka Sportie keszty\u0171 &eacute;s Marushin Jap&aacute;n RS 3-as &uuml;vegsz&aacute;las buk&oacute;sisak volt. <\/span><\/strong><\/span><\/p>\n<p><span style=\"font-size:18px;\"><strong><span class=\"style-scope yt-formatted-string\" dir=\"auto\" style=\"margin: 0px; padding: 0px; border: 0px; background: rgb(249, 249, 249); color: rgb(3, 3, 3); font-family: Roboto, Arial, sans-serif; white-space: pre-wrap;\">Mi biztosak vagyunk abban hogy ezek a term&eacute;kek megv&eacute;dik visel\u0151j&uuml;ket, n&eacute;zz&uuml;k h&aacute;t, hogyan viselkednek egy cs&uacute;sz&aacute;sos baleset sor&aacute;n. <\/span><\/strong><\/span><\/p>\n<p><span style=\"font-size:18px;\"><strong><span class=\"style-scope yt-formatted-string\" dir=\"auto\" style=\"margin: 0px; padding: 0px; border: 0px; background: rgb(249, 249, 249); color: rgb(3, 3, 3); font-family: Roboto, Arial, sans-serif; white-space: pre-wrap;\">L&aacute;thatj&aacute;tok, mi hisz&uuml;nk abban amit &aacute;tadunk! A legt&ouml;bb motoros boltban semmit sem tudnak a term&eacute;keikr\u0151l. Mi viszont tesztelj&uuml;k \u0151ket, hogy minden tud&aacute;st &aacute;t tudjunk nektek adni. <\/span><\/strong><\/span><\/p>\n<div style=\"position:relative;padding-bottom:30px;padding-top:30px;min-height:300px;overflow:hidden;\"><iframe loading=\"lazy\" allowfullscreen=\"\" frameborder=\"0\" height=\"360\" src=\"\/\/www.youtube.com\/embed\/Sajw_zXzcyo?rel=0\" style=\"position: absolute;top: 0;left: 0;width: 100%;height: 100%;\" width=\"640\"><\/iframe><\/div>\n<div style=\"position:relative;padding-bottom:30px;padding-top:30px;height:0;overflow:hidden;\"><\/div>\n","protected":false},"excerpt":{"rendered":"<p>Ahogy az t\u0151l&uuml;nk a Dar&aacute;zsgar&aacute;zst&oacute;l m&aacute;r megszokhatt&aacute;tok, nem &eacute;rj&uuml;k be azzal hogy csak katal&oacute;gus adatokat tudjunk &aacute;tadni a term&eacute;keinkr\u0151l. Most [&hellip;]<\/p>\n","protected":false},"featured_media":108514,"template":"","meta":{"site-sidebar-layout":"default","site-content-layout":"","ast-site-content-layout":"default","site-content-style":"default","site-sidebar-style":"default","ast-global-header-display":"","ast-banner-title-visibility":"","ast-main-header-display":"","ast-hfb-above-header-display":"","ast-hfb-below-header-display":"","ast-hfb-mobile-header-display":"","site-post-title":"","ast-breadcrumbs-content":"","ast-featured-img":"","footer-sml-layout":"","ast-disable-related-posts":"","theme-transparent-header-meta":"","adv-header-id-meta":"","stick-header-meta":"","header-above-stick-meta":"","header-main-stick-meta":"","header-below-stick-meta":"","astra-migrate-meta-layouts":"default","ast-page-background-enabled":"default","ast-page-background-meta":{"desktop":{"background-color":"var(--ast-global-color-5)","background-image":"","background-repeat":"repeat","background-position":"center center","background-size":"auto","background-attachment":"scroll","background-type":"","background-media":"","overlay-type":"","overlay-color":"","overlay-opacity":"","overlay-gradient":""},"tablet":{"background-color":"","background-image":"","background-repeat":"repeat","background-position":"center center","background-size":"auto","background-attachment":"scroll","background-type":"","background-media":"","overlay-type":"","overlay-color":"","overlay-opacity":"","overlay-gradient":""},"mobile":{"background-color":"","background-image":"","background-repeat":"repeat","background-position":"center center","background-size":"auto","background-attachment":"scroll","background-type":"","background-media":"","overlay-type":"","overlay-color":"","overlay-opacity":"","overlay-gradient":""}},"ast-content-background-meta":{"desktop":{"background-color":"var(--ast-global-color-4)","background-image":"","background-repeat":"repeat","background-position":"center center","background-size":"auto","background-attachment":"scroll","background-type":"","background-media":"","overlay-type":"","overlay-color":"","overlay-opacity":"","overlay-gradient":""},"tablet":{"background-color":"var(--ast-global-color-4)","background-image":"","background-repeat":"repeat","background-position":"center center","background-size":"auto","background-attachment":"scroll","background-type":"","background-media":"","overlay-type":"","overlay-color":"","overlay-opacity":"","overlay-gradient":""},"mobile":{"background-color":"var(--ast-global-color-4)","background-image":"","background-repeat":"repeat","background-position":"center center","background-size":"auto","background-attachment":"scroll","background-type":"","background-media":"","overlay-type":"","overlay-color":"","overlay-opacity":"","overlay-gradient":""}}},"product_brand":[],"product_cat":[153],"product_tag":[],"class_list":{"0":"post-109936","1":"product","2":"type-product","3":"status-publish","4":"has-post-thumbnail","6":"product_cat-sajat-tesztelesu-termekek","7":"desktop-align-left","8":"tablet-align-left","9":"mobile-align-left","11":"first","12":"instock","13":"shipping-taxable","14":"product-type-simple"},"jetpack_sharing_enabled":true,"_links":{"self":[{"href":"https:\/\/zatureczkimarcell.ddns.net\/wordpress\/wp-json\/wp\/v2\/product\/109936","targetHints":{"allow":["GET"]}}],"collection":[{"href":"https:\/\/zatureczkimarcell.ddns.net\/wordpress\/wp-json\/wp\/v2\/product"}],"about":[{"href":"https:\/\/zatureczkimarcell.ddns.net\/wordpress\/wp-json\/wp\/v2\/types\/product"}],"wp:featuredmedia":[{"embeddable":true,"href":"https:\/\/zatureczkimarcell.ddns.net\/wordpress\/wp-json\/wp\/v2\/media\/108514"}],"wp:attachment":[{"href":"https:\/\/zatureczkimarcell.ddns.net\/wordpress\/wp-json\/wp\/v2\/media?parent=109936"}],"wp:term":[{"taxonomy":"product_brand","embeddable":true,"href":"https:\/\/zatureczkimarcell.ddns.net\/wordpress\/wp-json\/wp\/v2\/product_brand?post=109936"},{"taxonomy":"product_cat","embeddable":true,"href":"https:\/\/zatureczkimarcell.ddns.net\/wordpress\/wp-json\/wp\/v2\/product_cat?post=109936"},{"taxonomy":"product_tag","embeddable":true,"href":"https:\/\/zatureczkimarcell.ddns.net\/wordpress\/wp-json\/wp\/v2\/product_tag?post=109936"}],"curies":[{"name":"wp","href":"https:\/\/api.w.org\/{rel}","templated":true}]}}