{"id":109933,"date":"2026-04-01T10:41:52","date_gmt":"2026-04-01T08:41:52","guid":{"rendered":"https:\/\/zatureczkimarcell.ddns.net\/wordpress\/?post_type=product&#038;p=109933"},"modified":"2026-04-01T10:42:17","modified_gmt":"2026-04-01T08:42:17","slug":"csipoprotektor-par-level-2-legmagasabb-vedelmi-szint","status":"publish","type":"product","link":"https:\/\/zatureczkimarcell.ddns.net\/wordpress\/termek\/csipoprotektor-par-level-2-legmagasabb-vedelmi-szint\/","title":{"rendered":"Cs\u00edp\u0151protektor p\u00e1r LEVEL 2 legmagasabb v\u00e9delmi szint!"},"content":{"rendered":"<p><span style=\"font-size:16px;\"><strong>A SAS-TEC tesztgy\u0151ztes protektorgy&aacute;rt&oacute; &uacute;j fejleszt&eacute;s\u0171 <span style=\"color:#FF0000;\">LEVEL 2-es v&eacute;delmi szintet (Jelenleg a LEVEL 2 a legmagasabb v&eacute;delmi szint!) tud&oacute; cs&iacute;p\u0151v&eacute;d\u0151 protektora.&nbsp;<\/span><\/strong><\/span><\/p>\n<p><span style=\"font-size:16px;\"><strong>Nadr&aacute;gba el\u0151re kialak&iacute;tott helyre beilleszthet\u0151.&nbsp;<\/strong><\/span><\/p>\n<p><span style=\"font-size:16px;\"><strong>T&ouml;k&eacute;letesen felveszi a test vonal&aacute;t, val&oacute;di 3 Dimenzi&oacute;s mozg&aacute;st tesz lehet\u0151v&eacute;.&nbsp;<\/strong><\/span><\/p>\n<p><span style=\"font-size:16px;\"><strong>&Eacute;szrev&eacute;tlen, k&eacute;nyelmes viselet&nbsp;<\/strong><\/span><\/p>\n<p><span style=\"font-size:16px;\"><strong>Maxim&aacute;lis cs&iacute;p\u0151v&eacute;delem&nbsp;<\/strong><\/span><\/p>\n<p><span style=\"font-size:16px;\"><strong>Egy esetleges behat&aacute;s ut&aacute;n, tov&aacute;bb haszn&aacute;lhat&oacute;.&nbsp;<\/strong><\/span><\/p>\n<p><span style=\"font-size:16px;\"><strong>Tiszt&iacute;t&aacute;sa nedves ruh&aacute;val.&nbsp;<\/strong><\/span><\/p>\n<p><span style=\"font-size:16px;\"><strong>T&iacute;pus: 2\/07<\/strong><\/span><\/p>\n<p><b style=\"color: rgb(0, 0, 0);\">Az &aacute;r egy p&aacute;rra&nbsp;&eacute;rtend\u0151&nbsp;<\/b><\/p>\n<p><strong style=\"font-family: Roboto, sans-serif; font-size: 16px; box-sizing: border-box; max-width: 100%;\">Koll&eacute;g&aacute;ink is a SAS-TEC protektorokat haszn&aacute;lj&aacute;k! V&eacute;lem&eacute;ny&uuml;ket a saj&aacute;t tesztel&eacute;s\u0171 term&eacute;kek men\u0171pont alatt olvashatod az al&aacute;bbi linkre kattintva:&nbsp;<a href=\"http:\/\/darazsgarazs.hu\/termek\/sas-tec-protektor.825.html\" style=\"color: rgb(51, 122, 183); box-sizing: border-box; background-color: transparent; text-decoration-line: none; max-width: 100%;\">http:\/\/darazsgarazs.hu\/termek\/sas-tec-protektor.825.html<\/a><\/strong><\/p>\n<p><strong style=\"font-family: Roboto, sans-serif; font-size: 16px; box-sizing: border-box; max-width: 100%;\">Haszn&aacute;lati &eacute;s kezel&eacute;si &uacute;tmutat&oacute; a term&eacute;khez&nbsp;el&eacute;rhet\u0151 ide kattintva:&nbsp;<a href=\"https:\/\/darazsgarazs.hu\/index.php\/termek\/hasznalati-utmutato-protektorokhoz.1411.html\">https:\/\/darazsgarazs.hu\/index.php\/termek\/hasznalati-utmutato-protektorokhoz.1411.html<\/a><\/strong><\/p>\n","protected":false},"excerpt":{"rendered":"<p>A SAS-TEC tesztgy\u0151ztes protektorgy&aacute;rt&oacute; &uacute;j fejleszt&eacute;s\u0171 LEVEL 2-es v&eacute;delmi szintet (Jelenleg a LEVEL 2 a legmagasabb v&eacute;delmi szint!) tud&oacute; cs&iacute;p\u0151v&eacute;d\u0151 [&hellip;]<\/p>\n","protected":false},"featured_media":106707,"template":"","meta":{"site-sidebar-layout":"default","site-content-layout":"","ast-site-content-layout":"default","site-content-style":"default","site-sidebar-style":"default","ast-global-header-display":"","ast-banner-title-visibility":"","ast-main-header-display":"","ast-hfb-above-header-display":"","ast-hfb-below-header-display":"","ast-hfb-mobile-header-display":"","site-post-title":"","ast-breadcrumbs-content":"","ast-featured-img":"","footer-sml-layout":"","ast-disable-related-posts":"","theme-transparent-header-meta":"","adv-header-id-meta":"","stick-header-meta":"","header-above-stick-meta":"","header-main-stick-meta":"","header-below-stick-meta":"","astra-migrate-meta-layouts":"default","ast-page-background-enabled":"default","ast-page-background-meta":{"desktop":{"background-color":"var(--ast-global-color-5)","background-image":"","background-repeat":"repeat","background-position":"center center","background-size":"auto","background-attachment":"scroll","background-type":"","background-media":"","overlay-type":"","overlay-color":"","overlay-opacity":"","overlay-gradient":""},"tablet":{"background-color":"","background-image":"","background-repeat":"repeat","background-position":"center center","background-size":"auto","background-attachment":"scroll","background-type":"","background-media":"","overlay-type":"","overlay-color":"","overlay-opacity":"","overlay-gradient":""},"mobile":{"background-color":"","background-image":"","background-repeat":"repeat","background-position":"center center","background-size":"auto","background-attachment":"scroll","background-type":"","background-media":"","overlay-type":"","overlay-color":"","overlay-opacity":"","overlay-gradient":""}},"ast-content-background-meta":{"desktop":{"background-color":"var(--ast-global-color-4)","background-image":"","background-repeat":"repeat","background-position":"center center","background-size":"auto","background-attachment":"scroll","background-type":"","background-media":"","overlay-type":"","overlay-color":"","overlay-opacity":"","overlay-gradient":""},"tablet":{"background-color":"var(--ast-global-color-4)","background-image":"","background-repeat":"repeat","background-position":"center center","background-size":"auto","background-attachment":"scroll","background-type":"","background-media":"","overlay-type":"","overlay-color":"","overlay-opacity":"","overlay-gradient":""},"mobile":{"background-color":"var(--ast-global-color-4)","background-image":"","background-repeat":"repeat","background-position":"center center","background-size":"auto","background-attachment":"scroll","background-type":"","background-media":"","overlay-type":"","overlay-color":"","overlay-opacity":"","overlay-gradient":""}}},"product_brand":[],"product_cat":[130],"product_tag":[],"class_list":{"0":"post-109933","1":"product","2":"type-product","3":"status-publish","4":"has-post-thumbnail","6":"product_cat-protektorok","7":"desktop-align-left","8":"tablet-align-left","9":"mobile-align-left","11":"first","12":"instock","13":"shipping-taxable","14":"purchasable","15":"product-type-simple"},"jetpack_sharing_enabled":true,"_links":{"self":[{"href":"https:\/\/zatureczkimarcell.ddns.net\/wordpress\/wp-json\/wp\/v2\/product\/109933","targetHints":{"allow":["GET"]}}],"collection":[{"href":"https:\/\/zatureczkimarcell.ddns.net\/wordpress\/wp-json\/wp\/v2\/product"}],"about":[{"href":"https:\/\/zatureczkimarcell.ddns.net\/wordpress\/wp-json\/wp\/v2\/types\/product"}],"wp:featuredmedia":[{"embeddable":true,"href":"https:\/\/zatureczkimarcell.ddns.net\/wordpress\/wp-json\/wp\/v2\/media\/106707"}],"wp:attachment":[{"href":"https:\/\/zatureczkimarcell.ddns.net\/wordpress\/wp-json\/wp\/v2\/media?parent=109933"}],"wp:term":[{"taxonomy":"product_brand","embeddable":true,"href":"https:\/\/zatureczkimarcell.ddns.net\/wordpress\/wp-json\/wp\/v2\/product_brand?post=109933"},{"taxonomy":"product_cat","embeddable":true,"href":"https:\/\/zatureczkimarcell.ddns.net\/wordpress\/wp-json\/wp\/v2\/product_cat?post=109933"},{"taxonomy":"product_tag","embeddable":true,"href":"https:\/\/zatureczkimarcell.ddns.net\/wordpress\/wp-json\/wp\/v2\/product_tag?post=109933"}],"curies":[{"name":"wp","href":"https:\/\/api.w.org\/{rel}","templated":true}]}}