{"id":109931,"date":"2026-04-01T10:41:51","date_gmt":"2026-04-01T08:41:51","guid":{"rendered":"https:\/\/zatureczkimarcell.ddns.net\/wordpress\/?post_type=product&#038;p=109931"},"modified":"2026-04-01T10:42:16","modified_gmt":"2026-04-01T08:42:16","slug":"air-ride-altalunk-is-tesztelt-termek-2","status":"publish","type":"product","link":"https:\/\/zatureczkimarcell.ddns.net\/wordpress\/termek\/air-ride-altalunk-is-tesztelt-termek-2\/","title":{"rendered":"Air ride-\u00c1ltalunk is tesztelt term\u00e9k!"},"content":{"rendered":"<p style=\"box-sizing: border-box; margin: 0px 0px 10px; max-width: 100%; font-family: Roboto, sans-serif; font-size: 16px; line-height: 22.8571px;\"><strong style=\"box-sizing: border-box; max-width: 100%;\">R&eacute;szletek:<\/strong><\/p>\n<p style=\"box-sizing: border-box; margin: 0px 0px 10px; max-width: 100%; font-family: Roboto, sans-serif; font-size: 16px; line-height: 22.8571px;\"><strong style=\"font-family: Roboto, sans-serif; font-size: 16px; box-sizing: border-box;\">Min\u0151s&eacute;gi kecske b\u0151r, amely a marhab\u0151r keszty\u0171kn&eacute;l m&aacute;r az els\u0151 felv&eacute;teln&eacute;l is sokkal k&eacute;nyelmesebb.&nbsp;<\/strong><\/p>\n<p style=\"box-sizing: border-box; margin: 0px 0px 10px; max-width: 100%; font-family: Roboto, sans-serif; font-size: 16px; line-height: 22.8571px;\"><strong style=\"box-sizing: border-box; max-width: 100%;\">H&aacute;l&oacute;s bet&eacute;tekkel a t&ouml;k&eacute;letes szell\u0151z&eacute;s&eacute;rt<\/strong><\/p>\n<p style=\"box-sizing: border-box; margin: 0px 0px 10px; max-width: 100%; font-family: Roboto, sans-serif; font-size: 16px; line-height: 22.8571px;\"><strong style=\"box-sizing: border-box; max-width: 100%;\">Rugalmas bet&eacute;tek a k&eacute;nyelem&eacute;rt &eacute;s az illeszked&eacute;s&eacute;rt.<\/strong><\/p>\n<p style=\"box-sizing: border-box; margin: 0px 0px 10px; max-width: 100%; font-family: Roboto, sans-serif; font-size: 16px; line-height: 22.8571px;\"><strong style=\"box-sizing: border-box; max-width: 100%;\">T&ouml;bb ponton meger\u0151s&iacute;tve<\/strong><\/p>\n<p style=\"box-sizing: border-box; margin: 0px 0px 10px; max-width: 100%; font-family: Roboto, sans-serif; font-size: 16px; line-height: 22.8571px;\"><strong style=\"box-sizing: border-box; max-width: 100%;\">M&eacute;retek: 6, 7, 8, 9, 10, 11, 12<\/strong><\/p>\n<p style=\"box-sizing: border-box; margin: 0px 0px 10px; max-width: 100%; font-family: Roboto, sans-serif; font-size: 16px; line-height: 22.8571px;\">Tov&aacute;bbi term&eacute;ktulajdons&aacute;gok&eacute;rt l&aacute;togasd meg az anyaglexikon men&uuml;pontunkat !<\/p>\n<p style=\"box-sizing: border-box; margin: 0px 0px 10px; max-width: 100%; font-family: Roboto, sans-serif; font-size: 16px; line-height: 22.8571px;\"><strong style=\"font-family: Roboto, sans-serif; font-size: 16px; box-sizing: border-box; max-width: 100%;\">Haszn&aacute;lati &eacute;s kezel&eacute;si &uacute;tmutat&oacute; a term&eacute;khez&nbsp;el&eacute;rhet\u0151 ide kattintva:&nbsp;<a href=\"https:\/\/darazsgarazs.hu\/index.php\/termek\/hasznalati-utmutato.1155.html\">https:\/\/darazsgarazs.hu\/index.php\/termek\/hasznalati-utmutato.1155.html<\/a><\/strong><\/p>\n<p style=\"box-sizing: border-box; margin: 0px 0px 10px; max-width: 100%; font-family: Roboto, sans-serif; font-size: 16px;\"><span style=\"box-sizing: border-box; max-width: 100%; color: rgb(255, 0, 0);\"><strong style=\"box-sizing: border-box; max-width: 100%;\">FIGYELEM!&nbsp;<\/strong><\/span><\/p>\n<p style=\"box-sizing: border-box; margin: 0px 0px 10px; max-width: 100%; font-family: Roboto, sans-serif; font-size: 16px;\"><strong style=\"box-sizing: border-box; max-width: 100%;\">KOLL&Eacute;G&Aacute;NK HASZN&Aacute;LJA A TERM&Eacute;KET! V&Eacute;LEM&Eacute;NY&Eacute;T A SAJ&Aacute;T TESZTEL&Eacute;S\u0170 TERM&Eacute;KEK MEN\u0170PONTBAN OLVASHATJ&Aacute;K .&nbsp;<\/strong><\/p>\n<p style=\"box-sizing: border-box; margin: 0px 0px 10px; max-width: 100%; font-family: Roboto, sans-serif; font-size: 16px;\"><strong style=\"box-sizing: border-box; max-width: 100%;\">A TESZT AZ AL&Aacute;BBI LINKRE KATTINTVA &Eacute;RHET\u0150 EL:&nbsp;<a href=\"https:\/\/darazsgarazs.hu\/termek\/modeka-air-ride-kesztyu-teszt.899.html\" style=\"box-sizing: border-box; background-color: transparent; color: rgb(51, 122, 183); text-decoration-line: none; max-width: 100%;\">https:\/\/darazsgarazs.hu\/termek\/modeka-air-ride-kesztyu-teszt.899.html<\/a><\/strong><\/p>\n","protected":false},"excerpt":{"rendered":"<p>R&eacute;szletek: Min\u0151s&eacute;gi kecske b\u0151r, amely a marhab\u0151r keszty\u0171kn&eacute;l m&aacute;r az els\u0151 felv&eacute;teln&eacute;l is sokkal k&eacute;nyelmesebb.&nbsp; H&aacute;l&oacute;s bet&eacute;tekkel a t&ouml;k&eacute;letes szell\u0151z&eacute;s&eacute;rt [&hellip;]<\/p>\n","protected":false},"featured_media":105008,"template":"","meta":{"site-sidebar-layout":"default","site-content-layout":"","ast-site-content-layout":"default","site-content-style":"default","site-sidebar-style":"default","ast-global-header-display":"","ast-banner-title-visibility":"","ast-main-header-display":"","ast-hfb-above-header-display":"","ast-hfb-below-header-display":"","ast-hfb-mobile-header-display":"","site-post-title":"","ast-breadcrumbs-content":"","ast-featured-img":"","footer-sml-layout":"","ast-disable-related-posts":"","theme-transparent-header-meta":"","adv-header-id-meta":"","stick-header-meta":"","header-above-stick-meta":"","header-main-stick-meta":"","header-below-stick-meta":"","astra-migrate-meta-layouts":"default","ast-page-background-enabled":"default","ast-page-background-meta":{"desktop":{"background-color":"var(--ast-global-color-5)","background-image":"","background-repeat":"repeat","background-position":"center center","background-size":"auto","background-attachment":"scroll","background-type":"","background-media":"","overlay-type":"","overlay-color":"","overlay-opacity":"","overlay-gradient":""},"tablet":{"background-color":"","background-image":"","background-repeat":"repeat","background-position":"center center","background-size":"auto","background-attachment":"scroll","background-type":"","background-media":"","overlay-type":"","overlay-color":"","overlay-opacity":"","overlay-gradient":""},"mobile":{"background-color":"","background-image":"","background-repeat":"repeat","background-position":"center center","background-size":"auto","background-attachment":"scroll","background-type":"","background-media":"","overlay-type":"","overlay-color":"","overlay-opacity":"","overlay-gradient":""}},"ast-content-background-meta":{"desktop":{"background-color":"var(--ast-global-color-4)","background-image":"","background-repeat":"repeat","background-position":"center center","background-size":"auto","background-attachment":"scroll","background-type":"","background-media":"","overlay-type":"","overlay-color":"","overlay-opacity":"","overlay-gradient":""},"tablet":{"background-color":"var(--ast-global-color-4)","background-image":"","background-repeat":"repeat","background-position":"center center","background-size":"auto","background-attachment":"scroll","background-type":"","background-media":"","overlay-type":"","overlay-color":"","overlay-opacity":"","overlay-gradient":""},"mobile":{"background-color":"var(--ast-global-color-4)","background-image":"","background-repeat":"repeat","background-position":"center center","background-size":"auto","background-attachment":"scroll","background-type":"","background-media":"","overlay-type":"","overlay-color":"","overlay-opacity":"","overlay-gradient":""}}},"product_brand":[],"product_cat":[143,139],"product_tag":[],"class_list":{"0":"post-109931","1":"product","2":"type-product","3":"status-publish","4":"has-post-thumbnail","6":"product_cat-kesztyuk","7":"product_cat-motoros-ruhazat","8":"desktop-align-left","9":"tablet-align-left","10":"mobile-align-left","12":"first","13":"instock","14":"shipping-taxable","15":"purchasable","16":"product-type-simple"},"jetpack_sharing_enabled":true,"_links":{"self":[{"href":"https:\/\/zatureczkimarcell.ddns.net\/wordpress\/wp-json\/wp\/v2\/product\/109931","targetHints":{"allow":["GET"]}}],"collection":[{"href":"https:\/\/zatureczkimarcell.ddns.net\/wordpress\/wp-json\/wp\/v2\/product"}],"about":[{"href":"https:\/\/zatureczkimarcell.ddns.net\/wordpress\/wp-json\/wp\/v2\/types\/product"}],"wp:featuredmedia":[{"embeddable":true,"href":"https:\/\/zatureczkimarcell.ddns.net\/wordpress\/wp-json\/wp\/v2\/media\/105008"}],"wp:attachment":[{"href":"https:\/\/zatureczkimarcell.ddns.net\/wordpress\/wp-json\/wp\/v2\/media?parent=109931"}],"wp:term":[{"taxonomy":"product_brand","embeddable":true,"href":"https:\/\/zatureczkimarcell.ddns.net\/wordpress\/wp-json\/wp\/v2\/product_brand?post=109931"},{"taxonomy":"product_cat","embeddable":true,"href":"https:\/\/zatureczkimarcell.ddns.net\/wordpress\/wp-json\/wp\/v2\/product_cat?post=109931"},{"taxonomy":"product_tag","embeddable":true,"href":"https:\/\/zatureczkimarcell.ddns.net\/wordpress\/wp-json\/wp\/v2\/product_tag?post=109931"}],"curies":[{"name":"wp","href":"https:\/\/api.w.org\/{rel}","templated":true}]}}