{"id":109928,"date":"2026-04-01T10:41:47","date_gmt":"2026-04-01T08:41:47","guid":{"rendered":"https:\/\/zatureczkimarcell.ddns.net\/wordpress\/?post_type=product&#038;p=109928"},"modified":"2026-04-01T10:42:13","modified_gmt":"2026-04-01T08:42:13","slug":"aeris-ketszeres-tesztgyoztes-4-evszakos-kabat-nagy-meretekben-is-videoval","status":"publish","type":"product","link":"https:\/\/zatureczkimarcell.ddns.net\/wordpress\/termek\/aeris-ketszeres-tesztgyoztes-4-evszakos-kabat-nagy-meretekben-is-videoval\/","title":{"rendered":"Aeris &#8211; K\u00e9tszeres tesztgy\u0151ztes 4 \u00e9vszakos kab\u00e1t nagy m\u00e9retekben is! Vide\u00f3val"},"content":{"rendered":"<p style=\"box-sizing: border-box; margin: 0px 0px 10px; max-width: 100%; font-family: Roboto, sans-serif; font-size: 16px;\"><span style=\"box-sizing: border-box; max-width: 100%;\"><strong style=\"box-sizing: border-box; max-width: 100%;\">Val&oacute;di 4 &eacute;vszakos, 3 r&eacute;teg\u0171 motoros kab&aacute;t&nbsp;<\/strong><\/span><\/p>\n<p style=\"box-sizing: border-box; margin: 0px 0px 10px; max-width: 100%; font-family: Roboto, sans-serif; font-size: 16px;\"><strong style=\"box-sizing: border-box; max-width: 100%;\">M<span style=\"box-sizing: border-box; max-width: 100%;\">utat&oacute;s megjelen&eacute;se mellett,&nbsp;&nbsp;a legnagyobb p&eacute;ld&aacute;nysz&aacute;m&uacute; eur&oacute;pai motoros magazin a &bdquo;MOTORRAD&rdquo; tesztj&eacute;n Tesztgy\u0151ztes lett, &eacute;s&nbsp;<span style=\"box-sizing: border-box; max-width: 100%; color: rgb(255, 0, 0);\">&bdquo;Gut&rdquo;<\/span>&nbsp;min\u0151s&iacute;t&eacute;st szerzett, m&iacute;g a szint&eacute;n neves &bdquo;MOTORRAD&amp;REISEN&rdquo; Magazin&nbsp;<span style=\"box-sizing: border-box; max-width: 100%; color: rgb(255, 0, 0);\">&bdquo;Sehr Gut&rdquo;<\/span>&nbsp;min\u0151s&iacute;t&eacute;ssel d&iacute;jazta!<\/span><\/strong><\/p>\n<p style=\"box-sizing: border-box; margin: 0px 0px 10px; max-width: 100%; font-family: Roboto, sans-serif; font-size: 16px;\"><span style=\"box-sizing: border-box; max-width: 100%;\"><strong style=\"box-sizing: border-box; max-width: 100%;\">A magazinok tesztjeib\u0151l id&eacute;zve:<\/strong><\/span><\/p>\n<p style=\"box-sizing: border-box; margin: 0px 0px 10px; max-width: 100%; font-family: Roboto, sans-serif; font-size: 16px;\"><span style=\"box-sizing: border-box; max-width: 100%;\"><strong style=\"box-sizing: border-box; max-width: 100%;\">MOTORRAD:&nbsp;<em style=\"box-sizing: border-box; max-width: 100%;\">&bdquo;Az Aeris , sok tud&aacute;st k&iacute;n&aacute;l az &aacute;r&aacute;&eacute;rt! Szellemes kialak&iacute;t&aacute;sa &eacute;s a haszn&aacute;lt anyagok k&eacute;nyelme, m&eacute;g a fels\u0151bb &aacute;rban k&iacute;n&aacute;lt term&eacute;kek k&ouml;z&ouml;tt is meg&aacute;llja a hely&eacute;t! A Modeka Lonic nadr&aacute;ggal t&ouml;k&eacute;letes , j&oacute;l haszn&aacute;lhat&oacute; &ouml;ssze&aacute;ll&iacute;t&aacute;s.&bdquo;<\/em><\/strong><\/span><\/p>\n<p style=\"box-sizing: border-box; margin: 0px 0px 10px; max-width: 100%; font-family: Roboto, sans-serif; font-size: 16px;\"><span style=\"box-sizing: border-box; max-width: 100%;\"><strong style=\"box-sizing: border-box; max-width: 100%;\">MOTORRAD&amp;REISEN :&nbsp;<em style=\"box-sizing: border-box; max-width: 100%;\">&bdquo;Megfizethet\u0151 &aacute;rban k&iacute;n&aacute;lt , magas tud&aacute;s&uacute; t&uacute;rakab&aacute;t, amely minden motorosnak kiv&aacute;l&oacute; v&aacute;laszt&aacute;s lehet!&rdquo;<\/em><\/strong><\/span><\/p>\n<p style=\"box-sizing: border-box; margin: 0px 0px 10px; max-width: 100%; font-family: Roboto, sans-serif; font-size: 16px;\">\n<p style=\"box-sizing: border-box; margin: 0px 0px 10px; max-width: 100%; font-family: Roboto, sans-serif; font-size: 16px;\"><span style=\"box-sizing: border-box; max-width: 100%;\"><strong style=\"box-sizing: border-box; max-width: 100%;\"><em style=\"box-sizing: border-box; max-width: 100%;\">A k&eacute;pek k&ouml;z&ouml;tt, el&eacute;gedett &uuml;gyfel&uuml;nk hozz&aacute;sz&oacute;l&aacute;sa is l&aacute;that&oacute;, egy facebook t&uacute;ramotoros csoportb&oacute;l.&nbsp;<\/em><\/strong><\/span><\/p>\n<p style=\"box-sizing: border-box; margin: 0px 0px 10px; max-width: 100%; font-family: Roboto, sans-serif; font-size: 16px;\">\n<p style=\"box-sizing: border-box; margin: 0px 0px 10px; max-width: 100%; font-family: Roboto, sans-serif; font-size: 16px;\"><span style=\"color:#FF0000;\"><span style=\"box-sizing: border-box; max-width: 100%;\"><strong style=\"box-sizing: border-box; max-width: 100%;\">&#8211; A k&uuml;ls\u0151 r&eacute;szen t&ouml;bb, nagy m&eacute;ret\u0171 Air Draft&nbsp;szell\u0151z\u0151zseb&nbsp;nyithat&oacute;&nbsp;<\/strong><\/span><span style=\"box-sizing: border-box; max-width: 100%;\"><strong style=\"box-sizing: border-box; max-width: 100%;\">, ezen fel&uuml;l Air-Vent nyithat&oacute; cipz&aacute;rak gondoskodnak a kab&aacute;t&nbsp; szell\u0151z&eacute;s&eacute;r\u0151l m&eacute;g a k&aacute;nikulai napokon is.&nbsp;<\/strong><\/span><\/span><\/p>\n<p style=\"box-sizing: border-box; margin: 0px 0px 10px; max-width: 100%; font-family: Roboto, sans-serif; font-size: 16px;\"><span style=\"box-sizing: border-box; max-width: 100%;\"><strong style=\"box-sizing: border-box; max-width: 100%;\">-Mivel a kab&aacute;t h&aacute;rom r&eacute;teg\u0171, a k&uuml;ls\u0151 r&eacute;szen nem csak a nyithat&oacute; szell\u0151z\u0151k&ouml;n, hanem a kab&aacute;t anyag&aacute;n kereszt\u0171l a teljes&nbsp; fel&uuml;let&eacute;n szell\u0151zik.&nbsp;&nbsp;<\/strong><\/span><\/p>\n<p style=\"box-sizing: border-box; margin: 0px 0px 10px; max-width: 100%; font-family: Roboto, sans-serif; font-size: 16px;\"><span style=\"box-sizing: border-box; max-width: 100%;\"><strong style=\"box-sizing: border-box; max-width: 100%;\">&#8211; Kivehet\u0151 <span style=\"color:#FF0000;\">100% Es\u0151 &eacute;s sz&eacute;l&aacute;ll&oacute;<\/span> HUMAX membr&aacute;n (A HUMAX membr&aacute;n tud&aacute;s&aacute;r&oacute;l r&eacute;szletesebben az anyaglexikon&nbsp; &nbsp;men&uuml;pontban&nbsp;olvashatsz)&nbsp;<\/strong><\/span><\/p>\n<p style=\"box-sizing: border-box; margin: 0px 0px 10px; max-width: 100%; font-family: Roboto, sans-serif; font-size: 16px;\"><span style=\"box-sizing: border-box; max-width: 100%;\"><strong style=\"box-sizing: border-box; max-width: 100%;\">&#8211; <span style=\"color:#FF0000;\">Kivehet\u0151 Thermo b&eacute;l&eacute;s<\/span><\/strong><\/span><\/p>\n<p style=\"box-sizing: border-box; margin: 0px 0px 10px; max-width: 100%; font-family: Roboto, sans-serif; font-size: 16px;\"><span style=\"box-sizing: border-box; max-width: 100%;\"><strong style=\"box-sizing: border-box; max-width: 100%;\">&#8211; V&aacute;ll &eacute;s k&ouml;ny&ouml;k protektorral&nbsp;<\/strong><\/span><\/p>\n<p style=\"box-sizing: border-box; margin: 0px 0px 10px; max-width: 100%; font-family: Roboto, sans-serif; font-size: 16px;\"><span style=\"box-sizing: border-box; max-width: 100%;\"><strong style=\"box-sizing: border-box; max-width: 100%;\">&#8211;<\/strong><\/span><strong><span style=\"font-size: 13px;\">A k&ouml;ny&ouml;kprotektor helyzete &aacute;ll&iacute;that&oacute;, &iacute;gy a be&aacute;ll&iacute;t&aacute;st k&ouml;vet\u0151en mindenki sz&aacute;m&aacute;ra azonnal t&ouml;k&eacute;letes helyen lesz a protektor!&nbsp;<\/span><\/strong><\/p>\n<p style=\"box-sizing: border-box; margin: 0px 0px 10px; max-width: 100%; font-family: Roboto, sans-serif; font-size: 16px;\"><span style=\"box-sizing: border-box; max-width: 100%;\"><strong style=\"box-sizing: border-box; max-width: 100%;\">-Gerincprotektornak kialak&iacute;tott protektorzseb.&nbsp; XS-L m&eacute;retig a tesztgy\u0151ztes &uuml;t&eacute;selnyel\u0151 Level 2-es SAS-TEC 1\/12-es protektort,<\/strong><\/span><\/p>\n<p style=\"box-sizing: border-box; margin: 0px 0px 10px; max-width: 100%; font-family: Roboto, sans-serif; font-size: 16px;\"><span style=\"box-sizing: border-box; max-width: 100%;\"><strong style=\"box-sizing: border-box; max-width: 100%;\">&nbsp;XL-10XL m&eacute;retig pedig a tesztgy\u0151ztes &uuml;t&eacute;selnyel\u0151, Level 2-es szint\u0171 SAS-TEC 1\/13-as gerincprotektor helyezhet\u0151 el a&nbsp; kab&aacute;tban.&nbsp;<\/strong><\/span><\/p>\n<p style=\"box-sizing: border-box; margin: 0px 0px 10px; max-width: 100%; font-family: Roboto, sans-serif; font-size: 16px;\"><span style=\"box-sizing: border-box; max-width: 100%;\"><strong style=\"box-sizing: border-box; max-width: 100%;\">A Level 2 -es min\u0151s&iacute;t&eacute;s, jelenleg a protektorokn&aacute;l, a legmagasabb v&eacute;delmi szint!&nbsp;<\/strong><\/span><\/p>\n<p style=\"box-sizing: border-box; margin: 0px 0px 10px; max-width: 100%; font-family: Roboto, sans-serif; font-size: 16px;\"><span style=\"box-sizing: border-box; max-width: 100%;\"><strong style=\"box-sizing: border-box; max-width: 100%;\">&#8211; 3M f&eacute;nyvisszaver\u0151 bet&eacute;tekkel&nbsp;<\/strong><\/span><\/p>\n<p style=\"box-sizing: border-box; margin: 0px 0px 10px; max-width: 100%; font-family: Roboto, sans-serif; font-size: 16px;\"><span style=\"box-sizing: border-box; max-width: 100%;\"><strong style=\"box-sizing: border-box; max-width: 100%;\">-T&ouml;bb ponton &aacute;ll&iacute;that&oacute;, testre szabhat&oacute;<\/strong><\/span><\/p>\n<p style=\"box-sizing: border-box; margin: 0px 0px 10px; max-width: 100%; font-family: Roboto, sans-serif; font-size: 16px;\"><span style=\"box-sizing: border-box; max-width: 100%;\"><strong style=\"box-sizing: border-box; max-width: 100%;\">-Magas min\u0151s&eacute;g\u0171 YKK cipz&aacute;rral<\/strong><\/span><\/p>\n<p style=\"box-sizing: border-box; margin: 0px 0px 10px; max-width: 100%; font-family: Roboto, sans-serif; font-size: 16px;\"><span style=\"box-sizing: border-box; max-width: 100%;\"><strong style=\"box-sizing: border-box; max-width: 100%;\">M&eacute;retek: XS, S, M, L, XL, 2XL, 3XL, 4XL, 5XL,<span style=\"color:#FF0000;\"> <\/span><span style=\"color:#000000;\">6XL, 8XL, 10XL&nbsp;<\/span><\/strong><\/span><\/p>\n<p style=\"box-sizing: border-box; margin: 0px 0px 10px; max-width: 100%; font-family: Roboto, sans-serif; font-size: 16px;\"><strong style=\"box-sizing: border-box; max-width: 100%;\">Figyelem! A term&eacute;k &aacute;ra 5XL m&eacute;rett\u0151l 10%-al, m&iacute;g 8XL m&eacute;rett\u0151l 20%-al magasabb az alap&aacute;rn&aacute;l.<\/strong><\/p>\n<p style=\"box-sizing: border-box; margin: 0px 0px 10px; max-width: 100%; font-family: Roboto, sans-serif; font-size: 16px;\"><strong style=\"font-family: Roboto, sans-serif; font-size: 16px; box-sizing: border-box; max-width: 100%;\">Haszn&aacute;lati &eacute;s kezel&eacute;si &uacute;tmutat&oacute; a term&eacute;khez&nbsp;el&eacute;rhet\u0151 ide kattintva:&nbsp;<a href=\"https:\/\/darazsgarazs.hu\/index.php\/termek\/hasznalati-utmutato.1155.html\">https:\/\/darazsgarazs.hu\/index.php\/termek\/hasznalati-utmutato.1155.html<\/a><\/strong><\/p>\n<p style=\"box-sizing: border-box; margin: 0px 0px 10px; max-width: 100%; font-family: Roboto, sans-serif; font-size: 16px;\"><strong>Tov&aacute;bbi term&eacute;ktulajdons&aacute;gok&eacute;rt l&aacute;togasd meg az anyaglexikon men&uuml;pontunkat !<\/strong><\/p>\n<p style=\"box-sizing: border-box; margin: 0px 0px 10px; max-width: 100%; font-family: Roboto, sans-serif; font-size: 16px;\"><strong>A term&eacute;k rendeltet&eacute;sszer\u0171 haszn&aacute;lat sor&aacute;n&nbsp;speci&aacute;lis mos&oacute;szerrel tiszt&iacute;that&oacute; !<\/strong><\/p>\n<p style=\"box-sizing: border-box; margin: 0px 0px 10px; max-width: 100%; font-family: Roboto, sans-serif; font-size: 16px;\"><strong>A mos&oacute;szer speci&aacute;lisan technikai &ndash; motoros ruh&aacute;zathoz lett fejlesztve, haszn&aacute;lat&aacute;val a term&eacute;kek nem csak tiszt&aacute;n tarthat&oacute;ak, de v&aacute;rhat&oacute; haszn&aacute;lati idej&uuml;k is n&ouml;vekszik!<\/strong><\/p>\n<div style=\"position:relative;padding-bottom:56.25%;padding-top:30px;height:0;overflow:hidden;\"><iframe loading=\"lazy\" allowfullscreen=\"\" frameborder=\"0\" height=\"360\" src=\"\/\/www.youtube.com\/embed\/7IE5-3iCXGQ?rel=0\" style=\"position: absolute;top: 0;left: 0;width: 100%;height: 100%;\" width=\"640\"><\/iframe><\/div>\n<p style=\"box-sizing: border-box; margin: 0px 0px 10px; max-width: 100%; font-family: Roboto, sans-serif; font-size: 16px;\">\n","protected":false},"excerpt":{"rendered":"<p>Val&oacute;di 4 &eacute;vszakos, 3 r&eacute;teg\u0171 motoros kab&aacute;t&nbsp; Mutat&oacute;s megjelen&eacute;se mellett,&nbsp;&nbsp;a legnagyobb p&eacute;ld&aacute;nysz&aacute;m&uacute; eur&oacute;pai motoros magazin a &bdquo;MOTORRAD&rdquo; tesztj&eacute;n Tesztgy\u0151ztes lett, [&hellip;]<\/p>\n","protected":false},"featured_media":109083,"template":"","meta":{"site-sidebar-layout":"default","site-content-layout":"","ast-site-content-layout":"default","site-content-style":"default","site-sidebar-style":"default","ast-global-header-display":"","ast-banner-title-visibility":"","ast-main-header-display":"","ast-hfb-above-header-display":"","ast-hfb-below-header-display":"","ast-hfb-mobile-header-display":"","site-post-title":"","ast-breadcrumbs-content":"","ast-featured-img":"","footer-sml-layout":"","ast-disable-related-posts":"","theme-transparent-header-meta":"","adv-header-id-meta":"","stick-header-meta":"","header-above-stick-meta":"","header-main-stick-meta":"","header-below-stick-meta":"","astra-migrate-meta-layouts":"default","ast-page-background-enabled":"default","ast-page-background-meta":{"desktop":{"background-color":"var(--ast-global-color-5)","background-image":"","background-repeat":"repeat","background-position":"center center","background-size":"auto","background-attachment":"scroll","background-type":"","background-media":"","overlay-type":"","overlay-color":"","overlay-opacity":"","overlay-gradient":""},"tablet":{"background-color":"","background-image":"","background-repeat":"repeat","background-position":"center center","background-size":"auto","background-attachment":"scroll","background-type":"","background-media":"","overlay-type":"","overlay-color":"","overlay-opacity":"","overlay-gradient":""},"mobile":{"background-color":"","background-image":"","background-repeat":"repeat","background-position":"center center","background-size":"auto","background-attachment":"scroll","background-type":"","background-media":"","overlay-type":"","overlay-color":"","overlay-opacity":"","overlay-gradient":""}},"ast-content-background-meta":{"desktop":{"background-color":"var(--ast-global-color-4)","background-image":"","background-repeat":"repeat","background-position":"center center","background-size":"auto","background-attachment":"scroll","background-type":"","background-media":"","overlay-type":"","overlay-color":"","overlay-opacity":"","overlay-gradient":""},"tablet":{"background-color":"var(--ast-global-color-4)","background-image":"","background-repeat":"repeat","background-position":"center center","background-size":"auto","background-attachment":"scroll","background-type":"","background-media":"","overlay-type":"","overlay-color":"","overlay-opacity":"","overlay-gradient":""},"mobile":{"background-color":"var(--ast-global-color-4)","background-image":"","background-repeat":"repeat","background-position":"center center","background-size":"auto","background-attachment":"scroll","background-type":"","background-media":"","overlay-type":"","overlay-color":"","overlay-opacity":"","overlay-gradient":""}}},"product_brand":[],"product_cat":[147,139,146],"product_tag":[],"class_list":{"0":"post-109928","1":"product","2":"type-product","3":"status-publish","4":"has-post-thumbnail","6":"product_cat-kabatok","7":"product_cat-motoros-ruhazat","8":"product_cat-orias-meretu-motoros-ruhazat","9":"desktop-align-left","10":"tablet-align-left","11":"mobile-align-left","13":"first","14":"instock","15":"shipping-taxable","16":"purchasable","17":"product-type-simple"},"jetpack_sharing_enabled":true,"_links":{"self":[{"href":"https:\/\/zatureczkimarcell.ddns.net\/wordpress\/wp-json\/wp\/v2\/product\/109928","targetHints":{"allow":["GET"]}}],"collection":[{"href":"https:\/\/zatureczkimarcell.ddns.net\/wordpress\/wp-json\/wp\/v2\/product"}],"about":[{"href":"https:\/\/zatureczkimarcell.ddns.net\/wordpress\/wp-json\/wp\/v2\/types\/product"}],"wp:featuredmedia":[{"embeddable":true,"href":"https:\/\/zatureczkimarcell.ddns.net\/wordpress\/wp-json\/wp\/v2\/media\/109083"}],"wp:attachment":[{"href":"https:\/\/zatureczkimarcell.ddns.net\/wordpress\/wp-json\/wp\/v2\/media?parent=109928"}],"wp:term":[{"taxonomy":"product_brand","embeddable":true,"href":"https:\/\/zatureczkimarcell.ddns.net\/wordpress\/wp-json\/wp\/v2\/product_brand?post=109928"},{"taxonomy":"product_cat","embeddable":true,"href":"https:\/\/zatureczkimarcell.ddns.net\/wordpress\/wp-json\/wp\/v2\/product_cat?post=109928"},{"taxonomy":"product_tag","embeddable":true,"href":"https:\/\/zatureczkimarcell.ddns.net\/wordpress\/wp-json\/wp\/v2\/product_tag?post=109928"}],"curies":[{"name":"wp","href":"https:\/\/api.w.org\/{rel}","templated":true}]}}