{"id":109925,"date":"2026-04-01T10:41:23","date_gmt":"2026-04-01T08:41:23","guid":{"rendered":"https:\/\/zatureczkimarcell.ddns.net\/wordpress\/?post_type=product&#038;p=109925"},"modified":"2026-04-01T10:41:45","modified_gmt":"2026-04-01T08:41:45","slug":"150-centis-lezaro-lanc-biztonsagi-lakattal","status":"publish","type":"product","link":"https:\/\/zatureczkimarcell.ddns.net\/wordpress\/termek\/150-centis-lezaro-lanc-biztonsagi-lakattal\/","title":{"rendered":"150 centis lez\u00e1r\u00f3 l\u00e1nc biztons\u00e1gi lakattal"},"content":{"rendered":"<p><span style=\"font-size:18px;\"><strong>150 centi hossz&uacute;s&aacute;g&uacute; biztons&aacute;gi l&aacute;nc, burkolt id\u0151j&aacute;r&aacute;s ellen v&eacute;dett massz&iacute;v l&aacute;ncszemekkel.&nbsp;<\/strong><\/span><\/p>\n<p><span style=\"font-size:18px;\"><strong>A l&aacute;nc darabjai lekerek&iacute;tettek hogy a v&aacute;g&aacute;s ellen nagyobb v&eacute;delmet ny&uacute;jtson<\/strong><\/span><\/p>\n<p><span style=\"font-size:18px;\"><strong>A lakat z&aacute;rr&eacute;sze id\u0151j&aacute;r&aacute;s elleni reteszelt v&eacute;delemmel van ell&aacute;tva, megakad&aacute;lyozva a porosod&aacute;st, a be&aacute;z&aacute;st, sarasod&aacute;st&nbsp;vagy m&aacute;s szennyez\u0151d&eacute;st.<\/strong><\/span><\/p>\n<p><span style=\"font-size:16px;\"><strong>8mm vastag l&aacute;ncszemekkel<\/strong><\/span><\/p>\n<p style=\"box-sizing: border-box; outline: none;\"><span style=\"font-size:16px;\"><strong>Karcol&aacute;sv&eacute;d\u0151 nylon huzattal<\/strong><\/span><\/p>\n<p style=\"box-sizing: border-box; outline: none;\"><span style=\"font-size:16px;\"><strong>Bujtat&oacute; gy\u0171r\u0171vel<\/strong><\/span><\/p>\n<p style=\"box-sizing: border-box; outline: none;\"><span style=\"font-size:16px;\"><strong>Por &eacute;s fur&aacute;s v&eacute;dett z&aacute;rbet&eacute;t<\/strong><\/span><\/p>\n<p style=\"box-sizing: border-box; outline: none;\"><span style=\"font-size:16px;\"><strong>3db kulccsal<\/strong><\/span><\/p>\n<\/p>\n<p><strong style=\"font-family: Roboto, sans-serif; font-size: 16px; box-sizing: border-box; max-width: 100%;\">Haszn&aacute;lati &eacute;s kezel&eacute;si &uacute;tmutat&oacute; a term&eacute;khez&nbsp;el&eacute;rhet\u0151 ide kattintva:&nbsp;<a href=\"https:\/\/darazsgarazs.hu\/index.php\/termek\/hasznalati-utmutato-biztonsagi-termekekhez.1410.html\">https:\/\/darazsgarazs.hu\/index.php\/termek\/hasznalati-utmutato-biztonsagi-termekekhez.1410.html<\/a><\/strong><\/p><\/p>\n","protected":false},"excerpt":{"rendered":"<p>150 centi hossz&uacute;s&aacute;g&uacute; biztons&aacute;gi l&aacute;nc, burkolt id\u0151j&aacute;r&aacute;s ellen v&eacute;dett massz&iacute;v l&aacute;ncszemekkel.&nbsp; A l&aacute;nc darabjai lekerek&iacute;tettek hogy a v&aacute;g&aacute;s ellen nagyobb [&hellip;]<\/p>\n","protected":false},"featured_media":106040,"template":"","meta":{"site-sidebar-layout":"default","site-content-layout":"","ast-site-content-layout":"default","site-content-style":"default","site-sidebar-style":"default","ast-global-header-display":"","ast-banner-title-visibility":"","ast-main-header-display":"","ast-hfb-above-header-display":"","ast-hfb-below-header-display":"","ast-hfb-mobile-header-display":"","site-post-title":"","ast-breadcrumbs-content":"","ast-featured-img":"","footer-sml-layout":"","ast-disable-related-posts":"","theme-transparent-header-meta":"","adv-header-id-meta":"","stick-header-meta":"","header-above-stick-meta":"","header-main-stick-meta":"","header-below-stick-meta":"","astra-migrate-meta-layouts":"default","ast-page-background-enabled":"default","ast-page-background-meta":{"desktop":{"background-color":"var(--ast-global-color-5)","background-image":"","background-repeat":"repeat","background-position":"center center","background-size":"auto","background-attachment":"scroll","background-type":"","background-media":"","overlay-type":"","overlay-color":"","overlay-opacity":"","overlay-gradient":""},"tablet":{"background-color":"","background-image":"","background-repeat":"repeat","background-position":"center center","background-size":"auto","background-attachment":"scroll","background-type":"","background-media":"","overlay-type":"","overlay-color":"","overlay-opacity":"","overlay-gradient":""},"mobile":{"background-color":"","background-image":"","background-repeat":"repeat","background-position":"center center","background-size":"auto","background-attachment":"scroll","background-type":"","background-media":"","overlay-type":"","overlay-color":"","overlay-opacity":"","overlay-gradient":""}},"ast-content-background-meta":{"desktop":{"background-color":"var(--ast-global-color-4)","background-image":"","background-repeat":"repeat","background-position":"center center","background-size":"auto","background-attachment":"scroll","background-type":"","background-media":"","overlay-type":"","overlay-color":"","overlay-opacity":"","overlay-gradient":""},"tablet":{"background-color":"var(--ast-global-color-4)","background-image":"","background-repeat":"repeat","background-position":"center center","background-size":"auto","background-attachment":"scroll","background-type":"","background-media":"","overlay-type":"","overlay-color":"","overlay-opacity":"","overlay-gradient":""},"mobile":{"background-color":"var(--ast-global-color-4)","background-image":"","background-repeat":"repeat","background-position":"center center","background-size":"auto","background-attachment":"scroll","background-type":"","background-media":"","overlay-type":"","overlay-color":"","overlay-opacity":"","overlay-gradient":""}}},"product_brand":[],"product_cat":[132,131],"product_tag":[],"class_list":{"0":"post-109925","1":"product","2":"type-product","3":"status-publish","4":"has-post-thumbnail","6":"product_cat-biztonsag","7":"product_cat-zarak","8":"desktop-align-left","9":"tablet-align-left","10":"mobile-align-left","12":"first","13":"instock","14":"shipping-taxable","15":"purchasable","16":"product-type-simple"},"jetpack_sharing_enabled":true,"_links":{"self":[{"href":"https:\/\/zatureczkimarcell.ddns.net\/wordpress\/wp-json\/wp\/v2\/product\/109925","targetHints":{"allow":["GET"]}}],"collection":[{"href":"https:\/\/zatureczkimarcell.ddns.net\/wordpress\/wp-json\/wp\/v2\/product"}],"about":[{"href":"https:\/\/zatureczkimarcell.ddns.net\/wordpress\/wp-json\/wp\/v2\/types\/product"}],"wp:featuredmedia":[{"embeddable":true,"href":"https:\/\/zatureczkimarcell.ddns.net\/wordpress\/wp-json\/wp\/v2\/media\/106040"}],"wp:attachment":[{"href":"https:\/\/zatureczkimarcell.ddns.net\/wordpress\/wp-json\/wp\/v2\/media?parent=109925"}],"wp:term":[{"taxonomy":"product_brand","embeddable":true,"href":"https:\/\/zatureczkimarcell.ddns.net\/wordpress\/wp-json\/wp\/v2\/product_brand?post=109925"},{"taxonomy":"product_cat","embeddable":true,"href":"https:\/\/zatureczkimarcell.ddns.net\/wordpress\/wp-json\/wp\/v2\/product_cat?post=109925"},{"taxonomy":"product_tag","embeddable":true,"href":"https:\/\/zatureczkimarcell.ddns.net\/wordpress\/wp-json\/wp\/v2\/product_tag?post=109925"}],"curies":[{"name":"wp","href":"https:\/\/api.w.org\/{rel}","templated":true}]}}