{"id":109916,"date":"2026-04-01T10:41:16","date_gmt":"2026-04-01T08:41:16","guid":{"rendered":"https:\/\/zatureczkimarcell.ddns.net\/wordpress\/?post_type=product&#038;p=109916"},"modified":"2026-04-01T10:41:39","modified_gmt":"2026-04-01T08:41:39","slug":"mt-nyitott-napszemuveges-bukosisak-lathatosagi-szin","status":"publish","type":"product","link":"https:\/\/zatureczkimarcell.ddns.net\/wordpress\/termek\/mt-nyitott-napszemuveges-bukosisak-lathatosagi-szin\/","title":{"rendered":"MT NYITOTT NAPSZEM\u00dcVEGES BUK\u00d3SISAK L\u00c1THAT\u00d3S\u00c1GI SZ\u00cdN"},"content":{"rendered":"<p><span style=\"font-size:16px;\"><strong><span style=\"color: rgb(64, 64, 64); font-family: arial;\">MT Avenue SV (SunVisor) nyitott&nbsp;buk&oacute;sisak be&eacute;p&iacute;tett leg&ouml;rd&uuml;l\u0151 <\/span><span style=\"color:#FF0000;\"><span style=\"font-family: arial;\">bels\u0151 napszem&uuml;veges<\/span><\/span><span style=\"color: rgb(64, 64, 64); font-family: arial;\"> rendszerrel<\/span><\/strong><\/span><\/p>\n<p><span style=\"font-size:16px;\"><strong><span style=\"color: rgb(64, 64, 64); font-family: arial;\">Aerodinamikus H*I*R*P rendszer\u0171, (nagy &uuml;t&eacute;s&aacute;ll&oacute;s&aacute;g&uacute; polimer), anyag&uacute; &ouml;nt&ouml;tt thermoplasztikus h&eacute;jszerkezet, k&uuml;l&ouml;nb&ouml;z\u0151 s\u0171r\u0171s&eacute;g\u0171 &uuml;t&eacute;selnyel\u0151 EPS r&eacute;teggel, egy m&eacute;ret\u0171 h&eacute;jszerkezettel, t&ouml;meg 1.450gr+50gr s&uacute;llyal.<\/span><\/strong><\/span><\/p>\n<p><span style=\"font-size:16px;\"><strong><span style=\"color: rgb(64, 64, 64); font-family: arial;\">IVS technol&oacute;gia (Integr&aacute;lt Ventilation System), nagy l&eacute;g&aacute;tereszt\u0151 k&eacute;pess&eacute;g\u0171 fejszell\u0151z\u0151 az &uacute;j airplus rendszernek k&ouml;sz&ouml;nhet\u0151en a szell\u0151z&eacute;s maximaliz&aacute;l&aacute;sa &eacute;rdek&eacute;ben, ami a tark&oacute;n&aacute;l t&aacute;vozik.<\/span><\/strong><\/span><\/p>\n<p><span style=\"font-size:16px;\"><strong><span style=\"color: rgb(64, 64, 64); font-family: arial;\">Az arcp&aacute;rn&aacute;k Anti-allergi&eacute;nek&nbsp;&eacute;s Anti-bakteri&aacute;lisak, kivehet\u0151ek &eacute;s moshat&oacute;ak. <\/span><\/strong><\/span><\/p>\n<p><span style=\"font-size:16px;\"><strong><span style=\"color: rgb(64, 64, 64); font-family: arial;\">A <\/span><span style=\"color:#FF0000;\"><span style=\"font-family: arial;\">hat&eacute;kony szell\u0151z&eacute;s<\/span><\/span><span style=\"color: rgb(64, 64, 64); font-family: arial;\"> elengedhetetlen felt&eacute;tele a cs&uacute;cstechnol&oacute;gi&aacute;j&uacute;, l&eacute;g&aacute;tereszt\u0151 sz&ouml;vet &eacute;s a magas min\u0151s&eacute;g\u0171 sisak belsej&eacute;ben tal&aacute;lhat&oacute; <\/span><span style=\"color:#FF0000;\"><span style=\"font-family: arial;\">t\u0171z&aacute;ll&oacute; sz&ouml;vetb&eacute;l&eacute;s<\/span><\/span><\/strong><\/span><\/p>\n<p><span style=\"font-size:16px;\"><strong><span style=\"color: rgb(64, 64, 64); font-family: arial;\">Gyorskiold&oacute; mikro-metrikus csattal, <\/span><\/strong><\/span><\/p>\n<p><span style=\"font-size:16px;\"><strong><span style=\"color: rgb(64, 64, 64); font-family: arial;\">Karcmentes plexi optikai polikarbon&aacute;tb&oacute;l, mely magas szint\u0171 f&eacute;ny&aacute;tereszt&eacute;st tesz lehet\u0151v&eacute;. <\/span><\/strong><\/span><\/p>\n<\/p>\n<p><strong>Haszn&aacute;lati &eacute;s kezel&eacute;si &uacute;tmutat&oacute; a term&eacute;khez el&eacute;rhet\u0151 ide kattintva:&nbsp;<a href=\"https:\/\/darazsgarazs.hu\/index.php\/termek\/bukosisak-hasznalati-kezelesi-utmutato.1408.html\">https:\/\/darazsgarazs.hu\/index.php\/termek\/bukosisak-hasznalati-kezelesi-utmutato.1408.html<\/a><\/strong><\/p><\/p>\n","protected":false},"excerpt":{"rendered":"<p>MT Avenue SV (SunVisor) nyitott&nbsp;buk&oacute;sisak be&eacute;p&iacute;tett leg&ouml;rd&uuml;l\u0151 bels\u0151 napszem&uuml;veges rendszerrel Aerodinamikus H*I*R*P rendszer\u0171, (nagy &uuml;t&eacute;s&aacute;ll&oacute;s&aacute;g&uacute; polimer), anyag&uacute; &ouml;nt&ouml;tt thermoplasztikus h&eacute;jszerkezet, [&hellip;]<\/p>\n","protected":false},"featured_media":108115,"template":"","meta":{"site-sidebar-layout":"default","site-content-layout":"","ast-site-content-layout":"default","site-content-style":"default","site-sidebar-style":"default","ast-global-header-display":"","ast-banner-title-visibility":"","ast-main-header-display":"","ast-hfb-above-header-display":"","ast-hfb-below-header-display":"","ast-hfb-mobile-header-display":"","site-post-title":"","ast-breadcrumbs-content":"","ast-featured-img":"","footer-sml-layout":"","ast-disable-related-posts":"","theme-transparent-header-meta":"","adv-header-id-meta":"","stick-header-meta":"","header-above-stick-meta":"","header-main-stick-meta":"","header-below-stick-meta":"","astra-migrate-meta-layouts":"default","ast-page-background-enabled":"default","ast-page-background-meta":{"desktop":{"background-color":"var(--ast-global-color-5)","background-image":"","background-repeat":"repeat","background-position":"center center","background-size":"auto","background-attachment":"scroll","background-type":"","background-media":"","overlay-type":"","overlay-color":"","overlay-opacity":"","overlay-gradient":""},"tablet":{"background-color":"","background-image":"","background-repeat":"repeat","background-position":"center center","background-size":"auto","background-attachment":"scroll","background-type":"","background-media":"","overlay-type":"","overlay-color":"","overlay-opacity":"","overlay-gradient":""},"mobile":{"background-color":"","background-image":"","background-repeat":"repeat","background-position":"center center","background-size":"auto","background-attachment":"scroll","background-type":"","background-media":"","overlay-type":"","overlay-color":"","overlay-opacity":"","overlay-gradient":""}},"ast-content-background-meta":{"desktop":{"background-color":"var(--ast-global-color-4)","background-image":"","background-repeat":"repeat","background-position":"center center","background-size":"auto","background-attachment":"scroll","background-type":"","background-media":"","overlay-type":"","overlay-color":"","overlay-opacity":"","overlay-gradient":""},"tablet":{"background-color":"var(--ast-global-color-4)","background-image":"","background-repeat":"repeat","background-position":"center center","background-size":"auto","background-attachment":"scroll","background-type":"","background-media":"","overlay-type":"","overlay-color":"","overlay-opacity":"","overlay-gradient":""},"mobile":{"background-color":"var(--ast-global-color-4)","background-image":"","background-repeat":"repeat","background-position":"center center","background-size":"auto","background-attachment":"scroll","background-type":"","background-media":"","overlay-type":"","overlay-color":"","overlay-opacity":"","overlay-gradient":""}}},"product_brand":[],"product_cat":[121,123,122],"product_tag":[],"class_list":{"0":"post-109916","1":"product","2":"type-product","3":"status-publish","4":"has-post-thumbnail","6":"product_cat-bukosisakok","7":"product_cat-nyithato-bukosisakok","8":"product_cat-nyitott","9":"desktop-align-left","10":"tablet-align-left","11":"mobile-align-left","13":"first","14":"instock","15":"sale","16":"shipping-taxable","17":"purchasable","18":"product-type-simple"},"jetpack_sharing_enabled":true,"_links":{"self":[{"href":"https:\/\/zatureczkimarcell.ddns.net\/wordpress\/wp-json\/wp\/v2\/product\/109916","targetHints":{"allow":["GET"]}}],"collection":[{"href":"https:\/\/zatureczkimarcell.ddns.net\/wordpress\/wp-json\/wp\/v2\/product"}],"about":[{"href":"https:\/\/zatureczkimarcell.ddns.net\/wordpress\/wp-json\/wp\/v2\/types\/product"}],"wp:featuredmedia":[{"embeddable":true,"href":"https:\/\/zatureczkimarcell.ddns.net\/wordpress\/wp-json\/wp\/v2\/media\/108115"}],"wp:attachment":[{"href":"https:\/\/zatureczkimarcell.ddns.net\/wordpress\/wp-json\/wp\/v2\/media?parent=109916"}],"wp:term":[{"taxonomy":"product_brand","embeddable":true,"href":"https:\/\/zatureczkimarcell.ddns.net\/wordpress\/wp-json\/wp\/v2\/product_brand?post=109916"},{"taxonomy":"product_cat","embeddable":true,"href":"https:\/\/zatureczkimarcell.ddns.net\/wordpress\/wp-json\/wp\/v2\/product_cat?post=109916"},{"taxonomy":"product_tag","embeddable":true,"href":"https:\/\/zatureczkimarcell.ddns.net\/wordpress\/wp-json\/wp\/v2\/product_tag?post=109916"}],"curies":[{"name":"wp","href":"https:\/\/api.w.org\/{rel}","templated":true}]}}