{"id":109915,"date":"2026-04-01T10:41:15","date_gmt":"2026-04-01T08:41:15","guid":{"rendered":"https:\/\/zatureczkimarcell.ddns.net\/wordpress\/?post_type=product&#038;p=109915"},"modified":"2026-04-01T10:41:38","modified_gmt":"2026-04-01T08:41:38","slug":"mt-bukosisak-thunder-turbine-napszemuveges-bukosisak","status":"publish","type":"product","link":"https:\/\/zatureczkimarcell.ddns.net\/wordpress\/termek\/mt-bukosisak-thunder-turbine-napszemuveges-bukosisak\/","title":{"rendered":"MT BUK\u00d3SISAK THUNDER TURBINE NAPSZEM\u00dcVEGES BUK\u00d3SISAK"},"content":{"rendered":"<p style=\"box-sizing: border-box; margin: 0px 0px 10px; max-width: 100%; font-family: Roboto, sans-serif; font-size: 16px;\"><span style=\"box-sizing: border-box; max-width: 100%;\"><strong style=\"box-sizing: border-box; max-width: 100%;\"><span style=\"box-sizing: border-box; max-width: 100%; color: rgb(64, 64, 64); font-family: arial;\">MT Thunder&nbsp;(SunVisor) &ndash; be&eacute;p&iacute;tett leg&ouml;rd&uuml;l\u0151 bels\u0151 napszem&uuml;veges rendszer<\/span><\/strong><\/span><\/p>\n<p style=\"box-sizing: border-box; margin: 0px 0px 10px; max-width: 100%; font-family: Roboto, sans-serif; font-size: 16px;\"><span style=\"box-sizing: border-box; max-width: 100%;\"><strong style=\"box-sizing: border-box; max-width: 100%;\"><span style=\"box-sizing: border-box; max-width: 100%; color: rgb(64, 64, 64); font-family: arial;\">Aerodinamikus H*I*R*P rendszer\u0171, (magas &uuml;t&eacute;s&aacute;ll&oacute;s&aacute;g&uacute;&nbsp;polimer), &ouml;nt&ouml;tt thermoplasztikus h&eacute;jszerkezet<\/span><\/strong><\/span><\/p>\n<p style=\"box-sizing: border-box; margin: 0px 0px 10px; max-width: 100%; font-family: Roboto, sans-serif; font-size: 16px;\"><span style=\"box-sizing: border-box; max-width: 100%;\"><strong style=\"box-sizing: border-box; max-width: 100%;\"><span style=\"box-sizing: border-box; max-width: 100%; color: rgb(64, 64, 64); font-family: arial;\">K&uuml;l&ouml;nb&ouml;z\u0151 s\u0171r\u0171s&eacute;g\u0171 &uuml;t&eacute;selnyel\u0151 EPS r&eacute;teggel, k&eacute;t k&uuml;l&ouml;nb&ouml;z\u0151 m&eacute;ret\u0171 h&eacute;jszerkezettel, XS-S-M 1.650gr+50gr &eacute;s L-XL-XXL 1.700gr+50gr s&uacute;llyal.<\/span><\/strong><\/span><\/p>\n<p style=\"box-sizing: border-box; margin: 0px 0px 10px; max-width: 100%; font-family: Roboto, sans-serif; font-size: 16px;\"><span style=\"box-sizing: border-box; max-width: 100%;\"><strong style=\"box-sizing: border-box; max-width: 100%;\"><span style=\"box-sizing: border-box; max-width: 100%; color: rgb(64, 64, 64); font-family: arial;\">Bevizsg&aacute;lt homologiz&aacute;ci&oacute;val rendelkez\u0151 &aacute;l v&eacute;dellemel ell&aacute;tva (&bdquo;P&rdquo; protection).<\/span><\/strong><\/span><\/p>\n<p style=\"box-sizing: border-box; margin: 0px 0px 10px; max-width: 100%; font-family: Roboto, sans-serif; font-size: 16px;\"><span style=\"color:#FF0000;\"><span style=\"box-sizing: border-box; max-width: 100%;\"><strong style=\"box-sizing: border-box; max-width: 100%;\"><span style=\"box-sizing: border-box; max-width: 100%; font-family: arial;\">Nagym&eacute;ret\u0171 als&oacute; l&eacute;gbe&ouml;ml\u0151 &eacute;s a&nbsp;nagy l&eacute;g&aacute;tereszt\u0151 k&eacute;pess&eacute;g\u0171 airplus rendszer\u0171 fejszell\u0151z\u0151<\/span><\/strong><\/span><span style=\"box-sizing: border-box; max-width: 100%;\"><strong style=\"box-sizing: border-box; max-width: 100%;\"><span style=\"box-sizing: border-box; max-width: 100%; font-family: arial;\">&nbsp;a szell\u0151z&eacute;s maximaliz&aacute;l&aacute;sa&nbsp;&eacute;rdek&eacute;ben<\/span><\/strong><\/span><\/span><\/p>\n<p style=\"box-sizing: border-box; margin: 0px 0px 10px; max-width: 100%; font-family: Roboto, sans-serif; font-size: 16px;\"><span style=\"box-sizing: border-box; max-width: 100%;\"><strong style=\"box-sizing: border-box; max-width: 100%;\"><span style=\"box-sizing: border-box; max-width: 100%; color: rgb(64, 64, 64); font-family: arial;\">Bels\u0151 orrv&eacute;d\u0151 &eacute;s bog&aacute;rh&aacute;l&oacute;&nbsp;<\/span><\/strong><\/span><\/p>\n<p style=\"box-sizing: border-box; margin: 0px 0px 10px; max-width: 100%; font-family: Roboto, sans-serif; font-size: 16px;\"><span style=\"box-sizing: border-box; max-width: 100%;\"><strong style=\"box-sizing: border-box; max-width: 100%;\"><span style=\"box-sizing: border-box; max-width: 100%; color: rgb(64, 64, 64); font-family: arial;\">Anti-allerg&eacute;n &eacute;s Anti-bakteri&aacute;lis kivehet\u0151 &eacute;s moshat&oacute; arcp&aacute;rna b&eacute;l&eacute;s, t\u0171z&aacute;ll&oacute; sz&ouml;vetb&eacute;l&eacute;s<\/span><\/strong><\/span><\/p>\n<p style=\"box-sizing: border-box; margin: 0px 0px 10px; max-width: 100%; font-family: Roboto, sans-serif; font-size: 16px;\"><span style=\"box-sizing: border-box; max-width: 100%;\"><strong style=\"box-sizing: border-box; max-width: 100%;\"><span style=\"box-sizing: border-box; max-width: 100%; color: rgb(64, 64, 64); font-family: arial;\">Gyorskiold&oacute; mikro-metrikus csattal<\/span><\/strong><\/span><\/p>\n<p style=\"box-sizing: border-box; margin: 0px 0px 10px; max-width: 100%; font-family: Roboto, sans-serif; font-size: 16px;\"><span style=\"box-sizing: border-box; max-width: 100%;\"><strong style=\"box-sizing: border-box; max-width: 100%;\"><span style=\"box-sizing: border-box; max-width: 100%; color: rgb(64, 64, 64); font-family: arial;\">&Uacute;j t&iacute;pus&uacute; szell\u0151z\u0151ny&iacute;l&aacute;sok beintegr&aacute;l&aacute;sa a h&eacute;jszerkezetbe. IVS (Integrated Ventilation System) technol&oacute;gia (h&eacute;jszerkezetbe integr&aacute;lt szell\u0151z\u0151rendszer)<\/span><\/strong><\/span><\/p>\n<p style=\"box-sizing: border-box; margin: 0px 0px 10px; max-width: 100%; font-family: Roboto, sans-serif; font-size: 16px;\"><span style=\"box-sizing: border-box; max-width: 100%;\"><strong style=\"box-sizing: border-box; max-width: 100%;\"><span style=\"box-sizing: border-box; max-width: 100%; color: rgb(64, 64, 64); font-family: arial;\">100% Max Vision plexi, pinlock el\u0151k&eacute;sz&iacute;t&eacute;ssel, Anti-Scratch (karc&aacute;ll&oacute;) optikai polikarbon&aacute;t plexi, mely magas szint\u0171 f&eacute;ny&aacute;tereszt&eacute;st tesz lehet\u0151v&eacute;, <\/span><\/strong><\/span><\/p>\n<p style=\"box-sizing: border-box; margin: 0px 0px 10px; max-width: 100%; font-family: Roboto, sans-serif; font-size: 16px;\"><span style=\"box-sizing: border-box; max-width: 100%;\"><strong style=\"box-sizing: border-box; max-width: 100%;\"><span style=\"box-sizing: border-box; max-width: 100%; color: rgb(64, 64, 64); font-family: arial;\">A lehet\u0151 legoptim&aacute;lisabb l&eacute;gmentes plexiz&aacute;r&oacute;d&aacute;s, 100%<\/span><\/strong><\/span><\/p>\n<p style=\"box-sizing: border-box; margin: 0px 0px 10px; max-width: 100%; font-family: Roboto, sans-serif; font-size: 16px;\"><span style=\"color:#FF0000;\"><span style=\"box-sizing: border-box; max-width: 100%;\"><strong style=\"box-sizing: border-box; max-width: 100%;\"><span style=\"box-sizing: border-box; max-width: 100%; font-family: arial;\">Max Vision plexi&nbsp;megn&ouml;velt l&aacute;t&oacute;sz&ouml;ggel,<\/span><\/strong><\/span><\/span><\/p>\n<p style=\"box-sizing: border-box; margin: 0px 0px 10px; max-width: 100%; font-family: Roboto, sans-serif; font-size: 16px;\"><span style=\"box-sizing: border-box; max-width: 100%;\"><strong style=\"box-sizing: border-box; max-width: 100%;\"><span style=\"box-sizing: border-box; max-width: 100%; color: rgb(64, 64, 64); font-family: arial;\">Gyors &eacute;s k&eacute;nyelmes szersz&aacute;mmentes plexi csere.<\/span><\/strong><\/span><\/p>\n<p style=\"box-sizing: border-box; margin: 0px 0px 10px; max-width: 100%; font-family: Roboto, sans-serif; font-size: 16px;\"><span style=\"box-sizing: border-box; max-width: 100%;\"><strong style=\"box-sizing: border-box; max-width: 100%;\"><span style=\"box-sizing: border-box; max-width: 100%; color: rgb(64, 64, 64); font-family: arial;\">Ez az egyik legbiztons&aacute;gosabb sisak a piacon, &eacute;s a rangos SHARP t&ouml;r&eacute;steszten 4 csillagot kapott a maxim&aacute;lisan el&eacute;rhet\u0151 5 csillagb&oacute;l!<\/span><\/strong><\/span><\/p>\n<p style=\"box-sizing: border-box; margin: 0px 0px 10px; max-width: 100%; font-family: Roboto, sans-serif; font-size: 16px;\">\n<p style=\"box-sizing: border-box; margin: 0px 0px 10px; max-width: 100%; font-family: Roboto, sans-serif; font-size: 16px;\"><strong>Haszn&aacute;lati &eacute;s kezel&eacute;si &uacute;tmutat&oacute; a term&eacute;khez el&eacute;rhet\u0151 ide kattintva:&nbsp;<a href=\"https:\/\/darazsgarazs.hu\/index.php\/termek\/bukosisak-hasznalati-kezelesi-utmutato.1408.html\">https:\/\/darazsgarazs.hu\/index.php\/termek\/bukosisak-hasznalati-kezelesi-utmutato.1408.html<\/a><\/strong><span style=\"box-sizing: border-box; max-width: 100%;\"><strong style=\"box-sizing: border-box; max-width: 100%;\"><span style=\"box-sizing: border-box; max-width: 100%; color: rgb(64, 64, 64); font-family: arial;\">&nbsp;<\/span><\/strong><\/span><\/p>\n<p style=\"box-sizing: border-box; margin: 0px 0px 10px; max-width: 100%; font-family: Roboto, sans-serif; font-size: 16px;\"><\/p>\n","protected":false},"excerpt":{"rendered":"<p>MT Thunder&nbsp;(SunVisor) &ndash; be&eacute;p&iacute;tett leg&ouml;rd&uuml;l\u0151 bels\u0151 napszem&uuml;veges rendszer Aerodinamikus H*I*R*P rendszer\u0171, (magas &uuml;t&eacute;s&aacute;ll&oacute;s&aacute;g&uacute;&nbsp;polimer), &ouml;nt&ouml;tt thermoplasztikus h&eacute;jszerkezet K&uuml;l&ouml;nb&ouml;z\u0151 s\u0171r\u0171s&eacute;g\u0171 &uuml;t&eacute;selnyel\u0151 EPS [&hellip;]<\/p>\n","protected":false},"featured_media":106800,"template":"","meta":{"site-sidebar-layout":"default","site-content-layout":"","ast-site-content-layout":"default","site-content-style":"default","site-sidebar-style":"default","ast-global-header-display":"","ast-banner-title-visibility":"","ast-main-header-display":"","ast-hfb-above-header-display":"","ast-hfb-below-header-display":"","ast-hfb-mobile-header-display":"","site-post-title":"","ast-breadcrumbs-content":"","ast-featured-img":"","footer-sml-layout":"","ast-disable-related-posts":"","theme-transparent-header-meta":"","adv-header-id-meta":"","stick-header-meta":"","header-above-stick-meta":"","header-main-stick-meta":"","header-below-stick-meta":"","astra-migrate-meta-layouts":"default","ast-page-background-enabled":"default","ast-page-background-meta":{"desktop":{"background-color":"var(--ast-global-color-5)","background-image":"","background-repeat":"repeat","background-position":"center center","background-size":"auto","background-attachment":"scroll","background-type":"","background-media":"","overlay-type":"","overlay-color":"","overlay-opacity":"","overlay-gradient":""},"tablet":{"background-color":"","background-image":"","background-repeat":"repeat","background-position":"center center","background-size":"auto","background-attachment":"scroll","background-type":"","background-media":"","overlay-type":"","overlay-color":"","overlay-opacity":"","overlay-gradient":""},"mobile":{"background-color":"","background-image":"","background-repeat":"repeat","background-position":"center center","background-size":"auto","background-attachment":"scroll","background-type":"","background-media":"","overlay-type":"","overlay-color":"","overlay-opacity":"","overlay-gradient":""}},"ast-content-background-meta":{"desktop":{"background-color":"var(--ast-global-color-4)","background-image":"","background-repeat":"repeat","background-position":"center center","background-size":"auto","background-attachment":"scroll","background-type":"","background-media":"","overlay-type":"","overlay-color":"","overlay-opacity":"","overlay-gradient":""},"tablet":{"background-color":"var(--ast-global-color-4)","background-image":"","background-repeat":"repeat","background-position":"center center","background-size":"auto","background-attachment":"scroll","background-type":"","background-media":"","overlay-type":"","overlay-color":"","overlay-opacity":"","overlay-gradient":""},"mobile":{"background-color":"var(--ast-global-color-4)","background-image":"","background-repeat":"repeat","background-position":"center center","background-size":"auto","background-attachment":"scroll","background-type":"","background-media":"","overlay-type":"","overlay-color":"","overlay-opacity":"","overlay-gradient":""}}},"product_brand":[],"product_cat":[121,150],"product_tag":[],"class_list":{"0":"post-109915","1":"product","2":"type-product","3":"status-publish","4":"has-post-thumbnail","6":"product_cat-bukosisakok","7":"product_cat-zart-bukosisakok","8":"desktop-align-left","9":"tablet-align-left","10":"mobile-align-left","12":"first","13":"instock","14":"shipping-taxable","15":"purchasable","16":"product-type-simple"},"jetpack_sharing_enabled":true,"_links":{"self":[{"href":"https:\/\/zatureczkimarcell.ddns.net\/wordpress\/wp-json\/wp\/v2\/product\/109915","targetHints":{"allow":["GET"]}}],"collection":[{"href":"https:\/\/zatureczkimarcell.ddns.net\/wordpress\/wp-json\/wp\/v2\/product"}],"about":[{"href":"https:\/\/zatureczkimarcell.ddns.net\/wordpress\/wp-json\/wp\/v2\/types\/product"}],"wp:featuredmedia":[{"embeddable":true,"href":"https:\/\/zatureczkimarcell.ddns.net\/wordpress\/wp-json\/wp\/v2\/media\/106800"}],"wp:attachment":[{"href":"https:\/\/zatureczkimarcell.ddns.net\/wordpress\/wp-json\/wp\/v2\/media?parent=109915"}],"wp:term":[{"taxonomy":"product_brand","embeddable":true,"href":"https:\/\/zatureczkimarcell.ddns.net\/wordpress\/wp-json\/wp\/v2\/product_brand?post=109915"},{"taxonomy":"product_cat","embeddable":true,"href":"https:\/\/zatureczkimarcell.ddns.net\/wordpress\/wp-json\/wp\/v2\/product_cat?post=109915"},{"taxonomy":"product_tag","embeddable":true,"href":"https:\/\/zatureczkimarcell.ddns.net\/wordpress\/wp-json\/wp\/v2\/product_tag?post=109915"}],"curies":[{"name":"wp","href":"https:\/\/api.w.org\/{rel}","templated":true}]}}