{"id":109859,"date":"2026-04-01T10:39:51","date_gmt":"2026-04-01T08:39:51","guid":{"rendered":"https:\/\/zatureczkimarcell.ddns.net\/wordpress\/?post_type=product&#038;p=109859"},"modified":"2026-04-01T10:40:13","modified_gmt":"2026-04-01T08:40:13","slug":"modeka-tacoma-tesztgyoztes-nadrag-sot-altalunk-is-tesztelt","status":"publish","type":"product","link":"https:\/\/zatureczkimarcell.ddns.net\/wordpress\/termek\/modeka-tacoma-tesztgyoztes-nadrag-sot-altalunk-is-tesztelt\/","title":{"rendered":"Modeka TACOMA tesztgy\u0151ztes nadr\u00e1g-S\u0151t ! \u00c1ltalunk is tesztelt !"},"content":{"rendered":"<p style=\"box-sizing: border-box; margin: 0px 0px 10px; max-width: 100%; font-family: Roboto, sans-serif; font-size: 16px;\"><strong><span style=\"font-size:16px;\">Nem csak rekl&aacute;mszlogen , hanem felv&eacute;ve azonnal &eacute;rezni, hogy ez a ruha &quot;&Aacute;t&iacute;rja a motoroz&aacute;s &eacute;lm&eacute;ny&eacute;t!&quot;&nbsp;<\/span><\/strong><\/p>\n<p style=\"box-sizing: border-box; margin: 0px 0px 10px; max-width: 100%; font-family: Roboto, sans-serif; font-size: 16px;\"><strong><span style=\"font-size:16px;\">A legkomolyabb t&uacute;r&aacute;z&oacute;k is elismer\u0151en besz&eacute;lnek a Tacoma ruh&aacute;zat k&eacute;nyelm&eacute;r\u0151l &eacute;s tud&aacute;s&aacute;r&oacute;l. A term&eacute;k a vezet\u0151 nemzetk&ouml;zi motoros magazinokban is n&eacute;gyszer nyert tesztet, &iacute;gy b&aacute;rkinek aki &aacute;tlag feletti motoros ruh&aacute;zatra v&aacute;gyik, &ouml;r&ouml;mmel aj&aacute;nljuk figyelm&eacute;be!&nbsp;<\/span><\/strong><\/p>\n<p style=\"box-sizing: border-box; margin: 0px 0px 10px; max-width: 100%; font-family: Roboto, sans-serif; font-size: 16px;\"><strong><span style=\"font-size:16px;\">R&eacute;szletek:&nbsp;<\/span><\/strong><\/p>\n<p style=\"box-sizing: border-box; margin: 0px 0px 10px; max-width: 100%; font-family: Roboto, sans-serif; font-size: 16px;\"><strong><span style=\"font-size:16px;\">Nagy szak&iacute;t&oacute;szil&aacute;rds&aacute;g&uacute; , kimagasl&oacute; szell\u0151z&eacute;st biztos&iacute;t&oacute; , &eacute;s rendk&iacute;v&uuml;li k&eacute;nyelmet ad&oacute; TACTEL sz&ouml;vetb\u0151l k&eacute;sz&uuml;lt k&uuml;ls\u0151 r&eacute;sz, amely nem csak a nyithat&oacute; szell\u0151z\u0151k&ouml;n kereszt&uuml;l, hanem a nadr&aacute;g teljes fel&uuml;let&eacute;n &aacute;tszell\u0151zik. (A Tactel sz&ouml;vetr\u0151l r&eacute;szletesen az anyaglexikon men&uuml;pontban olvashatsz)&nbsp;<\/span><\/strong><\/p>\n<p style=\"box-sizing: border-box; margin: 0px 0px 10px; max-width: 100%; font-family: Roboto, sans-serif; font-size: 16px;\"><strong><span style=\"font-size:16px;\">Air-Vent nyithat&oacute; szell\u0151z\u0151k<\/span><\/strong><\/p>\n<p style=\"box-sizing: border-box; margin: 0px 0px 10px; max-width: 100%; font-family: Roboto, sans-serif; font-size: 16px;\"><strong><span style=\"font-size:16px;\">1000D Cordura meger\u0151s&iacute;t&eacute;sek az ig&eacute;nybevett r&eacute;szeken.&nbsp;<\/span><\/strong><\/p>\n<p style=\"box-sizing: border-box; margin: 0px 0px 10px; max-width: 100%; font-family: Roboto, sans-serif; font-size: 16px;\"><strong><span style=\"font-size:16px;\">Extra h\u0151v&eacute;d\u0151 pajzsok a nadr&aacute;g als&oacute; sz&aacute;r&aacute;n<\/span><\/strong><\/p>\n<p style=\"box-sizing: border-box; margin: 0px 0px 10px; max-width: 100%; font-family: Roboto, sans-serif; font-size: 16px;\"><span style=\"color:#FF0000;\"><strong><span style=\"font-size:16px;\"><span style=\"font-family: Roboto, sans-serif;\">SAS-TEC Level 2-es (Jelenleg a legmagasabb v&eacute;delmi szabv&aacute;ny) pr&eacute;mium protektoroz&aacute;ssal a t&eacute;rdn&eacute;l.<\/span><\/span><\/strong><\/span><\/p>\n<p style=\"box-sizing: border-box; margin: 0px 0px 10px; max-width: 100%; font-family: Roboto, sans-serif; font-size: 16px;\"><strong><span style=\"font-size:16px;\">A nadr&aacute;gban a t&eacute;rdprotektor helyzete &aacute;ll&iacute;that&oacute;, &iacute;gy a be&aacute;ll&iacute;t&aacute;st k&ouml;vet\u0151en mindenki sz&aacute;m&aacute;ra azonnal t&ouml;k&eacute;letes helyen lesz a protektor .<\/span><\/strong><\/p>\n<p style=\"box-sizing: border-box; margin: 0px 0px 10px; max-width: 100%; font-family: Roboto, sans-serif; font-size: 16px;\"><strong><span style=\"font-size:16px;\"><span style=\"font-family: Roboto, sans-serif;\">K&eacute;nyelmes SAS-TEC cs&iacute;p\u0151protektor&nbsp;<\/span><\/span><\/strong><\/p>\n<p style=\"box-sizing: border-box; margin: 0px 0px 10px; max-width: 100%; font-family: Roboto, sans-serif; font-size: 16px;\"><strong><span style=\"font-size:16px;\">Kivehet\u0151 es\u0151 &eacute;s sz&eacute;l&aacute;ll&oacute; , l&eacute;legz\u0151 HUMAX membr&aacute;n (A membr&aacute;n tud&aacute;s&aacute;r&oacute;l az anyaglexikon men&uuml;pontban tudsz olvasni)&nbsp;<\/span><\/strong><\/p>\n<p style=\"box-sizing: border-box; margin: 0px 0px 10px; max-width: 100%; font-family: Roboto, sans-serif; font-size: 16px;\"><strong><span style=\"font-size:16px;\">Kivehet\u0151 thermo b&eacute;l&eacute;s<\/span><\/strong><\/p>\n<p style=\"box-sizing: border-box; margin: 0px 0px 10px; max-width: 100%; font-family: Roboto, sans-serif; font-size: 16px;\"><strong><span style=\"font-size:16px;\">T&ouml;bb ponton &aacute;ll&iacute;that&oacute;, testre szabhat&oacute;.&nbsp;<\/span><\/strong><\/p>\n<p style=\"box-sizing: border-box; margin: 0px 0px 10px; max-width: 100%; font-family: Roboto, sans-serif; font-size: 16px;\"><strong><span style=\"font-size:16px;\">M&eacute;retek: Korl&aacute;tozott m&eacute;ret &eacute;s darabsz&aacute;mban el&eacute;rhet\u0151 term&eacute;k&uuml;nk. K&eacute;rj&uuml;k &eacute;rdekl\u0151dj el&eacute;rhet\u0151s&eacute;geinken.&nbsp;<\/span><\/strong><\/p>\n<p style=\"box-sizing: border-box; margin: 0px 0px 10px; max-width: 100%; font-family: Roboto, sans-serif; font-size: 16px;\">\n<p style=\"box-sizing: border-box; margin: 0px 0px 10px; max-width: 100%; font-family: Roboto, sans-serif; font-size: 16px;\"><strong><span style=\"font-size:16px;\">Figyelem!&nbsp;<\/span><\/strong><\/p>\n<p style=\"box-sizing: border-box; margin: 0px 0px 10px; max-width: 100%; font-family: Roboto, sans-serif; font-size: 16px;\"><strong><span style=\"font-size:16px;\">Koll&eacute;g&aacute;nk is tesztelte a TACOMA motoros ruh&aacute;zatot. V&eacute;lem&eacute;nye a &quot;Saj&aacute;t tesztel&eacute;s\u0171 term&eacute;kek&quot; men&uuml;pontban olvashat&oacute;.<\/span><\/strong><\/p>\n<p style=\"box-sizing: border-box; margin: 0px 0px 10px; max-width: 100%; font-family: Roboto, sans-serif; font-size: 16px;\"><strong style=\"font-family: Roboto, sans-serif; font-size: 16px; box-sizing: border-box; max-width: 100%;\">Haszn&aacute;lati &eacute;s kezel&eacute;si &uacute;tmutat&oacute; a term&eacute;khez&nbsp;el&eacute;rhet\u0151 ide kattintva:&nbsp;<a href=\"https:\/\/darazsgarazs.hu\/index.php\/termek\/hasznalati-utmutato.1155.html\">https:\/\/darazsgarazs.hu\/index.php\/termek\/hasznalati-utmutato.1155.html<\/a><\/strong><\/p>\n<p style=\"box-sizing: border-box; margin: 0px 0px 10px; max-width: 100%; font-family: Roboto, sans-serif; font-size: 16px;\"><strong><span style=\"font-size:16px;\">A term&eacute;k rendeltet&eacute;sszer\u0171 haszn&aacute;lat sor&aacute;n&nbsp;speci&aacute;lis mos&oacute;szerrel tiszt&iacute;that&oacute; !<\/span><\/strong><\/p>\n<p style=\"box-sizing: border-box; margin: 0px 0px 10px; max-width: 100%; font-family: Roboto, sans-serif; font-size: 16px;\"><strong><span style=\"font-size:16px;\">A mos&oacute;szer speci&aacute;lisan technikai &ndash; motoros ruh&aacute;zathoz lett fejlesztve, haszn&aacute;lat&aacute;val a term&eacute;kek nem csak tiszt&aacute;n tarthat&oacute;ak, de v&aacute;rhat&oacute; haszn&aacute;lati idej&uuml;k is n&ouml;vekszik!<\/span><\/strong><\/p>\n<p style=\"box-sizing: border-box; margin: 0px 0px 10px; max-width: 100%; font-family: Roboto, sans-serif; font-size: 16px;\"><span style=\"color:#FF0000;\"><strong>Figyelem! Tart&oacute;steszt&uuml;nk az al&aacute;bbi linken &eacute;rhet\u0151 el:&nbsp;<a href=\"https:\/\/darazsgarazs.hu\/index.php\/termek\/modeka-tacoma-kabat-es-nadrag.654.html\">https:\/\/darazsgarazs.hu\/index.php\/termek\/modeka-tacoma-kabat-es-nadrag.654.html<\/a><\/strong><\/span><\/p>\n","protected":false},"excerpt":{"rendered":"<p>Nem csak rekl&aacute;mszlogen , hanem felv&eacute;ve azonnal &eacute;rezni, hogy ez a ruha &quot;&Aacute;t&iacute;rja a motoroz&aacute;s &eacute;lm&eacute;ny&eacute;t!&quot;&nbsp; A legkomolyabb t&uacute;r&aacute;z&oacute;k is [&hellip;]<\/p>\n","protected":false},"featured_media":104231,"template":"","meta":{"site-sidebar-layout":"default","site-content-layout":"","ast-site-content-layout":"default","site-content-style":"default","site-sidebar-style":"default","ast-global-header-display":"","ast-banner-title-visibility":"","ast-main-header-display":"","ast-hfb-above-header-display":"","ast-hfb-below-header-display":"","ast-hfb-mobile-header-display":"","site-post-title":"","ast-breadcrumbs-content":"","ast-featured-img":"","footer-sml-layout":"","ast-disable-related-posts":"","theme-transparent-header-meta":"","adv-header-id-meta":"","stick-header-meta":"","header-above-stick-meta":"","header-main-stick-meta":"","header-below-stick-meta":"","astra-migrate-meta-layouts":"default","ast-page-background-enabled":"default","ast-page-background-meta":{"desktop":{"background-color":"var(--ast-global-color-5)","background-image":"","background-repeat":"repeat","background-position":"center center","background-size":"auto","background-attachment":"scroll","background-type":"","background-media":"","overlay-type":"","overlay-color":"","overlay-opacity":"","overlay-gradient":""},"tablet":{"background-color":"","background-image":"","background-repeat":"repeat","background-position":"center center","background-size":"auto","background-attachment":"scroll","background-type":"","background-media":"","overlay-type":"","overlay-color":"","overlay-opacity":"","overlay-gradient":""},"mobile":{"background-color":"","background-image":"","background-repeat":"repeat","background-position":"center center","background-size":"auto","background-attachment":"scroll","background-type":"","background-media":"","overlay-type":"","overlay-color":"","overlay-opacity":"","overlay-gradient":""}},"ast-content-background-meta":{"desktop":{"background-color":"var(--ast-global-color-4)","background-image":"","background-repeat":"repeat","background-position":"center center","background-size":"auto","background-attachment":"scroll","background-type":"","background-media":"","overlay-type":"","overlay-color":"","overlay-opacity":"","overlay-gradient":""},"tablet":{"background-color":"var(--ast-global-color-4)","background-image":"","background-repeat":"repeat","background-position":"center center","background-size":"auto","background-attachment":"scroll","background-type":"","background-media":"","overlay-type":"","overlay-color":"","overlay-opacity":"","overlay-gradient":""},"mobile":{"background-color":"var(--ast-global-color-4)","background-image":"","background-repeat":"repeat","background-position":"center center","background-size":"auto","background-attachment":"scroll","background-type":"","background-media":"","overlay-type":"","overlay-color":"","overlay-opacity":"","overlay-gradient":""}}},"product_brand":[],"product_cat":[139,138],"product_tag":[],"class_list":{"0":"post-109859","1":"product","2":"type-product","3":"status-publish","4":"has-post-thumbnail","6":"product_cat-motoros-ruhazat","7":"product_cat-nadragok","8":"desktop-align-left","9":"tablet-align-left","10":"mobile-align-left","12":"first","13":"instock","14":"sale","15":"shipping-taxable","16":"purchasable","17":"product-type-simple"},"jetpack_sharing_enabled":true,"_links":{"self":[{"href":"https:\/\/zatureczkimarcell.ddns.net\/wordpress\/wp-json\/wp\/v2\/product\/109859","targetHints":{"allow":["GET"]}}],"collection":[{"href":"https:\/\/zatureczkimarcell.ddns.net\/wordpress\/wp-json\/wp\/v2\/product"}],"about":[{"href":"https:\/\/zatureczkimarcell.ddns.net\/wordpress\/wp-json\/wp\/v2\/types\/product"}],"wp:featuredmedia":[{"embeddable":true,"href":"https:\/\/zatureczkimarcell.ddns.net\/wordpress\/wp-json\/wp\/v2\/media\/104231"}],"wp:attachment":[{"href":"https:\/\/zatureczkimarcell.ddns.net\/wordpress\/wp-json\/wp\/v2\/media?parent=109859"}],"wp:term":[{"taxonomy":"product_brand","embeddable":true,"href":"https:\/\/zatureczkimarcell.ddns.net\/wordpress\/wp-json\/wp\/v2\/product_brand?post=109859"},{"taxonomy":"product_cat","embeddable":true,"href":"https:\/\/zatureczkimarcell.ddns.net\/wordpress\/wp-json\/wp\/v2\/product_cat?post=109859"},{"taxonomy":"product_tag","embeddable":true,"href":"https:\/\/zatureczkimarcell.ddns.net\/wordpress\/wp-json\/wp\/v2\/product_tag?post=109859"}],"curies":[{"name":"wp","href":"https:\/\/api.w.org\/{rel}","templated":true}]}}