{"id":109857,"date":"2026-04-01T10:39:50","date_gmt":"2026-04-01T08:39:50","guid":{"rendered":"https:\/\/zatureczkimarcell.ddns.net\/wordpress\/?post_type=product&#038;p=109857"},"modified":"2026-04-01T10:40:12","modified_gmt":"2026-04-01T08:40:12","slug":"retro-buborek-plexi-nyitott-sisakhoz-sarga-szinu","status":"publish","type":"product","link":"https:\/\/zatureczkimarcell.ddns.net\/wordpress\/termek\/retro-buborek-plexi-nyitott-sisakhoz-sarga-szinu\/","title":{"rendered":"Retro bubor\u00e9k plexi nyitott sisakhoz s\u00e1rga sz\u00edn\u0171"},"content":{"rendered":"<p style=\"box-sizing: border-box; margin: 0px 0px 10px; max-width: 100%; font-family: Roboto, sans-serif; font-size: 16px;\"><strong><span style=\"font-size:16px;\">St&iacute;lusos kieg&eacute;sz&iacute;t\u0151je a nyitott Cafe Racer , vagy m&aacute;s Vintage ir&aacute;nyzat&uacute; sisaknak, ez a <span style=\"color:#FF0000;\">sz&uuml;rk&uuml;leti vezet&eacute;st k&ouml;nny&iacute;t\u0151<\/span>, s&aacute;rga&nbsp;sz&iacute;n\u0171 Retro bubor&eacute;k plexi, amely k&ouml;nnyed&eacute;n felpattinthat&oacute; a legt&ouml;bb nyitott sisakra.&nbsp;<\/span><\/strong><\/p>\n<p style=\"box-sizing: border-box; margin: 0px 0px 10px; max-width: 100%; font-family: Roboto, sans-serif; font-size: 16px;\"><strong><span style=\"font-size:16px;\">Felszerel&eacute;se egyszer\u0171.&nbsp;<\/span><\/strong><\/p>\n<p style=\"box-sizing: border-box; margin: 0px 0px 10px; max-width: 100%; font-family: Roboto, sans-serif; font-size: 16px;\"><strong><span style=\"font-size:16px;\">T&ouml;k&eacute;letesen lefedi az arcot<\/span><\/strong><\/p>\n<p style=\"box-sizing: border-box; margin: 0px 0px 10px; max-width: 100%; font-family: Roboto, sans-serif; font-size: 16px;\"><span style=\"color:#FF0000;\"><strong><span style=\"font-size:16px;\">A sz&uuml;rk&uuml;leti id\u0151szakban, vagy rossz l&aacute;t&aacute;si k&ouml;r&uuml;lm&eacute;nyek k&ouml;z&ouml;tt, seg&iacute;ts&eacute;g a vezet&eacute;sben, mert haszn&aacute;lat&aacute;val &eacute;lesebben l&aacute;tni.&nbsp;<\/span><\/strong><\/span><\/p>\n<p style=\"box-sizing: border-box; margin: 0px 0px 10px; max-width: 100%; font-family: Roboto, sans-serif; font-size: 16px;\">\n<p><span style=\"font-size: 16px;\"><strong>A term&eacute;ket koll&eacute;g&aacute;nk haszn&aacute;lja. Az \u0151 tesztje ide kattintva olvashat&oacute;:&nbsp;<\/strong><\/span><\/p>\n<p><a href=\"https:\/\/darazsgarazs.hu\/index.php\/termek\/marushin-c-131-uvegszal-bukosisak-es-retro-buborek-plexi-teszt.1126.html\"><span style=\"font-size: 16px;\"><strong>https:\/\/darazsgarazs.hu\/index.php\/termek\/marushin-c-131-uvegszal-bukosisak-es-retro-buborek-plexi-teszt.1126.html<\/strong><\/span><\/a><\/p>\n<\/p>\n<p><strong>Haszn&aacute;lati &eacute;s kezel&eacute;si &uacute;tmutat&oacute; a term&eacute;khez el&eacute;rhet\u0151 ide kattintva:&nbsp;<a href=\"https:\/\/darazsgarazs.hu\/index.php\/termek\/bukosisak-hasznalati-kezelesi-utmutato.1408.html\">https:\/\/darazsgarazs.hu\/index.php\/termek\/bukosisak-hasznalati-kezelesi-utmutato.1408.html<\/a><\/strong><\/p>\n","protected":false},"excerpt":{"rendered":"<p>St&iacute;lusos kieg&eacute;sz&iacute;t\u0151je a nyitott Cafe Racer , vagy m&aacute;s Vintage ir&aacute;nyzat&uacute; sisaknak, ez a sz&uuml;rk&uuml;leti vezet&eacute;st k&ouml;nny&iacute;t\u0151, s&aacute;rga&nbsp;sz&iacute;n\u0171 Retro bubor&eacute;k [&hellip;]<\/p>\n","protected":false},"featured_media":108587,"template":"","meta":{"site-sidebar-layout":"default","site-content-layout":"","ast-site-content-layout":"default","site-content-style":"default","site-sidebar-style":"default","ast-global-header-display":"","ast-banner-title-visibility":"","ast-main-header-display":"","ast-hfb-above-header-display":"","ast-hfb-below-header-display":"","ast-hfb-mobile-header-display":"","site-post-title":"","ast-breadcrumbs-content":"","ast-featured-img":"","footer-sml-layout":"","ast-disable-related-posts":"","theme-transparent-header-meta":"","adv-header-id-meta":"","stick-header-meta":"","header-above-stick-meta":"","header-main-stick-meta":"","header-below-stick-meta":"","astra-migrate-meta-layouts":"default","ast-page-background-enabled":"default","ast-page-background-meta":{"desktop":{"background-color":"var(--ast-global-color-5)","background-image":"","background-repeat":"repeat","background-position":"center center","background-size":"auto","background-attachment":"scroll","background-type":"","background-media":"","overlay-type":"","overlay-color":"","overlay-opacity":"","overlay-gradient":""},"tablet":{"background-color":"","background-image":"","background-repeat":"repeat","background-position":"center center","background-size":"auto","background-attachment":"scroll","background-type":"","background-media":"","overlay-type":"","overlay-color":"","overlay-opacity":"","overlay-gradient":""},"mobile":{"background-color":"","background-image":"","background-repeat":"repeat","background-position":"center center","background-size":"auto","background-attachment":"scroll","background-type":"","background-media":"","overlay-type":"","overlay-color":"","overlay-opacity":"","overlay-gradient":""}},"ast-content-background-meta":{"desktop":{"background-color":"var(--ast-global-color-4)","background-image":"","background-repeat":"repeat","background-position":"center center","background-size":"auto","background-attachment":"scroll","background-type":"","background-media":"","overlay-type":"","overlay-color":"","overlay-opacity":"","overlay-gradient":""},"tablet":{"background-color":"var(--ast-global-color-4)","background-image":"","background-repeat":"repeat","background-position":"center center","background-size":"auto","background-attachment":"scroll","background-type":"","background-media":"","overlay-type":"","overlay-color":"","overlay-opacity":"","overlay-gradient":""},"mobile":{"background-color":"var(--ast-global-color-4)","background-image":"","background-repeat":"repeat","background-position":"center center","background-size":"auto","background-attachment":"scroll","background-type":"","background-media":"","overlay-type":"","overlay-color":"","overlay-opacity":"","overlay-gradient":""}}},"product_brand":[],"product_cat":[141],"product_tag":[],"class_list":{"0":"post-109857","1":"product","2":"type-product","3":"status-publish","4":"has-post-thumbnail","6":"product_cat-bukosisak-kiegeszitok-alkatreszek","7":"desktop-align-left","8":"tablet-align-left","9":"mobile-align-left","11":"first","12":"instock","13":"shipping-taxable","14":"purchasable","15":"product-type-simple"},"jetpack_sharing_enabled":true,"_links":{"self":[{"href":"https:\/\/zatureczkimarcell.ddns.net\/wordpress\/wp-json\/wp\/v2\/product\/109857","targetHints":{"allow":["GET"]}}],"collection":[{"href":"https:\/\/zatureczkimarcell.ddns.net\/wordpress\/wp-json\/wp\/v2\/product"}],"about":[{"href":"https:\/\/zatureczkimarcell.ddns.net\/wordpress\/wp-json\/wp\/v2\/types\/product"}],"wp:featuredmedia":[{"embeddable":true,"href":"https:\/\/zatureczkimarcell.ddns.net\/wordpress\/wp-json\/wp\/v2\/media\/108587"}],"wp:attachment":[{"href":"https:\/\/zatureczkimarcell.ddns.net\/wordpress\/wp-json\/wp\/v2\/media?parent=109857"}],"wp:term":[{"taxonomy":"product_brand","embeddable":true,"href":"https:\/\/zatureczkimarcell.ddns.net\/wordpress\/wp-json\/wp\/v2\/product_brand?post=109857"},{"taxonomy":"product_cat","embeddable":true,"href":"https:\/\/zatureczkimarcell.ddns.net\/wordpress\/wp-json\/wp\/v2\/product_cat?post=109857"},{"taxonomy":"product_tag","embeddable":true,"href":"https:\/\/zatureczkimarcell.ddns.net\/wordpress\/wp-json\/wp\/v2\/product_tag?post=109857"}],"curies":[{"name":"wp","href":"https:\/\/api.w.org\/{rel}","templated":true}]}}