{"id":109856,"date":"2026-04-01T10:39:49","date_gmt":"2026-04-01T08:39:49","guid":{"rendered":"https:\/\/zatureczkimarcell.ddns.net\/wordpress\/?post_type=product&#038;p=109856"},"modified":"2026-04-01T10:40:11","modified_gmt":"2026-04-01T08:40:11","slug":"modeka-sportie-bor-motoros-kesztyu-teszt","status":"publish","type":"product","link":"https:\/\/zatureczkimarcell.ddns.net\/wordpress\/termek\/modeka-sportie-bor-motoros-kesztyu-teszt\/","title":{"rendered":"Modeka Sportie b\u0151r motoros keszty\u0171 teszt"},"content":{"rendered":"<p><span style=\"font-size:16px;\"><strong>Az idei tart&oacute;stesztben, a Modeka Sportie keszty\u0171t v&aacute;lasztotta mag&aacute;nak koll&eacute;g&aacute;nk!&nbsp;<\/strong><\/span><\/p>\n<p><span style=\"font-size:16px;\"><strong>Szinte mindenkinek a figyelm&eacute;be aj&aacute;nljuk, aki egy sportos, j&oacute;l protektorozott,&nbsp;de nagyon k&eacute;nyelmes keszty\u0171t keres.&nbsp;<\/strong><\/span><\/p>\n<p><span style=\"font-size:16px;\"><strong>A teszt r&eacute;szletes le&iacute;r&aacute;s&aacute;t itt olvashatod:&nbsp;<\/strong><\/span><\/p>\n<p><span style=\"font-size:16px;\"><strong>Kiv&aacute;l&oacute;an protektorozott sportos v&eacute;kony marhab\u0151r motoros keszty\u0171. Amikor els\u0151k&eacute;nt ny&uacute;lunk a keszty\u0171be, azonnali k&eacute;nyelemmel szolg&aacute;l.&nbsp; Saj&aacute;t kezemre&nbsp;puhult, eddigi &eacute;vekben haszn&aacute;lt keszty\u0171m&nbsp;ut&aacute;n is egyb\u0151l k&eacute;nyelmesnek tal&aacute;ltam.<\/strong><\/span><\/p>\n<p><span style=\"font-size:16px;\"><strong>Semmilyen komfortveszt&eacute;st nem &eacute;reztem az eddig haszn&aacute;lt, m&aacute;r bepuhult keszty\u0171kh&ouml;z k&eacute;pest. Ha belegondolok, hogy ez is tov&aacute;bb alakul majd a haszn&aacute;lat sor&aacute;n a kezem mozdulatait felv&eacute;ve, azonnal meg&eacute;rtem azokat akik eddig is nagy sz&aacute;mban v&aacute;s&aacute;rolt&aacute;k ezt a keszty\u0171t.<\/strong><\/span><\/p>\n<p><span style=\"font-size:16px;\"><strong>Sz&eacute;p ny&aacute;ri nap volt amikor az els\u0151 utat tettem meg a keszty\u0171ben, ennek ellen&eacute;re egy &aacute;tlagos t&uacute;ratemp&oacute; mellett , nem volt izzaszt&oacute; viselni. K&eacute;nyelmes , j&oacute;l protektorozott keszty\u0171 , ami a tud&aacute;s&aacute;hoz k&eacute;pest nagyon j&oacute; &aacute;rban van. Jellemz\u0151en ezt az &eacute;rz&eacute;st m&aacute;s gy&aacute;rt&oacute;k keszty\u0171in&eacute;l b\u0151ven h&uacute;szezer Forint felett kell keresni. &bdquo;<\/strong><\/span><\/p>\n<p><span style=\"font-size:16px;\"><strong>Az&eacute;rt is esett erre a t&iacute;pusra a v&aacute;laszt&aacute;som, mert a k&ouml;zelm&uacute;ltban egy &uuml;gyfel&uuml;nk bet&eacute;rt hozz&aacute;nk egy &uacute;j Modeka keszty\u0171&eacute;rt , &eacute;s meg&ouml;r&uuml;lt amikor a kez&eacute;n l&eacute;v\u0151, <span style=\"color:#FF0000;\">h&eacute;t &eacute;ve (!!!)<\/span>&nbsp;el&eacute;gedetten haszn&aacute;lt keszt\u0171j&eacute;t, egy ugyanolyan &uacute;jra tudta lecser&eacute;lni. Amennyiben a Modeka m&eacute;hviaszos &aacute;pol&oacute;szer&eacute;t is haszn&aacute;lod, a term&eacute;k rem&eacute;lj&uuml;k , hogy majd n&aacute;lad is legal&aacute;bb h&eacute;t &eacute;vig szolg&aacute;l.<\/strong><\/span><\/p>\n<p><span style=\"font-size:16px;\"><strong>A tart&oacute;stesztet Hayabus&aacute;n v&eacute;gezz&uuml;k.<\/strong><\/span><\/p>\n<p><span style=\"font-size:16px;\"><strong>A Modeka Sportie keszty\u0171 k&eacute;tf&eacute;le sz&iacute;nben el&eacute;rhet\u0151 &uuml;zlet&uuml;nk k&iacute;n&aacute;lat&aacute;ban. Tekintsd meg \u0151ket, az al&aacute;bbi linkeken:&nbsp;<\/strong><\/span><\/p>\n<p><span style=\"font-size:16px;\"><strong><em>Feh&eacute;r-fekete:&nbsp;<\/em><\/strong><\/span><\/p>\n<p><span style=\"font-size:16px;\"><strong><a href=\"https:\/\/darazsgarazs.hu\/index.php\/termek\/modeka-sportie-motoros-protektoros-kesztyu.394.html\">https:\/\/darazsgarazs.hu\/index.php\/termek\/modeka-sportie-motoros-protektoros-kesztyu.394.html<\/a><\/strong><\/span><\/p>\n<p><span style=\"font-size:16px;\"><strong><em>Egysz&iacute;n\u0171 fekete:<\/em>&nbsp;<\/strong><\/span><\/p>\n<p><span style=\"font-size:16px;\"><strong><a href=\"https:\/\/darazsgarazs.hu\/index.php\/termek\/modeka-sportie.601.html\">https:\/\/darazsgarazs.hu\/index.php\/termek\/modeka-sportie.601.html<\/a><\/strong><\/span><\/p>\n<p><strong style=\"box-sizing: border-box; max-width: 100%; font-family: Roboto, sans-serif; font-size: 16px;\">Tekintsd meg extr&eacute;m cs&uacute;sz&aacute;sos balesetet szimul&aacute;l&oacute; vide&oacute;nkat, melyben a Modeka Sportie keszty\u0171 t&ouml;k&eacute;letesen vizsg&aacute;zott:&nbsp;<\/strong><\/p>\n<div style=\"position:relative;padding-bottom:56.25%;padding-top:30px;height:0;overflow:hidden;\"><iframe loading=\"lazy\" allowfullscreen=\"\" frameborder=\"0\" height=\"360\" src=\"\/\/www.youtube.com\/embed\/Sajw_zXzcyo?rel=0\" style=\"position: absolute;top: 0;left: 0;width: 100%;height: 100%;\" width=\"640\"><\/iframe><\/div>\n<div style=\"position:relative;padding-bottom:56.25%;padding-top:30px;height:0;overflow:hidden;\"><strong style=\"font-size: 16px;\">A term&eacute;k ebben a durva tesztvide&oacute;ban is t&ouml;k&eacute;letesen teljes&iacute;tett! Megv&eacute;dte koll&eacute;g&aacute;nkat. A Keszty\u0171n nem is l&aacute;that&oacute;ak s&eacute;r&uuml;l&eacute;sek. A teszt ut&aacute;ni k&eacute;pek a&nbsp; fot&oacute;k k&ouml;z&ouml;tt tekinthet\u0151ek meg.<\/strong><\/div><\/p>\n","protected":false},"excerpt":{"rendered":"<p>Az idei tart&oacute;stesztben, a Modeka Sportie keszty\u0171t v&aacute;lasztotta mag&aacute;nak koll&eacute;g&aacute;nk!&nbsp; Szinte mindenkinek a figyelm&eacute;be aj&aacute;nljuk, aki egy sportos, j&oacute;l protektorozott,&nbsp;de [&hellip;]<\/p>\n","protected":false},"featured_media":105094,"template":"","meta":{"site-sidebar-layout":"default","site-content-layout":"","ast-site-content-layout":"default","site-content-style":"default","site-sidebar-style":"default","ast-global-header-display":"","ast-banner-title-visibility":"","ast-main-header-display":"","ast-hfb-above-header-display":"","ast-hfb-below-header-display":"","ast-hfb-mobile-header-display":"","site-post-title":"","ast-breadcrumbs-content":"","ast-featured-img":"","footer-sml-layout":"","ast-disable-related-posts":"","theme-transparent-header-meta":"","adv-header-id-meta":"","stick-header-meta":"","header-above-stick-meta":"","header-main-stick-meta":"","header-below-stick-meta":"","astra-migrate-meta-layouts":"default","ast-page-background-enabled":"default","ast-page-background-meta":{"desktop":{"background-color":"var(--ast-global-color-5)","background-image":"","background-repeat":"repeat","background-position":"center center","background-size":"auto","background-attachment":"scroll","background-type":"","background-media":"","overlay-type":"","overlay-color":"","overlay-opacity":"","overlay-gradient":""},"tablet":{"background-color":"","background-image":"","background-repeat":"repeat","background-position":"center center","background-size":"auto","background-attachment":"scroll","background-type":"","background-media":"","overlay-type":"","overlay-color":"","overlay-opacity":"","overlay-gradient":""},"mobile":{"background-color":"","background-image":"","background-repeat":"repeat","background-position":"center center","background-size":"auto","background-attachment":"scroll","background-type":"","background-media":"","overlay-type":"","overlay-color":"","overlay-opacity":"","overlay-gradient":""}},"ast-content-background-meta":{"desktop":{"background-color":"var(--ast-global-color-4)","background-image":"","background-repeat":"repeat","background-position":"center center","background-size":"auto","background-attachment":"scroll","background-type":"","background-media":"","overlay-type":"","overlay-color":"","overlay-opacity":"","overlay-gradient":""},"tablet":{"background-color":"var(--ast-global-color-4)","background-image":"","background-repeat":"repeat","background-position":"center center","background-size":"auto","background-attachment":"scroll","background-type":"","background-media":"","overlay-type":"","overlay-color":"","overlay-opacity":"","overlay-gradient":""},"mobile":{"background-color":"var(--ast-global-color-4)","background-image":"","background-repeat":"repeat","background-position":"center center","background-size":"auto","background-attachment":"scroll","background-type":"","background-media":"","overlay-type":"","overlay-color":"","overlay-opacity":"","overlay-gradient":""}}},"product_brand":[],"product_cat":[153],"product_tag":[],"class_list":{"0":"post-109856","1":"product","2":"type-product","3":"status-publish","4":"has-post-thumbnail","6":"product_cat-sajat-tesztelesu-termekek","7":"desktop-align-left","8":"tablet-align-left","9":"mobile-align-left","11":"first","12":"instock","13":"shipping-taxable","14":"product-type-simple"},"jetpack_sharing_enabled":true,"_links":{"self":[{"href":"https:\/\/zatureczkimarcell.ddns.net\/wordpress\/wp-json\/wp\/v2\/product\/109856","targetHints":{"allow":["GET"]}}],"collection":[{"href":"https:\/\/zatureczkimarcell.ddns.net\/wordpress\/wp-json\/wp\/v2\/product"}],"about":[{"href":"https:\/\/zatureczkimarcell.ddns.net\/wordpress\/wp-json\/wp\/v2\/types\/product"}],"wp:featuredmedia":[{"embeddable":true,"href":"https:\/\/zatureczkimarcell.ddns.net\/wordpress\/wp-json\/wp\/v2\/media\/105094"}],"wp:attachment":[{"href":"https:\/\/zatureczkimarcell.ddns.net\/wordpress\/wp-json\/wp\/v2\/media?parent=109856"}],"wp:term":[{"taxonomy":"product_brand","embeddable":true,"href":"https:\/\/zatureczkimarcell.ddns.net\/wordpress\/wp-json\/wp\/v2\/product_brand?post=109856"},{"taxonomy":"product_cat","embeddable":true,"href":"https:\/\/zatureczkimarcell.ddns.net\/wordpress\/wp-json\/wp\/v2\/product_cat?post=109856"},{"taxonomy":"product_tag","embeddable":true,"href":"https:\/\/zatureczkimarcell.ddns.net\/wordpress\/wp-json\/wp\/v2\/product_tag?post=109856"}],"curies":[{"name":"wp","href":"https:\/\/api.w.org\/{rel}","templated":true}]}}