{"id":109855,"date":"2026-04-01T10:39:48","date_gmt":"2026-04-01T08:39:48","guid":{"rendered":"https:\/\/zatureczkimarcell.ddns.net\/wordpress\/?post_type=product&#038;p=109855"},"modified":"2026-04-01T10:40:11","modified_gmt":"2026-04-01T08:40:11","slug":"modeka-speed-tech-motoros-csizma-teszt","status":"publish","type":"product","link":"https:\/\/zatureczkimarcell.ddns.net\/wordpress\/termek\/modeka-speed-tech-motoros-csizma-teszt\/","title":{"rendered":"Modeka Speed tech motoros csizma teszt"},"content":{"rendered":"<p><strong><span style=\"font-size:16px;\">A t&ouml;bb &eacute;ve k&iacute;n&aacute;latunkban szerepl\u0151, a legnagyobb p&eacute;ld&aacute;nysz&aacute;m&uacute; eur&oacute;pai motoros magazinn&aacute;l a MOTORRAD-n&aacute;l &quot;GUT&quot; min\u0151s&iacute;t&eacute;st szerzett Modeka Speed tech motoros csizm&aacute;t , egy Hayabusa nyerg&eacute;ben &uuml;lve fogjuk vallat&oacute;ra&nbsp;tart&oacute;steszt&uuml;nk sor&aacute;n.&nbsp;<\/span><\/strong><\/p>\n<p><strong><span style=\"font-size:16px;\">Els\u0151 alkalommal felv&eacute;ve is azonnal k&eacute;nyelmes. Ezt fontos megeml&iacute;teni, mert t&ouml;bb m&aacute;s sportos csizm&aacute;ban, nem &eacute;reztem azonnali k&eacute;nyelmet, hanem egyfajta merev, darabos mozg&aacute;suk volt ,am&iacute;g be nem t&ouml;rtek. A Modeka Speed Tech a kiv&aacute;l&oacute; protektoroz&aacute;s mellett is, azonnali k&eacute;nyelemmel tud szolg&aacute;lni!&nbsp;<\/span><\/strong><\/p>\n<p><strong><span style=\"font-size:16px;\">A perfor&aacute;lt b\u0151rfel&uuml;let el\u0151seg&iacute;ti a leveg\u0151 bejut&aacute;s&aacute;t a csizm&aacute;ba menet k&ouml;zben a menetsz&eacute;l &aacute;ltal, csak&uacute;gy mint&nbsp;a csizm&aacute;n elhelyezett szell\u0151z\u0151 csatorn&aacute;k.<\/span><\/strong><\/p>\n<p><strong><span style=\"font-size:16px;\">A cser&eacute;lhet\u0151 koptat&oacute;&nbsp;sportos haszn&aacute;latban meg&oacute;vja a csizm&aacute;t a kanyarokban , amikor az a d&ouml;nt&eacute;s k&ouml;zben m&aacute;r le&eacute;r az aszfaltra.<\/span><\/strong><\/p>\n<p><strong><span style=\"font-size:16px;\">Nem csak a l&aacute;bfejen, hanem az als&oacute; l&aacute;bsz&aacute;ron el&ouml;l &eacute;s h&aacute;tul is kimagasl&oacute; v&eacute;delmem.&nbsp;<\/span><\/strong><\/p>\n<p><strong><span style=\"font-size:16px;\">Kiv&aacute;l&oacute; &aacute;r &eacute;rt&eacute;k ar&aacute;ny&uacute; eredeti b\u0151r csizma, speci&aacute;lis v&eacute;d\u0151 bevonattal. Nagyon el&eacute;gedett vagyok a term&eacute;kkel.<\/span><\/strong><\/p>\n<p><strong><span style=\"font-size:16px;\">A teszt folytat&oacute;dik majd, hossz&uacute;t&aacute;v&uacute; tapasztalatainkkal !<\/span><\/strong><\/p>\n<p><strong><span style=\"font-size:16px;\">A Modeka Speed Tech csizma oldalunkon t&ouml;bbf&eacute;le sz&iacute;nben el&eacute;rhet\u0151 az al&aacute;bbi linkekre kattintva :&nbsp;<\/span><\/strong><\/p>\n<p><strong><span style=\"font-size:16px;\">S&ouml;t&eacute;t sz&iacute;n:&nbsp;<\/span><\/strong><\/p>\n<p><strong><span style=\"font-size:16px;\"><a href=\"https:\/\/darazsgarazs.hu\/index.php\/termek\/speed-tech-motoros-csizma-akcio-szellozo-motoros-csizma.384.html\">https:\/\/darazsgarazs.hu\/index.php\/termek\/speed-tech-motoros-csizma-akcio-szellozo-motoros-csizma.384.html<\/a><\/span><\/strong><\/p>\n<\/p>\n<p><strong style=\"box-sizing: border-box; max-width: 100%; font-family: Roboto, sans-serif; font-size: 16px;\">Tekintsd meg extr&eacute;m cs&uacute;sz&aacute;sos balesetet szimul&aacute;l&oacute; vide&oacute;nkat, melyben a Modeka Speed-tech&nbsp;t&ouml;k&eacute;letesen vizsg&aacute;zott:&nbsp;<\/strong><\/p>\n<div style=\"position:relative;padding-bottom:56.25%;padding-top:30px;height:0;overflow:hidden;\"><iframe loading=\"lazy\" allowfullscreen=\"\" frameborder=\"0\" height=\"360\" src=\"\/\/www.youtube.com\/embed\/Sajw_zXzcyo?rel=0\" style=\"position: absolute;top: 0;left: 0;width: 100%;height: 100%;\" width=\"640\"><\/iframe><\/div>\n<div style=\"position:relative;padding-bottom:56.25%;padding-top:30px;height:0;overflow:hidden;\"><strong style=\"font-size: 16px;\">A Durva cs&uacute;sz&aacute;sos balesetet szimul&aacute;l&oacute; teszt&uuml;nket kiv&aacute;l&oacute;an b&iacute;rta a Modeka Speed Tech . A csizm&aacute;n szinte alig l&aacute;tszik s&eacute;r&uuml;l&eacute;s, koll&eacute;g&aacute;nk pedig meg sem &eacute;rezte a durva r&uuml;csk&ouml;s aszfalt hat&aacute;sait. A term&eacute;kk&eacute;pek k&ouml;z&ouml;tt tal&aacute;lj&aacute;tok lefot&oacute;zva a Speed-tech csizma minim&aacute;lis s&eacute;r&uuml;l&eacute;seit. Kiv&aacute;l&oacute;an vizsg&aacute;zott!<\/strong><\/div><\/p>\n","protected":false},"excerpt":{"rendered":"<p>A t&ouml;bb &eacute;ve k&iacute;n&aacute;latunkban szerepl\u0151, a legnagyobb p&eacute;ld&aacute;nysz&aacute;m&uacute; eur&oacute;pai motoros magazinn&aacute;l a MOTORRAD-n&aacute;l &quot;GUT&quot; min\u0151s&iacute;t&eacute;st szerzett Modeka Speed tech motoros [&hellip;]<\/p>\n","protected":false},"featured_media":103658,"template":"","meta":{"site-sidebar-layout":"default","site-content-layout":"","ast-site-content-layout":"default","site-content-style":"default","site-sidebar-style":"default","ast-global-header-display":"","ast-banner-title-visibility":"","ast-main-header-display":"","ast-hfb-above-header-display":"","ast-hfb-below-header-display":"","ast-hfb-mobile-header-display":"","site-post-title":"","ast-breadcrumbs-content":"","ast-featured-img":"","footer-sml-layout":"","ast-disable-related-posts":"","theme-transparent-header-meta":"","adv-header-id-meta":"","stick-header-meta":"","header-above-stick-meta":"","header-main-stick-meta":"","header-below-stick-meta":"","astra-migrate-meta-layouts":"default","ast-page-background-enabled":"default","ast-page-background-meta":{"desktop":{"background-color":"var(--ast-global-color-5)","background-image":"","background-repeat":"repeat","background-position":"center center","background-size":"auto","background-attachment":"scroll","background-type":"","background-media":"","overlay-type":"","overlay-color":"","overlay-opacity":"","overlay-gradient":""},"tablet":{"background-color":"","background-image":"","background-repeat":"repeat","background-position":"center center","background-size":"auto","background-attachment":"scroll","background-type":"","background-media":"","overlay-type":"","overlay-color":"","overlay-opacity":"","overlay-gradient":""},"mobile":{"background-color":"","background-image":"","background-repeat":"repeat","background-position":"center center","background-size":"auto","background-attachment":"scroll","background-type":"","background-media":"","overlay-type":"","overlay-color":"","overlay-opacity":"","overlay-gradient":""}},"ast-content-background-meta":{"desktop":{"background-color":"var(--ast-global-color-4)","background-image":"","background-repeat":"repeat","background-position":"center center","background-size":"auto","background-attachment":"scroll","background-type":"","background-media":"","overlay-type":"","overlay-color":"","overlay-opacity":"","overlay-gradient":""},"tablet":{"background-color":"var(--ast-global-color-4)","background-image":"","background-repeat":"repeat","background-position":"center center","background-size":"auto","background-attachment":"scroll","background-type":"","background-media":"","overlay-type":"","overlay-color":"","overlay-opacity":"","overlay-gradient":""},"mobile":{"background-color":"var(--ast-global-color-4)","background-image":"","background-repeat":"repeat","background-position":"center center","background-size":"auto","background-attachment":"scroll","background-type":"","background-media":"","overlay-type":"","overlay-color":"","overlay-opacity":"","overlay-gradient":""}}},"product_brand":[],"product_cat":[153],"product_tag":[],"class_list":{"0":"post-109855","1":"product","2":"type-product","3":"status-publish","4":"has-post-thumbnail","6":"product_cat-sajat-tesztelesu-termekek","7":"desktop-align-left","8":"tablet-align-left","9":"mobile-align-left","11":"first","12":"instock","13":"shipping-taxable","14":"product-type-simple"},"jetpack_sharing_enabled":true,"_links":{"self":[{"href":"https:\/\/zatureczkimarcell.ddns.net\/wordpress\/wp-json\/wp\/v2\/product\/109855","targetHints":{"allow":["GET"]}}],"collection":[{"href":"https:\/\/zatureczkimarcell.ddns.net\/wordpress\/wp-json\/wp\/v2\/product"}],"about":[{"href":"https:\/\/zatureczkimarcell.ddns.net\/wordpress\/wp-json\/wp\/v2\/types\/product"}],"wp:featuredmedia":[{"embeddable":true,"href":"https:\/\/zatureczkimarcell.ddns.net\/wordpress\/wp-json\/wp\/v2\/media\/103658"}],"wp:attachment":[{"href":"https:\/\/zatureczkimarcell.ddns.net\/wordpress\/wp-json\/wp\/v2\/media?parent=109855"}],"wp:term":[{"taxonomy":"product_brand","embeddable":true,"href":"https:\/\/zatureczkimarcell.ddns.net\/wordpress\/wp-json\/wp\/v2\/product_brand?post=109855"},{"taxonomy":"product_cat","embeddable":true,"href":"https:\/\/zatureczkimarcell.ddns.net\/wordpress\/wp-json\/wp\/v2\/product_cat?post=109855"},{"taxonomy":"product_tag","embeddable":true,"href":"https:\/\/zatureczkimarcell.ddns.net\/wordpress\/wp-json\/wp\/v2\/product_tag?post=109855"}],"curies":[{"name":"wp","href":"https:\/\/api.w.org\/{rel}","templated":true}]}}