{"id":109853,"date":"2026-04-01T10:39:47","date_gmt":"2026-04-01T08:39:47","guid":{"rendered":"https:\/\/zatureczkimarcell.ddns.net\/wordpress\/?post_type=product&#038;p=109853"},"modified":"2026-04-01T10:40:09","modified_gmt":"2026-04-01T08:40:09","slug":"marushin-999rs-comfort-uvegszalas-bukosisak-teszt","status":"publish","type":"product","link":"https:\/\/zatureczkimarcell.ddns.net\/wordpress\/termek\/marushin-999rs-comfort-uvegszalas-bukosisak-teszt\/","title":{"rendered":"Marushin 999RS Comfort \u00fcvegsz\u00e1las buk\u00f3sisak teszt"},"content":{"rendered":"<p>Koll&eacute;g&aacute;nk m&aacute;r harmadik Marushin 999-es sisakj&aacute;t haszn&aacute;lja , nem v&eacute;letlen&uuml;l, hiszen a Jap&aacute;n Marushin m&aacute;r t&ouml;bbsz&ouml;r bizony&iacute;tott, nemzetk&ouml;zi teszteken els\u0151 helyen v&eacute;gzett, olyan nagy neveket megel\u0151zve, mint az AGV, Arai Shoei, Schubert , Shark, Uvex &eacute;s X-lite sisakok.&nbsp;<\/p>\n<p>S\u0151t! A legmagasabb, 5 csillagos SHARP t&ouml;r&eacute;steszt eredm&eacute;nyt is mag&aacute;&eacute;nak tudhatja .<\/p>\n<p>Az &uacute;j 2020-as modell nev&eacute;ben is kifejezi hogy komfortosabb v&aacute;ltozattal, be&eacute;p&iacute;tett napszem&uuml;veggel, ak&aacute;r a komolyabb t&uacute;r&aacute;z&oacute;k sz&aacute;m&aacute;ra is t&ouml;k&eacute;letes megold&aacute;st jelenthet.<\/p>\n<p>A 999 comfort nagyon k&ouml;nny\u0171 mind&ouml;ssze 1290gramm. Be&eacute;p&iacute;tett napszem&uuml;veggel, ez kimagasl&oacute; ebben a s&uacute;lykateg&oacute;ri&aacute;ban. Nagy sebess&eacute;gn&eacute;l &eacute;s hossz&uacute; utakon rendk&iacute;v&uuml;li jelent\u0151s&eacute;ge van minden grammnak . &nbsp;<\/p>\n<p>A napszem&uuml;veg a teljes l&aacute;t&oacute;teret lefedi, &iacute;gy nincs besz\u0171r\u0151d\u0151, zavar&oacute; f&eacute;ny. A sisak bels\u0151 kialak&iacute;t&aacute;sa szem&uuml;vegbar&aacute;t, &iacute;gy ak&aacute;r szem&uuml;vegesek is k&eacute;nyelmesen viselhetik.<\/p>\n<p>Koll&eacute;g&aacute;nk haszn&aacute;lat k&ouml;zben nagyteljes&iacute;tm&eacute;ny\u0171 naked motoron arr&oacute;l sz&aacute;molt be, hogy a sisak az &aacute;tlaghoz k&eacute;pest kifejezetten csendes minden sebess&eacute;gtartom&aacute;nyban. 70km\/h: Csend! 100Km\/h: Csend! 130Km\/h: Csend! 160km\/h: M&eacute;g mindig csend! 200Km\/h&hellip;M&eacute;g mindig CSEND! A sisak csendess&eacute;g&eacute;t Motorrad nemzetk&ouml;zi motoros magazinban is megeml&iacute;tett&eacute;k !<\/p>\n<p>Ilyen tud&aacute;s&uacute; sisak , ilyen kedvez\u0151 &aacute;rban, nem l&eacute;tezik a piacon , &iacute;gy a legkiemelked\u0151bb &aacute;r-&eacute;rt&eacute;k ar&aacute;ny&uacute; v&aacute;laszt&aacute;s lehet.<\/p>\n<p>Koll&eacute;g&aacute;ink k&uuml;l&ouml;n&ouml;sen sz&iacute;vesen aj&aacute;nlj&aacute;k ezt a t&iacute;pust . Nem csak sport &eacute;s t&uacute;rafelhaszn&aacute;l&aacute;sra aj&aacute;nlom, hanem a v&aacute;rosban is kiv&aacute;l&oacute;an haszn&aacute;lhat&oacute;.<\/p>\n<p>A teszt MV Agusta &ndash;n k&eacute;sz&uuml;lt &eacute;s folytat&oacute;dik, mivel tart&oacute;steszt.<\/p>\n<p>Nagyon aj&aacute;nlott term&eacute;k, extra csendes buk&oacute;sisak!&nbsp;<\/p>\n<\/p>\n<p>A Marushin 999 RS comfort sisakokat ide kattintva tekintheted meg honlapunkon:&nbsp;<\/p>\n<p><em>Laser matt sz&uuml;rke:&nbsp;<\/em><\/p>\n<p><a href=\"https:\/\/darazsgarazs.hu\/index.php\/termek\/marushin-999rs.953.html\">https:\/\/darazsgarazs.hu\/index.php\/termek\/marushin-999rs.953.html<\/a><\/p>\n<p><em>Laser fekete-feh&eacute;r-piros:<\/em><\/p>\n<p><a href=\"https:\/\/darazsgarazs.hu\/index.php\/termek\/marushin-999rs-comfort-laser-napszemuveges-bukosisak.952.html\">https:\/\/darazsgarazs.hu\/index.php\/termek\/marushin-999rs-comfort-laser-napszemuveges-bukosisak.952.html<\/a><\/p>\n<p><em>Fundo fekete-feh&eacute;r:<\/em><\/p>\n<p><a href=\"https:\/\/darazsgarazs.hu\/index.php\/termek\/marushin-999rs-comfort-fundo-napszemuveges-bukosisak.951.html\">https:\/\/darazsgarazs.hu\/index.php\/termek\/marushin-999rs-comfort-fundo-napszemuveges-bukosisak.951.html<\/a><\/p>\n<p><em>Fundo k&eacute;k-feh&eacute;r:<\/em><\/p>\n<p><a href=\"https:\/\/darazsgarazs.hu\/index.php\/termek\/marushin-999rs-comfort-fundo-napszemuveges-bukosisak.961.html\">https:\/\/darazsgarazs.hu\/index.php\/termek\/marushin-999rs-comfort-fundo-napszemuveges-bukosisak.961.html<\/a><\/p>\n<p><em>Fundo piros-feh&eacute;r:&nbsp;<\/em><\/p>\n<p><a href=\"https:\/\/darazsgarazs.hu\/index.php\/termek\/marushin-999rs-comfort-fundo-napszemuveges-bukosisak.960.html\">https:\/\/darazsgarazs.hu\/index.php\/termek\/marushin-999rs-comfort-fundo-napszemuveges-bukosisak.960.html<\/a><\/p>\n<p><em>Matt fekete:&nbsp;<\/em><\/p>\n<p><a href=\"https:\/\/darazsgarazs.hu\/index.php\/termek\/999-rs-comfort-napszemuveges-bukosisak.950.html\">https:\/\/darazsgarazs.hu\/index.php\/termek\/999-rs-comfort-napszemuveges-bukosisak.950.html<\/a><\/p><\/p>\n","protected":false},"excerpt":{"rendered":"<p>Koll&eacute;g&aacute;nk m&aacute;r harmadik Marushin 999-es sisakj&aacute;t haszn&aacute;lja , nem v&eacute;letlen&uuml;l, hiszen a Jap&aacute;n Marushin m&aacute;r t&ouml;bbsz&ouml;r bizony&iacute;tott, nemzetk&ouml;zi teszteken els\u0151 [&hellip;]<\/p>\n","protected":false},"featured_media":105774,"template":"","meta":{"site-sidebar-layout":"default","site-content-layout":"","ast-site-content-layout":"default","site-content-style":"default","site-sidebar-style":"default","ast-global-header-display":"","ast-banner-title-visibility":"","ast-main-header-display":"","ast-hfb-above-header-display":"","ast-hfb-below-header-display":"","ast-hfb-mobile-header-display":"","site-post-title":"","ast-breadcrumbs-content":"","ast-featured-img":"","footer-sml-layout":"","ast-disable-related-posts":"","theme-transparent-header-meta":"","adv-header-id-meta":"","stick-header-meta":"","header-above-stick-meta":"","header-main-stick-meta":"","header-below-stick-meta":"","astra-migrate-meta-layouts":"default","ast-page-background-enabled":"default","ast-page-background-meta":{"desktop":{"background-color":"var(--ast-global-color-5)","background-image":"","background-repeat":"repeat","background-position":"center center","background-size":"auto","background-attachment":"scroll","background-type":"","background-media":"","overlay-type":"","overlay-color":"","overlay-opacity":"","overlay-gradient":""},"tablet":{"background-color":"","background-image":"","background-repeat":"repeat","background-position":"center center","background-size":"auto","background-attachment":"scroll","background-type":"","background-media":"","overlay-type":"","overlay-color":"","overlay-opacity":"","overlay-gradient":""},"mobile":{"background-color":"","background-image":"","background-repeat":"repeat","background-position":"center center","background-size":"auto","background-attachment":"scroll","background-type":"","background-media":"","overlay-type":"","overlay-color":"","overlay-opacity":"","overlay-gradient":""}},"ast-content-background-meta":{"desktop":{"background-color":"var(--ast-global-color-4)","background-image":"","background-repeat":"repeat","background-position":"center center","background-size":"auto","background-attachment":"scroll","background-type":"","background-media":"","overlay-type":"","overlay-color":"","overlay-opacity":"","overlay-gradient":""},"tablet":{"background-color":"var(--ast-global-color-4)","background-image":"","background-repeat":"repeat","background-position":"center center","background-size":"auto","background-attachment":"scroll","background-type":"","background-media":"","overlay-type":"","overlay-color":"","overlay-opacity":"","overlay-gradient":""},"mobile":{"background-color":"var(--ast-global-color-4)","background-image":"","background-repeat":"repeat","background-position":"center center","background-size":"auto","background-attachment":"scroll","background-type":"","background-media":"","overlay-type":"","overlay-color":"","overlay-opacity":"","overlay-gradient":""}}},"product_brand":[],"product_cat":[153],"product_tag":[],"class_list":{"0":"post-109853","1":"product","2":"type-product","3":"status-publish","4":"has-post-thumbnail","6":"product_cat-sajat-tesztelesu-termekek","7":"desktop-align-left","8":"tablet-align-left","9":"mobile-align-left","11":"first","12":"instock","13":"shipping-taxable","14":"product-type-simple"},"jetpack_sharing_enabled":true,"_links":{"self":[{"href":"https:\/\/zatureczkimarcell.ddns.net\/wordpress\/wp-json\/wp\/v2\/product\/109853","targetHints":{"allow":["GET"]}}],"collection":[{"href":"https:\/\/zatureczkimarcell.ddns.net\/wordpress\/wp-json\/wp\/v2\/product"}],"about":[{"href":"https:\/\/zatureczkimarcell.ddns.net\/wordpress\/wp-json\/wp\/v2\/types\/product"}],"wp:featuredmedia":[{"embeddable":true,"href":"https:\/\/zatureczkimarcell.ddns.net\/wordpress\/wp-json\/wp\/v2\/media\/105774"}],"wp:attachment":[{"href":"https:\/\/zatureczkimarcell.ddns.net\/wordpress\/wp-json\/wp\/v2\/media?parent=109853"}],"wp:term":[{"taxonomy":"product_brand","embeddable":true,"href":"https:\/\/zatureczkimarcell.ddns.net\/wordpress\/wp-json\/wp\/v2\/product_brand?post=109853"},{"taxonomy":"product_cat","embeddable":true,"href":"https:\/\/zatureczkimarcell.ddns.net\/wordpress\/wp-json\/wp\/v2\/product_cat?post=109853"},{"taxonomy":"product_tag","embeddable":true,"href":"https:\/\/zatureczkimarcell.ddns.net\/wordpress\/wp-json\/wp\/v2\/product_tag?post=109853"}],"curies":[{"name":"wp","href":"https:\/\/api.w.org\/{rel}","templated":true}]}}