{"id":109844,"date":"2026-04-01T10:39:18","date_gmt":"2026-04-01T08:39:18","guid":{"rendered":"https:\/\/zatureczkimarcell.ddns.net\/wordpress\/?post_type=product&#038;p=109844"},"modified":"2026-04-01T10:40:04","modified_gmt":"2026-04-01T08:40:04","slug":"forcefield-extreme-harness-adventure-protektor","status":"publish","type":"product","link":"https:\/\/zatureczkimarcell.ddns.net\/wordpress\/termek\/forcefield-extreme-harness-adventure-protektor\/","title":{"rendered":"Forcefield Extreme Harness Adventure protektor"},"content":{"rendered":"<p><strong><span open=\"\" sans=\"\" style=\"color: rgb(98, 98, 98); font-family: \">A Forcefield Extreme Harness Adventure a Forcefield t&ouml;bbsz&ouml;r&ouml;s tesztnyertes PRO L2K h&aacute;tprotektor&aacute;n alapul&oacute; teljes fels\u0151test protektor, amely az &ouml;sszes v&eacute;dett fel&uuml;leten Level 2 v&eacute;delmet garant&aacute;l. <\/span><\/strong><\/p>\n<p><strong><span open=\"\" sans=\"\" style=\"color: rgb(98, 98, 98); font-family: \">K&uuml;l&ouml;nleges, cs&uacute;cstechnol&oacute;gi&aacute;s, kis h&aacute;romsz&ouml;geket form&aacute;z&oacute;, v&aacute;ltoz&oacute; s\u0171r\u0171s&eacute;g\u0171 energiaelnyel\u0151 anyagot (Nitrex Evo&reg;) kombin&aacute;l, s\u0171r\u0171, de m&eacute;gis k&ouml;nny\u0171 Nitril habbal. <\/span><\/strong><\/p>\n<p><strong><span open=\"\" sans=\"\" style=\"color: rgb(98, 98, 98); font-family: \">Biztons&aacute;g szempontj&aacute;b&oacute;l b&aacute;rmilyen id\u0151j&aacute;r&aacute;si k&ouml;r&uuml;lm&eacute;ny eset&eacute;n jelent\u0151sen t&uacute;lsz&aacute;rnyalja a CE szabv&aacute;nyban foglalt &eacute;rt&eacute;keket.<\/span><\/strong><\/p>\n<p><strong><span open=\"\" sans=\"\" style=\"color: rgb(98, 98, 98); font-family: \">A Forcefield Extreme Harness Adventure fels\u0151test protektor egyed&uuml;l&aacute;ll&oacute; abb&oacute;l a szempontb&oacute;l, hogy az &ouml;sszes felhaszn&aacute;lt protektor Level 2 (szigor&uacute;bbik szabv&aacute;ny szerinti) min\u0151s&iacute;t&eacute;s\u0171.<\/span><\/strong><\/p>\n<div><strong><span style=\"font-size: 13px;\">Mind&ouml;ssze 7,01 kN &aacute;tlagos &aacute;thatol&oacute; h&aacute;tat &eacute;r\u0151 er\u0151 50J &uuml;tk&ouml;z&eacute;si energi&aacute;b&oacute;l norm&aacute;l k&ouml;r&uuml;lm&eacute;nyek (23 &deg;C) eset&eacute;n<\/span><\/strong><\/div>\n<div><strong><span style=\"font-size: 13px;\">Mind&ouml;ssze 6.20 kN &aacute;tlagos &aacute;thatol&oacute; mellkast &eacute;r\u0151 er\u0151 50J &uuml;tk&ouml;z&eacute;si energi&aacute;b&oacute;l norm&aacute;l k&ouml;r&uuml;lm&eacute;nyek (23 &deg;C) eset&eacute;n<\/span><\/strong><\/div>\n<div><strong><span style=\"font-size: 13px;\">Mind&ouml;ssze 16.6 kN &aacute;tlagos &aacute;thatol&oacute; v&aacute;llat &eacute;s k&ouml;ny&ouml;k&ouml;t &eacute;r\u0151 er\u0151 50J &uuml;tk&ouml;z&eacute;si energi&aacute;b&oacute;l norm&aacute;l k&ouml;r&uuml;lm&eacute;nyek (23 &deg;C) eset&eacute;n<\/span><\/strong><\/div>\n<div><strong><span style=\"font-size: 13px;\">A CE szabv&aacute;ny elv&aacute;r&aacute;sait j&oacute;val meghalad&oacute; v&eacute;delem hidegben (-10 &deg;C) &eacute;s nedves* k&ouml;r&uuml;lm&eacute;nyek k&ouml;z&ouml;tt is<\/span><\/strong><\/div>\n<div><strong><span style=\"font-size: 13px;\">t&ouml;bbr&eacute;teg\u0171 Nitrex Evo&reg;, v&aacute;ltoz&oacute; s\u0171r\u0171s&eacute;g\u0171 energiaelnyel\u0151 anyag.<\/span><\/strong><\/div>\n<div><strong><span style=\"font-size: 13px;\">Kevlar&trade; er\u0151s&iacute;t&eacute;s\u0171 varr&aacute;sok (a kevl&aacute;r szak&iacute;t&oacute;szil&aacute;rds&aacute;ga az ac&eacute;ln&aacute;l &ouml;tsz&ouml;r nagyobb, kiv&aacute;l&oacute; a kop&aacute;s- &eacute;s v&aacute;g&aacute;s&aacute;ll&oacute;s&aacute;ga)<\/span><\/strong><\/div>\n<div><strong><span style=\"font-size: 13px;\">Az esetleges behat&aacute;st k&ouml;vet\u0151en &ndash; ellent&eacute;tben a legt&ouml;bb protektorral &ndash; tov&aacute;bb haszn&aacute;lhat&oacute;, energiaelnyel\u0151 k&eacute;pess&eacute;ge nem cs&ouml;kken<\/span><\/strong><\/div>\n<div><strong><span style=\"font-size: 13px;\">A kem&eacute;nyprotektorokkal ellent&eacute;tben az energiaelnyel&eacute;s m&eacute;rt&eacute;ke a teljes v&eacute;dett fel&uuml;leten k&ouml;zel azonosteljes Level 2 v&eacute;delem<\/span><\/strong><\/div>\n<div><strong><span style=\"font-size: 13px;\">farcsont v&eacute;delem,&nbsp;<\/span><\/strong><\/div>\n<div><strong><span style=\"font-size: 13px;\">A ves&eacute;ket melegen tartja<\/span><\/strong><\/div>\n<div><strong><span style=\"font-size: 13px;\">Motoros nyakmerev&iacute;t\u0151vel kompatibilis<\/span><\/strong><\/div>\n<div><\/div>\n<div>\n<div><strong><span style=\"font-size: 13px;\">A Forcefield Extreme Harness EX-V protektor 3 m&eacute;retben kaphat&oacute;, hogy min&eacute;l jobban illeszkedjen a felhaszn&aacute;l&oacute;ja testi adotts&aacute;gaihoz<\/span><\/strong><\/div>\n<div><span style=\"font-size: 13px;\"><strong>N&eacute;h&aacute;ny perc haszn&aacute;lat ut&aacute;n a testr\u0151l t&aacute;voz&oacute; h\u0151 hat&aacute;s&aacute;ra felveszi a h&aacute;t form&aacute;j&aacute;t, &iacute;gy val&oacute;di 3 dimenzi&oacute;s mozg&aacute;st tesz lehet\u0151v&eacute;<\/strong><\/span><\/div>\n<div><strong><span style=\"font-size: 13px;\">Az elasztikus v&aacute;ll- &eacute;s oldalp&aacute;ntok valamint a nagy fel&uuml;leten r&ouml;gz&iacute;t\u0151 t&eacute;p\u0151z&aacute;ras &ouml;v seg&iacute;ts&eacute;g&eacute;vel t&ouml;k&eacute;letesen be&aacute;ll&iacute;that&oacute;, a hely&eacute;r\u0151l haszn&aacute;lat k&ouml;zben nem mozdul el.<\/span><\/strong><\/div>\n<div><strong><span style=\"font-size: 13px;\">Anat&oacute;miai &eacute;s ergon&oacute;miai szempontok figyelembev&eacute;tel&eacute;vel tervezt&eacute;k, a mozg&aacute;sban nem akad&aacute;lyoz, k&eacute;nyelmes, szinte &eacute;szrev&eacute;tlen viseletet biztos&iacute;t.<\/span><\/strong><\/div>\n<div><strong><span style=\"font-size: 13px;\">Az energiaelnyel\u0151 r&eacute;tegek &ouml;sszevarr&aacute;sa &eacute;s perfor&aacute;ci&oacute;ja seg&iacute;ti a szell\u0151z&eacute;st, lehet\u0151v&eacute; teszi, hogy a bels\u0151 r&eacute;tegek haszn&aacute;lat k&ouml;zben egym&aacute;shoz k&eacute;pest minim&aacute;lis m&eacute;rt&eacute;kben elmozduljanak. Ennek kett\u0151s c&eacute;lja van. Az egyik a testhez t&ouml;rt&eacute;n\u0151 min&eacute;l t&ouml;k&eacute;letesebb illeszked&eacute;s el&eacute;r&eacute;se, a m&aacute;sik pedig a h\u0171t&eacute;s, ilyenkor a ventill&aacute;ci&oacute;s lyukak apr&oacute; leveg\u0151pumpak&eacute;nt funkcion&aacute;lnak, h\u0171tik a h&aacute;tat.<\/span><\/strong><\/div>\n<div><strong><span style=\"font-size: 13px;\">Egyszer\u0171en, egy nedves szivacs seg&iacute;ts&eacute;g&eacute;vel tiszt&aacute;n tarthat&oacute;.<\/span><\/strong><\/div>\n<div><strong><span style=\"font-size: 13px;\">a term&eacute;k vastags&aacute;ga mind&ouml;ssze 23,5mm, ami azt jelenti, hogy b\u0151rruha al&aacute; is probl&eacute;mamentesen bef&eacute;r.<\/span><\/strong><\/div>\n<div><\/div>\n<div><strong style=\"font-family: Roboto, sans-serif; font-size: 16px; box-sizing: border-box; max-width: 100%;\">Haszn&aacute;lati &eacute;s kezel&eacute;si &uacute;tmutat&oacute; a term&eacute;khez&nbsp;el&eacute;rhet\u0151 ide kattintva:&nbsp;<a href=\"https:\/\/darazsgarazs.hu\/index.php\/termek\/hasznalati-utmutato-protektorokhoz.1411.html\">https:\/\/darazsgarazs.hu\/index.php\/termek\/hasznalati-utmutato-protektorokhoz.1411.html<\/a><\/strong><\/div>\n<\/div>\n","protected":false},"excerpt":{"rendered":"<p>A Forcefield Extreme Harness Adventure a Forcefield t&ouml;bbsz&ouml;r&ouml;s tesztnyertes PRO L2K h&aacute;tprotektor&aacute;n alapul&oacute; teljes fels\u0151test protektor, amely az &ouml;sszes v&eacute;dett [&hellip;]<\/p>\n","protected":false},"featured_media":107516,"template":"","meta":{"site-sidebar-layout":"default","site-content-layout":"","ast-site-content-layout":"default","site-content-style":"default","site-sidebar-style":"default","ast-global-header-display":"","ast-banner-title-visibility":"","ast-main-header-display":"","ast-hfb-above-header-display":"","ast-hfb-below-header-display":"","ast-hfb-mobile-header-display":"","site-post-title":"","ast-breadcrumbs-content":"","ast-featured-img":"","footer-sml-layout":"","ast-disable-related-posts":"","theme-transparent-header-meta":"","adv-header-id-meta":"","stick-header-meta":"","header-above-stick-meta":"","header-main-stick-meta":"","header-below-stick-meta":"","astra-migrate-meta-layouts":"default","ast-page-background-enabled":"default","ast-page-background-meta":{"desktop":{"background-color":"var(--ast-global-color-5)","background-image":"","background-repeat":"repeat","background-position":"center center","background-size":"auto","background-attachment":"scroll","background-type":"","background-media":"","overlay-type":"","overlay-color":"","overlay-opacity":"","overlay-gradient":""},"tablet":{"background-color":"","background-image":"","background-repeat":"repeat","background-position":"center center","background-size":"auto","background-attachment":"scroll","background-type":"","background-media":"","overlay-type":"","overlay-color":"","overlay-opacity":"","overlay-gradient":""},"mobile":{"background-color":"","background-image":"","background-repeat":"repeat","background-position":"center center","background-size":"auto","background-attachment":"scroll","background-type":"","background-media":"","overlay-type":"","overlay-color":"","overlay-opacity":"","overlay-gradient":""}},"ast-content-background-meta":{"desktop":{"background-color":"var(--ast-global-color-4)","background-image":"","background-repeat":"repeat","background-position":"center center","background-size":"auto","background-attachment":"scroll","background-type":"","background-media":"","overlay-type":"","overlay-color":"","overlay-opacity":"","overlay-gradient":""},"tablet":{"background-color":"var(--ast-global-color-4)","background-image":"","background-repeat":"repeat","background-position":"center center","background-size":"auto","background-attachment":"scroll","background-type":"","background-media":"","overlay-type":"","overlay-color":"","overlay-opacity":"","overlay-gradient":""},"mobile":{"background-color":"var(--ast-global-color-4)","background-image":"","background-repeat":"repeat","background-position":"center center","background-size":"auto","background-attachment":"scroll","background-type":"","background-media":"","overlay-type":"","overlay-color":"","overlay-opacity":"","overlay-gradient":""}}},"product_brand":[],"product_cat":[130],"product_tag":[],"class_list":{"0":"post-109844","1":"product","2":"type-product","3":"status-publish","4":"has-post-thumbnail","6":"product_cat-protektorok","7":"desktop-align-left","8":"tablet-align-left","9":"mobile-align-left","11":"first","12":"instock","13":"sale","14":"shipping-taxable","15":"purchasable","16":"product-type-simple"},"jetpack_sharing_enabled":true,"_links":{"self":[{"href":"https:\/\/zatureczkimarcell.ddns.net\/wordpress\/wp-json\/wp\/v2\/product\/109844","targetHints":{"allow":["GET"]}}],"collection":[{"href":"https:\/\/zatureczkimarcell.ddns.net\/wordpress\/wp-json\/wp\/v2\/product"}],"about":[{"href":"https:\/\/zatureczkimarcell.ddns.net\/wordpress\/wp-json\/wp\/v2\/types\/product"}],"wp:featuredmedia":[{"embeddable":true,"href":"https:\/\/zatureczkimarcell.ddns.net\/wordpress\/wp-json\/wp\/v2\/media\/107516"}],"wp:attachment":[{"href":"https:\/\/zatureczkimarcell.ddns.net\/wordpress\/wp-json\/wp\/v2\/media?parent=109844"}],"wp:term":[{"taxonomy":"product_brand","embeddable":true,"href":"https:\/\/zatureczkimarcell.ddns.net\/wordpress\/wp-json\/wp\/v2\/product_brand?post=109844"},{"taxonomy":"product_cat","embeddable":true,"href":"https:\/\/zatureczkimarcell.ddns.net\/wordpress\/wp-json\/wp\/v2\/product_cat?post=109844"},{"taxonomy":"product_tag","embeddable":true,"href":"https:\/\/zatureczkimarcell.ddns.net\/wordpress\/wp-json\/wp\/v2\/product_tag?post=109844"}],"curies":[{"name":"wp","href":"https:\/\/api.w.org\/{rel}","templated":true}]}}